 {"id":550,"date":"2019-02-09T13:57:23","date_gmt":"2019-02-09T12:57:23","guid":{"rendered":"https:\/\/blogs.univ-tlse2.fr\/ceragas\/?page_id=550"},"modified":"2019-02-11T10:13:12","modified_gmt":"2019-02-11T09:13:12","slug":"activite-2016","status":"publish","type":"page","link":"https:\/\/blogs.univ-tlse2.fr\/ceragas\/pcr-fortipolis\/activite-2016\/","title":{"rendered":"activit\u00e9 2016"},"content":{"rendered":"<h2><\/h2>\n<p align=\"JUSTIFY\"><span style=\"font-family: Arial, sans-serif\">Le PCR Fortipolis a d\u00e9but\u00e9 suite \u00e0 l\u2019autorisation d\u00e9livr\u00e9e le 3 juin 2016 par la CIRA Sud-Ouest pour une p\u00e9riode comprise entre le 24 mai 2016 et le 31 d\u00e9cembre 2016. Avec cette autorisation tardive, \u00e0 la veille de l\u2019\u00e9t\u00e9, l\u2019activit\u00e9 de recherche relative \u00e0 cette premi\u00e8re ann\u00e9e du PCR n\u2019a ainsi pu \u00eatre v\u00e9ritablement r\u00e9alis\u00e9e au total que sur 4 mois. Ceci explique, en cons\u00e9quence, que l\u2019on se soit concentr\u00e9 sur l\u2019aspect le plus urgent de ce PCR, \u00e0 savoir la constitution du catalogue des sites. <\/span><\/p>\n<p align=\"JUSTIFY\"><span style=\"font-family: Arial, sans-serif\">Les actions men\u00e9es de mani\u00e8re discontinue entre juin et novembre ont \u00e9t\u00e9 multiples. Un d\u00e9pouillement en archive dans les SRA des deux r\u00e9gions a \u00e9t\u00e9 r\u00e9alis\u00e9, ainsi qu\u2019une correspondance entre les diff\u00e9rents partenaires (Mus\u00e9es, SRA Occitanie et Nouvelle Aquitaine, CCE Ari\u00e8ge, arch\u00e9ologues b\u00e9n\u00e9vole\u2026) afin de d\u00e9velopper le r\u00e9seau et d\u2019obtenir un corpus de donn\u00e9es exhaustif. La liste des collections anciennes de mobiliers provenant de certains des sites du corpus a ainsi pu \u00eatre constitu\u00e9e et localis\u00e9e. Ensuite, outre la construction de la base de donn\u00e9es, le pointage cartographique des sites et la r\u00e9daction des fiches de site, deux r\u00e9unions de travail et une sortie de terrain ont \u00e9t\u00e9 r\u00e9alis\u00e9s. <\/span><\/p>\n<p align=\"JUSTIFY\"><span style=\"font-family: Arial, sans-serif\">Une r\u00e9union inaugurale s\u2019est d\u00e9roul\u00e9e \u00e0 Toulouse le 21 juin. Celle-ci a permis la mise en place du cadre de travail, de discuter de la m\u00e9thodologie et de la terminologie \u00e0 adopter, mais \u00e9galement de la r\u00e9partition des t\u00e2ches. Les premi\u00e8res versions de la base de donn\u00e9es et de la carte de r\u00e9partition des sites du corpus ont \u00e9t\u00e9 pr\u00e9sent\u00e9es \u00e0 cette occasion. \u00c0 l\u2019issue de cette r\u00e9union, une fiche de site type a \u00e9t\u00e9 adopt\u00e9e, ainsi qu\u2019un lexique relatif \u00e0 la description des \u00e9l\u00e9ments de fortifications et aux types d\u2019am\u00e9nagements.<\/span><\/p>\n<p align=\"JUSTIFY\"><span style=\"font-family: Arial, sans-serif\">Apr\u00e8s l\u2019\u00e9t\u00e9, il n\u2019a \u00e9t\u00e9 possible de faire le point sur les avanc\u00e9es de chacun que le 9 novembre lors d\u2019une seconde r\u00e9union tenue \u00e0 Bordeaux. Celle-ci a \u00e9galement \u00e9t\u00e9 l\u2019occasion d\u2019aborder plus en d\u00e9tail la question des relev\u00e9s topographiques et de l\u2019apport offert \u00e0 ce sujet par la convention IGN\/TRACES et IGN\/AUSONIUS. En effet, les deux laboratoires peuvent b\u00e9n\u00e9ficier par ce biais de donn\u00e9es utiles au PCR, notamment de mod\u00e8les num\u00e9riques 3D de certains sites du corpus. Toutes les couvertures pour les d\u00e9partements de la France ont \u00e9t\u00e9 command\u00e9es par TRACES en fin d\u2019ann\u00e9e\u00a0; il n\u2019a pas \u00e9t\u00e9 possible d\u2019exploiter, dans le temps imparti pour ce premier rapport, les donn\u00e9es livr\u00e9es pour les d\u00e9partements concern\u00e9s par le PCR.<\/span><\/p>\n<p align=\"JUSTIFY\"><span style=\"font-family: Arial, sans-serif\">Enfin, d\u00e9but d\u00e9cembre, une sortie de terrain a \u00e9t\u00e9 r\u00e9alis\u00e9e avec l\u2019\u00e9quipe Arch\u00e9odrone de TRACES (Carine Calastrenc et Nicolas Poirier) sur les sites de Castet-Crab\u00e9 (Lagarde, 65) et de Havet (Soublecause, 65). Le couvert forestier important de ces deux sites voisins n\u2019autorisait pas l\u2019obtention de relev\u00e9s topographiques traditionnels. Celui du Castet-Crab\u00e9 ne b\u00e9n\u00e9ficiait jusqu\u2019\u00e0 pr\u00e9sent que d\u2019un relev\u00e9 topographique dress\u00e9 dans les ann\u00e9es 1960 qui demandait \u00e0 \u00eatre v\u00e9rifi\u00e9\u00a0; celui de Havet n\u2019\u00e9tait simplement connu que par une mention dans la CAG. Visit\u00e9s par certains d\u2019entre nous \u00e0 plusieurs occasions, leur bonne conservation sugg\u00e9rait un fort potentiel de r\u00e9sultats pour une imagerie 3D. Ces deux sites offrent \u00e9galement de bonnes conditions d\u2019acc\u00e8s, un environnement ouvert, ainsi qu\u2019une proximit\u00e9 suffisante pour \u00eatre trait\u00e9s ensemble lors d\u2019une m\u00eame journ\u00e9e (\u00e0 environ 2h de Toulouse, sites distants entre eux de 30 km). La cam\u00e9ra Lidar install\u00e9e sur le drone, permet d&rsquo;acqu\u00e9rir un nuage de points de donn\u00e9es. Dans l&rsquo;int\u00e9r\u00eat de l&rsquo;arch\u00e9ologue, le traitement de ce nuage de points consiste \u00e0 retirer ceux correspondant au couvert v\u00e9g\u00e9tal pour l&rsquo;obtention d&rsquo;un relev\u00e9 clair des anomalies du relief au sol, c&rsquo;est \u00e0 dire le relev\u00e9 topographique du site arch\u00e9ologique masqu\u00e9 par la v\u00e9g\u00e9tation (voir ci-dessous).<br \/>\n<\/span><\/p>\n<p align=\"JUSTIFY\"><span style=\"font-family: Arial, sans-serif\">Notons pour terminer que cette op\u00e9ration annuelle a permis de mettre en place des connexions avec d\u2019autres recherches. Le premier est un travail de th\u00e8se men\u00e9 par Cl\u00e9ment Venco (Universit\u00e9 Toulouse Jean Jaur\u00e8s, UMR 5608-TRACES\/Terrae) portant sur l\u2019occupation du sol entre l\u2019Antiquit\u00e9 et le Moyen-\u00c2ge dans le pi\u00e9mont commingeois (o\u00f9 la chronologie de plusieurs sites de hauteur doit en r\u00e9alit\u00e9 \u00eatre attribu\u00e9e, ou du moins \u00e9tendue, \u00e0 la Protohistoire). Le second est une prospection inventaire dirig\u00e9e par St\u00e9phanie Adroit (Chercheure post-doc, Universit\u00e9 Toulouse Jean Jaur\u00e8s, UMR 5608-TRACES\/Rhadamante) sur les n\u00e9cropoles Bronze Final \u2013 Premier \u00e2ge du Fer dans le Luchonnais (op\u00e9ration 2016) dont celle par exemple de Benque-Dessus et Dessous (31), est associ\u00e9 \u00e0 un habitat fortifi\u00e9, le Cast\u00e9ra, faisant partie du corpus du PCR. Il nous faut signaler ensuite le d\u00e9marrage fin 2016 d\u2019un Master 1 men\u00e9 par Rapha\u00ebl Rivaud-Labarre sous la direction d\u2019Anne Colin (Ma\u00eetre de Conf\u00e9rence, Universit\u00e9 Bordeaux Montaigne, UMR 5607-Ausonius). Ce m\u00e9moire traite des sites de hauteur fortifi\u00e9s de l\u2019\u00e2ge du Fer de Gironde, Dordogne et Lot-et-Garonne. <\/span><\/p>\n<div id=\"attachment_555\" style=\"width: 760px\" class=\"wp-caption alignnone\"><a href=\"https:\/\/blogs.univ-tlse2.fr\/ceragas\/files\/2019\/02\/MNT-Castet-Crab\u00e9.jpg\"><img loading=\"lazy\" decoding=\"async\" aria-describedby=\"caption-attachment-555\" class=\"size-full wp-image-555\" src=\"https:\/\/blogs.univ-tlse2.fr\/ceragas\/files\/2019\/02\/MNT-Castet-Crab\u00e9.jpg\" alt=\"\" width=\"750\" height=\"768\" srcset=\"https:\/\/blogs.univ-tlse2.fr\/ceragas\/files\/2019\/02\/MNT-Castet-Crab\u00e9.jpg 750w, https:\/\/blogs.univ-tlse2.fr\/ceragas\/files\/2019\/02\/MNT-Castet-Crab\u00e9-293x300.jpg 293w, https:\/\/blogs.univ-tlse2.fr\/ceragas\/files\/2019\/02\/MNT-Castet-Crab\u00e9-300x307.jpg 300w\" sizes=\"auto, (max-width: 750px) 100vw, 750px\" \/><\/a><p id=\"caption-attachment-555\" class=\"wp-caption-text\">Castet-Crab\u00e9 (Lagarde, 65). MNT d&rsquo;apr\u00e8s drone Lidar (plateforme Arch\u00e9odrone C. Calastrenc, N. Poirier, Fr. Baleux. UMR 5608 TRACES)<\/p><\/div>\n<p align=\"JUSTIFY\">\n","protected":false},"excerpt":{"rendered":"<p>Le PCR Fortipolis a d\u00e9but\u00e9 suite \u00e0 l\u2019autorisation d\u00e9livr\u00e9e le 3 juin 2016 par la CIRA Sud-Ouest pour une p\u00e9riode comprise entre le 24 mai 2016 et le 31 d\u00e9cembre 2016. Avec cette autorisation tardive, \u00e0 la veille de l\u2019\u00e9t\u00e9, &hellip; <a href=\"https:\/\/blogs.univ-tlse2.fr\/ceragas\/pcr-fortipolis\/activite-2016\/\">Continuer la lecture <span class=\"meta-nav\">&rarr;<\/span><\/a><\/p>\n","protected":false},"author":182,"featured_media":0,"parent":541,"menu_order":2,"comment_status":"closed","ping_status":"closed","template":"","meta":{"footnotes":""},"class_list":["post-550","page","type-page","status-publish","hentry"],"_links":{"self":[{"href":"https:\/\/blogs.univ-tlse2.fr\/ceragas\/wp-json\/wp\/v2\/pages\/550","targetHints":{"allow":["GET"]}}],"collection":[{"href":"https:\/\/blogs.univ-tlse2.fr\/ceragas\/wp-json\/wp\/v2\/pages"}],"about":[{"href":"https:\/\/blogs.univ-tlse2.fr\/ceragas\/wp-json\/wp\/v2\/types\/page"}],"author":[{"embeddable":true,"href":"https:\/\/blogs.univ-tlse2.fr\/ceragas\/wp-json\/wp\/v2\/users\/182"}],"replies":[{"embeddable":true,"href":"https:\/\/blogs.univ-tlse2.fr\/ceragas\/wp-json\/wp\/v2\/comments?post=550"}],"version-history":[{"count":5,"href":"https:\/\/blogs.univ-tlse2.fr\/ceragas\/wp-json\/wp\/v2\/pages\/550\/revisions"}],"predecessor-version":[{"id":561,"href":"https:\/\/blogs.univ-tlse2.fr\/ceragas\/wp-json\/wp\/v2\/pages\/550\/revisions\/561"}],"up":[{"embeddable":true,"href":"https:\/\/blogs.univ-tlse2.fr\/ceragas\/wp-json\/wp\/v2\/pages\/541"}],"wp:attachment":[{"href":"https:\/\/blogs.univ-tlse2.fr\/ceragas\/wp-json\/wp\/v2\/media?parent=550"}],"curies":[{"name":"wp","href":"https:\/\/api.w.org\/{rel}","templated":true}]}}