 {"id":559,"date":"2019-02-11T10:28:48","date_gmt":"2019-02-11T09:28:48","guid":{"rendered":"https:\/\/blogs.univ-tlse2.fr\/ceragas\/?page_id=559"},"modified":"2019-02-11T10:28:48","modified_gmt":"2019-02-11T09:28:48","slug":"activite-2017","status":"publish","type":"page","link":"https:\/\/blogs.univ-tlse2.fr\/ceragas\/activite-2017\/","title":{"rendered":"activit\u00e9 2017"},"content":{"rendered":"<p align=\"JUSTIFY\"><span style=\"font-family: Arial, sans-serif\">Apr\u00e8s une premi\u00e8re ann\u00e9e probatoire, le PCR Fortipolis fait l&rsquo;objet d&rsquo;une op\u00e9ration triennale \u00e0 la suite de l&rsquo;autorisation d\u00e9livr\u00e9e le 3 avril 2017 par la CTRA Sud-Ouest pour une p\u00e9riode comprise entre le 21 avril 2017 et le 31 d\u00e9cembre 2019. Toutefois, avec le versement tardif de la subvention, l\u2019activit\u00e9 de recherche relative \u00e0 cette ann\u00e9e du PCR n\u2019a pu \u00eatre r\u00e9alis\u00e9e que ponctuellement sur les 3 derniers mois de l&rsquo;ann\u00e9e. Dans le temps imparti, il a tout de m\u00eame \u00e9t\u00e9 possible de remplir le principal objectif que nous nous \u00e9tions fix\u00e9 et qui \u00e9tait de finaliser le catalogue de site (482 sites recens\u00e9s dans la litt\u00e9rature).<\/span><\/p>\n<p align=\"JUSTIFY\"><span style=\"font-family: Arial, sans-serif\">Les actions men\u00e9es de mani\u00e8re discontinue ont \u00e9t\u00e9 multiples. Tout d&rsquo;abord, deux r\u00e9unions de travail ont \u00e9t\u00e9 r\u00e9alis\u00e9es \u00e0 Pau en mai et \u00e0 Toulouse en novembre. Elles ont permis de faire le point sur l&rsquo;\u00e9tat d&rsquo;avancement du catalogue de site, d&rsquo;exposer plusieurs cas d&rsquo;\u00e9tude illustrant la diversit\u00e9 des contextes et des morphologies de sites, d&rsquo;exposer les probl\u00e8mes rencontr\u00e9s, ainsi que de discuter des perspectives 2018-2019 du PCR (prospections, relev\u00e9s, sondages&#8230;). En parall\u00e8le de la r\u00e9union de mai, une sortie de terrain a \u00e9galement \u00e9t\u00e9 r\u00e9alis\u00e9e sur deux sites de la r\u00e9gion de Pau d&rsquo;int\u00e9r\u00eat majeur pour le PCR (le Cast\u00e9ra de Th\u00e8ze et le Bila\u00e0 \u00e0 Lescar).<\/span><\/p>\n<p align=\"JUSTIFY\"><span style=\"font-family: Arial, sans-serif\"> En amont de la reprise de la saisie des fiches de site, la base de donn\u00e9es con\u00e7ue sp\u00e9cialement pour le PCR a \u00e9t\u00e9 mise en ligne sur le serveur de la Direction d&rsquo;Appui \u00e0 la Recherche de l&rsquo;Universit\u00e9 Toulouse Jean Jaur\u00e8s (DAR), avec la collaboration de Marie-Laure Maraval (membre associ\u00e9e TRACES, DAR-UMS838). Ce dispositif a permis de faciliter la gestion et le contr\u00f4le des diff\u00e9rentes contributions \u00e0 la base de donn\u00e9es. L&rsquo;acc\u00e8s au serveur est s\u00e9curis\u00e9 au moyen d&rsquo;un identifiant et d&rsquo;un code d&rsquo;acc\u00e8s d\u00e9livr\u00e9 uniquement aux membres du PCR.<\/span><\/p>\n<p align=\"JUSTIFY\"><span style=\"font-family: Arial, sans-serif\"> Ensuite, un travail cartographique a \u00e9t\u00e9 r\u00e9alis\u00e9 \u00e0 partir des banques de donn\u00e9es SIG de l&rsquo;IGN. Il s&rsquo;agissait d&rsquo;am\u00e9liorer l&rsquo;affichage num\u00e9rique de la carte de r\u00e9partition des sites, mais \u00e9galement de d\u00e9marrer l&rsquo;analyse des MNT \u00e0 1 m disponibles dans la zone d&rsquo;\u00e9tude (vois ci-dessous). <\/span><\/p>\n<p align=\"JUSTIFY\"><span style=\"font-family: Arial, sans-serif\"> La collaboration avec l&rsquo;\u00e9quipe Ach\u00e9odrones de TRACES (C. Calastrenc, N. Poirier) n&rsquo;a pas pu aboutir sur une mission de terrain en fin d&rsquo;ann\u00e9e en raison de la maintenance du drone, faisant suite \u00e0 des probl\u00e8mes techniques rencontr\u00e9s \u00e0 l&rsquo;automne sur une autre mission de TRACES.<\/span><\/p>\n<p align=\"JUSTIFY\"><span style=\"font-family: Arial, sans-serif\"> Notons enfin que depuis octobre, Anouk Sarrazin, \u00e9tudiante en Master 1 de l&rsquo;Universit\u00e9 Toulouse Jean Jaur\u00e8s (directeur\u00a0: Pierre-Yves Milcent, tuteur\u00a0: Philippe Gardes) r\u00e9alise un m\u00e9moire s&rsquo;inscrivant dans les th\u00e9matiques du PCR (\u00ab\u00a0Habitat et occupation du sol aux \u00e2ges des m\u00e9taux dans les Pyr\u00e9n\u00e9es Centrales. L&rsquo;exemple des vall\u00e9es du Gave de Pau et de l&rsquo;Adour\u00a0\u00bb).<\/span><\/p>\n<div id=\"attachment_563\" style=\"width: 650px\" class=\"wp-caption alignnone\"><a href=\"https:\/\/blogs.univ-tlse2.fr\/ceragas\/files\/2019\/02\/carteSIGNB.jpeg\"><img loading=\"lazy\" decoding=\"async\" aria-describedby=\"caption-attachment-563\" class=\"size-large wp-image-563\" src=\"https:\/\/blogs.univ-tlse2.fr\/ceragas\/files\/2019\/02\/carteSIGNB-1013x1024.jpeg\" alt=\"\" width=\"640\" height=\"647\" srcset=\"https:\/\/blogs.univ-tlse2.fr\/ceragas\/files\/2019\/02\/carteSIGNB-1013x1024.jpeg 1013w, https:\/\/blogs.univ-tlse2.fr\/ceragas\/files\/2019\/02\/carteSIGNB-297x300.jpeg 297w, https:\/\/blogs.univ-tlse2.fr\/ceragas\/files\/2019\/02\/carteSIGNB-768x776.jpeg 768w, https:\/\/blogs.univ-tlse2.fr\/ceragas\/files\/2019\/02\/carteSIGNB-300x303.jpeg 300w, https:\/\/blogs.univ-tlse2.fr\/ceragas\/files\/2019\/02\/carteSIGNB.jpeg 1096w\" sizes=\"auto, (max-width: 640px) 100vw, 640px\" \/><\/a><p id=\"caption-attachment-563\" class=\"wp-caption-text\">carte des sites r\u00e9alis\u00e9e sous QGis (fond de carte IGN BDAlti \/ BD CARTHAGE)<\/p><\/div>\n<p align=\"JUSTIFY\">\n","protected":false},"excerpt":{"rendered":"<p>Apr\u00e8s une premi\u00e8re ann\u00e9e probatoire, le PCR Fortipolis fait l&rsquo;objet d&rsquo;une op\u00e9ration triennale \u00e0 la suite de l&rsquo;autorisation d\u00e9livr\u00e9e le 3 avril 2017 par la CTRA Sud-Ouest pour une p\u00e9riode comprise entre le 21 avril 2017 et le 31 d\u00e9cembre &hellip; <a href=\"https:\/\/blogs.univ-tlse2.fr\/ceragas\/activite-2017\/\">Continuer la lecture <span class=\"meta-nav\">&rarr;<\/span><\/a><\/p>\n","protected":false},"author":182,"featured_media":0,"parent":0,"menu_order":0,"comment_status":"closed","ping_status":"closed","template":"","meta":{"footnotes":""},"class_list":["post-559","page","type-page","status-publish","hentry"],"_links":{"self":[{"href":"https:\/\/blogs.univ-tlse2.fr\/ceragas\/wp-json\/wp\/v2\/pages\/559","targetHints":{"allow":["GET"]}}],"collection":[{"href":"https:\/\/blogs.univ-tlse2.fr\/ceragas\/wp-json\/wp\/v2\/pages"}],"about":[{"href":"https:\/\/blogs.univ-tlse2.fr\/ceragas\/wp-json\/wp\/v2\/types\/page"}],"author":[{"embeddable":true,"href":"https:\/\/blogs.univ-tlse2.fr\/ceragas\/wp-json\/wp\/v2\/users\/182"}],"replies":[{"embeddable":true,"href":"https:\/\/blogs.univ-tlse2.fr\/ceragas\/wp-json\/wp\/v2\/comments?post=559"}],"version-history":[{"count":4,"href":"https:\/\/blogs.univ-tlse2.fr\/ceragas\/wp-json\/wp\/v2\/pages\/559\/revisions"}],"predecessor-version":[{"id":799,"href":"https:\/\/blogs.univ-tlse2.fr\/ceragas\/wp-json\/wp\/v2\/pages\/559\/revisions\/799"}],"wp:attachment":[{"href":"https:\/\/blogs.univ-tlse2.fr\/ceragas\/wp-json\/wp\/v2\/media?parent=559"}],"curies":[{"name":"wp","href":"https:\/\/api.w.org\/{rel}","templated":true}]}}