 {"id":566,"date":"2019-02-11T10:51:44","date_gmt":"2019-02-11T09:51:44","guid":{"rendered":"https:\/\/blogs.univ-tlse2.fr\/ceragas\/?page_id=566"},"modified":"2019-02-11T10:51:44","modified_gmt":"2019-02-11T09:51:44","slug":"activite-2018","status":"publish","type":"page","link":"https:\/\/blogs.univ-tlse2.fr\/ceragas\/activite-2018\/","title":{"rendered":"activit\u00e9 2018"},"content":{"rendered":"<p align=\"JUSTIFY\"><span style=\"font-family: Arial, sans-serif\">L&rsquo;op\u00e9ration 2018 du PCR Fortipolis, correspondant \u00e0 la deuxi\u00e8me ann\u00e9e d&rsquo;une autorisation triennale, a permis d&rsquo;entrer dans une phase plus active du projet avec des r\u00e9sultats tr\u00e8s positifs. Bien que la subvention n&rsquo;ait \u00e9t\u00e9 vers\u00e9e que fin juillet 2018, il a \u00e9t\u00e9 possible de remplir l&rsquo;objectif principal qui \u00e9tait la r\u00e9alisation de campagnes de sondages sur des sites embl\u00e9matiques du corpus. <\/span><\/p>\n<p align=\"JUSTIFY\"><span style=\"font-family: Arial, sans-serif\"> Seules deux op\u00e9rations sur trois ont pu \u00eatre effectu\u00e9es (sites du Castet-Crab\u00e9 \u00e0 Lagarde en juillet sous la direction de Ph. Gardes et du Cap des P\u00e8nes \u00e0 Monts\u00e9ri\u00e9 en octobre sous la direction de Cl. Venco), la troisi\u00e8me ayant \u00e9t\u00e9 report\u00e9e \u00e0 2019 (L&rsquo;Escal\u00e8re \u00e0 Saint-Martory) faute de disponibilit\u00e9 du responsable aux dates incomb\u00e9es par le calendrier administratif. Ces deux op\u00e9rations ont permis de v\u00e9rifier l&rsquo;existence de stratigraphies ainsi que de mobiliers sur ces sites. Ces r\u00e9sultats tr\u00e8s positifs laissent supposer d&rsquo;heureuses perspectives pour la suite de cette phase de sondages du PCR puisque ces sites, \u00e0 l&rsquo;instar de la majorit\u00e9 du corpus, livrent peu ou pas de mobilier en surface. Ceci est en grande partie due au fait, rappelons-le, que la plupart des sites est actuellement recouverte par des for\u00eats ou des prairies.<\/span><\/p>\n<p align=\"JUSTIFY\"><span style=\"font-family: Arial, sans-serif\"> Une seule grande r\u00e9union de travail s&rsquo;est tenue \u00e0 Toulouse d\u00e9but octobre, compte tenu de l&rsquo;arriv\u00e9e tardive de la subvention. Celle-ci a permis aux membres r\u00e9unis d&rsquo;exposer plusieurs cas d&rsquo;\u00e9tude r\u00e9gionaux issus du travail ant\u00e9rieur d&rsquo;inventaire bibliographique mais \u00e9galement d&rsquo;un travail de master achev\u00e9 par l&rsquo;un d&rsquo;entre nous. Cette rencontre a aussi \u00e9t\u00e9 l&rsquo;occasion de pr\u00e9senter aux membres les sites retenus pour sondages en 2018, les strat\u00e9gies mises en oeuvre pour r\u00e9pondre aux probl\u00e9matiques ainsi que les premiers r\u00e9sultats obtenus pour le site de Castet-Crab\u00e9, fouill\u00e9 quelques mois auparavant.<\/span><\/p>\n<p align=\"JUSTIFY\"><span style=\"font-family: Arial, sans-serif\"> En parall\u00e8le des op\u00e9rations de sondages, des v\u00e9rifications de sites ont \u00e9t\u00e9 organis\u00e9es notamment dans le sud de la Haute-Garonne (sous la direction de Th. Le Dreff) ainsi que dans la vall\u00e9e du gave de Cauterets et dans les hautes vall\u00e9es du gave de Pau et de l&rsquo;Adour (A. Sarrazin).<br \/>\n<\/span><\/p>\n<p align=\"JUSTIFY\"><span style=\"font-family: Arial, sans-serif\"> L&rsquo;ann\u00e9e 2018 a \u00e9galement \u00e9t\u00e9 marqu\u00e9e par la mise en ligne sur le serveur HumaNum de la base de donn\u00e9es du PCR et la soutenance du m\u00e9moire de master 2 recherche de R. Rivaud-Labarre (Universit\u00e9 Bordeaux Montaigne) portant notamment sur les th\u00e9matiques du PCR pour les d\u00e9partements de la Gironde et du Lot-et-Garonne<br \/>\n<\/span><\/p>\n<p align=\"JUSTIFY\"><span style=\"font-family: Arial, sans-serif\"> Enfin, signalons que la maintenance du drone Lidar de la plateforme arch\u00e9odrone de TRACES, qui s&rsquo;est poursuivie durant toute l&rsquo;ann\u00e9e 2018, a rendu impossible l&rsquo;organisation d&rsquo;une nouvelle campagne d&rsquo;acquisition de donn\u00e9es topographiques sur des sites du corpus. <\/span><\/p>\n<div id=\"attachment_568\" style=\"width: 650px\" class=\"wp-caption alignnone\"><a href=\"https:\/\/blogs.univ-tlse2.fr\/ceragas\/files\/2019\/02\/fig.-21.jpg\"><img loading=\"lazy\" decoding=\"async\" aria-describedby=\"caption-attachment-568\" class=\"size-large wp-image-568\" src=\"https:\/\/blogs.univ-tlse2.fr\/ceragas\/files\/2019\/02\/fig.-21-1024x686.jpg\" alt=\"\" width=\"640\" height=\"429\" srcset=\"https:\/\/blogs.univ-tlse2.fr\/ceragas\/files\/2019\/02\/fig.-21-1024x686.jpg 1024w, https:\/\/blogs.univ-tlse2.fr\/ceragas\/files\/2019\/02\/fig.-21-300x201.jpg 300w, https:\/\/blogs.univ-tlse2.fr\/ceragas\/files\/2019\/02\/fig.-21-768x515.jpg 768w, https:\/\/blogs.univ-tlse2.fr\/ceragas\/files\/2019\/02\/fig.-21.jpg 1212w\" sizes=\"auto, (max-width: 640px) 100vw, 640px\" \/><\/a><p id=\"caption-attachment-568\" class=\"wp-caption-text\">Castet-Crab\u00e9, Lagarde (65). La tranch\u00e9e 3 en cours de fouille (cl. Ph. Gardes)<\/p><\/div>\n<div id=\"attachment_569\" style=\"width: 650px\" class=\"wp-caption alignnone\"><a href=\"https:\/\/blogs.univ-tlse2.fr\/ceragas\/files\/2019\/02\/fig.-69.jpg\"><img loading=\"lazy\" decoding=\"async\" aria-describedby=\"caption-attachment-569\" class=\"size-large wp-image-569\" src=\"https:\/\/blogs.univ-tlse2.fr\/ceragas\/files\/2019\/02\/fig.-69-761x1024.jpg\" alt=\"\" width=\"640\" height=\"861\" srcset=\"https:\/\/blogs.univ-tlse2.fr\/ceragas\/files\/2019\/02\/fig.-69-761x1024.jpg 761w, https:\/\/blogs.univ-tlse2.fr\/ceragas\/files\/2019\/02\/fig.-69-223x300.jpg 223w, https:\/\/blogs.univ-tlse2.fr\/ceragas\/files\/2019\/02\/fig.-69-768x1034.jpg 768w, https:\/\/blogs.univ-tlse2.fr\/ceragas\/files\/2019\/02\/fig.-69-300x404.jpg 300w, https:\/\/blogs.univ-tlse2.fr\/ceragas\/files\/2019\/02\/fig.-69.jpg 856w\" sizes=\"auto, (max-width: 640px) 100vw, 640px\" \/><\/a><p id=\"caption-attachment-569\" class=\"wp-caption-text\">Cap des P\u00e8nes, Monts\u00e9ri\u00e9 (65). Vue du mur MR101 du barrage sud dans l&#8217;emprise du sondage 3 (cl. Cl. Venco)<\/p><\/div>\n<p align=\"JUSTIFY\"><span style=\"font-family: Arial, sans-serif\">\u00a0<\/span><\/p>\n","protected":false},"excerpt":{"rendered":"<p>L&rsquo;op\u00e9ration 2018 du PCR Fortipolis, correspondant \u00e0 la deuxi\u00e8me ann\u00e9e d&rsquo;une autorisation triennale, a permis d&rsquo;entrer dans une phase plus active du projet avec des r\u00e9sultats tr\u00e8s positifs. Bien que la subvention n&rsquo;ait \u00e9t\u00e9 vers\u00e9e que fin juillet 2018, il &hellip; <a href=\"https:\/\/blogs.univ-tlse2.fr\/ceragas\/activite-2018\/\">Continuer la lecture <span class=\"meta-nav\">&rarr;<\/span><\/a><\/p>\n","protected":false},"author":182,"featured_media":0,"parent":0,"menu_order":0,"comment_status":"closed","ping_status":"closed","template":"","meta":{"footnotes":""},"class_list":["post-566","page","type-page","status-publish","hentry"],"_links":{"self":[{"href":"https:\/\/blogs.univ-tlse2.fr\/ceragas\/wp-json\/wp\/v2\/pages\/566","targetHints":{"allow":["GET"]}}],"collection":[{"href":"https:\/\/blogs.univ-tlse2.fr\/ceragas\/wp-json\/wp\/v2\/pages"}],"about":[{"href":"https:\/\/blogs.univ-tlse2.fr\/ceragas\/wp-json\/wp\/v2\/types\/page"}],"author":[{"embeddable":true,"href":"https:\/\/blogs.univ-tlse2.fr\/ceragas\/wp-json\/wp\/v2\/users\/182"}],"replies":[{"embeddable":true,"href":"https:\/\/blogs.univ-tlse2.fr\/ceragas\/wp-json\/wp\/v2\/comments?post=566"}],"version-history":[{"count":2,"href":"https:\/\/blogs.univ-tlse2.fr\/ceragas\/wp-json\/wp\/v2\/pages\/566\/revisions"}],"predecessor-version":[{"id":570,"href":"https:\/\/blogs.univ-tlse2.fr\/ceragas\/wp-json\/wp\/v2\/pages\/566\/revisions\/570"}],"wp:attachment":[{"href":"https:\/\/blogs.univ-tlse2.fr\/ceragas\/wp-json\/wp\/v2\/media?parent=566"}],"curies":[{"name":"wp","href":"https:\/\/api.w.org\/{rel}","templated":true}]}}