 {"id":575,"date":"2019-02-11T14:00:41","date_gmt":"2019-02-11T13:00:41","guid":{"rendered":"https:\/\/blogs.univ-tlse2.fr\/ceragas\/?page_id=575"},"modified":"2022-01-27T17:51:24","modified_gmt":"2022-01-27T16:51:24","slug":"bibliographie","status":"publish","type":"page","link":"https:\/\/blogs.univ-tlse2.fr\/ceragas\/bibliographie\/","title":{"rendered":"Bibliographie"},"content":{"rendered":"<p><em><strong>Articles principaux :<\/strong><\/em><\/p>\n<p align=\"JUSTIFY\"><span style=\"font-size: medium\"><span style=\"color: #000000\"><b>Boudet 1994<\/b><\/span><span style=\"color: #000000\"> : BOUDET (R.) avec la collaboration de B. ABAZ, A. DAUTANT, Ph. GARDES, J.-Fr. GARNIER, E. LADIER, Ph. LAMBERT, J. MOREAU, J.-P. NOLDIN, A. REGINATO, J. ROUSSOT-LARROQUE, Chr. SIREIX, Les agglom\u00e9rations protohistoriques en France sud-occidentale : quelques r\u00e9flexions, in : Boudet (dir.), <em>L\u2019\u00e2ge du Fer en Europe sud-occidentale<\/em>, actes du 16e colloque de l\u2019AFEAF, Agen, 1992, <\/span><span style=\"color: #000000\"><i>Aquitania<\/i><\/span><span style=\"color: #000000\">, 12, pp. 55-93.<\/span><\/span><\/p>\n<p align=\"JUSTIFY\"><span style=\"font-size: medium\"><span style=\"color: #000000\"><b>Chopinet, 1908b<\/b><\/span><span style=\"color: #000000\"> : CHOPINET (Dr. C.), <\/span>\u00c9<span style=\"color: #000000\">tude sur les camps pr\u00e9historiques des Landes et du B\u00e9arn, dans <\/span><span style=\"color: #000000\"><i>Revue des Comminges<\/i><\/span><span style=\"color: #000000\">, 23, pp. 30-56.<\/span><\/span><\/p>\n<p align=\"JUSTIFY\"><span style=\"font-size: medium\"><span style=\"color: #000000\"><b>Coquerel, Vi\u00e9, 1979 <\/b><\/span><span style=\"color: #000000\">: COQUEREL (R.), VI<\/span>\u00c9<span style=\"color: #000000\"> (R.), \u00ab\u00a0Les castram\u00e9tations protohistoriques dans les Hautes-Pyr\u00e9n\u00e9es\u00a0\u00bb, Tarbes et la Bigorre, Actes du Congr\u00e8s des Soci\u00e9t\u00e9s Acad\u00e9miques et Savantes Languedoc &#8211; Pyr\u00e9n\u00e9es &#8211; Gascogne, Tarbes (16-18 juin 1978), Tarbes, pp. 23-46.<\/span><\/span><\/p>\n<p align=\"JUSTIFY\"><span style=\"font-family: Times New Roman, serif\"><span style=\"font-size: medium\"><span style=\"color: #000000\"><b>Gardes 2009<\/b><\/span><span style=\"color: #000000\">\u00a0: GARDES (Ph.), Les fortifications protohistoriques dans le sud-ouest de la France. Bilan et perspectives de recherche,\u00a0<\/span><em><span style=\"color: #000000\">Actes de la table-ronde de Lattes : Les fortifications protohistoriques de Marseille \u00e0 G\u00e9rone. Lattes, <\/span><\/em><span style=\"color: #000000\">DAM, 32, pp. 43-58<\/span><\/span><\/span><\/p>\n<p align=\"JUSTIFY\"><span style=\"font-family: Times New Roman, serif\"><span style=\"font-size: medium\"><b>Gardes, Le Dreff 2017<\/b> : GARDES (Ph.), LE DREFF (Th.), Habitats fortifi\u00e9s de l\u2019\u00e2ge du Bronze au Premier \u00e2ge du Fer entre Garonne et Pyr\u00e9n\u00e9es. Un bilan contrast\u00e9. In\u00a0Delrieu F., Furestier R. (dir.), <em>Habitats de hauteur et fortifi\u00e9s \u00e0 l\u2019\u00e2ge du Bronze et au 1er \u00e2ge du Fer entre Alpes et Massif central<\/em>, actes de la table ronde d\u2019Orgnac, 11-12 f\u00e9vrier 2016. Lattes, DAM, 40, pp. 93-108. <\/span><\/span><\/p>\n<p align=\"JUSTIFY\"><b>Gardes, Le Dreff 2020 <\/b>: GARDES (Ph.), LE DREFF (Th.), Nouveaux regards sur les fortifications protohistoriques du sud-ouest de la France. Apport des op\u00e9rations de sondages men\u00e9es dans le cadre du projet FORTIPOLIS, <em>Actes de la journ\u00e9e d&rsquo;\u00e9tude Actualit\u00e9s de la recherche arch\u00e9ologique en Protohistoire dans sud-ouest de la France et dans le nord de l&rsquo;Espagne<\/em>, 13 d\u00e9cembre 2019. Bordeaux, Aquitania, 36, pp. 93-112.<\/p>\n<p align=\"JUSTIFY\"><b>Gardes, Le Dreff 2021<\/b> : GARDES (Ph.), LE DREFF (Th.), Le PCR FORTIPOLIS : nouvelles recherches sur les habitats fortifi\u00e9s protohistoriques entre Garonne et Pyr\u00e9n\u00e9es, In DELRIEU (F.) (dir.), <em>Les espaces fortifi\u00e9s \u00e0 l&rsquo;\u00e2ge du Fer en Europe<\/em>, actes du 43e colloque de l&rsquo;AFEAF, Puy-en-Velay, 30 mai &#8211; 1er juin 2019, AFEAF, 3, pp. 409-430.<\/p>\n<p align=\"JUSTIFY\"><span style=\"font-size: medium\"><b>Gaudeul 1976 :<\/b> GAUDEUL (Fr.), Les enceintes de type protohistorique du Pays basque. Pr\u00e9sentation d&rsquo;ensemble de huit ouvelles enceintes (Hocha Handia, Gastelugain. Idaux, Berrogain-Laruns. Lecheguita, Etchebar, Gaztelumendi, Gasteluchague), in <i>B.S.S.L.A.<\/i> Bayonne, 132, pp. 9-41.<\/span><\/p>\n<p align=\"JUSTIFY\"><span style=\"font-size: medium\"><b>Gaudeul 1977 :<\/b> GAUDEUL (Fr.), Les enceintes protohistoriques du Pays basque. L&rsquo;ensemble fortifi\u00e9 de Kurku, le Camp de Sardasse, l&rsquo;enceinte de Curquou, l&rsquo;ensemble fortifi\u00e9 de Pekatenborda, Gastalaria, le Gastelu d&rsquo;Aussurucq, Ahaice, Gastelhamko Botchia. in <i>B.S.S.L.A.<\/i>, Bayonne. 133, pp. 9-45.<\/span><\/p>\n<p align=\"JUSTIFY\"><span style=\"font-size: medium\"><b>Gaudeul 1980 :<\/b> GAUDEUL (Fr.), Les enceintes protohistoriques du Pays basque (Munhoa, Larreondoa, Haintzhandialtea, Gaztelugaine, Gaztelugagna, Gazteluzaharrea), in <i>B.S.S.L.A.<\/i>., Bayonne, 136, pp. 323-355.<\/span><\/p>\n<p align=\"JUSTIFY\"><span style=\"font-family: Times New Roman, serif\"><span style=\"font-size: medium\"><span style=\"color: #000000\"><b>Gaudeul 1985 : <\/b><\/span><span style=\"color: #000000\">GAUDEUL (Fr.), Les enceintes de type protohistorique du Pays basque fran\u00e7ais, in <\/span><span style=\"color: #000000\"><i>Arch\u00e9ologie des <\/i><\/span><span style=\"color: #000000\"><i>P.O., <\/i><\/span><span style=\"color: #000000\">5, pp. 1-16.<\/span><\/span><\/span><\/p>\n<p align=\"JUSTIFY\"><span style=\"font-family: Times New Roman, serif\"><span style=\"font-size: medium\"><span style=\"color: #000000\"><b>Gaudeul 1986\u00a0:<\/b><\/span><span style=\"color: #000000\"> GAUDEUL (Fr.), Les enceintes de type protohistorique des Pyr\u00e9n\u00e9es Atlantiques,<\/span><span style=\"color: #000000\">\u00a0<\/span><em><span style=\"color: #000000\">Arch\u00e9ologie en Aquitaine<\/span><\/em><span style=\"color: #000000\">, 5, pp. 163-174.<\/span><\/span><\/span><\/p>\n<p align=\"JUSTIFY\"><span style=\"font-family: Times New Roman, serif\"><span style=\"font-size: medium\"><span style=\"color: #000000\"><b>Massie, 1965<\/b><\/span><span style=\"color: #000000\"> : MASSIE (J.-F.), Les camps et les mottes dans le D\u00e9partements des Basses Pyr\u00e9n\u00e9es. Contribution \u00e0 la recherche et \u00e0 l\u2019inventaire des \u00e9l\u00e9ments des fortifications d\u2019apr\u00e8s l\u2019arch\u00e9ologie et la toponymie, Pau, 1965.<\/span><\/span><\/span><\/p>\n<p align=\"JUSTIFY\"><em><strong><span style=\"font-family: Times New Roman, serif\"><span style=\"font-size: medium\">Rapports\u00a0:<\/span><\/span><\/strong><\/em><\/p>\n<p align=\"JUSTIFY\"><span style=\"font-family: Times New Roman, serif\"><span style=\"font-size: medium\"><strong>Gardes, Le Dreff, Milcent (coord.) 2017<\/strong> : GARDES (Ph.), LE DREFF (Th.), MILCENT (P.-Y.), <i>Fortipolis\u00a0: nouvelles recherches sur les habitats fortifi\u00e9s protohistoriques entre Garonne et Pyr\u00e9n\u00e9es<\/i>, rapport pluri-annuel de PCR, SRA Occitanie\/Nouvelle Aquitaine, 673 p. <\/span><\/span><\/p>\n<p align=\"JUSTIFY\"><span style=\"font-family: Times New Roman, serif\"><span style=\"font-size: medium\"><strong>Gardes, Le Dreff (coord.) 2018<\/strong> : GARDES (Ph.), LE DREFF (Th.), <i>Fortipolis\u00a0: nouvelles recherches sur les habitats fortifi\u00e9s protohistoriques entre Garonne et Pyr\u00e9n\u00e9es<\/i>, rapport pluri-annuel de PCR, SRA Occitanie\/Nouvelle Aquitaine, 628 p. <\/span><\/span><\/p>\n<p align=\"JUSTIFY\"><span style=\"font-family: Times New Roman, serif\"><span style=\"font-size: medium\"><strong>Gardes, Le Dreff (coord.) 2019<\/strong> : GARDES (Ph.), LE DREFF (Th.), <i>Fortipolis\u00a0: nouvelles recherches sur les habitats fortifi\u00e9s protohistoriques entre Garonne et Pyr\u00e9n\u00e9es<\/i>, rapport pluri-annuel de PCR, SRA Occitanie\/Nouvelle Aquitaine, 324 p. <\/span><\/span><\/p>\n<p align=\"JUSTIFY\"><strong>Gardes, Le Dreff (coord.) 2020<\/strong> : GARDES (Ph.), LE DREFF (Th.), <i>Fortipolis\u00a0: nouvelles recherches sur les habitats fortifi\u00e9s protohistoriques entre Garonne et Pyr\u00e9n\u00e9es<\/i>, rapport de PCR triannuel 2016-2019, SRA Occitanie\/Nouvelle Aquitaine, 2 vol., 225 et 1187 p.<\/p>\n<p><span style=\"font-family: Arial, sans-serif\">\u00a0<\/span><\/p>\n<p align=\"JUSTIFY\"><strong><span style=\"font-family: Arial, sans-serif\"><span style=\"font-size: small\">\u00a0<\/span><\/span><\/strong><\/p>\n","protected":false},"excerpt":{"rendered":"<p>Articles principaux : Boudet 1994 : BOUDET (R.) avec la collaboration de B. ABAZ, A. DAUTANT, Ph. GARDES, J.-Fr. GARNIER, E. LADIER, Ph. LAMBERT, J. MOREAU, J.-P. NOLDIN, A. REGINATO, J. ROUSSOT-LARROQUE, Chr. SIREIX, Les agglom\u00e9rations protohistoriques en France sud-occidentale &hellip; <a href=\"https:\/\/blogs.univ-tlse2.fr\/ceragas\/bibliographie\/\">Continuer la lecture <span class=\"meta-nav\">&rarr;<\/span><\/a><\/p>\n","protected":false},"author":182,"featured_media":0,"parent":0,"menu_order":0,"comment_status":"closed","ping_status":"closed","template":"","meta":{"footnotes":""},"class_list":["post-575","page","type-page","status-publish","hentry"],"_links":{"self":[{"href":"https:\/\/blogs.univ-tlse2.fr\/ceragas\/wp-json\/wp\/v2\/pages\/575","targetHints":{"allow":["GET"]}}],"collection":[{"href":"https:\/\/blogs.univ-tlse2.fr\/ceragas\/wp-json\/wp\/v2\/pages"}],"about":[{"href":"https:\/\/blogs.univ-tlse2.fr\/ceragas\/wp-json\/wp\/v2\/types\/page"}],"author":[{"embeddable":true,"href":"https:\/\/blogs.univ-tlse2.fr\/ceragas\/wp-json\/wp\/v2\/users\/182"}],"replies":[{"embeddable":true,"href":"https:\/\/blogs.univ-tlse2.fr\/ceragas\/wp-json\/wp\/v2\/comments?post=575"}],"version-history":[{"count":5,"href":"https:\/\/blogs.univ-tlse2.fr\/ceragas\/wp-json\/wp\/v2\/pages\/575\/revisions"}],"predecessor-version":[{"id":810,"href":"https:\/\/blogs.univ-tlse2.fr\/ceragas\/wp-json\/wp\/v2\/pages\/575\/revisions\/810"}],"wp:attachment":[{"href":"https:\/\/blogs.univ-tlse2.fr\/ceragas\/wp-json\/wp\/v2\/media?parent=575"}],"curies":[{"name":"wp","href":"https:\/\/api.w.org\/{rel}","templated":true}]}}