 {"id":797,"date":"2022-01-27T12:52:09","date_gmt":"2022-01-27T11:52:09","guid":{"rendered":"https:\/\/blogs.univ-tlse2.fr\/ceragas\/?page_id=797"},"modified":"2022-01-27T12:52:10","modified_gmt":"2022-01-27T11:52:10","slug":"activite-2020-sondage-archeologique-a-castagnac-haute-garonne","status":"publish","type":"page","link":"https:\/\/blogs.univ-tlse2.fr\/ceragas\/activite-2020-sondage-archeologique-a-castagnac-haute-garonne\/","title":{"rendered":"activit\u00e9 2020 : sondage arch\u00e9ologique \u00e0 Castagnac (Haute-Garonne)"},"content":{"rendered":"\n<div class=\"wp-block-group\"><div class=\"wp-block-group__inner-container is-layout-flow wp-block-group-is-layout-flow\"><\/div><\/div>\n\n\n\n\n<p align=\"JUSTIFY\">Pr\u00e9sentation<\/p>\n<p align=\"JUSTIFY\">L\u2019op\u00e9ration de sondage r\u00e9alis\u00e9 \u00e0 Castagnac (Haute-Garonne) s\u2019inscrit dans le cadre d&rsquo;une prospection th\u00e9matique financ\u00e9e par le SRA Occitanie. Cette derni\u00e8re vise \u00e0 l\u2019\u00e9tude de l\u2019occupation protohistorique et antique de la vall\u00e9e de la L\u00e8ze. Contrairement aux op\u00e9rations ant\u00e9rieures qui ciblaient des sites secondaires en termes de typologie (superficie d\u2019\u00e9pandage, mobilier remarqu\u00e9 en prospections\u2026) et en termes de situation g\u00e9ographique (\u00e0 l\u2019\u00e9cart de la vall\u00e9e de la L\u00e8ze <i>stricto-sensu<\/i>), l\u2019op\u00e9ration d\u2019Arch\u00e9ol\u00e8ze 2020 concerne un site majeur situ\u00e9 aux abords imm\u00e9diats du cours d\u2019eau. \u00a0<\/p>\n<p align=\"JUSTIFY\">Les prospections p\u00e9destres ont en effet montr\u00e9 une importante occupation antique sur une superficie de plus de 4 ha, avec du mobilier couvrant un chronologie longue entre le I<sup>er<\/sup> s. av. n. \u00e8. et le V<sup>e<\/sup> voire le VI<sup>e<\/sup> s. de n. \u00e8. Le site est localis\u00e9 au sein d\u2019une constellation de sept \u00e9tablissements secondaires dans un rayon de 4 km et para\u00eet ainsi former le centre de gravit\u00e9 de l\u2019occupation de la moyenne vall\u00e9e de la L\u00e8ze. En l\u2019occurrence, nous pensons que le site doit refl\u00e9ter les dynamiques de peuplement (installation, expansion\/contraction, abandon\u2026) dans cette partie du territoire de la cit\u00e9 de <i>Tolosa<\/i>.<\/p>\n<p align=\"JUSTIFY\">L\u2019objectif du sondage \u00e9tait d\u2019observer, avec les limites intrins\u00e8ques \u00e0 ce type d\u2019op\u00e9ration, la stratigraphie et l\u2019\u00e9tat de conservation des vestiges. L\u2019ouverture du sondage de 160 m\u00b2 a \u00e9t\u00e9 d\u00e9cid\u00e9e en fonction de l\u2019observation de traces anthropologiques observ\u00e9es en prospection magn\u00e9tique r\u00e9alis\u00e9e en 2018. Les \u00e9tudes des unit\u00e9s stratigraphiques et du mobilier n\u2019\u00e9tant pas termin\u00e9es, les datations sont assez impr\u00e9cises, se situant entre le d\u00e9but du II<sup>e<\/sup> et le milieu du III<sup>e <\/sup>s. La grande quantit\u00e9 de mobilier c\u00e9ramique (notamment), nous permettra, \u00e0 partir d&rsquo;une \u00e9tude statistique de repr\u00e9sentation de chaque type dans les unit\u00e9s stratigraphiques et d&rsquo;une comparaison avec d\u2019autres sites ruraux et Toulouse, d\u2019affiner les datations.<\/p>\n<p align=\"JUSTIFY\">Les vestiges b\u00e2tis<\/p>\n<p align=\"JUSTIFY\">Sous une couche de destruction pr\u00e9sente sur la quasi-totalit\u00e9 de l\u2019emprise de fouille, nous avons mis au jour une partie d\u2019un b\u00e2timent d&rsquo;assez grande dimension, dont le seuil d\u2019entr\u00e9e (fig. 1). Ce dernier donne une indication sur sa connexion sur un ext\u00e9rieur am\u00e9nag\u00e9. \u00c0 proximit\u00e9 directe se trouve un ensemble de fosses qui se recoupent, signalant une certaine permanence de la distribution spatiale des vestiges.<\/p>\n<div id=\"attachment_800\" style=\"width: 451px\" class=\"wp-caption alignnone\"><a href=\"https:\/\/blogs.univ-tlse2.fr\/ceragas\/files\/2022\/01\/fig.-1.png\"><img loading=\"lazy\" decoding=\"async\" aria-describedby=\"caption-attachment-800\" class=\"size-full wp-image-800\" src=\"https:\/\/blogs.univ-tlse2.fr\/ceragas\/files\/2022\/01\/fig.-1.png\" alt=\"\" width=\"441\" height=\"634\" srcset=\"https:\/\/blogs.univ-tlse2.fr\/ceragas\/files\/2022\/01\/fig.-1.png 441w, https:\/\/blogs.univ-tlse2.fr\/ceragas\/files\/2022\/01\/fig.-1-209x300.png 209w, https:\/\/blogs.univ-tlse2.fr\/ceragas\/files\/2022\/01\/fig.-1-300x431.png 300w\" sizes=\"auto, (max-width: 441px) 100vw, 441px\" \/><\/a><p id=\"caption-attachment-800\" class=\"wp-caption-text\">Fig. 1 : Castagnac. Emprise du sondage apr\u00e8s d\u00e9gagement de la couche de d\u00e9molition (clich\u00e9s et photogramm\u00e9trie : Wilfried LABARTHE).<\/p><\/div>\n<p align=\"JUSTIFY\">Il semble que la couche de d\u00e9molition soit li\u00e9e \u00e0 un \u00e9pisode de r\u00e9cup\u00e9ration des mat\u00e9riaux de construction, ce qui pourrait expliquer qu\u2019elle est concentr\u00e9e sur les espaces ext\u00e9rieurs et quasi-absente \u00e0 l\u2019int\u00e9rieur des b\u00e2timents. Dans l\u2019emprise sond\u00e9e, nous n\u2019avons pas observ\u00e9 de phases de r\u00e9occupation apr\u00e8s l\u2019abandon.<\/p>\n<p align=\"JUSTIFY\">Le b\u00e2timent est compos\u00e9 de deux pi\u00e8ces dont l&rsquo;un comporte le seuil (fig. 2). Les murs du b\u00e2timent, en moellons calcaires locaux, conservent leur fondation ainsi que les deux premi\u00e8res assises. Ils recoupent une fosse, ce qui montre que cette zone conna\u00eet une occupation ant\u00e9rieure de datation inconnue. Le sol du b\u00e2timent est constitu\u00e9 d\u2019une couche compacte et plane de 5 \u00e0 10 cm de gravillons. La pr\u00e9sence du seuil permet d&rsquo;estimer les dimensions g\u00e9n\u00e9rales : dans l\u2019hypoth\u00e8se qu\u2019il se situerait au milieu de la pi\u00e8ce et qu\u2019il n\u2019y aurait pas d\u2019autre pi\u00e8ces dans l\u2019alignement, il ferait environ 10 m de long. Et dans l\u2019hypoth\u00e8se que le b\u00e2timent serait sym\u00e9trique (avec trois pi\u00e8ces, le seuil \u00e9tant au centre), il ferait environ 14 m de long.<\/p>\n<div id=\"attachment_801\" style=\"width: 662px\" class=\"wp-caption alignnone\"><a href=\"https:\/\/blogs.univ-tlse2.fr\/ceragas\/files\/2022\/01\/fig.-2.png\"><img loading=\"lazy\" decoding=\"async\" aria-describedby=\"caption-attachment-801\" class=\"size-full wp-image-801\" src=\"https:\/\/blogs.univ-tlse2.fr\/ceragas\/files\/2022\/01\/fig.-2.png\" alt=\"\" width=\"652\" height=\"457\" srcset=\"https:\/\/blogs.univ-tlse2.fr\/ceragas\/files\/2022\/01\/fig.-2.png 652w, https:\/\/blogs.univ-tlse2.fr\/ceragas\/files\/2022\/01\/fig.-2-300x210.png 300w\" sizes=\"auto, (max-width: 652px) 100vw, 652px\" \/><\/a><p id=\"caption-attachment-801\" class=\"wp-caption-text\">Fig. 2 : Castagnac. Orthophotographie de la partie sud du sondage : deux pi\u00e8ces visibles du b\u00e2timent donnant sur un ext\u00e9rieur am\u00e9nag\u00e9. Le seuil (ici en cours de fouilles) est visible dans le coin en bas \u00e0 gauche (clich\u00e9s et photogramm\u00e9trie : Wilfried Labarthe).<\/p><\/div>\n<p align=\"JUSTIFY\">Ce seuil permet de comprendre la connexion entre le b\u00e2timent et la zone situ\u00e9e au nord du mur. Un un ou plusieurs solins de pierre structurent cet espace am\u00e9nag\u00e9 : en l\u2019\u00e9tat de nos observations, il s\u2019agit de sabli\u00e8res basses pos\u00e9es sur solin pour les murs, les socles en briques (80 cm de c\u00f4t\u00e9) servant probablement \u00e0 des poteaux pos\u00e9s pour soutenir la charpente. Cet espace potentiellement semi-ext\u00e9rieur\u00a0devait \u00eatre recouvert par une couche constitu\u00e9e de gravier et de petits galets qui a \u00e9t\u00e9 retrouv\u00e9 \u00e0 son contact sur environ 30 % de sa superficie. Enfin, un troisi\u00e8me espace b\u00e2ti se dessine au nord\u00a0: il n\u2019est pas li\u00e9 directement \u00e0 la premi\u00e8re zone. Fouill\u00e9 partiellement, il \u00e9t\u00e9 entrevue par le biais de trous de poteau ancr\u00e9s dans le substrat.<\/p>\n<p align=\"JUSTIFY\">Les fosses<\/p>\n<p align=\"JUSTIFY\">Les fosses structurent le c\u00f4t\u00e9 est du sondage. La plus ancienne semble \u00eatre li\u00e9e \u00e0 la phase de travaux de construction de la maison. Plusieurs fosses la recoupent, \u00e0 diff\u00e9rent moments et avec des modalit\u00e9s diff\u00e9rentes (orientations principales, formes des fonds et des parois, inclusions, mobilier\u2026)\u00a0: si l\u2019encha\u00eenement pr\u00e9cis des faits arch\u00e9ologiques nous \u00e9chappe \u00e0 cette heure de l\u2019\u00e9tude, la r\u00e9currence des creusements de ces fosses indiquent que l\u2019am\u00e9nagement et l\u2019occupation de l\u2019espace semblent se conserver sur la dur\u00e9e.<\/p>","protected":false},"excerpt":{"rendered":"<p>Pr\u00e9sentation L\u2019op\u00e9ration de sondage r\u00e9alis\u00e9 \u00e0 Castagnac (Haute-Garonne) s\u2019inscrit dans le cadre d&rsquo;une prospection th\u00e9matique financ\u00e9e par le SRA Occitanie. Cette derni\u00e8re vise \u00e0 l\u2019\u00e9tude de l\u2019occupation protohistorique et antique de la vall\u00e9e de la L\u00e8ze. Contrairement aux op\u00e9rations ant\u00e9rieures &hellip; <a href=\"https:\/\/blogs.univ-tlse2.fr\/ceragas\/activite-2020-sondage-archeologique-a-castagnac-haute-garonne\/\">Continuer la lecture <span class=\"meta-nav\">&rarr;<\/span><\/a><\/p>\n","protected":false},"author":182,"featured_media":0,"parent":0,"menu_order":0,"comment_status":"closed","ping_status":"closed","template":"","meta":{"footnotes":""},"class_list":["post-797","page","type-page","status-publish","hentry"],"_links":{"self":[{"href":"https:\/\/blogs.univ-tlse2.fr\/ceragas\/wp-json\/wp\/v2\/pages\/797","targetHints":{"allow":["GET"]}}],"collection":[{"href":"https:\/\/blogs.univ-tlse2.fr\/ceragas\/wp-json\/wp\/v2\/pages"}],"about":[{"href":"https:\/\/blogs.univ-tlse2.fr\/ceragas\/wp-json\/wp\/v2\/types\/page"}],"author":[{"embeddable":true,"href":"https:\/\/blogs.univ-tlse2.fr\/ceragas\/wp-json\/wp\/v2\/users\/182"}],"replies":[{"embeddable":true,"href":"https:\/\/blogs.univ-tlse2.fr\/ceragas\/wp-json\/wp\/v2\/comments?post=797"}],"version-history":[{"count":2,"href":"https:\/\/blogs.univ-tlse2.fr\/ceragas\/wp-json\/wp\/v2\/pages\/797\/revisions"}],"predecessor-version":[{"id":802,"href":"https:\/\/blogs.univ-tlse2.fr\/ceragas\/wp-json\/wp\/v2\/pages\/797\/revisions\/802"}],"wp:attachment":[{"href":"https:\/\/blogs.univ-tlse2.fr\/ceragas\/wp-json\/wp\/v2\/media?parent=797"}],"curies":[{"name":"wp","href":"https:\/\/api.w.org\/{rel}","templated":true}]}}