 {"id":1012,"date":"2013-01-17T11:49:40","date_gmt":"2013-01-17T10:49:40","guid":{"rendered":"https:\/\/blogs.univ-tlse2.fr\/cerises\/?page_id=1012"},"modified":"2014-02-06T10:31:23","modified_gmt":"2014-02-06T09:31:23","slug":"histoire-de-leconomie-sociale","status":"publish","type":"page","link":"https:\/\/blogs.univ-tlse2.fr\/cerises\/formation\/master-et-doctorat-deconomie-sociale\/enseignements\/histoire-de-leconomie-sociale\/","title":{"rendered":"Histoire de l&rsquo;\u00e9conomie sociale"},"content":{"rendered":"<p style=\"text-align: right\"><em>Fondamentaux &#8211; ECO350B &#8211; 25h<\/em><\/p>\n<p><strong>Genevi\u00e8ve AZAM<\/strong><\/p>\n<p><!--more--><\/p>\n<h1>OBJECTIFS<\/h1>\n<p>Mettre en perspective la construction de l\u2019\u00e9conomie sociale et solidaire aujourd\u2019hui, aussi bien comme champ de pratiques que comme r\u00e9flexion th\u00e9orique. Cela suppose un retour sur le 19\u00e8me si\u00e8cle, p\u00e9riode pendant laquelle sont pos\u00e9es les bases de cette construction, jusqu\u2019\u00e0 l\u2019institutionnalisation de l\u2019\u00e9conomie sociale \u00e0 la fin du si\u00e8cle.<\/p>\n<h1>PLAN DU COURS<\/h1>\n<p><strong>Chapitre 1 &#8211; L\u2019invention de l\u2019\u00e9conomie sociale comme pens\u00e9e (d\u00e9but 19\u00e8me si\u00e8cle)<\/strong><\/p>\n<p>a \u2013 Paup\u00e9risme et \u00e9conomie sociale<\/p>\n<p>b \u2013 L\u2019\u00e9conomie sociale coup\u00e9e du socialisme associationniste<\/p>\n<p><strong>Chapitre 2 \u2013 L\u2019\u00e9conomie sociale ou la recherche d\u2019une troisi\u00e8me voie entre justice et int\u00e9r\u00eat (2\u00e8me moiti\u00e9 du 19\u00e8me si\u00e8cle)<\/strong><\/p>\n<p>a \u2013 L\u2019\u00e9conomie sociale et la science \u00e9conomique<\/p>\n<p>b \u2013 Les institutions de l\u2019\u00e9conomie sociale<\/p>\n<p>Le coop\u00e9ratisme<\/p>\n<p>Le solidarisme<\/p>\n<h1>BIBLIOGRAPHIE<\/h1>\n<p>&#8211; Azam Genevi\u00e8ve, 2003, \u00ab \u00c9conomie Sociale, Tiers Secteur, \u00c9conomie Solidaire : quelles fronti\u00e8res ? \u00bb, Revue du MAUSS semestrielle, n\u00b021<\/p>\n<p>&#8211; Creagh Ronald, 2009, Utopies am\u00e9ricaines. Exp\u00e9riences libertaires du XIX\u00e8me si\u00e8cle \u00e0 nos jours, Agone.<\/p>\n<p>&#8211; Desroche H. 1981, Solidarit\u00e9s ouvri\u00e8res. Soci\u00e9taires et compagnons dans les associations coop\u00e9ratives (1831-1900), Les \u00c9ditions ouvri\u00e8res, Paris.<\/p>\n<p>&#8211; Faure A., Ranci\u00e8re J. (textes choisis et pr\u00e9sent\u00e9s par), 2007, La parole ouvri\u00e8re (1830-1851), La Fabrique.<\/p>\n<p>&#8211; Gueslain A. 1987, L\u2019invention de l\u2019\u00e9conomie sociale, Economica<\/p>\n<p>&#8211; Procacci G., 1993, Gouverner la mis\u00e8re. La question sociale en France, 1789-1848, Seuil.<\/p>\n<p>&#8211; Vienney C., 1994, L\u2019\u00e9conomie sociale, La D\u00e9couverte.<\/p>\n<p>&#8211; Revue du MAUSS semestrielle, 2\u00e8me semestre 2000, n\u00b0 16, L\u2019autre socialisme<\/p>\n<h2>Consultez aussi les modules d&rsquo;enseignements suivants :<\/h2>\n\n<!-- Page-list plugin v.5.9 wordpress.org\/plugins\/page-list\/ -->\n<ul class=\"page-list \">\n<li class=\"page_item page-item-1007\"><a href=\"https:\/\/blogs.univ-tlse2.fr\/cerises\/formation\/master-et-doctorat-deconomie-sociale\/enseignements\/exclusions-sociales-et-propriete\/\">Exclusions sociales et propri\u00e9t\u00e9<\/a><\/li>\n<li class=\"page_item page-item-1014\"><a href=\"https:\/\/blogs.univ-tlse2.fr\/cerises\/formation\/master-et-doctorat-deconomie-sociale\/enseignements\/les-formes-democratiques\/\">Les formes d\u00e9mocratiques<\/a><\/li>\n<li class=\"page_item page-item-1019\"><a href=\"https:\/\/blogs.univ-tlse2.fr\/cerises\/formation\/master-et-doctorat-deconomie-sociale\/enseignements\/microfinance-et-appui-aux-initiatives-entrepreneuriales-locales\/\">Microfinance et appui aux initiatives entrepreneuriales locales<\/a><\/li>\n<li class=\"page_item page-item-1021\"><a href=\"https:\/\/blogs.univ-tlse2.fr\/cerises\/formation\/master-et-doctorat-deconomie-sociale\/enseignements\/etudes-de-cas\/\">Etudes de cas<\/a><\/li>\n<li class=\"page_item page-item-1023\"><a href=\"https:\/\/blogs.univ-tlse2.fr\/cerises\/formation\/master-et-doctorat-deconomie-sociale\/enseignements\/methodologie-de-projet\/\">M\u00e9thodologie de projet<\/a><\/li>\n<li class=\"page_item page-item-1025\"><a href=\"https:\/\/blogs.univ-tlse2.fr\/cerises\/formation\/master-et-doctorat-deconomie-sociale\/enseignements\/comptabilite\/\">Comptabilit\u00e9<\/a><\/li>\n<li class=\"page_item page-item-1027\"><a href=\"https:\/\/blogs.univ-tlse2.fr\/cerises\/formation\/master-et-doctorat-deconomie-sociale\/enseignements\/droit-des-groupements\/\">Droit des groupements<\/a><\/li>\n<li class=\"page_item page-item-1029\"><a href=\"https:\/\/blogs.univ-tlse2.fr\/cerises\/formation\/master-et-doctorat-deconomie-sociale\/enseignements\/methodologie-de-projet-2\/\">M\u00e9thodologie de projet<\/a><\/li>\n<li class=\"page_item page-item-1031\"><a href=\"https:\/\/blogs.univ-tlse2.fr\/cerises\/formation\/master-et-doctorat-deconomie-sociale\/enseignements\/langue-vivante\/\">Langue vivante<\/a><\/li>\n<li class=\"page_item page-item-1033\"><a href=\"https:\/\/blogs.univ-tlse2.fr\/cerises\/formation\/master-et-doctorat-deconomie-sociale\/enseignements\/des-destins-communs\/\">Des destins communs<\/a><\/li>\n<li class=\"page_item page-item-1035\"><a href=\"https:\/\/blogs.univ-tlse2.fr\/cerises\/formation\/master-et-doctorat-deconomie-sociale\/enseignements\/developpement-et-organisation\/\">D\u00e9veloppement et organisation<\/a><\/li>\n<li class=\"page_item page-item-1037\"><a href=\"https:\/\/blogs.univ-tlse2.fr\/cerises\/formation\/master-et-doctorat-deconomie-sociale\/enseignements\/gestion\/\">Gestion<\/a><\/li>\n<li class=\"page_item page-item-1039\"><a href=\"https:\/\/blogs.univ-tlse2.fr\/cerises\/formation\/master-et-doctorat-deconomie-sociale\/enseignements\/informatique\/\">Informatique<\/a><\/li>\n\n<\/ul>\n","protected":false},"excerpt":{"rendered":"<p>Fondamentaux &#8211; ECO350B &#8211; 25h Genevi\u00e8ve AZAM<\/p>\n","protected":false},"author":157,"featured_media":0,"parent":193,"menu_order":2,"comment_status":"closed","ping_status":"open","template":"","meta":{"footnotes":""},"class_list":["post-1012","page","type-page","status-publish","hentry"],"_links":{"self":[{"href":"https:\/\/blogs.univ-tlse2.fr\/cerises\/wp-json\/wp\/v2\/pages\/1012","targetHints":{"allow":["GET"]}}],"collection":[{"href":"https:\/\/blogs.univ-tlse2.fr\/cerises\/wp-json\/wp\/v2\/pages"}],"about":[{"href":"https:\/\/blogs.univ-tlse2.fr\/cerises\/wp-json\/wp\/v2\/types\/page"}],"author":[{"embeddable":true,"href":"https:\/\/blogs.univ-tlse2.fr\/cerises\/wp-json\/wp\/v2\/users\/157"}],"replies":[{"embeddable":true,"href":"https:\/\/blogs.univ-tlse2.fr\/cerises\/wp-json\/wp\/v2\/comments?post=1012"}],"version-history":[{"count":5,"href":"https:\/\/blogs.univ-tlse2.fr\/cerises\/wp-json\/wp\/v2\/pages\/1012\/revisions"}],"predecessor-version":[{"id":2839,"href":"https:\/\/blogs.univ-tlse2.fr\/cerises\/wp-json\/wp\/v2\/pages\/1012\/revisions\/2839"}],"up":[{"embeddable":true,"href":"https:\/\/blogs.univ-tlse2.fr\/cerises\/wp-json\/wp\/v2\/pages\/193"}],"wp:attachment":[{"href":"https:\/\/blogs.univ-tlse2.fr\/cerises\/wp-json\/wp\/v2\/media?parent=1012"}],"curies":[{"name":"wp","href":"https:\/\/api.w.org\/{rel}","templated":true}]}}