 {"id":1014,"date":"2013-01-17T11:52:17","date_gmt":"2013-01-17T10:52:17","guid":{"rendered":"https:\/\/blogs.univ-tlse2.fr\/cerises\/?page_id=1014"},"modified":"2014-02-06T10:31:23","modified_gmt":"2014-02-06T09:31:23","slug":"les-formes-democratiques","status":"publish","type":"page","link":"https:\/\/blogs.univ-tlse2.fr\/cerises\/formation\/master-et-doctorat-deconomie-sociale\/enseignements\/les-formes-democratiques\/","title":{"rendered":"Les formes d\u00e9mocratiques"},"content":{"rendered":"<p style=\"text-align: right\"><em>Fondamentaux &#8211; ECO350C &#8211; 25h<\/em><\/p>\n<p><strong>Fran\u00e7oise VALLON<\/strong><\/p>\n<p><!--more--><\/p>\n<h1>OBJECTIFS<\/h1>\n<p>Si l&rsquo;imaginaire collectif concernant la d\u00e9mocratie rend \u00e0 celle d&rsquo;Ath\u00e9nes l&rsquo;hommage qui lui est due (dette dont on n&rsquo;a pas fini de s&rsquo;acquitter&#8230;) il faut aussi reconna\u00eetre que les th\u00e9ories du \u00ab\u00a0contrat social\u00a0\u00bb (Rousseau, Hobbes , Pufendorf) lui ont fourni des proc\u00e9dures et des justifications que nous tenterons cette ann\u00e9e de mentionner en compl\u00e9ment.<\/p>\n<h1>PLAN DU COURS<\/h1>\n<p>1-Pourquoi et comment La d\u00e9mocratie comme forme de pouvoir organis\u00e9 naquit-elle chez les grecs plut\u00f4t que dans toute autre civilisation ant\u00e9rieure ou comparable?<\/p>\n<p>D&rsquo;autres types de fonctionnement d&rsquo;un pouvoir partag\u00e9 se rencontrent en d&rsquo;autres occurrences, mais sans traditions \u00e9crites.<\/p>\n<p>Examen des textes (histoire, droit, trag\u00e9dies) par lesquels les ath\u00e9niens justifient, glorifient ou critiquent la d\u00e9mocratie.<\/p>\n<p>2-Invention et fonctionnement de la d\u00e9mocratie \u00e0 Ath\u00e8nes de Thucydide \u00e0 D\u00e9mosth\u00e8ne<\/p>\n<p>3-Les id\u00e9aux d\u00e9mocratiques et leur influence \u00e0 l&rsquo;\u00e9poque de la r\u00e9volution fran\u00e7aise. Leur r\u00f4le dans les th\u00e9ories du \u00ab\u00a0contrat\u00a0\u00bb (Hobbes, Rousseau)<\/p>\n<p>4-Comparaison pr\u00e9cise entre les exigences d\u00e9mocratiques d\u00e9gag\u00e9es pr\u00e9c\u00e9demment et la r\u00e9alit\u00e9 de ce que notre modernit\u00e9 appelle \u00ab\u00a0d\u00e9mocratie\u00a0\u00bb.<\/p>\n<h1>BIBLIOGRAPHIE<\/h1>\n<p>&#8211; Ch. Meier le naissance du politique (essai gallimard)<\/p>\n<p>&#8211; Sous la dir. M. Detienne- Qui veut prendre la parole? (Seuil)<\/p>\n<p>&#8211; Moses I Finley D\u00e9mocratie antique et d\u00e9mocratie moderne (Payot)<\/p>\n<p>&#8211; Cl. Moss\u00e9 histoire d&rsquo;une d\u00e9mocratie:Ath\u00e8nes (Points)<\/p>\n<p>&#8211; Nicole Loraux, La cit\u00e9 divis\u00e9e et L&rsquo;invention d&rsquo;Ath\u00e8nes (tous deux chez Payot)<\/p>\n<p>&#8211; Morgens H.Hansen La d\u00e9mocratie grecque &#8230; (Texto)<\/p>\n<p>&#8211; Miguel Abensour la d\u00e9mocratie contre l&rsquo;Etat (Le f\u00e9lin)<\/p>\n<p>et bien s\u00fbr les textes de Platon, Aristote, Eschyle, Sophocle,Aristophane,Thucydide, D\u00e9mosth\u00e8ne, Machiavel,Hobbes, Rousseau, Marx&#8230;<\/p>\n<h2>Consultez aussi les modules d&rsquo;enseignements suivants :<\/h2>\n\n<!-- Page-list plugin v.5.9 wordpress.org\/plugins\/page-list\/ -->\n<ul class=\"page-list \">\n<li class=\"page_item page-item-1007\"><a href=\"https:\/\/blogs.univ-tlse2.fr\/cerises\/formation\/master-et-doctorat-deconomie-sociale\/enseignements\/exclusions-sociales-et-propriete\/\">Exclusions sociales et propri\u00e9t\u00e9<\/a><\/li>\n<li class=\"page_item page-item-1012\"><a href=\"https:\/\/blogs.univ-tlse2.fr\/cerises\/formation\/master-et-doctorat-deconomie-sociale\/enseignements\/histoire-de-leconomie-sociale\/\">Histoire de l&rsquo;\u00e9conomie sociale<\/a><\/li>\n<li class=\"page_item page-item-1019\"><a href=\"https:\/\/blogs.univ-tlse2.fr\/cerises\/formation\/master-et-doctorat-deconomie-sociale\/enseignements\/microfinance-et-appui-aux-initiatives-entrepreneuriales-locales\/\">Microfinance et appui aux initiatives entrepreneuriales locales<\/a><\/li>\n<li class=\"page_item page-item-1021\"><a href=\"https:\/\/blogs.univ-tlse2.fr\/cerises\/formation\/master-et-doctorat-deconomie-sociale\/enseignements\/etudes-de-cas\/\">Etudes de cas<\/a><\/li>\n<li class=\"page_item page-item-1023\"><a href=\"https:\/\/blogs.univ-tlse2.fr\/cerises\/formation\/master-et-doctorat-deconomie-sociale\/enseignements\/methodologie-de-projet\/\">M\u00e9thodologie de projet<\/a><\/li>\n<li class=\"page_item page-item-1025\"><a href=\"https:\/\/blogs.univ-tlse2.fr\/cerises\/formation\/master-et-doctorat-deconomie-sociale\/enseignements\/comptabilite\/\">Comptabilit\u00e9<\/a><\/li>\n<li class=\"page_item page-item-1027\"><a href=\"https:\/\/blogs.univ-tlse2.fr\/cerises\/formation\/master-et-doctorat-deconomie-sociale\/enseignements\/droit-des-groupements\/\">Droit des groupements<\/a><\/li>\n<li class=\"page_item page-item-1029\"><a href=\"https:\/\/blogs.univ-tlse2.fr\/cerises\/formation\/master-et-doctorat-deconomie-sociale\/enseignements\/methodologie-de-projet-2\/\">M\u00e9thodologie de projet<\/a><\/li>\n<li class=\"page_item page-item-1031\"><a href=\"https:\/\/blogs.univ-tlse2.fr\/cerises\/formation\/master-et-doctorat-deconomie-sociale\/enseignements\/langue-vivante\/\">Langue vivante<\/a><\/li>\n<li class=\"page_item page-item-1033\"><a href=\"https:\/\/blogs.univ-tlse2.fr\/cerises\/formation\/master-et-doctorat-deconomie-sociale\/enseignements\/des-destins-communs\/\">Des destins communs<\/a><\/li>\n<li class=\"page_item page-item-1035\"><a href=\"https:\/\/blogs.univ-tlse2.fr\/cerises\/formation\/master-et-doctorat-deconomie-sociale\/enseignements\/developpement-et-organisation\/\">D\u00e9veloppement et organisation<\/a><\/li>\n<li class=\"page_item page-item-1037\"><a href=\"https:\/\/blogs.univ-tlse2.fr\/cerises\/formation\/master-et-doctorat-deconomie-sociale\/enseignements\/gestion\/\">Gestion<\/a><\/li>\n<li class=\"page_item page-item-1039\"><a href=\"https:\/\/blogs.univ-tlse2.fr\/cerises\/formation\/master-et-doctorat-deconomie-sociale\/enseignements\/informatique\/\">Informatique<\/a><\/li>\n\n<\/ul>\n","protected":false},"excerpt":{"rendered":"<p>Fondamentaux &#8211; ECO350C &#8211; 25h Fran\u00e7oise VALLON<\/p>\n","protected":false},"author":157,"featured_media":0,"parent":193,"menu_order":3,"comment_status":"closed","ping_status":"open","template":"","meta":{"footnotes":""},"class_list":["post-1014","page","type-page","status-publish","hentry"],"_links":{"self":[{"href":"https:\/\/blogs.univ-tlse2.fr\/cerises\/wp-json\/wp\/v2\/pages\/1014","targetHints":{"allow":["GET"]}}],"collection":[{"href":"https:\/\/blogs.univ-tlse2.fr\/cerises\/wp-json\/wp\/v2\/pages"}],"about":[{"href":"https:\/\/blogs.univ-tlse2.fr\/cerises\/wp-json\/wp\/v2\/types\/page"}],"author":[{"embeddable":true,"href":"https:\/\/blogs.univ-tlse2.fr\/cerises\/wp-json\/wp\/v2\/users\/157"}],"replies":[{"embeddable":true,"href":"https:\/\/blogs.univ-tlse2.fr\/cerises\/wp-json\/wp\/v2\/comments?post=1014"}],"version-history":[{"count":5,"href":"https:\/\/blogs.univ-tlse2.fr\/cerises\/wp-json\/wp\/v2\/pages\/1014\/revisions"}],"predecessor-version":[{"id":2840,"href":"https:\/\/blogs.univ-tlse2.fr\/cerises\/wp-json\/wp\/v2\/pages\/1014\/revisions\/2840"}],"up":[{"embeddable":true,"href":"https:\/\/blogs.univ-tlse2.fr\/cerises\/wp-json\/wp\/v2\/pages\/193"}],"wp:attachment":[{"href":"https:\/\/blogs.univ-tlse2.fr\/cerises\/wp-json\/wp\/v2\/media?parent=1014"}],"curies":[{"name":"wp","href":"https:\/\/api.w.org\/{rel}","templated":true}]}}