 {"id":1021,"date":"2013-01-17T12:03:15","date_gmt":"2013-01-17T11:03:15","guid":{"rendered":"https:\/\/blogs.univ-tlse2.fr\/cerises\/?page_id=1021"},"modified":"2014-02-06T10:31:23","modified_gmt":"2014-02-06T09:31:23","slug":"etudes-de-cas","status":"publish","type":"page","link":"https:\/\/blogs.univ-tlse2.fr\/cerises\/formation\/master-et-doctorat-deconomie-sociale\/enseignements\/etudes-de-cas\/","title":{"rendered":"Etudes de cas"},"content":{"rendered":"<p style=\"text-align: right\"><em>Professionnalisation &#8211; ECO351B &#8211; 25h<\/em><\/p>\n<p><strong>Philippe MASSOT<\/strong><\/p>\n<p><!--more--><\/p>\n<h1>OBJECTIFS<\/h1>\n<p>Si Au travers de la m\u00e9thode de l&rsquo; \u00e9tude de cas il s&rsquo;agit de faciliter la mise en oeuvre et le d\u00e9veloppement d&rsquo;un projet \u00e0 partir d&rsquo;une \u00e9tude pratique des diff\u00e9rentes phases composant le cycle de cr\u00e9ation d&rsquo;un processus de d\u00e9veloppement ou de cr\u00e9ation dans le champ de l&rsquo;\u00e9conomie sociale et solidaire . La m\u00e9thode consiste en l&rsquo;\u00e9laboration en commun,\u00e0 partir d&rsquo;un cas en provenance du monde r\u00e9el, de solutions potentiellement r\u00e9alisables \u00e0 partir d&rsquo; exemples pratiques .<\/p>\n<p>Dans un deuxi\u00e8me temps, toujours sur la base de la m\u00e9thode des \u00e9tudes de cas, les th\u00e8mes abord\u00e9s permettront l&rsquo;examen de solutions complexes, de strat\u00e9gies de d\u00e9veloppement, toujours dans le cadre de l&rsquo;Economie Sociale et Solidaire.<\/p>\n<h1>PLAN DU COURS<\/h1>\n<p>I -Grands principes de l&rsquo; \u00c9tude de Cas et rappel des principaux concepts de Gestion<\/p>\n<p>II \u2013 \u00c9tude de Cas : L&rsquo; ESS face au March\u00e9.<\/p>\n<p>III- \u00c9tude de Cas : La Cr\u00e9ation dans le Cadre de L&rsquo; ESS.<\/p>\n<p>IV- \u00c9tude de Cas : Gestion et d\u00e9veloppement dans le Cadre de l&rsquo; ESS.<\/p>\n<p>V- \u00c9tude de Cas : Quelles Strat\u00e9gies possibles dans le Cadre de L&rsquo; ESS.<\/p>\n<h1>BIBLIOGRAPHIE<\/h1>\n<p>&#8211; CHANBON Martine , PEROUZE Henri, Conduire un projet dans les services, ed Chronique Sociale, Lyon, 2003.<\/p>\n<p>&#8211; GAGNON Yves -Chantal, M\u00e9thodologie de l&rsquo;\u00e9tude de cas comme m\u00e9thode de recherche, guide de r\u00e9alisation,, Presse de l&rsquo; Universit\u00e9 du Quebec, 2005.<\/p>\n<p>&#8211; MASSOT Philippe, Le marketing et l&rsquo;apprenti sorcier, communication aux IX e rencontres du r\u00e9seau inter universitaire d&rsquo;\u00e9conomie sociale et solidaire, Roanne juin 2009.<\/p>\n<p>&#8211; PILLET Antoine, Le Marketing Social et Solidaire, Ateliers Mutualis\u00e9s pour un usage social de l&rsquo; Information, Pantin, septembre 2006.<\/p>\n<p>&#8211; Cahier du RQRP-ES, Les conditions de succ\u00e8s dans l&rsquo;\u00e9mergence d&rsquo;entreprises d&rsquo;\u00e9conomie sociale, dans les contexte rural et urbain., GRAP, Estrie, 2010.<\/p>\n<h2>Consultez aussi les modules d&rsquo;enseignements suivants :<\/h2>\n\n<!-- Page-list plugin v.5.9 wordpress.org\/plugins\/page-list\/ -->\n<ul class=\"page-list \">\n<li class=\"page_item page-item-1007\"><a href=\"https:\/\/blogs.univ-tlse2.fr\/cerises\/formation\/master-et-doctorat-deconomie-sociale\/enseignements\/exclusions-sociales-et-propriete\/\">Exclusions sociales et propri\u00e9t\u00e9<\/a><\/li>\n<li class=\"page_item page-item-1012\"><a href=\"https:\/\/blogs.univ-tlse2.fr\/cerises\/formation\/master-et-doctorat-deconomie-sociale\/enseignements\/histoire-de-leconomie-sociale\/\">Histoire de l&rsquo;\u00e9conomie sociale<\/a><\/li>\n<li class=\"page_item page-item-1014\"><a href=\"https:\/\/blogs.univ-tlse2.fr\/cerises\/formation\/master-et-doctorat-deconomie-sociale\/enseignements\/les-formes-democratiques\/\">Les formes d\u00e9mocratiques<\/a><\/li>\n<li class=\"page_item page-item-1019\"><a href=\"https:\/\/blogs.univ-tlse2.fr\/cerises\/formation\/master-et-doctorat-deconomie-sociale\/enseignements\/microfinance-et-appui-aux-initiatives-entrepreneuriales-locales\/\">Microfinance et appui aux initiatives entrepreneuriales locales<\/a><\/li>\n<li class=\"page_item page-item-1023\"><a href=\"https:\/\/blogs.univ-tlse2.fr\/cerises\/formation\/master-et-doctorat-deconomie-sociale\/enseignements\/methodologie-de-projet\/\">M\u00e9thodologie de projet<\/a><\/li>\n<li class=\"page_item page-item-1025\"><a href=\"https:\/\/blogs.univ-tlse2.fr\/cerises\/formation\/master-et-doctorat-deconomie-sociale\/enseignements\/comptabilite\/\">Comptabilit\u00e9<\/a><\/li>\n<li class=\"page_item page-item-1027\"><a href=\"https:\/\/blogs.univ-tlse2.fr\/cerises\/formation\/master-et-doctorat-deconomie-sociale\/enseignements\/droit-des-groupements\/\">Droit des groupements<\/a><\/li>\n<li class=\"page_item page-item-1029\"><a href=\"https:\/\/blogs.univ-tlse2.fr\/cerises\/formation\/master-et-doctorat-deconomie-sociale\/enseignements\/methodologie-de-projet-2\/\">M\u00e9thodologie de projet<\/a><\/li>\n<li class=\"page_item page-item-1031\"><a href=\"https:\/\/blogs.univ-tlse2.fr\/cerises\/formation\/master-et-doctorat-deconomie-sociale\/enseignements\/langue-vivante\/\">Langue vivante<\/a><\/li>\n<li class=\"page_item page-item-1033\"><a href=\"https:\/\/blogs.univ-tlse2.fr\/cerises\/formation\/master-et-doctorat-deconomie-sociale\/enseignements\/des-destins-communs\/\">Des destins communs<\/a><\/li>\n<li class=\"page_item page-item-1035\"><a href=\"https:\/\/blogs.univ-tlse2.fr\/cerises\/formation\/master-et-doctorat-deconomie-sociale\/enseignements\/developpement-et-organisation\/\">D\u00e9veloppement et organisation<\/a><\/li>\n<li class=\"page_item page-item-1037\"><a href=\"https:\/\/blogs.univ-tlse2.fr\/cerises\/formation\/master-et-doctorat-deconomie-sociale\/enseignements\/gestion\/\">Gestion<\/a><\/li>\n<li class=\"page_item page-item-1039\"><a href=\"https:\/\/blogs.univ-tlse2.fr\/cerises\/formation\/master-et-doctorat-deconomie-sociale\/enseignements\/informatique\/\">Informatique<\/a><\/li>\n\n<\/ul>\n","protected":false},"excerpt":{"rendered":"<p>Professionnalisation &#8211; ECO351B &#8211; 25h Philippe MASSOT<\/p>\n","protected":false},"author":157,"featured_media":0,"parent":193,"menu_order":5,"comment_status":"closed","ping_status":"open","template":"","meta":{"footnotes":""},"class_list":["post-1021","page","type-page","status-publish","hentry"],"_links":{"self":[{"href":"https:\/\/blogs.univ-tlse2.fr\/cerises\/wp-json\/wp\/v2\/pages\/1021","targetHints":{"allow":["GET"]}}],"collection":[{"href":"https:\/\/blogs.univ-tlse2.fr\/cerises\/wp-json\/wp\/v2\/pages"}],"about":[{"href":"https:\/\/blogs.univ-tlse2.fr\/cerises\/wp-json\/wp\/v2\/types\/page"}],"author":[{"embeddable":true,"href":"https:\/\/blogs.univ-tlse2.fr\/cerises\/wp-json\/wp\/v2\/users\/157"}],"replies":[{"embeddable":true,"href":"https:\/\/blogs.univ-tlse2.fr\/cerises\/wp-json\/wp\/v2\/comments?post=1021"}],"version-history":[{"count":4,"href":"https:\/\/blogs.univ-tlse2.fr\/cerises\/wp-json\/wp\/v2\/pages\/1021\/revisions"}],"predecessor-version":[{"id":2842,"href":"https:\/\/blogs.univ-tlse2.fr\/cerises\/wp-json\/wp\/v2\/pages\/1021\/revisions\/2842"}],"up":[{"embeddable":true,"href":"https:\/\/blogs.univ-tlse2.fr\/cerises\/wp-json\/wp\/v2\/pages\/193"}],"wp:attachment":[{"href":"https:\/\/blogs.univ-tlse2.fr\/cerises\/wp-json\/wp\/v2\/media?parent=1021"}],"curies":[{"name":"wp","href":"https:\/\/api.w.org\/{rel}","templated":true}]}}