 {"id":1023,"date":"2013-01-17T12:05:11","date_gmt":"2013-01-17T11:05:11","guid":{"rendered":"https:\/\/blogs.univ-tlse2.fr\/cerises\/?page_id=1023"},"modified":"2014-02-06T10:31:23","modified_gmt":"2014-02-06T09:31:23","slug":"methodologie-de-projet","status":"publish","type":"page","link":"https:\/\/blogs.univ-tlse2.fr\/cerises\/formation\/master-et-doctorat-deconomie-sociale\/enseignements\/methodologie-de-projet\/","title":{"rendered":"M\u00e9thodologie de projet"},"content":{"rendered":"<p style=\"text-align: right\"><em>M\u00e9thodologie 1 &#8211; ECO351C &#8211; 25h<\/em><\/p>\n<p><strong>St\u00e9phane HENIN<\/strong><\/p>\n<p><!--more--><\/p>\n<h1>OBJECTIFS<\/h1>\n<p>Accompagner les \u00e9tudiants dans l\u2019\u00e9laboration, la mise en \u0153uvre et le d\u00e9veloppement de leur projet \u00e0 partir d\u2019apports th\u00e9oriques, de r\u00e9flexions et d&rsquo;outils sur la conduite d&rsquo;un projet de cr\u00e9ation d&rsquo;activit\u00e9s dans le champs de l\u2019\u00e9conomie sociale et solidaire.<\/p>\n<h1>PLAN DU COURS<\/h1>\n<p>La conduite d&rsquo;un projet d&rsquo;\u00e9conomie sociale et solidaire<\/p>\n<p>Explorer : gen\u00e8se, probl\u00e9matique, environnement, finalit\u00e9s et perspectives de d\u00e9veloppement du projet<\/p>\n<p>Structurer sa d\u00e9marche et \u00e9crire des sc\u00e9narios : \u00e0 la recherche de la coh\u00e9rence entre les finalit\u00e9s du projet et les objectifs op\u00e9rationnels<\/p>\n<p>Se regrouper : construction et animation d&rsquo;un collectif<\/p>\n<p>D\u00e9terminer et valider un mod\u00e8le \u00e9conomique : entre rentabilit\u00e9 \u00e9conomique et utilit\u00e9 sociale<\/p>\n<p>S&rsquo;ancrer dans la r\u00e9alit\u00e9 : conduite d&rsquo;une \u00e9tude de faisabilit\u00e9<\/p>\n<h1>BIBLIOGRAPHIE<\/h1>\n<p>Patrick Alonso, Ma\u00eetriser la conduite de projet, m\u00e9th\u00e9dologie, outils, \u00e9tudes de cas, 2006, 188 Pages. Edition Ellipses.<\/p>\n<p>Alexander Osterwalder &amp; Yves Pigneur, Business Model Generation, 2010, 280 Pages. John Willey &amp; Sons,Inc. http:\/\/www.businessmodelgeneration.com\/book<\/p>\n<p>Jean-Pierre Boutinet, Anthropologie du projet, 1990, 405 pages. Presses Universitaires de France.<\/p>\n<h2>Consultez aussi les modules d&rsquo;enseignements suivants :<\/h2>\n\n<!-- Page-list plugin v.5.9 wordpress.org\/plugins\/page-list\/ -->\n<ul class=\"page-list \">\n<li class=\"page_item page-item-1007\"><a href=\"https:\/\/blogs.univ-tlse2.fr\/cerises\/formation\/master-et-doctorat-deconomie-sociale\/enseignements\/exclusions-sociales-et-propriete\/\">Exclusions sociales et propri\u00e9t\u00e9<\/a><\/li>\n<li class=\"page_item page-item-1012\"><a href=\"https:\/\/blogs.univ-tlse2.fr\/cerises\/formation\/master-et-doctorat-deconomie-sociale\/enseignements\/histoire-de-leconomie-sociale\/\">Histoire de l&rsquo;\u00e9conomie sociale<\/a><\/li>\n<li class=\"page_item page-item-1014\"><a href=\"https:\/\/blogs.univ-tlse2.fr\/cerises\/formation\/master-et-doctorat-deconomie-sociale\/enseignements\/les-formes-democratiques\/\">Les formes d\u00e9mocratiques<\/a><\/li>\n<li class=\"page_item page-item-1019\"><a href=\"https:\/\/blogs.univ-tlse2.fr\/cerises\/formation\/master-et-doctorat-deconomie-sociale\/enseignements\/microfinance-et-appui-aux-initiatives-entrepreneuriales-locales\/\">Microfinance et appui aux initiatives entrepreneuriales locales<\/a><\/li>\n<li class=\"page_item page-item-1021\"><a href=\"https:\/\/blogs.univ-tlse2.fr\/cerises\/formation\/master-et-doctorat-deconomie-sociale\/enseignements\/etudes-de-cas\/\">Etudes de cas<\/a><\/li>\n<li class=\"page_item page-item-1025\"><a href=\"https:\/\/blogs.univ-tlse2.fr\/cerises\/formation\/master-et-doctorat-deconomie-sociale\/enseignements\/comptabilite\/\">Comptabilit\u00e9<\/a><\/li>\n<li class=\"page_item page-item-1027\"><a href=\"https:\/\/blogs.univ-tlse2.fr\/cerises\/formation\/master-et-doctorat-deconomie-sociale\/enseignements\/droit-des-groupements\/\">Droit des groupements<\/a><\/li>\n<li class=\"page_item page-item-1029\"><a href=\"https:\/\/blogs.univ-tlse2.fr\/cerises\/formation\/master-et-doctorat-deconomie-sociale\/enseignements\/methodologie-de-projet-2\/\">M\u00e9thodologie de projet<\/a><\/li>\n<li class=\"page_item page-item-1031\"><a href=\"https:\/\/blogs.univ-tlse2.fr\/cerises\/formation\/master-et-doctorat-deconomie-sociale\/enseignements\/langue-vivante\/\">Langue vivante<\/a><\/li>\n<li class=\"page_item page-item-1033\"><a href=\"https:\/\/blogs.univ-tlse2.fr\/cerises\/formation\/master-et-doctorat-deconomie-sociale\/enseignements\/des-destins-communs\/\">Des destins communs<\/a><\/li>\n<li class=\"page_item page-item-1035\"><a href=\"https:\/\/blogs.univ-tlse2.fr\/cerises\/formation\/master-et-doctorat-deconomie-sociale\/enseignements\/developpement-et-organisation\/\">D\u00e9veloppement et organisation<\/a><\/li>\n<li class=\"page_item page-item-1037\"><a href=\"https:\/\/blogs.univ-tlse2.fr\/cerises\/formation\/master-et-doctorat-deconomie-sociale\/enseignements\/gestion\/\">Gestion<\/a><\/li>\n<li class=\"page_item page-item-1039\"><a href=\"https:\/\/blogs.univ-tlse2.fr\/cerises\/formation\/master-et-doctorat-deconomie-sociale\/enseignements\/informatique\/\">Informatique<\/a><\/li>\n\n<\/ul>\n","protected":false},"excerpt":{"rendered":"<p>M\u00e9thodologie 1 &#8211; ECO351C &#8211; 25h St\u00e9phane HENIN<\/p>\n","protected":false},"author":157,"featured_media":0,"parent":193,"menu_order":6,"comment_status":"closed","ping_status":"open","template":"","meta":{"footnotes":""},"class_list":["post-1023","page","type-page","status-publish","hentry"],"_links":{"self":[{"href":"https:\/\/blogs.univ-tlse2.fr\/cerises\/wp-json\/wp\/v2\/pages\/1023","targetHints":{"allow":["GET"]}}],"collection":[{"href":"https:\/\/blogs.univ-tlse2.fr\/cerises\/wp-json\/wp\/v2\/pages"}],"about":[{"href":"https:\/\/blogs.univ-tlse2.fr\/cerises\/wp-json\/wp\/v2\/types\/page"}],"author":[{"embeddable":true,"href":"https:\/\/blogs.univ-tlse2.fr\/cerises\/wp-json\/wp\/v2\/users\/157"}],"replies":[{"embeddable":true,"href":"https:\/\/blogs.univ-tlse2.fr\/cerises\/wp-json\/wp\/v2\/comments?post=1023"}],"version-history":[{"count":4,"href":"https:\/\/blogs.univ-tlse2.fr\/cerises\/wp-json\/wp\/v2\/pages\/1023\/revisions"}],"predecessor-version":[{"id":2843,"href":"https:\/\/blogs.univ-tlse2.fr\/cerises\/wp-json\/wp\/v2\/pages\/1023\/revisions\/2843"}],"up":[{"embeddable":true,"href":"https:\/\/blogs.univ-tlse2.fr\/cerises\/wp-json\/wp\/v2\/pages\/193"}],"wp:attachment":[{"href":"https:\/\/blogs.univ-tlse2.fr\/cerises\/wp-json\/wp\/v2\/media?parent=1023"}],"curies":[{"name":"wp","href":"https:\/\/api.w.org\/{rel}","templated":true}]}}