 {"id":1025,"date":"2013-01-17T12:06:43","date_gmt":"2013-01-17T11:06:43","guid":{"rendered":"https:\/\/blogs.univ-tlse2.fr\/cerises\/?page_id=1025"},"modified":"2014-02-06T10:31:23","modified_gmt":"2014-02-06T09:31:23","slug":"comptabilite","status":"publish","type":"page","link":"https:\/\/blogs.univ-tlse2.fr\/cerises\/formation\/master-et-doctorat-deconomie-sociale\/enseignements\/comptabilite\/","title":{"rendered":"Comptabilit\u00e9"},"content":{"rendered":"<p style=\"text-align: right\"><em>Professionnalisation &#8211; UE 352 &#8211; 50h<\/em><\/p>\n<p><strong>Claude SERRES &#8211; &#x63;&#108;au&#x64;&#x73;er&#x72;&#x65;s&#64;&#x77;&#x61;&#110;a&#x64;&#x6f;&#111;&#46;&#x66;&#x72;<\/strong><\/p>\n<p><!--more--><\/p>\n<h1>OBJECTIFS<\/h1>\n<p>Analyser l\u2019activit\u00e9 et la structure d\u2019une entit\u00e9 \u00e9conomique \u00e0 partir de la connaissance des documents de synth\u00e8se du syst\u00e8me comptable fran\u00e7ais.<\/p>\n<h1>PLAN DU COURS<\/h1>\n<p>&#8211; Le bilan et le compte de r\u00e9sultat<\/p>\n<p>&#8211; Les travaux quotidiens et mensuels<\/p>\n<p>&#8211; Les travaux d\u2019inventaire<\/p>\n<h1>BIBLIOGRAPHIE<\/h1>\n<p>B. Colasse, Comptabilit\u00e9 g\u00e9n\u00e9rale \u00ab Economica \u00bb<\/p>\n<p>C. Buissart Analyse financi\u00e8re \u00ab Foucher \u00bb.<\/p>\n<h2>Consultez aussi les modules d&rsquo;enseignements suivants :<\/h2>\n\n<!-- Page-list plugin v.5.9 wordpress.org\/plugins\/page-list\/ -->\n<ul class=\"page-list \">\n<li class=\"page_item page-item-1007\"><a href=\"https:\/\/blogs.univ-tlse2.fr\/cerises\/formation\/master-et-doctorat-deconomie-sociale\/enseignements\/exclusions-sociales-et-propriete\/\">Exclusions sociales et propri\u00e9t\u00e9<\/a><\/li>\n<li class=\"page_item page-item-1012\"><a href=\"https:\/\/blogs.univ-tlse2.fr\/cerises\/formation\/master-et-doctorat-deconomie-sociale\/enseignements\/histoire-de-leconomie-sociale\/\">Histoire de l&rsquo;\u00e9conomie sociale<\/a><\/li>\n<li class=\"page_item page-item-1014\"><a href=\"https:\/\/blogs.univ-tlse2.fr\/cerises\/formation\/master-et-doctorat-deconomie-sociale\/enseignements\/les-formes-democratiques\/\">Les formes d\u00e9mocratiques<\/a><\/li>\n<li class=\"page_item page-item-1019\"><a href=\"https:\/\/blogs.univ-tlse2.fr\/cerises\/formation\/master-et-doctorat-deconomie-sociale\/enseignements\/microfinance-et-appui-aux-initiatives-entrepreneuriales-locales\/\">Microfinance et appui aux initiatives entrepreneuriales locales<\/a><\/li>\n<li class=\"page_item page-item-1021\"><a href=\"https:\/\/blogs.univ-tlse2.fr\/cerises\/formation\/master-et-doctorat-deconomie-sociale\/enseignements\/etudes-de-cas\/\">Etudes de cas<\/a><\/li>\n<li class=\"page_item page-item-1023\"><a href=\"https:\/\/blogs.univ-tlse2.fr\/cerises\/formation\/master-et-doctorat-deconomie-sociale\/enseignements\/methodologie-de-projet\/\">M\u00e9thodologie de projet<\/a><\/li>\n<li class=\"page_item page-item-1027\"><a href=\"https:\/\/blogs.univ-tlse2.fr\/cerises\/formation\/master-et-doctorat-deconomie-sociale\/enseignements\/droit-des-groupements\/\">Droit des groupements<\/a><\/li>\n<li class=\"page_item page-item-1029\"><a href=\"https:\/\/blogs.univ-tlse2.fr\/cerises\/formation\/master-et-doctorat-deconomie-sociale\/enseignements\/methodologie-de-projet-2\/\">M\u00e9thodologie de projet<\/a><\/li>\n<li class=\"page_item page-item-1031\"><a href=\"https:\/\/blogs.univ-tlse2.fr\/cerises\/formation\/master-et-doctorat-deconomie-sociale\/enseignements\/langue-vivante\/\">Langue vivante<\/a><\/li>\n<li class=\"page_item page-item-1033\"><a href=\"https:\/\/blogs.univ-tlse2.fr\/cerises\/formation\/master-et-doctorat-deconomie-sociale\/enseignements\/des-destins-communs\/\">Des destins communs<\/a><\/li>\n<li class=\"page_item page-item-1035\"><a href=\"https:\/\/blogs.univ-tlse2.fr\/cerises\/formation\/master-et-doctorat-deconomie-sociale\/enseignements\/developpement-et-organisation\/\">D\u00e9veloppement et organisation<\/a><\/li>\n<li class=\"page_item page-item-1037\"><a href=\"https:\/\/blogs.univ-tlse2.fr\/cerises\/formation\/master-et-doctorat-deconomie-sociale\/enseignements\/gestion\/\">Gestion<\/a><\/li>\n<li class=\"page_item page-item-1039\"><a href=\"https:\/\/blogs.univ-tlse2.fr\/cerises\/formation\/master-et-doctorat-deconomie-sociale\/enseignements\/informatique\/\">Informatique<\/a><\/li>\n\n<\/ul>\n","protected":false},"excerpt":{"rendered":"<p>Professionnalisation &#8211; UE 352 &#8211; 50h Claude SERRES &#8211; &#x63;&#108;au&#x64;&#x73;er&#x72;&#x65;s&#64;&#x77;&#x61;&#110;a&#x64;&#x6f;&#111;&#46;&#x66;&#x72;<\/p>\n","protected":false},"author":157,"featured_media":0,"parent":193,"menu_order":7,"comment_status":"closed","ping_status":"open","template":"","meta":{"footnotes":""},"class_list":["post-1025","page","type-page","status-publish","hentry"],"_links":{"self":[{"href":"https:\/\/blogs.univ-tlse2.fr\/cerises\/wp-json\/wp\/v2\/pages\/1025","targetHints":{"allow":["GET"]}}],"collection":[{"href":"https:\/\/blogs.univ-tlse2.fr\/cerises\/wp-json\/wp\/v2\/pages"}],"about":[{"href":"https:\/\/blogs.univ-tlse2.fr\/cerises\/wp-json\/wp\/v2\/types\/page"}],"author":[{"embeddable":true,"href":"https:\/\/blogs.univ-tlse2.fr\/cerises\/wp-json\/wp\/v2\/users\/157"}],"replies":[{"embeddable":true,"href":"https:\/\/blogs.univ-tlse2.fr\/cerises\/wp-json\/wp\/v2\/comments?post=1025"}],"version-history":[{"count":4,"href":"https:\/\/blogs.univ-tlse2.fr\/cerises\/wp-json\/wp\/v2\/pages\/1025\/revisions"}],"predecessor-version":[{"id":2844,"href":"https:\/\/blogs.univ-tlse2.fr\/cerises\/wp-json\/wp\/v2\/pages\/1025\/revisions\/2844"}],"up":[{"embeddable":true,"href":"https:\/\/blogs.univ-tlse2.fr\/cerises\/wp-json\/wp\/v2\/pages\/193"}],"wp:attachment":[{"href":"https:\/\/blogs.univ-tlse2.fr\/cerises\/wp-json\/wp\/v2\/media?parent=1025"}],"curies":[{"name":"wp","href":"https:\/\/api.w.org\/{rel}","templated":true}]}}