 {"id":1027,"date":"2013-01-17T12:09:00","date_gmt":"2013-01-17T11:09:00","guid":{"rendered":"https:\/\/blogs.univ-tlse2.fr\/cerises\/?page_id=1027"},"modified":"2014-02-06T10:31:23","modified_gmt":"2014-02-06T09:31:23","slug":"droit-des-groupements","status":"publish","type":"page","link":"https:\/\/blogs.univ-tlse2.fr\/cerises\/formation\/master-et-doctorat-deconomie-sociale\/enseignements\/droit-des-groupements\/","title":{"rendered":"Droit des groupements"},"content":{"rendered":"<p style=\"text-align: right\"><em>Professionnalisation &#8211; UE353 &#8211; 25h<\/em><\/p>\n<p><strong>Jean-Pierre AZAIS &#8211; J&#112;&#x2e;az&#x61;&#x69;s&#64;&#x6f;&#x72;qu&#x65;&#x2e;f&#114;<\/strong><\/p>\n<p><!--more--><\/p>\n<h1>OBJECTIFS<\/h1>\n<p>Conna\u00eetre les diff\u00e9rentes formes juridiques des organisations les plus appropri\u00e9es pour servir de cadre aux projets d\u2019\u00e9conomie sociale et solidaire.<\/p>\n<h1>PLAN DU COURS<\/h1>\n<p><strong>Introduction<\/strong> : les fondements historiques et les \u00e9volutions les plus r\u00e9centes.<\/p>\n<p>La citoyennet\u00e9<\/p>\n<p>La D\u00e9mocratie \u2013la repr\u00e9sentation d\u00e9mocratique<\/p>\n<p>L\u2019exercice du pouvoir- la gouvernance<\/p>\n<p>Application : sens du choix d\u2019une structure juridique<\/p>\n<p><strong>1- Le Droit de l\u2019association<\/strong><\/p>\n<p>Structure et soci\u00e9taires<\/p>\n<p>Fonctionnement<\/p>\n<p><strong>2 &#8211; Le Droit coop\u00e9ratif<\/strong><\/p>\n<p>Principes fondamentaux<\/p>\n<p>Fonctionnement<\/p>\n<p>La S.C.I.C.<\/p>\n<p>Evaluation : appropriation du choix d\u2019une structure<\/p>\n<p><strong>3 &#8211; Les diff\u00e9rentes formes juridiques<\/strong><\/p>\n<p>L\u2019association loi 1901<\/p>\n<p>La coop\u00e9rative<\/p>\n<p>La mutuelle<\/p>\n<p>La fondation<\/p>\n<p>Application : points communs et diff\u00e9rences<\/p>\n<p><strong>4 &#8211; L\u2019application du droit du Travail dans l\u2019\u00e9conomie sociale et solidaire<\/strong><\/p>\n<p>La fonction employeur &#8211; r\u00e8gles du jeu et risques sp\u00e9cifiques<\/p>\n<p>L\u2019emploi<\/p>\n<p>Les principaux contrats de travail<\/p>\n<h1>BIBLIOGRAPHIE<\/h1>\n<p>Guide juridique des SCOP, \u00e9dition SCOPEDIT, 1997,<\/p>\n<p>Elie Alfandari, Droit des associations, Edition Dalloz &#8211; 2000 ,Gouil Herv\u00e9,<\/p>\n<p>Entreprendre en \u00e9conomie sociale Edition Liaison 1999.<\/p>\n<h2>Consultez aussi les modules d&rsquo;enseignements suivants :<\/h2>\n\n<!-- Page-list plugin v.5.9 wordpress.org\/plugins\/page-list\/ -->\n<ul class=\"page-list \">\n<li class=\"page_item page-item-1007\"><a href=\"https:\/\/blogs.univ-tlse2.fr\/cerises\/formation\/master-et-doctorat-deconomie-sociale\/enseignements\/exclusions-sociales-et-propriete\/\">Exclusions sociales et propri\u00e9t\u00e9<\/a><\/li>\n<li class=\"page_item page-item-1012\"><a href=\"https:\/\/blogs.univ-tlse2.fr\/cerises\/formation\/master-et-doctorat-deconomie-sociale\/enseignements\/histoire-de-leconomie-sociale\/\">Histoire de l&rsquo;\u00e9conomie sociale<\/a><\/li>\n<li class=\"page_item page-item-1014\"><a href=\"https:\/\/blogs.univ-tlse2.fr\/cerises\/formation\/master-et-doctorat-deconomie-sociale\/enseignements\/les-formes-democratiques\/\">Les formes d\u00e9mocratiques<\/a><\/li>\n<li class=\"page_item page-item-1019\"><a href=\"https:\/\/blogs.univ-tlse2.fr\/cerises\/formation\/master-et-doctorat-deconomie-sociale\/enseignements\/microfinance-et-appui-aux-initiatives-entrepreneuriales-locales\/\">Microfinance et appui aux initiatives entrepreneuriales locales<\/a><\/li>\n<li class=\"page_item page-item-1021\"><a href=\"https:\/\/blogs.univ-tlse2.fr\/cerises\/formation\/master-et-doctorat-deconomie-sociale\/enseignements\/etudes-de-cas\/\">Etudes de cas<\/a><\/li>\n<li class=\"page_item page-item-1023\"><a href=\"https:\/\/blogs.univ-tlse2.fr\/cerises\/formation\/master-et-doctorat-deconomie-sociale\/enseignements\/methodologie-de-projet\/\">M\u00e9thodologie de projet<\/a><\/li>\n<li class=\"page_item page-item-1025\"><a href=\"https:\/\/blogs.univ-tlse2.fr\/cerises\/formation\/master-et-doctorat-deconomie-sociale\/enseignements\/comptabilite\/\">Comptabilit\u00e9<\/a><\/li>\n<li class=\"page_item page-item-1029\"><a href=\"https:\/\/blogs.univ-tlse2.fr\/cerises\/formation\/master-et-doctorat-deconomie-sociale\/enseignements\/methodologie-de-projet-2\/\">M\u00e9thodologie de projet<\/a><\/li>\n<li class=\"page_item page-item-1031\"><a href=\"https:\/\/blogs.univ-tlse2.fr\/cerises\/formation\/master-et-doctorat-deconomie-sociale\/enseignements\/langue-vivante\/\">Langue vivante<\/a><\/li>\n<li class=\"page_item page-item-1033\"><a href=\"https:\/\/blogs.univ-tlse2.fr\/cerises\/formation\/master-et-doctorat-deconomie-sociale\/enseignements\/des-destins-communs\/\">Des destins communs<\/a><\/li>\n<li class=\"page_item page-item-1035\"><a href=\"https:\/\/blogs.univ-tlse2.fr\/cerises\/formation\/master-et-doctorat-deconomie-sociale\/enseignements\/developpement-et-organisation\/\">D\u00e9veloppement et organisation<\/a><\/li>\n<li class=\"page_item page-item-1037\"><a href=\"https:\/\/blogs.univ-tlse2.fr\/cerises\/formation\/master-et-doctorat-deconomie-sociale\/enseignements\/gestion\/\">Gestion<\/a><\/li>\n<li class=\"page_item page-item-1039\"><a href=\"https:\/\/blogs.univ-tlse2.fr\/cerises\/formation\/master-et-doctorat-deconomie-sociale\/enseignements\/informatique\/\">Informatique<\/a><\/li>\n\n<\/ul>\n","protected":false},"excerpt":{"rendered":"<p>Professionnalisation &#8211; UE353 &#8211; 25h Jean-Pierre AZAIS &#8211; J&#x70;&#46;a&#x7a;ai&#x73;&#64;&#111;&#x72;q&#117;&#x65;&#46;&#102;&#x72;<\/p>\n","protected":false},"author":157,"featured_media":0,"parent":193,"menu_order":8,"comment_status":"closed","ping_status":"open","template":"","meta":{"footnotes":""},"class_list":["post-1027","page","type-page","status-publish","hentry"],"_links":{"self":[{"href":"https:\/\/blogs.univ-tlse2.fr\/cerises\/wp-json\/wp\/v2\/pages\/1027","targetHints":{"allow":["GET"]}}],"collection":[{"href":"https:\/\/blogs.univ-tlse2.fr\/cerises\/wp-json\/wp\/v2\/pages"}],"about":[{"href":"https:\/\/blogs.univ-tlse2.fr\/cerises\/wp-json\/wp\/v2\/types\/page"}],"author":[{"embeddable":true,"href":"https:\/\/blogs.univ-tlse2.fr\/cerises\/wp-json\/wp\/v2\/users\/157"}],"replies":[{"embeddable":true,"href":"https:\/\/blogs.univ-tlse2.fr\/cerises\/wp-json\/wp\/v2\/comments?post=1027"}],"version-history":[{"count":4,"href":"https:\/\/blogs.univ-tlse2.fr\/cerises\/wp-json\/wp\/v2\/pages\/1027\/revisions"}],"predecessor-version":[{"id":2845,"href":"https:\/\/blogs.univ-tlse2.fr\/cerises\/wp-json\/wp\/v2\/pages\/1027\/revisions\/2845"}],"up":[{"embeddable":true,"href":"https:\/\/blogs.univ-tlse2.fr\/cerises\/wp-json\/wp\/v2\/pages\/193"}],"wp:attachment":[{"href":"https:\/\/blogs.univ-tlse2.fr\/cerises\/wp-json\/wp\/v2\/media?parent=1027"}],"curies":[{"name":"wp","href":"https:\/\/api.w.org\/{rel}","templated":true}]}}