 {"id":1058,"date":"2013-01-17T21:28:28","date_gmt":"2013-01-17T20:28:28","guid":{"rendered":"https:\/\/blogs.univ-tlse2.fr\/cerises\/?page_id=1058"},"modified":"2014-02-06T10:31:56","modified_gmt":"2014-02-06T09:31:56","slug":"articles-1999","status":"publish","type":"page","link":"https:\/\/blogs.univ-tlse2.fr\/cerises\/publications\/articles\/articles-parus-dans-des-revues-sans-comite-de-lecture\/articles-1999\/","title":{"rendered":"Articles 1999"},"content":{"rendered":"<h3><a href=\"https:\/\/blogs.univ-tlse2.fr\/cerises\/files\/articles-1999\/sens-esc-quel-pari.pdf\">Economie sociale : quel pari ? une approche \u00e9conomique<\/a><\/h3>\n<p><em>E&amp;H 1999 &#8211; Genevi\u00e8ve Azam, Universit\u00e9 Toulouse 2 Le Mirail<\/em><\/p>\n<p>C&rsquo;est sans doute une chance pour l&rsquo;\u00e9conomie solidaire que d&rsquo;\u00eatre justement contrainte de rechercher d&rsquo;autres sources d&rsquo;efficacit\u00e9, d&rsquo;autres crit\u00e8res de gestion et d&rsquo;\u00e9valuation que ceux qui permettent de gagner des \u00ab\u00a0cr\u00e9neaux\u00a0\u00bb dans le march\u00e9.<\/p>\n<h3><a href=\"https:\/\/blogs.univ-tlse2.fr\/cerises\/files\/articles-1999\/vues-esc-et-exclusion2.pdf\">Economie sociale et exclusion en Europe<\/a><\/h3>\n<p><em>E&amp;H 1999 &#8211; Jacques Prades<\/em><\/p>\n<p>Introduction au n\u00b0sp\u00e9cial \u00e9conomie sociale de Economie &amp; Humanisme<\/p>\n<h3><a href=\"https:\/\/blogs.univ-tlse2.fr\/cerises\/files\/articles-1999\/esc-entre-fonctionnalites.pdf\">L&rsquo;\u00e9conomie sociale entre fonctionnalit\u00e9 et autonomie de projet<\/a><\/h3>\n<p><em>E&amp;H 1999 &#8211; Bernard Eme, sociologue au CRIDA-LSCI, ma\u00eetre de conf\u00e9rence associ\u00e9 \u00e0 l&rsquo;Institut d&rsquo;Etudes Politiques de Paris<\/em><\/p>\n<p>Les projets d&rsquo;\u00e9conomie sociale peuvent-ils d\u00e9passer leur fonction d&rsquo;outils de gestion des ph\u00e9nom\u00e8nes de d\u00e9saffiliation dans les soci\u00e9t\u00e9s, sous la double d\u00e9pendance de la puissance publique et de l&rsquo;\u00e9conomie de march\u00e9? La socio-\u00e9conomie doit relever le double d\u00e9fi de s&rsquo;inscrire au coeur des pratiques sociales tout en cherchant \u00e0 th\u00e9oriser les signes des mouvements qui les affectent.<\/p>\n<h3><a href=\"https:\/\/blogs.univ-tlse2.fr\/cerises\/files\/articles-1999\/dim-soc-efficacite-raisonnable.pdf\">Efficacit\u00e9 raisonnable et pi\u00e8ge de l&rsquo;efficience rationnelle<\/a><\/h3>\n<p><em>E&amp;H 1999 &#8211; Serge Latouche, Universit\u00e9 Paris XI, chercheur \u00e0 l&rsquo;IEDES<\/em><\/p>\n<p>On peut opposer \u00e0 l&rsquo;efficience rationnelle une gestion fond\u00e9e sur une efficacit\u00e9 raisonnable qui combine la phron\u00e9sis aristot\u00e9licienne, la subtilit\u00e9 chinoise et la sagesse africaine. Quel type de gestion doivent mettre en oeuvre les entreprises de l&rsquo;\u00e9conomie sociale?<\/p>\n<h3><a href=\"https:\/\/blogs.univ-tlse2.fr\/cerises\/files\/articles-1999\/vues-les-entreprises-soc-espagnoles.pdf\">Les entreprises sociales espagnoles<\/a><\/h3>\n<p><em>E&amp;H 1999 &#8211; Isabel Vidal, Centres d&rsquo;Initiatives de l&rsquo;Economie Sociale, Universit\u00e9 de Barcelone<\/em><\/p>\n<p>Les entreprises sociales peuvent se poser comme instruments pour l&rsquo;insertion sociale par le travail des personnes difficiles \u00e0 employer. On peut distinguer deux groupes de personnes exclues du march\u00e9 de l&#8217;emploi: des personnes qui souffrent de handicaps physiques ou mentaux ou de maladies mentales; un second groupe plus h\u00e9t\u00e9rog\u00e8ne que l&rsquo;on commence \u00e0 d\u00e9signer sous le nom de \u00ab\u00a0handicap\u00e9s sociaux\u00a0\u00bb.<\/p>\n<h3><a href=\"https:\/\/blogs.univ-tlse2.fr\/cerises\/files\/articles-1999\/focus-le-temps-choisi.pdf\">Le temps choisi, pour partager le temps autrement<\/a><\/h3>\n<p><em>E&amp;H 1999 &#8211; Fran\u00e7ois Plassard, initiateur de l&rsquo;Universit\u00e9 du Temps Choisi<\/em><\/p>\n<p>L&rsquo;exp\u00e9rimentation du temps choisi s&rsquo;inscrit comme une innovation sociale qui int\u00e9resse tous ceux qui ont pris conscience de deux tendances lourdes qui affectent depuis trente ans les soci\u00e9t\u00e9s industrialis\u00e9es modernes: la baisse du nombre d&rsquo;heures travaill\u00e9es conjugu\u00e9e \u00e0 un allongement de la dur\u00e9e de vie; le d\u00e9placement des activit\u00e9s humaines dans des domaines o\u00f9 les r\u00e8gles du jeu de l&rsquo;\u00e9change et du partage ne peuvent plus \u00eatre seulement celles du march\u00e9 et de l&rsquo;Etat.<\/p>\n<h3><a href=\"https:\/\/blogs.univ-tlse2.fr\/cerises\/files\/articles-1999\/focus-exclusion-et-monnaies-locales.pdf\">Exclusion et monnaies locales<\/a><\/h3>\n<p><em>E&amp;H 1999 &#8211; Jean-Michel Servet, professeur de sciences \u00e9conomiques \u00e0 l&rsquo;universit\u00e9 Lumi\u00e8re Lyon II, Centre Walras<\/em><\/p>\n<p>Analyse et paradoxes du d\u00e9veloppement r\u00e9cent des syst\u00e8mes d&rsquo;\u00e9changes locaux<\/p>\n<h3><a href=\"https:\/\/blogs.univ-tlse2.fr\/cerises\/files\/articles-1999\/focus-le-temps-comme-unite-de-mesure.pdf\">Le temps comme unit\u00e9 de mesure<\/a><\/h3>\n<p><em>E&amp;H 1999 &#8211; Rosa Amorevole, ECAP Recherches, Bologne<\/em><\/p>\n<p>Les banques du temps italiennes. En forte augmentation: 5 en 1995, elles sont 250 en 1998. A la diff\u00e9rence des LETS qui se sont d\u00e9velopp\u00e9s en partant de concepts th\u00e9oriques forts, les banques du temps , les banques du temps ont ob\u00e9it \u00e0 une d\u00e9marche avant tout pragmatique, quoique des fondements th\u00e9oriques \u00e9taient disponibles.<\/p>\n<h3><a href=\"https:\/\/blogs.univ-tlse2.fr\/cerises\/files\/articles-1999\/vues-la-nvlle-esc-et-la-question-des-besoins.pdf\">La nouvelle \u00e9conomie sociale et la question des besoins<\/a><\/h3>\n<p><em>E&amp;H 1999 &#8211; Marie-Laure Arripe, Gresoc, Universit\u00e9 Toulouse 2 Le Mirail<\/em><\/p>\n<p>L&rsquo;auteur propose une revue de la notion de besoin dans la litt\u00e9rature \u00e9conomique des Mercantilistes et Physiocrates \u00e0 aujourd&rsquo;hui en passant par Malthus, Smith et Keynes. Elle montre que dans l&rsquo;\u00e9conomie sociale, le besoin est souvent consid\u00e9r\u00e9 du point de vue du manque: il est g\u00e9n\u00e9ralement admis que l&rsquo;\u00e9conomie sociale (et aujourd&rsquo;hui l&rsquo;\u00e9conomie solidaire) trouve sa place lorsque les besoins \u00e0 satisfaire sont insolvables. Mais avec une nouvelle \u00e9conomie sociale ou \u00e9conomie solidaire, \u00e9merge un besoin pens\u00e9 positivement autour d&rsquo;une \u00ab\u00a0qu\u00eate de sens\u00a0\u00bb.<\/p>\n","protected":false},"excerpt":{"rendered":"<p>Economie sociale : quel pari ? une approche \u00e9conomique E&amp;H 1999 &#8211; Genevi\u00e8ve Azam, Universit\u00e9 Toulouse 2 Le Mirail C&rsquo;est sans doute une chance pour l&rsquo;\u00e9conomie solidaire que d&rsquo;\u00eatre justement contrainte de rechercher d&rsquo;autres sources d&rsquo;efficacit\u00e9, d&rsquo;autres crit\u00e8res de gestion et d&rsquo;\u00e9valuation que ceux qui permettent de gagner des \u00ab\u00a0cr\u00e9neaux\u00a0\u00bb dans le march\u00e9. Economie sociale [&hellip;]<\/p>\n","protected":false},"author":157,"featured_media":0,"parent":237,"menu_order":30,"comment_status":"closed","ping_status":"open","template":"","meta":{"footnotes":""},"class_list":["post-1058","page","type-page","status-publish","hentry"],"_links":{"self":[{"href":"https:\/\/blogs.univ-tlse2.fr\/cerises\/wp-json\/wp\/v2\/pages\/1058","targetHints":{"allow":["GET"]}}],"collection":[{"href":"https:\/\/blogs.univ-tlse2.fr\/cerises\/wp-json\/wp\/v2\/pages"}],"about":[{"href":"https:\/\/blogs.univ-tlse2.fr\/cerises\/wp-json\/wp\/v2\/types\/page"}],"author":[{"embeddable":true,"href":"https:\/\/blogs.univ-tlse2.fr\/cerises\/wp-json\/wp\/v2\/users\/157"}],"replies":[{"embeddable":true,"href":"https:\/\/blogs.univ-tlse2.fr\/cerises\/wp-json\/wp\/v2\/comments?post=1058"}],"version-history":[{"count":8,"href":"https:\/\/blogs.univ-tlse2.fr\/cerises\/wp-json\/wp\/v2\/pages\/1058\/revisions"}],"predecessor-version":[{"id":1060,"href":"https:\/\/blogs.univ-tlse2.fr\/cerises\/wp-json\/wp\/v2\/pages\/1058\/revisions\/1060"}],"up":[{"embeddable":true,"href":"https:\/\/blogs.univ-tlse2.fr\/cerises\/wp-json\/wp\/v2\/pages\/237"}],"wp:attachment":[{"href":"https:\/\/blogs.univ-tlse2.fr\/cerises\/wp-json\/wp\/v2\/media?parent=1058"}],"curies":[{"name":"wp","href":"https:\/\/api.w.org\/{rel}","templated":true}]}}