 {"id":1077,"date":"2013-01-17T21:48:26","date_gmt":"2013-01-17T20:48:26","guid":{"rendered":"https:\/\/blogs.univ-tlse2.fr\/cerises\/?page_id=1077"},"modified":"2014-02-06T10:31:41","modified_gmt":"2014-02-06T09:31:41","slug":"articles-2000","status":"publish","type":"page","link":"https:\/\/blogs.univ-tlse2.fr\/cerises\/publications\/articles\/articles-parus-dans-des-revues-sans-comite-de-lecture\/articles-2000\/","title":{"rendered":"Articles 2000"},"content":{"rendered":"<h3><a href=\"https:\/\/blogs.univ-tlse2.fr\/cerises\/files\/articles-2000\/dacheux-es-a-l-aube-du-3e-mill.pdf\">L&rsquo;\u00e9conomie solidaire \u00e0 l&rsquo;aube du troisi\u00e8me mill\u00e9naire<\/a><\/h3>\n<p><em>Revue Organisations et Territoires, vol 9, n\u00b02, \u00e9t\u00e9 2000 &#8211; Eric Dacheux, IUT de Roanne- GRIL<\/em><\/p>\n<p>Nous avons d\u00e9fini l&rsquo;\u00e9conomie solidaire comme \u00e9tant une \u00e9conomie relationnelle et territorialis\u00e9e qui s&rsquo;inscrit dans des courants historiques d&rsquo;opposition \u00e0 l&rsquo;\u00e9conomie de march\u00e9 et qui se caract\u00e9rise par une exp\u00e9rimentation de terrain et une hybridation des ressources : une utopie politique. Les pratiques recouvertes par cette appellation sont nombreuses et t\u00e9moignent d&rsquo;une volont\u00e9 citoyenne d&rsquo;intervenir dans l&rsquo;espace \u00e9conomique pour combattre l&rsquo;exclusion et le lib\u00e9ralisme. A l&rsquo;aube du troisi\u00e8me mill\u00e9naire, l&rsquo;\u00e9conomie solidaire appara\u00eet donc comme une alternative politique au lib\u00e9ralisme.<\/p>\n","protected":false},"excerpt":{"rendered":"<p>L&rsquo;\u00e9conomie solidaire \u00e0 l&rsquo;aube du troisi\u00e8me mill\u00e9naire Revue Organisations et Territoires, vol 9, n\u00b02, \u00e9t\u00e9 2000 &#8211; Eric Dacheux, IUT de Roanne- GRIL Nous avons d\u00e9fini l&rsquo;\u00e9conomie solidaire comme \u00e9tant une \u00e9conomie relationnelle et territorialis\u00e9e qui s&rsquo;inscrit dans des courants historiques d&rsquo;opposition \u00e0 l&rsquo;\u00e9conomie de march\u00e9 et qui se caract\u00e9rise par une exp\u00e9rimentation de terrain [&hellip;]<\/p>\n","protected":false},"author":157,"featured_media":0,"parent":237,"menu_order":29,"comment_status":"closed","ping_status":"open","template":"","meta":{"footnotes":""},"class_list":["post-1077","page","type-page","status-publish","hentry"],"_links":{"self":[{"href":"https:\/\/blogs.univ-tlse2.fr\/cerises\/wp-json\/wp\/v2\/pages\/1077","targetHints":{"allow":["GET"]}}],"collection":[{"href":"https:\/\/blogs.univ-tlse2.fr\/cerises\/wp-json\/wp\/v2\/pages"}],"about":[{"href":"https:\/\/blogs.univ-tlse2.fr\/cerises\/wp-json\/wp\/v2\/types\/page"}],"author":[{"embeddable":true,"href":"https:\/\/blogs.univ-tlse2.fr\/cerises\/wp-json\/wp\/v2\/users\/157"}],"replies":[{"embeddable":true,"href":"https:\/\/blogs.univ-tlse2.fr\/cerises\/wp-json\/wp\/v2\/comments?post=1077"}],"version-history":[{"count":4,"href":"https:\/\/blogs.univ-tlse2.fr\/cerises\/wp-json\/wp\/v2\/pages\/1077\/revisions"}],"predecessor-version":[{"id":1079,"href":"https:\/\/blogs.univ-tlse2.fr\/cerises\/wp-json\/wp\/v2\/pages\/1077\/revisions\/1079"}],"up":[{"embeddable":true,"href":"https:\/\/blogs.univ-tlse2.fr\/cerises\/wp-json\/wp\/v2\/pages\/237"}],"wp:attachment":[{"href":"https:\/\/blogs.univ-tlse2.fr\/cerises\/wp-json\/wp\/v2\/media?parent=1077"}],"curies":[{"name":"wp","href":"https:\/\/api.w.org\/{rel}","templated":true}]}}