 {"id":1082,"date":"2013-01-17T21:51:36","date_gmt":"2013-01-17T20:51:36","guid":{"rendered":"https:\/\/blogs.univ-tlse2.fr\/cerises\/?page_id=1082"},"modified":"2014-02-06T10:31:41","modified_gmt":"2014-02-06T09:31:41","slug":"articles-2004","status":"publish","type":"page","link":"https:\/\/blogs.univ-tlse2.fr\/cerises\/publications\/articles\/articles-parus-dans-des-revues-sans-comite-de-lecture\/articles-2004\/","title":{"rendered":"Articles 2004"},"content":{"rendered":"<h3><a href=\"https:\/\/blogs.univ-tlse2.fr\/cerises\/files\/articles-2004\/sens-esl-et-tic.pdf\">Economie Solidaire et Technologie de l&rsquo;Information : une mise en perspective<\/a><\/h3>\n<p><em>Terminal n\u00b091, 2004 &#8211; Jacques Prades, Universit\u00e9 Toulouse 2 Le Mirail, Cerises<\/em><\/p>\n<p>D\u00e9velopper un programme de travail sur le croisement de l&rsquo;\u00e9conomie solidaire et des nouvelles technologies est une gageure qui repose sur deux risques majeurs li\u00e9s \u00e0 la signification politique des objets \u00e9tudi\u00e9s. L&rsquo;auteur est notamment conduit \u00e0 privil\u00e9gier une d\u00e9limitation du champ de l&rsquo;\u00e9conomie sociale et solidaire parmi d&rsquo;autres possibles.<\/p>\n<h3><a href=\"https:\/\/blogs.univ-tlse2.fr\/cerises\/files\/articles-2004\/dim-soc-le-cas-du-senegal.pdf\">Technologies de l&rsquo;information et de la communication : le cas du S\u00e9n\u00e9gal<\/a><\/h3>\n<p><em>Terminal n\u00b081, 2004 &#8211; Thomas Petit-Pszenny, charg\u00e9 d&rsquo;\u00e9tudes \u00e0 Cerises de 2002 \u00e0 2005<\/em><\/p>\n<p>A partir de l&rsquo;\u00e9tude du d\u00e9veloppement d&rsquo;Internet au S\u00e9n\u00e9gal, l&rsquo;objectif de cet article est de saisir l&rsquo;existence d&rsquo;un mode de diffusion des technologies sp\u00e9cifiquement africain, qui ne passe ni par le March\u00e9, ni par l&rsquo;Etat, mais qui est directement pris en charge par les r\u00e9seaux sociaux. Pour \u00eatre utilis\u00e9es par les populations, les techniques doivent au pr\u00e9alable pouvoir s\u2019inscrire dans leurs modes de pens\u00e9e et d\u2019agir, s\u2019encastrer dans les valeurs de la soci\u00e9t\u00e9.<\/p>\n<h3><a href=\"https:\/\/blogs.univ-tlse2.fr\/cerises\/files\/articles-2004\/dim-soc-cdc-et-logiciels-libres.pdf\">Community Development Corporations et logiciels libres, Une anthropologie compar\u00e9e des pratiques coop\u00e9ratives<\/a><\/h3>\n<p><em>Terminal n\u00b091, 2004 &#8211; Jacques Prades<\/em><\/p>\n<p>L&rsquo;objet de cet article est de comprendre les conditions n\u00e9cessaires \u00e0 la permanence d&rsquo;un mod\u00e8le coop\u00e9ratif dans un univers concurrentiel : comment p\u00e9renniser les innovations sociales ? Fond\u00e9 sur la propri\u00e9t\u00e9 collective de l&rsquo;outil de production, la non-s\u00e9parabilit\u00e9 de la gestion et du portage des capitaux, le profit non comme condition d&rsquo;existence mais comme finalit\u00e9, ce mod\u00e8le coop\u00e9ratif d\u00e9passe l&rsquo;opposition entre le contrat et la transaction interne (Williamson, 1995). Il concerne l&rsquo;activit\u00e9 collective de production de biens et de services en vue d&rsquo;une r\u00e9appropriation des valeurs d&rsquo;usage.<\/p>\n<h3><a href=\"https:\/\/blogs.univ-tlse2.fr\/cerises\/files\/articles-2004\/dim-soc-esc-techno-terr.pdf\">Economie sociale, technologie et territoire, Quelques consid\u00e9rations \u00e0 partir du cas de Tiruchengodu en Inde du Sud<\/a><\/h3>\n<p><em>Terminal n\u00b091, 2004 &#8211; Philippe Cad\u00e8ne, professeur de g\u00e9ographie Universit\u00e9 Paris VII<\/em><br \/>\n<em>Jacques Prades, Universit\u00e9 Toulouse 2 Le Mirail, Cerises<\/em><\/p>\n<p>Cet article est n\u00e9 d&rsquo;une rencontre entre deux exp\u00e9riences, celle d&rsquo;un \u00e9conomiste int\u00e9ress\u00e9 par l&rsquo;\u00e9conomie sociale et solidaire et la question des territoires, et celle d&rsquo;un g\u00e9ographe sp\u00e9cialis\u00e9 dans l&rsquo;\u00e9tude de la dynamique \u00e9conomique de l&rsquo;Inde. Les formes originales de l\u2019\u00e9conomie sociale y sont appr\u00e9hend\u00e9es \u00e0 travers la variabilit\u00e9 des empreintes historiques et g\u00e9ographiques qui les marquent.<\/p>\n","protected":false},"excerpt":{"rendered":"<p>Economie Solidaire et Technologie de l&rsquo;Information : une mise en perspective Terminal n\u00b091, 2004 &#8211; Jacques Prades, Universit\u00e9 Toulouse 2 Le Mirail, Cerises D\u00e9velopper un programme de travail sur le croisement de l&rsquo;\u00e9conomie solidaire et des nouvelles technologies est une gageure qui repose sur deux risques majeurs li\u00e9s \u00e0 la signification politique des objets \u00e9tudi\u00e9s. [&hellip;]<\/p>\n","protected":false},"author":157,"featured_media":0,"parent":237,"menu_order":27,"comment_status":"closed","ping_status":"open","template":"","meta":{"footnotes":""},"class_list":["post-1082","page","type-page","status-publish","hentry"],"_links":{"self":[{"href":"https:\/\/blogs.univ-tlse2.fr\/cerises\/wp-json\/wp\/v2\/pages\/1082","targetHints":{"allow":["GET"]}}],"collection":[{"href":"https:\/\/blogs.univ-tlse2.fr\/cerises\/wp-json\/wp\/v2\/pages"}],"about":[{"href":"https:\/\/blogs.univ-tlse2.fr\/cerises\/wp-json\/wp\/v2\/types\/page"}],"author":[{"embeddable":true,"href":"https:\/\/blogs.univ-tlse2.fr\/cerises\/wp-json\/wp\/v2\/users\/157"}],"replies":[{"embeddable":true,"href":"https:\/\/blogs.univ-tlse2.fr\/cerises\/wp-json\/wp\/v2\/comments?post=1082"}],"version-history":[{"count":6,"href":"https:\/\/blogs.univ-tlse2.fr\/cerises\/wp-json\/wp\/v2\/pages\/1082\/revisions"}],"predecessor-version":[{"id":2938,"href":"https:\/\/blogs.univ-tlse2.fr\/cerises\/wp-json\/wp\/v2\/pages\/1082\/revisions\/2938"}],"up":[{"embeddable":true,"href":"https:\/\/blogs.univ-tlse2.fr\/cerises\/wp-json\/wp\/v2\/pages\/237"}],"wp:attachment":[{"href":"https:\/\/blogs.univ-tlse2.fr\/cerises\/wp-json\/wp\/v2\/media?parent=1082"}],"curies":[{"name":"wp","href":"https:\/\/api.w.org\/{rel}","templated":true}]}}