 {"id":1091,"date":"2013-01-17T21:58:07","date_gmt":"2013-01-17T20:58:07","guid":{"rendered":"https:\/\/blogs.univ-tlse2.fr\/cerises\/?page_id=1091"},"modified":"2014-02-06T10:31:41","modified_gmt":"2014-02-06T09:31:41","slug":"articles-2007","status":"publish","type":"page","link":"https:\/\/blogs.univ-tlse2.fr\/cerises\/publications\/articles\/articles-parus-dans-des-revues-sans-comite-de-lecture\/articles-2007\/","title":{"rendered":"Articles 2007-2008"},"content":{"rendered":"<h3><a href=\"https:\/\/blogs.univ-tlse2.fr\/cerises\/files\/articles-parus-dans-des-revues-a-comite-de-lecture\/RSE-et-microfinance.pdf\">Inclusion financi\u00e8re et responsabilit\u00e9 sociale<\/a><\/h3>\n<p>Projet Revue Tiers Monde 2008<br \/>\nJean-Michel Servet, IHEID Gen\u00e8ve IRD.IFP<\/p>\n<p>Nous distinguons la responsabilit\u00e9 sociale de la responsabilit\u00e9 soci\u00e9tale ou engagement citoyen. Nous la situons, pour ce qui est de la microfinance, directement et essentiellement dans une contribution \u00e0 l\u2019inclusion financi\u00e8re des populations, et non dans des performances socio-\u00e9conomiques comme un accroissement des revenus ou un empowerment de telle ou telle cat\u00e9gorie. Il est donc n\u00e9cessaire de d\u00e9finir, dans des contextes financiers diff\u00e9rents, les \u00e9l\u00e9ments pertinents permettant de saisir cette responsabilit\u00e9 des institutions d\u00e9livrant des services de microfinance. Elle se situe vis-\u00e0-vis de leurs clients ou usagers, mais aussi dans leurs rapports aux autres acteurs de la microfinance avec lesquels elles sont en concurrence ou coop\u00e8rent. Ceci doit permettre de comprendre les processus par lesquels ces institutions offrent des services financiers \u00e0 leurs clients ou usagers en r\u00e9pondant effectivement et efficacement \u00e0 leurs besoins en ce domaine et \u00e0 un co\u00fbt qui doit rester compatible avec leurs capacit\u00e9s de le couvrir. Cette contribution doit notamment permettre de d\u00e9passer l\u2019opposition entre performances financi\u00e8res et production de valeurs sociales et environnementales.<\/p>\n<h3><a href=\"https:\/\/blogs.univ-tlse2.fr\/cerises\/files\/articles-2007\/Eco.pdf\">Les entreprises sociales dans un nouveau contexte g\u00e9o-politique<\/a><\/h3>\n<p><em>Proposition \u00e0 publication \u00e0 Economie et Humanisme. 2007<\/em><br \/>\n<em>Jacques Prades, Universit\u00e9 Toulouse 2 Le Mirail, Cerises<\/em><\/p>\n<p>Les structures de l&rsquo;Insertion par l&rsquo;Activit\u00e9 Economique sont lues en regard de deux \u00e9cueils que rencontrent les entreprises sociales: le premier est celui de l\u2019isolement individualiste; il est inutile de penser qu\u2019on puisse s\u2019en sortir seul contre tout le monde; le deuxi\u00e8me \u00e9cueil est celui de l\u2019assistanat des pouvoirs publics o\u00f9 la soci\u00e9t\u00e9 est imagin\u00e9e comme un espace prot\u00e9g\u00e9 par un Etat providence. On ne peut avancer dans ces d\u00e9bats que si on \u00e9carte d\u2019une part la tentation individualiste et d\u2019autre part la nostalgie de l\u2019Etat providence.<\/p>\n","protected":false},"excerpt":{"rendered":"<p>Inclusion financi\u00e8re et responsabilit\u00e9 sociale Projet Revue Tiers Monde 2008 Jean-Michel Servet, IHEID Gen\u00e8ve IRD.IFP Nous distinguons la responsabilit\u00e9 sociale de la responsabilit\u00e9 soci\u00e9tale ou engagement citoyen. Nous la situons, pour ce qui est de la microfinance, directement et essentiellement dans une contribution \u00e0 l\u2019inclusion financi\u00e8re des populations, et non dans des performances socio-\u00e9conomiques comme [&hellip;]<\/p>\n","protected":false},"author":157,"featured_media":0,"parent":237,"menu_order":25,"comment_status":"closed","ping_status":"open","template":"","meta":{"footnotes":""},"class_list":["post-1091","page","type-page","status-publish","hentry"],"_links":{"self":[{"href":"https:\/\/blogs.univ-tlse2.fr\/cerises\/wp-json\/wp\/v2\/pages\/1091","targetHints":{"allow":["GET"]}}],"collection":[{"href":"https:\/\/blogs.univ-tlse2.fr\/cerises\/wp-json\/wp\/v2\/pages"}],"about":[{"href":"https:\/\/blogs.univ-tlse2.fr\/cerises\/wp-json\/wp\/v2\/types\/page"}],"author":[{"embeddable":true,"href":"https:\/\/blogs.univ-tlse2.fr\/cerises\/wp-json\/wp\/v2\/users\/157"}],"replies":[{"embeddable":true,"href":"https:\/\/blogs.univ-tlse2.fr\/cerises\/wp-json\/wp\/v2\/comments?post=1091"}],"version-history":[{"count":4,"href":"https:\/\/blogs.univ-tlse2.fr\/cerises\/wp-json\/wp\/v2\/pages\/1091\/revisions"}],"predecessor-version":[{"id":1094,"href":"https:\/\/blogs.univ-tlse2.fr\/cerises\/wp-json\/wp\/v2\/pages\/1091\/revisions\/1094"}],"up":[{"embeddable":true,"href":"https:\/\/blogs.univ-tlse2.fr\/cerises\/wp-json\/wp\/v2\/pages\/237"}],"wp:attachment":[{"href":"https:\/\/blogs.univ-tlse2.fr\/cerises\/wp-json\/wp\/v2\/media?parent=1091"}],"curies":[{"name":"wp","href":"https:\/\/api.w.org\/{rel}","templated":true}]}}