 {"id":1107,"date":"2013-01-17T22:14:18","date_gmt":"2013-01-17T21:14:18","guid":{"rendered":"https:\/\/blogs.univ-tlse2.fr\/cerises\/?page_id=1107"},"modified":"2014-02-06T10:31:56","modified_gmt":"2014-02-06T09:31:56","slug":"contributions-2000-2005","status":"publish","type":"page","link":"https:\/\/blogs.univ-tlse2.fr\/cerises\/publications\/articles\/contributions-a-des-ouvrages\/contributions-2000-2005\/","title":{"rendered":"Contributions 2000-2005"},"content":{"rendered":"<h3><a href=\"https:\/\/blogs.univ-tlse2.fr\/cerises\/files\/contributions-2000-2005\/Guerin_Palier-vu-JMS-TP-corr-app.pdf\">Empowerment, Self-help groups et solidarit\u00e9 d\u00e9mocratique en Inde<\/a><\/h3>\n<p>Microfinance en Asie : entre traditions et innovations<em> (Gu\u00e9rin et alii. eds) Paris\/Pondich\u00e9ry : Karthala\/IRD\/IFP, 2005<br \/>\nIsabelle Gu\u00e9rin et Jane Palier<\/em><\/p>\n<p>L\u2019analyse du discours des acteurs du d\u00e9veloppement montre \u00e0 quel point les deux concepts aujourd\u2019hui en vigueur pour d\u00e9signer les initiatives de lutte contre la pauvret\u00e9 en Inde \u2013 empowerment et self-help \u2013 se pr\u00eatent \u00e0 des acceptions radicalement diff\u00e9rentes.<\/p>\n<h3><a href=\"https:\/\/blogs.univ-tlse2.fr\/cerises\/files\/contributions-2000-2005\/dacheux-mondialisation-travail-esl.pdf\">Mondialisation et mutations du travail : une solution alternative, l&rsquo;\u00e9conomie solidaire ?<\/a><\/h3>\n<p>Mondialisation et R\u00e9gulation sociale<em>, Tome 2, L&rsquo;Harmattan, 2003, chap 8<\/em><br \/>\n<em>Eric Dacheux GRIL Roanne<\/em><br \/>\n<em>Daniel Goujon GRIL-LATEC Universit\u00e9 de Bourgogne<\/em><br \/>\n<em>Patrick Ternaux CREUSET Universit\u00e9 de St-Etienne, ERES Universit\u00e9 de Grenoble 2<\/em><\/p>\n<p>Dans cette communication les auteurs s\u2019interrogent sur les liens entre le ph\u00e9nom\u00e8ne de mondialisation \/ globalisation , l&rsquo;\u00e9volution des march\u00e9s du travail et l\u2019\u00e9conomie solidaire. Notre interrogation principale porte l\u2019\u00e9volution du lien social dans un espace \u00e9conomique fluctuant. L&rsquo;\u00e9conomie solidaire peut-elle \u00eatre une alternative politique et sociale \u00e0 la mondialisation ?<\/p>\n<h3><a href=\"https:\/\/blogs.univ-tlse2.fr\/cerises\/files\/contributions-2000-2005\/dacheux-esl-alt-au-lib.pdf\">L&rsquo;\u00e9conomie solidaire : une alternative au lib\u00e9ralisme ?<\/a><\/h3>\n<p>D\u00e9veloppement local, \u00e9conomie sociale et d\u00e9mocratie locale<em>, chap 9. Ouvrage sous la direction de M.Tremblay, P.A.Tremblay et S.Tremblay, Presses Universitaires du Qu\u00e9bec, Canada 2002<\/em><br \/>\n<em>Eric Dacheux GRIL Roanne<\/em><br \/>\n<em>Daniel Goujon GRIL-LATEC Universit\u00e9 de Bourgogne<\/em><\/p>\n<p>Le concept d\u2019\u00e9conomie solidaire renvoie \u00e0 une r\u00e9alit\u00e9 multiforme et h\u00e9t\u00e9rog\u00e8ne difficile \u00e0 saisir de mani\u00e8re abstraite. D\u2019ailleurs l\u2019une des forces de ce type d\u2019activit\u00e9 est de s\u2019ancrer dans l\u2019action concr\u00e8te. C\u2019est pourquoi, nous allons, dans une premi\u00e8re partie, pr\u00e9senter une initiative solidaire le P\u00f4le d\u2019initiatives citoyennes de Roanne, avant de dresser un inventaire non exhaustif des limites de l\u2019\u00e9conomie solidaire.<\/p>\n<h3><a href=\"https:\/\/blogs.univ-tlse2.fr\/cerises\/files\/contributions-2000-2005\/themes-homo-economicus.pdf\">L&rsquo;homo economicus et la d\u00e9raison scientifique (introduction)<\/a><\/h3>\n<p><em>L&rsquo;Harmattan 2001 &#8211; Jacques Prades, Universit\u00e9 Toulouse 2 Le Mirail, Cerises<\/em><\/p>\n<p>L&rsquo;\u00e9poque actuelle s&rsquo;inscrit au c\u0153ur de trois lignes de force : la globalisation des \u00e9conomies, l&rsquo;informatisation de la soci\u00e9t\u00e9 et l&rsquo;atonie sociale. Les deux premiers ph\u00e9nom\u00e8nes prennent racine dans l&rsquo;autonomisation de l&rsquo;\u00e9conomique (K. Polanyi) et dans la mont\u00e9e de technosciences (M. Heidegger) entre le XVIe et le XVIIIe si\u00e8cle en Occident. Le troisi\u00e8me mouvement qui prend aujourd&rsquo;hui la forme de l&rsquo;atonie sociale reste ind\u00e9termin\u00e9. Dans cette perspective anthropologique, l&rsquo;auteur, perplexe sur les prouesses que les m\u00e9dias portent \u00e0 la Net\u00e9conomie, cherche \u00e0 comprendre la nouvelle donne \u00e9conomique.<\/p>\n<h3><a href=\"https:\/\/blogs.univ-tlse2.fr\/cerises\/files\/contributions-2000-2005\/dacheux-territoire-a-l-aunedeES.pdf\">Le territoire \u00e0 l&rsquo;aune de l&rsquo;\u00e9conomie solidaire<\/a><\/h3>\n<p>Territoires sous influences<em>, L&rsquo;Harmattan 2001, sous la direction de D.Pag\u00e8s et N.P\u00e9lissier, Tome 2<\/em><br \/>\n<em>Eric Dacheux GRIL Roanne<\/em><\/p>\n<p>Cas du p\u00f4le d&rsquo;initiatives citoyennes du Pays Roannais<\/p>\n<h3><a href=\"https:\/\/blogs.univ-tlse2.fr\/cerises\/files\/contributions-2000-2005\/dacheux-comprendre-lesl.pdf\">Comprendre l&rsquo;\u00e9conomie solidaire, analyse \u00e9conomique du concept<\/a><\/h3>\n<p><em>Actes du Colloque CNR IUT 2001 Roanne, Publication de l&rsquo;Universit\u00e9 de Saint-Etienne<\/em><br \/>\n<em>Eric Dacheux GRIL Roanne<\/em><br \/>\n<em>Daniel Goujon GRIL-LATEC Universit\u00e9 de Bourgogne<\/em><\/p>\n<p>L&rsquo;\u00e9conomie solidaire n&rsquo;est pas v\u00e9ritablement un concept, au sens kantien du terme, mais une notion, une g\u00e9n\u00e9ralisation non encore stabilis\u00e9e de pratiques diverses. Pour que le terme d&rsquo;\u00e9conomie solidaire devienne un concept heuristique, il convient de travailler les pratiques empiriques qu&rsquo;il recouvre en sortant du cadre \u00e9troit de la socio-\u00e9conomie. Dans le cadre d&rsquo;un travail de plus grande ampleur visant \u00e0 utiliser des outils th\u00e9oriques d&rsquo;horizon diverse (sciences de la communication, th\u00e9ories de la justice, sciences politiques, etc.) l&rsquo;objet de ce texte est de dresser une typologie de l&rsquo;\u00e9conomie solidaire \u00e0 partir d&rsquo;un objet th\u00e9orique encore peu utilis\u00e9 dans ce domaine : l&rsquo;approche holiste du circuit \u00e9conomique.<\/p>\n<h3><a href=\"https:\/\/blogs.univ-tlse2.fr\/cerises\/files\/contributions-2000-2005\/micro-le-contexte.pdf\">Le contexte d&rsquo;un d\u00e9bat public sur le r\u00f4le de la microfinance en France<\/a><\/h3>\n<p><em>Rapport Exclusion et liens financiers, Economica 2000 Jean-Michel Servet<\/em><\/p>\n<p>Pour une contribution directe ou indirecte de l&rsquo;ensemble de la communaut\u00e9 financi\u00e8re \u00e0 la lutte contre l&rsquo;exclusion bancaire et financi\u00e8re<\/p>\n<h3><a href=\"https:\/\/blogs.univ-tlse2.fr\/cerises\/files\/contributions-2000-2005\/focus-viaggio.pdf\">Viaggio tra le esperienze di scambio senza denaro<\/a><\/h3>\n<p><em>Extrait de l&rsquo;ouvrage du m\u00eame nom, Edizioni Lavoro, Roma. 2000<\/em><br \/>\n<em>Rosa M. Amorevole, chercheur ECAP Recherches, Bologne<\/em><\/p>\n<h3><a href=\"https:\/\/blogs.univ-tlse2.fr\/cerises\/files\/contributions-2000-2005\/focus-ambiente.pdf\">Ambiente collinare e servizi territoriali per i minori<\/a><\/h3>\n<p><em>Extrait de Scambiando si Impara, Edito da EMI, Bologna, 2000<\/em><br \/>\n<em>Rosa M.Amorevole, chercheur ECAP Recherches, Bologne<\/em><\/p>\n","protected":false},"excerpt":{"rendered":"<p>Empowerment, Self-help groups et solidarit\u00e9 d\u00e9mocratique en Inde Microfinance en Asie : entre traditions et innovations (Gu\u00e9rin et alii. eds) Paris\/Pondich\u00e9ry : Karthala\/IRD\/IFP, 2005 Isabelle Gu\u00e9rin et Jane Palier L\u2019analyse du discours des acteurs du d\u00e9veloppement montre \u00e0 quel point les deux concepts aujourd\u2019hui en vigueur pour d\u00e9signer les initiatives de lutte contre la pauvret\u00e9 [&hellip;]<\/p>\n","protected":false},"author":157,"featured_media":0,"parent":239,"menu_order":30,"comment_status":"closed","ping_status":"open","template":"","meta":{"footnotes":""},"class_list":["post-1107","page","type-page","status-publish","hentry"],"_links":{"self":[{"href":"https:\/\/blogs.univ-tlse2.fr\/cerises\/wp-json\/wp\/v2\/pages\/1107","targetHints":{"allow":["GET"]}}],"collection":[{"href":"https:\/\/blogs.univ-tlse2.fr\/cerises\/wp-json\/wp\/v2\/pages"}],"about":[{"href":"https:\/\/blogs.univ-tlse2.fr\/cerises\/wp-json\/wp\/v2\/types\/page"}],"author":[{"embeddable":true,"href":"https:\/\/blogs.univ-tlse2.fr\/cerises\/wp-json\/wp\/v2\/users\/157"}],"replies":[{"embeddable":true,"href":"https:\/\/blogs.univ-tlse2.fr\/cerises\/wp-json\/wp\/v2\/comments?post=1107"}],"version-history":[{"count":6,"href":"https:\/\/blogs.univ-tlse2.fr\/cerises\/wp-json\/wp\/v2\/pages\/1107\/revisions"}],"predecessor-version":[{"id":2949,"href":"https:\/\/blogs.univ-tlse2.fr\/cerises\/wp-json\/wp\/v2\/pages\/1107\/revisions\/2949"}],"up":[{"embeddable":true,"href":"https:\/\/blogs.univ-tlse2.fr\/cerises\/wp-json\/wp\/v2\/pages\/239"}],"wp:attachment":[{"href":"https:\/\/blogs.univ-tlse2.fr\/cerises\/wp-json\/wp\/v2\/media?parent=1107"}],"curies":[{"name":"wp","href":"https:\/\/api.w.org\/{rel}","templated":true}]}}