 {"id":12,"date":"2013-01-09T16:35:07","date_gmt":"2013-01-09T15:35:07","guid":{"rendered":"https:\/\/blogs.univ-tlse2.fr\/cerises\/?page_id=12"},"modified":"2014-02-06T10:31:40","modified_gmt":"2014-02-06T09:31:40","slug":"formation","status":"publish","type":"page","link":"https:\/\/blogs.univ-tlse2.fr\/cerises\/formation\/","title":{"rendered":"Formation"},"content":{"rendered":"<p style=\"text-align: center\"><img loading=\"lazy\" decoding=\"async\" class=\"aligncenter  wp-image-2039\" alt=\"\" src=\"https:\/\/blogs.univ-tlse2.fr\/cerises\/files\/formation\/CIMG0250-666x500.jpg\" width=\"496\" height=\"371\" srcset=\"https:\/\/blogs.univ-tlse2.fr\/cerises\/files\/formation\/CIMG0250-666x500.jpg 666w, https:\/\/blogs.univ-tlse2.fr\/cerises\/files\/formation\/CIMG0250-300x225.jpg 300w, https:\/\/blogs.univ-tlse2.fr\/cerises\/files\/formation\/CIMG0250-624x468.jpg 624w, https:\/\/blogs.univ-tlse2.fr\/cerises\/files\/formation\/CIMG0250.jpg 2048w\" sizes=\"auto, (max-width: 496px) 100vw, 496px\" \/><\/p>\n<p>Dans un premier temps, la mise en place du\u00a0<a title=\"Master et doctorat d\u2019\u00e9conomie sociale\" href=\"https:\/\/blogs.univ-tlse2.fr\/cerises\/formation\/master-et-doctorat-deconomie-sociale\/\">Master La Nouvelle Economie Sociale<\/a>\u00a0a retenu toute l&rsquo;attention des fondateurs. Plusieurs membres de Cerises ont \u00e9t\u00e9 impliqu\u00e9s dans la cr\u00e9ation d&rsquo;un des premiers masters professionnels en \u00e9conomie sociale (en 2000), ainsi que dans un r\u00e9seau europ\u00e9en de formation. Afin de favoriser la cr\u00e9ation d\u2019entreprises innovantes en \u00e9conomie sociale par les dipl\u00f4m\u00e9s de master, a \u00e9t\u00e9 constitu\u00e9 un <a title=\"CERISOL\" href=\"https:\/\/blogs.univ-tlse2.fr\/cerises\/experimentations\/cerisol\/\">club d\u2019investissement pour une gestion alternative et locale de l\u2019\u00e9pargne solidaire : la Cigales Cerisol<\/a>.<\/p>\n<p>Dans un contexte o\u00f9 le dipl\u00f4me du doctorat se g\u00e9n\u00e9ralise, le centre et ses partenaires ont d\u00e9cid\u00e9 d\u2019ouvrir leur activit\u00e9 d\u2019accompagnement et d\u2019insertion de dipl\u00f4m\u00e9s \u00e0 des \u00e9tudiants de doctorat, qui peuvent \u00eatre issus du master La Nouvelle Economie Sociale. Cerises cherche \u00e0 am\u00e9liorer les conditions d\u2019accueil de doctorants en son sein.<\/p>\n<p>Cerises intervient r\u00e9guli\u00e8rement \u00e9galement dans des <a title=\"Formations courtes et s\u00e9minaires\" href=\"https:\/\/blogs.univ-tlse2.fr\/cerises\/formation\/formations-courtes-et-seminaires\/\">FORMATIONS COURTES<\/a>.<\/p>\n<h2>Dans cette rubrique :<\/h2>\n\n<!-- Page-list plugin v.5.9 wordpress.org\/plugins\/page-list\/ -->\n<ul class=\"page-list \">\n<li class=\"page_item page-item-52 page_item_has_children\"><a href=\"https:\/\/blogs.univ-tlse2.fr\/cerises\/formation\/master-et-doctorat-deconomie-sociale\/\">Master et doctorat d&rsquo;\u00e9conomie sociale<\/a><\/li>\n<li class=\"page_item page-item-199 page_item_has_children\"><a href=\"https:\/\/blogs.univ-tlse2.fr\/cerises\/formation\/la-vie-du-master\/\">La vie du Master<\/a><\/li>\n<li class=\"page_item page-item-201\"><a href=\"https:\/\/blogs.univ-tlse2.fr\/cerises\/formation\/formations-courtes-et-seminaires\/\">Formations courtes et s\u00e9minaires<\/a><\/li>\n<li class=\"page_item page-item-203 page_item_has_children\"><a href=\"https:\/\/blogs.univ-tlse2.fr\/cerises\/formation\/poursuivre-dans-la-recherche\/\">Poursuivre dans la recherche<\/a><\/li>\n<li class=\"page_item page-item-206\"><a href=\"https:\/\/blogs.univ-tlse2.fr\/cerises\/formation\/creer-une-activite\/\">Cr\u00e9er une activit\u00e9<\/a><\/li>\n\n<\/ul>\n","protected":false},"excerpt":{"rendered":"<p>Dans un premier temps, la mise en place du\u00a0Master La Nouvelle Economie Sociale\u00a0a retenu toute l&rsquo;attention des fondateurs. Plusieurs membres de Cerises ont \u00e9t\u00e9 impliqu\u00e9s dans la cr\u00e9ation d&rsquo;un des premiers masters professionnels en \u00e9conomie sociale (en 2000), ainsi que dans un r\u00e9seau europ\u00e9en de formation. Afin de favoriser la cr\u00e9ation d\u2019entreprises innovantes en \u00e9conomie [&hellip;]<\/p>\n","protected":false},"author":157,"featured_media":0,"parent":0,"menu_order":2,"comment_status":"closed","ping_status":"open","template":"","meta":{"footnotes":""},"class_list":["post-12","page","type-page","status-publish","hentry"],"_links":{"self":[{"href":"https:\/\/blogs.univ-tlse2.fr\/cerises\/wp-json\/wp\/v2\/pages\/12","targetHints":{"allow":["GET"]}}],"collection":[{"href":"https:\/\/blogs.univ-tlse2.fr\/cerises\/wp-json\/wp\/v2\/pages"}],"about":[{"href":"https:\/\/blogs.univ-tlse2.fr\/cerises\/wp-json\/wp\/v2\/types\/page"}],"author":[{"embeddable":true,"href":"https:\/\/blogs.univ-tlse2.fr\/cerises\/wp-json\/wp\/v2\/users\/157"}],"replies":[{"embeddable":true,"href":"https:\/\/blogs.univ-tlse2.fr\/cerises\/wp-json\/wp\/v2\/comments?post=12"}],"version-history":[{"count":18,"href":"https:\/\/blogs.univ-tlse2.fr\/cerises\/wp-json\/wp\/v2\/pages\/12\/revisions"}],"predecessor-version":[{"id":3487,"href":"https:\/\/blogs.univ-tlse2.fr\/cerises\/wp-json\/wp\/v2\/pages\/12\/revisions\/3487"}],"wp:attachment":[{"href":"https:\/\/blogs.univ-tlse2.fr\/cerises\/wp-json\/wp\/v2\/media?parent=12"}],"curies":[{"name":"wp","href":"https:\/\/api.w.org\/{rel}","templated":true}]}}