 {"id":1212,"date":"2013-01-17T22:54:00","date_gmt":"2013-01-17T21:54:00","guid":{"rendered":"https:\/\/blogs.univ-tlse2.fr\/cerises\/?page_id=1212"},"modified":"2014-02-06T10:31:56","modified_gmt":"2014-02-06T09:31:56","slug":"textes-de-conferences-2000-2003","status":"publish","type":"page","link":"https:\/\/blogs.univ-tlse2.fr\/cerises\/publications\/conferences-colloques\/textes-de-conferences-2000-2003\/","title":{"rendered":"Textes de conf\u00e9rences 2000-2003"},"content":{"rendered":"<h3><a href=\"https:\/\/blogs.univ-tlse2.fr\/cerises\/files\/textes-de-conferences-2007-2009\/presentation.pdf\">L&rsquo;aventure des coop\u00e9ratives viticoles du Midi de la France<\/a><\/h3>\n<p><a href=\"http:\/\/www.museum.agropolis.fr\/pages\/savoirs\/histcoopviticole\/index.htm\" target=\"_blank\">Conf\u00e9rence d\u00e9bat \u00e0 Agropolis Museum<\/a> le 15 octobre 2003<br \/>\nJean-Marc Touzard (\u00e9conomiste INRA SAD Montpellier)<br \/>\n&amp; Yuna Chiffoleau, (sociologue INRA SAD Montpellier)<\/p>\n<p>Aujourd&rsquo;hui les coop\u00e9ratives viticoles repr\u00e9sentent encore un secteur tr\u00e8s important dans l&rsquo;\u00e9conomie du Languedoc-Roussillon : 360 coop\u00e9ratives en 2002, pr\u00e8s de 50.000 adh\u00e9rents, les trois-quarts du vin produit en Languedoc-Roussillon\u2026 donc un r\u00f4le \u00e9conomique, social et politique non n\u00e9gligeable. Nous pr\u00e9sentons ici trois facettes de nos recherches. D&rsquo;abord une d\u00e9marche historique : depuis l&rsquo;\u00e9mergence des coop\u00e9ratives communales jusqu&rsquo;\u00e0 la reconversion des vins de qualit\u00e9 ; ensuite une analyse de la diversit\u00e9 des situations et des strat\u00e9gies actuelles ; enfin dans une analyse plus sociologique, sur les jeux d&rsquo;acteurs dans les coop\u00e9ratives et dans les processus d&rsquo;innovation&#8230;<\/p>\n<h3><a href=\"https:\/\/blogs.univ-tlse2.fr\/cerises\/files\/textes-de-conferences-2000-2003\/vues-allocation-personnalisee.pdf\">L&rsquo;allocation personnalis\u00e9e autonomie : mod\u00e8le de services de proximit\u00e9 versus mod\u00e8le de march\u00e9s<\/a><\/h3>\n<p>Conf\u00e9rence remani\u00e9e faite \u00e0 l&rsquo;Ecole Sup\u00e9rieure de Commerce de Montpellier, le jeudi 17 avril 2003 dans le cadre d&rsquo;une plate-forme d&rsquo;initiatives de services de proximit\u00e9s<br \/>\nJacques Prades, Universit\u00e9 Toulouse 2 Le Mirail, Cerises<\/p>\n<p>Les services de proximit\u00e9 sont des activit\u00e9s marchandes (activit\u00e9s pour lesquelles le prix couvre au moins le co\u00fbt du service) ou semi-marchandes (relation partielle), r\u00e9pondant \u00e0 des demandes individuelles (par exemple des activit\u00e9s de m\u00e9nage) ou collectives (par exemple la gestion de l&rsquo;environnement) qui s&rsquo;inscrivent dans une proximit\u00e9 territoriale (un espace local) et\/ou une proximit\u00e9 relationnelle (c&rsquo;est-\u00e0-dire une relation personnalis\u00e9e induite par la prestation). Objets d&rsquo;une grande attention des politiques publiques en mati\u00e8re d&#8217;emploi, apr\u00e8s les dispositifs de formation dans les ann\u00e9es quatre-vingt puis ceux d&rsquo;insertion dans les ann\u00e9es quatre-vingt dix, les services de proximit\u00e9 sont appr\u00e9hend\u00e9s \u00e0 partir de deux mod\u00e8les : le mod\u00e8le de march\u00e9 dont d\u00e9pend l&rsquo;APA et le mod\u00e8le de l&rsquo;\u00e9conomie sociale.<\/p>\n<h3><a href=\"https:\/\/blogs.univ-tlse2.fr\/cerises\/files\/textes-de-conferences-2000-2003\/vues-quand-les-citoyens.pdf\">Quand les citoyens s&rsquo;en m\u00ealent<\/a><\/h3>\n<p>S\u00e9minaire International : A la recherche d&rsquo;une \u00e9conomie fraternelle, Rennes, 12 &#8211; 14 Dec 2003 Josette Combes, Responsable P\u00e9dagogique du Master professionnel \u00ab\u00a0Nouvelle Economie Sociale\u00a0\u00bb<\/p>\n<p>A la fin des ann\u00e9es 70 et de fa\u00e7on intensive dans les ann\u00e9es 80 se manifeste une multiplicit\u00e9 de formules d&rsquo;organisations sociales \u00e0 la fois territorialis\u00e9es et largement essaim\u00e9es sous des formes d\u00e9riv\u00e9es simultan\u00e9ment dans le monde. Cette diversit\u00e9 de structures a en commun une recherche de m\u00e9canismes alternatifs de r\u00e9gulation dont l&rsquo;auteur met en \u00e9vidence les principes.<\/p>\n<h3><a href=\"https:\/\/blogs.univ-tlse2.fr\/cerises\/files\/textes-de-conferences-2000-2003\/panorama-exclusion.pdf\">Panorama sur les exclusions<\/a><\/h3>\n<p>Cr\u00e9dit Mutuel 4e Rencontres estivales Form\u2019a\u2019ouest 23-26 ao\u00fbt 2001-Limoges<br \/>\nJean-Michel Servet, Directeur de recherche \u00e0 l&rsquo;Institut de Recherche pour le D\u00e9veloppement- unit\u00e9 DevLoc<\/p>\n<p>1\/Une approche de l\u2019exclusion \u00e0 travers les manifestations les plus \u00e9videntes de la pauvret\u00e9 et des in\u00e9galit\u00e9s. 2\/ crit\u00e8res qui permettent de mesurer ce ph\u00e8nom\u00e8ne et comparaisons dans le temps et dans l\u2019espace. 3\/ les fondements et les moyens des politiques de lutte contre l&rsquo;exclusion<\/p>\n<h3><a href=\"https:\/\/blogs.univ-tlse2.fr\/cerises\/files\/textes-de-conferences-2000-2003\/micro-exclusion-bancaire.pdf\">Exclusion bancaire et financi\u00e8re : un essai de d\u00e9finition<\/a><\/h3>\n<p>Rencontre Pour de nouvelles r\u00e9ponses \u00e0 l&rsquo;exclusion bancaire \u00e0 l&rsquo;invitation du Conseil g\u00e9n\u00e9ral du Gers et de la CDC \u00e0 Auch le 28 novembre 2001<br \/>\nJean-Michel Servet, Directeur de recherche \u00e0 l&rsquo;Institut de Recherche pour le D\u00e9veloppement- unit\u00e9 DevLoc<\/p>\n<p>Un rapport d&rsquo;enqu\u00eate du Cr\u00e9doc, le Centre de recherche pour l&rsquo;\u00e9tude et l&rsquo;observation des conditions de vie, r\u00e9alis\u00e9 en relation avec la Banque de France pour le Comit\u00e9 consultatif aupr\u00e8s du Conseil national du cr\u00e9dit et du titre et intitul\u00e9 L&rsquo;utilisation des moyens de paiement et l&rsquo;acc\u00e8s au cr\u00e9dit des b\u00e9n\u00e9ficiaires de minima sociaux, met fortement en cause l&rsquo;existence d&rsquo;une exclusion bancaire et financi\u00e8re en France. Analyse et critique des conclusions.<\/p>\n<h3><a href=\"https:\/\/blogs.univ-tlse2.fr\/cerises\/files\/la-micro-finance-inde-entretien.pdf\">La micro finance en Inde<\/a><\/h3>\n<p>Entretien de Jean-Michel Servet \u00e0 Cerises, 2000<br \/>\nJean-Michel Servet, Directeur de recherche \u00e0 l&rsquo;Institut de Recherche pour le D\u00e9veloppement- unit\u00e9 DevLoc<\/p>\n<p>A propos de l&rsquo;Institut Fran\u00e7ais de Pondich\u00e9ry, \u00e0 la veille d&rsquo;entamer une mission de 15 mois visant \u00e0 d\u00e9velopper la recherche, l&rsquo;information et la formation sur la microfinance.<\/p>\n","protected":false},"excerpt":{"rendered":"<p>L&rsquo;aventure des coop\u00e9ratives viticoles du Midi de la France Conf\u00e9rence d\u00e9bat \u00e0 Agropolis Museum le 15 octobre 2003 Jean-Marc Touzard (\u00e9conomiste INRA SAD Montpellier) &amp; Yuna Chiffoleau, (sociologue INRA SAD Montpellier) Aujourd&rsquo;hui les coop\u00e9ratives viticoles repr\u00e9sentent encore un secteur tr\u00e8s important dans l&rsquo;\u00e9conomie du Languedoc-Roussillon : 360 coop\u00e9ratives en 2002, pr\u00e8s de 50.000 adh\u00e9rents, les [&hellip;]<\/p>\n","protected":false},"author":157,"featured_media":0,"parent":215,"menu_order":30,"comment_status":"closed","ping_status":"open","template":"","meta":{"footnotes":""},"class_list":["post-1212","page","type-page","status-publish","hentry"],"_links":{"self":[{"href":"https:\/\/blogs.univ-tlse2.fr\/cerises\/wp-json\/wp\/v2\/pages\/1212","targetHints":{"allow":["GET"]}}],"collection":[{"href":"https:\/\/blogs.univ-tlse2.fr\/cerises\/wp-json\/wp\/v2\/pages"}],"about":[{"href":"https:\/\/blogs.univ-tlse2.fr\/cerises\/wp-json\/wp\/v2\/types\/page"}],"author":[{"embeddable":true,"href":"https:\/\/blogs.univ-tlse2.fr\/cerises\/wp-json\/wp\/v2\/users\/157"}],"replies":[{"embeddable":true,"href":"https:\/\/blogs.univ-tlse2.fr\/cerises\/wp-json\/wp\/v2\/comments?post=1212"}],"version-history":[{"count":13,"href":"https:\/\/blogs.univ-tlse2.fr\/cerises\/wp-json\/wp\/v2\/pages\/1212\/revisions"}],"predecessor-version":[{"id":2975,"href":"https:\/\/blogs.univ-tlse2.fr\/cerises\/wp-json\/wp\/v2\/pages\/1212\/revisions\/2975"}],"up":[{"embeddable":true,"href":"https:\/\/blogs.univ-tlse2.fr\/cerises\/wp-json\/wp\/v2\/pages\/215"}],"wp:attachment":[{"href":"https:\/\/blogs.univ-tlse2.fr\/cerises\/wp-json\/wp\/v2\/media?parent=1212"}],"curies":[{"name":"wp","href":"https:\/\/api.w.org\/{rel}","templated":true}]}}