 {"id":1223,"date":"2013-01-18T09:07:48","date_gmt":"2013-01-18T08:07:48","guid":{"rendered":"https:\/\/blogs.univ-tlse2.fr\/cerises\/?page_id=1223"},"modified":"2014-02-06T10:31:56","modified_gmt":"2014-02-06T09:31:56","slug":"contributions-2009","status":"publish","type":"page","link":"https:\/\/blogs.univ-tlse2.fr\/cerises\/publications\/articles\/contributions-a-des-ouvrages\/contributions-2009\/","title":{"rendered":"Contributions 2009"},"content":{"rendered":"<h3><a href=\"https:\/\/blogs.univ-tlse2.fr\/cerises\/files\/contributions-2000-2005-2\/IAE3.pdf\">Les structures d&rsquo;insertion par l&rsquo;\u00e9conomique dans la tourmente financi\u00e8re<\/a><\/h3>\n<p>Les entreprises sociales en Europe<em>, sous la direction de Nicolas Almadio, ABI Editions, 2009<\/em><br \/>\n<em>Jacques Prades, Universit\u00e9 Toulouse Le Mirail<\/em><\/p>\n<p>L\u2019environnement g\u00e9o-politique de ces trente derni\u00e8res ann\u00e9es a provoqu\u00e9 de tels changements qu\u2019on est incapable d\u2019endiguer l\u2019exclusion sociale. Qu\u2019est-ce qui a chang\u00e9 \u00e0 nouveau depuis le d\u00e9but de la crise financi\u00e8re de 2008 ? Pourquoi les structures d\u2019insertion par l\u2019activit\u00e9 \u00e9conomique sont conduites \u00e0 s\u2019interroger sur leur mission ? Peut-on sortir de cette situation, dans quel espace et comment ? Pour r\u00e9pondre \u00e0 ces questions, il importe de bien distinguer ce qui rel\u00e8ve d\u2019un contexte g\u00e9o-politique g\u00e9n\u00e9ral et d\u2019un mode de r\u00e9gulation particulier.<\/p>\n<h3><a href=\"https:\/\/blogs.univ-tlse2.fr\/cerises\/files\/contributions-2007-2009\/2008-alcouffe-prades.pdf\">Propri\u00e9t\u00e9 des actifs et retraites : le cas des retraites coop\u00e9ratives de Lagun Aro (Mondragon)<\/a><\/h3>\n<p>AU-DEL\u00c0 DES DROITS ECONOMIQUES ET DES DROITS POLITIQUES, LES DROITS SOCIAUX\u00a0?<br \/>\n<em>Sous la direction de Jean-Paul Domin, Michel Maric, Sophie Delabruy\u00e8re et Cyril H\u00e9doin<\/em><br \/>\n<em>Alain Alcouffe, Pr, Universit\u00e9 de Toulouse 1 (a&#x6c;&#x61;i&#x6e;&#x2e;a&#x6c;&#x63;o&#x75;&#x66;f&#x65;&#x40;u&#x6e;&#x69;v&#x2d;&#x74;l&#x73;&#x65;1&#x2e;&#x66;r)<\/em><br \/>\n<em>Jacques Prades, Mcf Universit\u00e9 de Toulouse 2 (jac&#113;&#117;&#x65;&#x73;&#x2e;&#x70;&#x72;ade&#115;&#64;&#x75;&#x6e;&#x69;&#x76;&#x2d;tls&#101;&#50;&#x2e;&#x66;&#x72;)<\/em><\/p>\n<p>La conception socialiste des retraites s\u2019est cristallis\u00e9e dans les ann\u00e9es 1880-1914 tandis que les socialistes s\u2019opposaient sur la propri\u00e9t\u00e9 au sein des coop\u00e9ratives. Jaur\u00e8s a d\u00e9fendu des positions originales sur la propri\u00e9t\u00e9 collective et la solidarit\u00e9 dans l\u2019\u00e9volution \u00e9conomique. L\u2019exp\u00e9rience d\u2019Agun Aro du complexe coop\u00e9ratif de Mondragon permet de prolonger ces d\u00e9bats.<\/p>\n<h3><a href=\"https:\/\/blogs.univ-tlse2.fr\/cerises\/files\/contributions-a-des-ouvrages\/La-Mondragon-valley3.pdf\">Quand la raison \u00e9conomique d\u00e9rape&#8230; le pragmatisme coop\u00e9ratif : organisation et strat\u00e9gie de la \u00ab\u00a0Mondragon Valley \u00ab\u00a0<\/a><\/h3>\n<p>Les entreprises sociales en Europe<em>, sous la direction de Nicolas Almadio, ABI Editions, 2009<\/em><br \/>\n<em>Jacques Prades, Universit\u00e9 Toulouse Le Mirail<\/em><\/p>\n<p>Cette crise financi\u00e8re r\u00e9sulte d\u2019une rupture d\u2019un nouveau mode de croissance du capitalisme qui ne lie plus salaire et investissement par le biais de la productivit\u00e9, n\u00e9goci\u00e9 au niveau de la branche \u00e0 l\u2019int\u00e9rieur d\u2019un cadre national, mais investissement et \u00e9pargne, n\u00e9goci\u00e9s au niveau de l\u2019entreprise, tr\u00e8s fortement d\u00e9pendant du march\u00e9 des capitaux et de la possession de titres au niveau international. Aujourd\u2019hui, la comp\u00e9titivit\u00e9 joue le r\u00f4le qu\u2019assumait hier la productivit\u00e9, dans cette analyse (Aglietta, 1998). A Mondragon, les r\u00e9mun\u00e9rations d\u00e9pendent des coop\u00e9rateurs, l\u2019\u00e9pargne est fonction du revenu per\u00e7u et l\u2019investissement ne peut pas faire appel directement au march\u00e9 financier puisque les coop\u00e9ratives ne sont pas (au moins directement) c\u00f4t\u00e9es en bourse.<\/p>\n","protected":false},"excerpt":{"rendered":"<p>Les structures d&rsquo;insertion par l&rsquo;\u00e9conomique dans la tourmente financi\u00e8re Les entreprises sociales en Europe, sous la direction de Nicolas Almadio, ABI Editions, 2009 Jacques Prades, Universit\u00e9 Toulouse Le Mirail L\u2019environnement g\u00e9o-politique de ces trente derni\u00e8res ann\u00e9es a provoqu\u00e9 de tels changements qu\u2019on est incapable d\u2019endiguer l\u2019exclusion sociale. Qu\u2019est-ce qui a chang\u00e9 \u00e0 nouveau depuis le [&hellip;]<\/p>\n","protected":false},"author":157,"featured_media":0,"parent":239,"menu_order":28,"comment_status":"closed","ping_status":"open","template":"","meta":{"footnotes":""},"class_list":["post-1223","page","type-page","status-publish","hentry"],"_links":{"self":[{"href":"https:\/\/blogs.univ-tlse2.fr\/cerises\/wp-json\/wp\/v2\/pages\/1223","targetHints":{"allow":["GET"]}}],"collection":[{"href":"https:\/\/blogs.univ-tlse2.fr\/cerises\/wp-json\/wp\/v2\/pages"}],"about":[{"href":"https:\/\/blogs.univ-tlse2.fr\/cerises\/wp-json\/wp\/v2\/types\/page"}],"author":[{"embeddable":true,"href":"https:\/\/blogs.univ-tlse2.fr\/cerises\/wp-json\/wp\/v2\/users\/157"}],"replies":[{"embeddable":true,"href":"https:\/\/blogs.univ-tlse2.fr\/cerises\/wp-json\/wp\/v2\/comments?post=1223"}],"version-history":[{"count":82,"href":"https:\/\/blogs.univ-tlse2.fr\/cerises\/wp-json\/wp\/v2\/pages\/1223\/revisions"}],"predecessor-version":[{"id":3499,"href":"https:\/\/blogs.univ-tlse2.fr\/cerises\/wp-json\/wp\/v2\/pages\/1223\/revisions\/3499"}],"up":[{"embeddable":true,"href":"https:\/\/blogs.univ-tlse2.fr\/cerises\/wp-json\/wp\/v2\/pages\/239"}],"wp:attachment":[{"href":"https:\/\/blogs.univ-tlse2.fr\/cerises\/wp-json\/wp\/v2\/media?parent=1223"}],"curies":[{"name":"wp","href":"https:\/\/api.w.org\/{rel}","templated":true}]}}