 {"id":1382,"date":"2013-01-18T10:20:28","date_gmt":"2013-01-18T09:20:28","guid":{"rendered":"https:\/\/blogs.univ-tlse2.fr\/cerises\/?page_id=1382"},"modified":"2014-02-06T10:31:56","modified_gmt":"2014-02-06T09:31:56","slug":"textes-de-conferences-2007-2009","status":"publish","type":"page","link":"https:\/\/blogs.univ-tlse2.fr\/cerises\/publications\/conferences-colloques\/textes-de-conferences-2007-2009\/","title":{"rendered":"Textes de conf\u00e9rences 2008"},"content":{"rendered":"<h3><a href=\"https:\/\/blogs.univ-tlse2.fr\/cerises\/files\/textes-de-conferences-2007-2009\/presentation.pdf\">Les AMAP, des r\u00e9seaux agro-alimentaires alternatifs \u00e9mergents en soutien \u00e0 la \u00ab\u00a0petite agriculture locale\u00a0\u00bb : quelles opportunit\u00e9s pour l&rsquo;am\u00e9lioration des revenus des agriculteurs<\/a><\/h3>\n<p><em>2\u00e8mes journ\u00e9es de recherche en sciences sociales INRA SFER CIRAD, 11-12 d\u00e9cembre 2008, Lille, <a href=\"http:\/\/www.bameinfopol.info\/\" target=\"_blank\">http:\/\/www.bameinfopol.info<\/a><\/em><br \/>\n<em> Vale\u0301rie OLIVIER, Dominique COQUART<\/em><br \/>\n<em> Universite\u0301 de Toulouse ; INPT, UT2 Le Mirail, ENFA ; UMR Dynamiques rurales ; ENSAT,<\/em><\/p>\n<p>Les re\u0301sultats d\u2019une e\u0301tude sur les AMAP en Midi-Pyre\u0301ne\u0301es indiquent que, si le caracte\u0300re alternatif des AMAP est visible dans l\u2019analyse des te\u0301moignages des consommateurs, elle parait e\u0302tre moins e\u0301vidente du co\u0302te\u0301 des producteurs concerne\u0301s. Nous tentons d\u2019approfondir la re\u0301flexion en analysant les changements e\u0301conomiques que l\u2019adhe\u0301sion a\u0300 une AMAP peut entrai\u0302ner pour un producteur.<\/p>\n<p>Notre propos est d\u2019interroger la profitabilite\u0301 que le producteur peut retirer d\u2019une insertion dans ce type de re\u0301seau. Les re\u0301sultats empiriques indiquent que le producteur en AMAP tend a\u0300 conserver d\u2019autres de\u0301bouche\u0301s, notamment celui des marche\u0301s physiques et que l\u2019adhe\u0301sion a\u0300 une AMAP conduirait a\u0300 supprimer la vente sur un marche\u0301 physique hebdomadaire.<\/p>\n<h3><a href=\"https:\/\/blogs.univ-tlse2.fr\/cerises\/files\/textes-de-conferences-2007-2009\/ColloqueINAISEMOntreaDEF2008-06d.pdf\">Financiarisation et dynamiques alternatives solidaires<\/a><\/h3>\n<p><em>Sommet mondial de la finance sociale et solidaire<\/em><br \/>\n<em> INAISE\/Caisse d\u2019\u00e9conomie solidaire Desjardins &#8211; Qu\u00e9bec 5-6 juin 2008<\/em><br \/>\n<em> Jean-Michel Servet, professeur IHEID Gen\u00e8ve<\/em><\/p>\n<p>Comprendre la constitution de pratiques financi\u00e8res en alternatives n\u00e9cessite au pr\u00e9alable de r\u00e9pondre \u00e0 deux questions pendantes. Comment reconna\u00eetre aujourd\u2019hui une alternative dans le domaine financier et comment travailler \u00e0 une transformation des dynamiques financi\u00e8res en cours dans le sens d\u2019un d\u00e9veloppement social et humain?<\/p>\n<h3><a href=\"https:\/\/blogs.univ-tlse2.fr\/cerises\/files\/textes-de-conferences-2007-2009\/Notes-intervention-Cahors.pdf\">R\u00e9sister aux forces du capitalisme<\/a><\/h3>\n<p><em>31 mai 2008, F\u00e9d\u00e9ration L\u00e9o Lagrange Cahors Jacques Prades, Universit\u00e9 Toulouse 2<\/em><\/p>\n<p>L\u2019origine commune de l&rsquo;\u00e9conomie sociale et de l&rsquo;\u00e9conomie solidaire est de r\u00e9sister aux forces du capitalisme et de participer au changement de direction de ces forces. Cette r\u00e9sistance pr\u00e9sente des vari\u00e9t\u00e9s \u00e9conomiques, historiques et g\u00e9ographiques qui sont irr\u00e9ductibles. Lorsqu\u2019on compare les structures qui \u00e9manent de ces r\u00e9sistances, on se situe donc sur un continuum politique de pratiques sociales dont on ne peut pas faire l\u2019\u00e9conomie.<\/p>\n<h3><a href=\"https:\/\/blogs.univ-tlse2.fr\/cerises\/files\/textes-de-conferences-2007-2009\/RS-microfinance.pdf\">Responsabilit\u00e9 sociale des acteurs de la microfinance<\/a><\/h3>\n<p><em>Journ\u00e9es internationales de micro-interm\u00e9diation &#8211; mars 2008 Jean-Michel Servet, IHEID Gen\u00e8ve\/IRD\/IFP<\/em><\/p>\n<p>Un nombre grandissant de travaux sur la microfinance \u00e9voquent la \u00ab responsabilit\u00e9 sociale \u00bb des organisations priv\u00e9es, publiques ou mixtes d\u00e9livrant des services microfinanciers. Or, ces travaux sont caract\u00e9ris\u00e9s par une confusion quasi g\u00e9n\u00e9rale de la responsabilit\u00e9 sociale avec une sorte de mission sociale. Ce serait une contribution aux objectifs de diminution des taux de pauvret\u00e9 dans la population d&rsquo;un pays, le plus souvent explicitement au Sud et implicitement au Nord \u00e0 travers l&#8217;emploi dans de micro-entreprises. Or, les \u00e9tudes d&rsquo;impact sont d\u00e9ficientes ou pr\u00e9sentent des r\u00e9sultats contradictoires quant \u00e0 l\u2019\u00e9volution des taux de pauvret\u00e9 des clients ou usagers compatible avec leurs capacit\u00e9s de le couvrir.<\/p>\n<h3><a href=\"https:\/\/blogs.univ-tlse2.fr\/cerises\/files\/textes-de-conferences-2007-2009\/Girou-individual_commitments_and_collective_routines.pdf\">Collective farm shops and AMAP in southwest France. Commitment and delegation on the part of producers and consumers<\/a><\/h3>\n<p><em>Sustainable Consumption and Alternative Agrifood Systems de Li\u00e8ge du 27 au 30 mai 2008.<\/em><br \/>\n<em> St\u00e9phane Girou, Doctorant en sociologie, Dynamiques Rurales, Universit\u00e9 Toulouse Le Mirail<\/em><\/p>\n<p>Local relations between producers and consumers are examined through the prism of two types of collective system: Associations pour le Maintien d&rsquo;une Agriculture Paysanne (AMAP, french CSA, Community-Supported Agriculture) and Collective Farm Shops (CFS). We refer to a study of the Midi-Pyre\u0301ne\u0301es region carried out in 2007. We make a particular study of what motivates consumers and producers alike. Having demonstrated the significant increase in the numbers of regional collectives schemes, we highlight a range of existing tensions in the way that these collectives and networks of collectives (CSA) operate. The combined CSA\/CFS approach allows a better vision of the skills deficits encountered amongst producers who are required to play a number of different roles, and provides a definition of routine, the most natural agricultural situation encountered in a CSA-style partnership.<\/p>\n","protected":false},"excerpt":{"rendered":"<p>Les AMAP, des r\u00e9seaux agro-alimentaires alternatifs \u00e9mergents en soutien \u00e0 la \u00ab\u00a0petite agriculture locale\u00a0\u00bb : quelles opportunit\u00e9s pour l&rsquo;am\u00e9lioration des revenus des agriculteurs 2\u00e8mes journ\u00e9es de recherche en sciences sociales INRA SFER CIRAD, 11-12 d\u00e9cembre 2008, Lille, http:\/\/www.bameinfopol.info Vale\u0301rie OLIVIER, Dominique COQUART Universite\u0301 de Toulouse ; INPT, UT2 Le Mirail, ENFA ; UMR Dynamiques rurales [&hellip;]<\/p>\n","protected":false},"author":157,"featured_media":0,"parent":215,"menu_order":26,"comment_status":"closed","ping_status":"open","template":"","meta":{"footnotes":""},"class_list":["post-1382","page","type-page","status-publish","hentry"],"_links":{"self":[{"href":"https:\/\/blogs.univ-tlse2.fr\/cerises\/wp-json\/wp\/v2\/pages\/1382","targetHints":{"allow":["GET"]}}],"collection":[{"href":"https:\/\/blogs.univ-tlse2.fr\/cerises\/wp-json\/wp\/v2\/pages"}],"about":[{"href":"https:\/\/blogs.univ-tlse2.fr\/cerises\/wp-json\/wp\/v2\/types\/page"}],"author":[{"embeddable":true,"href":"https:\/\/blogs.univ-tlse2.fr\/cerises\/wp-json\/wp\/v2\/users\/157"}],"replies":[{"embeddable":true,"href":"https:\/\/blogs.univ-tlse2.fr\/cerises\/wp-json\/wp\/v2\/comments?post=1382"}],"version-history":[{"count":55,"href":"https:\/\/blogs.univ-tlse2.fr\/cerises\/wp-json\/wp\/v2\/pages\/1382\/revisions"}],"predecessor-version":[{"id":3500,"href":"https:\/\/blogs.univ-tlse2.fr\/cerises\/wp-json\/wp\/v2\/pages\/1382\/revisions\/3500"}],"up":[{"embeddable":true,"href":"https:\/\/blogs.univ-tlse2.fr\/cerises\/wp-json\/wp\/v2\/pages\/215"}],"wp:attachment":[{"href":"https:\/\/blogs.univ-tlse2.fr\/cerises\/wp-json\/wp\/v2\/media?parent=1382"}],"curies":[{"name":"wp","href":"https:\/\/api.w.org\/{rel}","templated":true}]}}