 {"id":139,"date":"2013-01-10T15:25:13","date_gmt":"2013-01-10T14:25:13","guid":{"rendered":"https:\/\/blogs.univ-tlse2.fr\/cerises\/?page_id=139"},"modified":"2015-06-28T06:52:53","modified_gmt":"2015-06-28T04:52:53","slug":"les-expertises-de-cerises","status":"publish","type":"page","link":"https:\/\/blogs.univ-tlse2.fr\/cerises\/experimentations\/les-expertises-de-cerises\/","title":{"rendered":"Les expertises de Cerises"},"content":{"rendered":"<p>Nous intervenons en conseil en d\u00e9veloppement de l&rsquo;\u00e9conomie sociale et solidaire et r\u00e9alisons des travaux de recherche. Cette page vous permet d&rsquo;acc\u00e9der \u00e0 l&rsquo;essentiel des r\u00e9sultats des \u00e9tudes et recherches men\u00e9es depuis 10 ans. Nous tenons en effet \u00e0 ce que la connaissance produite puisse \u00eatre librement diffus\u00e9e.<!--more--><\/p>\n<p><a title=\"Publications issues des travaux de Cerises\" href=\"https:\/\/blogs.univ-tlse2.fr\/cerises\/publications\/rapports-detudes\/publications-issues-des-travaux-de-cerises\/\">Plusieurs de nos missions ont donn\u00e9 lieu \u00e0 des publications, dont certaines sont librement consultables ou t\u00e9l\u00e9chargeables.<\/a><\/p>\n<h1>Programme 2015 PTCE COLOMIERS<\/h1>\n<ul>\n<li>Mise en place d&rsquo;un PTCE Colomiers<\/li>\n<li>Pr\u00e9-rapport remis en f\u00e9vrier 2014<\/li>\n<li>Rapport remis au 30 juin 2015<\/li>\n<\/ul>\n<div class=\"page\" title=\"Page 22\">\n<div class=\"layoutArea\">\n<div class=\"column\">\n<p>Il a \u00e9t\u00e9 d\u00e9cid\u00e9 localement, de lancer le projet de cr\u00e9ation d\u2019un P\u00f4le Territorial de Coop\u00e9ration Economique ayant en charge, pour le territoire de Colomiers et plus largement de l\u2019ouest toulousain, la promotion de l\u2019\u00c9conomie Sociale et Solidaire (ESS), l\u2019accompagnement, l\u2019h\u00e9bergement et la coop\u00e9ration des porteurs de projets dans le champ de l\u2019ESS, et la coop\u00e9ration entre champs \u00e9conomiques pour la dynamisation et le d\u00e9veloppement local et l\u2019innovation sociale.<\/p>\n<p>L\u2019association Chrysalide porte localement le Pole Territorial de Coop\u00e9ration \u00c9conomique seul propre \u00e0 d\u00e9velopper la recherche en innovation et exp\u00e9rimentation \u00e9conomique et sociale, la coop\u00e9ration et par capillarit\u00e9 la dynamisation du tissu local \u00e9conomique et social. L\u2019association a envisag\u00e9 la cr\u00e9ation de trois outils : Une association de ressources informationnelles, une Soci\u00e9t\u00e9 Coop\u00e9rative d\u2019Int\u00e9r\u00eat Collectif (SCIC) qui aura en charge l\u2019accompagnement, l\u2019h\u00e9bergement et la coop\u00e9ration des porteurs de projets dans le champ de l\u2019ESS, ainsi que des outils financiers (Une Fondation Territoriale et une CIGALES) qui permettront de financer les porteurs de projets de l\u2019ESS du territoire sous forme de pr\u00eat d\u2019honneur,<\/p>\n<\/div>\n<\/div>\n<\/div>\n<p>. <a title=\"Contact\" href=\"https:\/\/blogs.univ-tlse2.fr\/cerises\/contact\/\">Contactez-nous<\/a><\/p>\n<h2>Dans cette rubrique :<\/h2>\n\n<!-- Page-list plugin v.5.9 wordpress.org\/plugins\/page-list\/ -->\n<ul class=\"page-list \">\n<li class=\"page_item page-item-143\"><a href=\"https:\/\/blogs.univ-tlse2.fr\/cerises\/experimentations\/les-expertises-de-cerises\/contrat-region-midi-pyrenees\/\">Contrat R\u00e9gion Midi-Pyr\u00e9n\u00e9es<\/a><\/li>\n<li class=\"page_item page-item-141\"><a href=\"https:\/\/blogs.univ-tlse2.fr\/cerises\/experimentations\/les-expertises-de-cerises\/plaine-commune\/\">Plaine commune<\/a><\/li>\n\n<\/ul>\n","protected":false},"excerpt":{"rendered":"<p>Nous intervenons en conseil en d\u00e9veloppement de l&rsquo;\u00e9conomie sociale et solidaire et r\u00e9alisons des travaux de recherche. Cette page vous permet d&rsquo;acc\u00e9der \u00e0 l&rsquo;essentiel des r\u00e9sultats des \u00e9tudes et recherches men\u00e9es depuis 10 ans. Nous tenons en effet \u00e0 ce que la connaissance produite puisse \u00eatre librement diffus\u00e9e.<\/p>\n","protected":false},"author":157,"featured_media":0,"parent":17,"menu_order":1,"comment_status":"closed","ping_status":"open","template":"","meta":{"footnotes":""},"class_list":["post-139","page","type-page","status-publish","hentry"],"_links":{"self":[{"href":"https:\/\/blogs.univ-tlse2.fr\/cerises\/wp-json\/wp\/v2\/pages\/139","targetHints":{"allow":["GET"]}}],"collection":[{"href":"https:\/\/blogs.univ-tlse2.fr\/cerises\/wp-json\/wp\/v2\/pages"}],"about":[{"href":"https:\/\/blogs.univ-tlse2.fr\/cerises\/wp-json\/wp\/v2\/types\/page"}],"author":[{"embeddable":true,"href":"https:\/\/blogs.univ-tlse2.fr\/cerises\/wp-json\/wp\/v2\/users\/157"}],"replies":[{"embeddable":true,"href":"https:\/\/blogs.univ-tlse2.fr\/cerises\/wp-json\/wp\/v2\/comments?post=139"}],"version-history":[{"count":11,"href":"https:\/\/blogs.univ-tlse2.fr\/cerises\/wp-json\/wp\/v2\/pages\/139\/revisions"}],"predecessor-version":[{"id":3609,"href":"https:\/\/blogs.univ-tlse2.fr\/cerises\/wp-json\/wp\/v2\/pages\/139\/revisions\/3609"}],"up":[{"embeddable":true,"href":"https:\/\/blogs.univ-tlse2.fr\/cerises\/wp-json\/wp\/v2\/pages\/17"}],"wp:attachment":[{"href":"https:\/\/blogs.univ-tlse2.fr\/cerises\/wp-json\/wp\/v2\/media?parent=139"}],"curies":[{"name":"wp","href":"https:\/\/api.w.org\/{rel}","templated":true}]}}