 {"id":14,"date":"2013-01-09T16:35:52","date_gmt":"2013-01-09T15:35:52","guid":{"rendered":"https:\/\/blogs.univ-tlse2.fr\/cerises\/?page_id=14"},"modified":"2020-02-17T13:16:04","modified_gmt":"2020-02-17T12:16:04","slug":"publications","status":"publish","type":"page","link":"https:\/\/blogs.univ-tlse2.fr\/cerises\/publications\/","title":{"rendered":"Publications"},"content":{"rendered":"<p><strong>Cerises contribue \u00e0 diffuser les travaux de recherche qui permettent une meilleure compr\u00e9hension de l&rsquo;\u00e9conomie sociale. On peut consulter les publications de l&rsquo;\u00e9quipe de Cerises par auteur en cliquant CERISES (en haut \u00e0 droite), puis, dans le menu d\u00e9roulant, l&rsquo;Equipe.<\/strong><\/p>\n<p><img loading=\"lazy\" decoding=\"async\" class=\"aligncenter size-large wp-image-2035\" src=\"https:\/\/blogs.univ-tlse2.fr\/cerises\/files\/publications\/CIMG0223-666x500.jpg\" alt=\"\" width=\"625\" height=\"469\" srcset=\"https:\/\/blogs.univ-tlse2.fr\/cerises\/files\/publications\/CIMG0223-666x500.jpg 666w, https:\/\/blogs.univ-tlse2.fr\/cerises\/files\/publications\/CIMG0223-300x225.jpg 300w, https:\/\/blogs.univ-tlse2.fr\/cerises\/files\/publications\/CIMG0223-624x468.jpg 624w, https:\/\/blogs.univ-tlse2.fr\/cerises\/files\/publications\/CIMG0223.jpg 2048w\" sizes=\"auto, (max-width: 625px) 100vw, 625px\" \/><\/p>\n\n<!-- Page-list plugin v.5.9 wordpress.org\/plugins\/page-list\/ -->\n<div class=\"page-list page-list-ext \">\n<div class=\"page-list-ext-item\"><h3 class=\"page-list-ext-title\"><a href=\"https:\/\/blogs.univ-tlse2.fr\/cerises\/publications\/rapports-detudes\/\" title=\"Rapports d&#039;\u00e9tudes\">Rapports d&#039;\u00e9tudes<\/a><\/h3><\/div>\n<div class=\"page-list-ext-item\"><h3 class=\"page-list-ext-title\"><a href=\"https:\/\/blogs.univ-tlse2.fr\/cerises\/publications\/articles\/\" title=\"Articles\">Articles<\/a><\/h3><\/div>\n<div class=\"page-list-ext-item\"><h3 class=\"page-list-ext-title\"><a href=\"https:\/\/blogs.univ-tlse2.fr\/cerises\/publications\/documents-de-travail\/\" title=\"Documents de travail\">Documents de travail<\/a><\/h3><\/div>\n<div class=\"page-list-ext-item\"><h3 class=\"page-list-ext-title\"><a href=\"https:\/\/blogs.univ-tlse2.fr\/cerises\/publications\/conferences-colloques\/\" title=\"Conf\u00e9rences, colloques\">Conf\u00e9rences, colloques<\/a><\/h3><\/div>\n<div class=\"page-list-ext-item\"><h3 class=\"page-list-ext-title\"><a href=\"https:\/\/blogs.univ-tlse2.fr\/cerises\/publications\/centre-de-documentation\/\" title=\"Centre de documentation\">Centre de documentation<\/a><\/h3><\/div>\n<div class=\"page-list-ext-item\"><h3 class=\"page-list-ext-title\"><a href=\"https:\/\/blogs.univ-tlse2.fr\/cerises\/publications\/debats\/\" title=\"Au c\u0153ur des d\u00e9bats\">Au c\u0153ur des d\u00e9bats<\/a><\/h3><\/div>\n\n<\/div>\n<p>Nous remercions les auteurs qui ont bien voulu nous transmettre leurs textes.<\/p>\n<p>Pour d&rsquo;autres sites diffusant des travaux de recherche sur l&rsquo;\u00e9conomie sociale et solidaire, veuillez consulter la <a title=\"Liens\" href=\"https:\/\/blogs.univ-tlse2.fr\/cerises\/liens\/\">rubrique Liens<\/a>.<\/p>\n<p>N&rsquo;h\u00e9sitez pas \u00e0 nous proposer vos contributions ou vos commentaires sur les articles, afin d&rsquo;enrichir cette biblioth\u00e8que en ligne.<\/p>\n","protected":false},"excerpt":{"rendered":"<p>Cerises contribue \u00e0 diffuser les travaux de recherche qui permettent une meilleure compr\u00e9hension de l&rsquo;\u00e9conomie sociale. On peut consulter les publications de l&rsquo;\u00e9quipe de Cerises par auteur en cliquant CERISES (en haut \u00e0 droite), puis, dans le menu d\u00e9roulant, l&rsquo;Equipe. Nous remercions les auteurs qui ont bien voulu nous transmettre leurs textes. Pour d&rsquo;autres sites [&hellip;]<\/p>\n","protected":false},"author":157,"featured_media":0,"parent":0,"menu_order":3,"comment_status":"closed","ping_status":"open","template":"","meta":{"footnotes":""},"class_list":["post-14","page","type-page","status-publish","hentry"],"_links":{"self":[{"href":"https:\/\/blogs.univ-tlse2.fr\/cerises\/wp-json\/wp\/v2\/pages\/14","targetHints":{"allow":["GET"]}}],"collection":[{"href":"https:\/\/blogs.univ-tlse2.fr\/cerises\/wp-json\/wp\/v2\/pages"}],"about":[{"href":"https:\/\/blogs.univ-tlse2.fr\/cerises\/wp-json\/wp\/v2\/types\/page"}],"author":[{"embeddable":true,"href":"https:\/\/blogs.univ-tlse2.fr\/cerises\/wp-json\/wp\/v2\/users\/157"}],"replies":[{"embeddable":true,"href":"https:\/\/blogs.univ-tlse2.fr\/cerises\/wp-json\/wp\/v2\/comments?post=14"}],"version-history":[{"count":16,"href":"https:\/\/blogs.univ-tlse2.fr\/cerises\/wp-json\/wp\/v2\/pages\/14\/revisions"}],"predecessor-version":[{"id":3848,"href":"https:\/\/blogs.univ-tlse2.fr\/cerises\/wp-json\/wp\/v2\/pages\/14\/revisions\/3848"}],"wp:attachment":[{"href":"https:\/\/blogs.univ-tlse2.fr\/cerises\/wp-json\/wp\/v2\/media?parent=14"}],"curies":[{"name":"wp","href":"https:\/\/api.w.org\/{rel}","templated":true}]}}