 {"id":141,"date":"2013-01-10T15:25:45","date_gmt":"2013-01-10T14:25:45","guid":{"rendered":"https:\/\/blogs.univ-tlse2.fr\/cerises\/?page_id=141"},"modified":"2014-02-06T10:31:56","modified_gmt":"2014-02-06T09:31:56","slug":"plaine-commune","status":"publish","type":"page","link":"https:\/\/blogs.univ-tlse2.fr\/cerises\/experimentations\/les-expertises-de-cerises\/plaine-commune\/","title":{"rendered":"Plaine commune"},"content":{"rendered":"<div>Etude 2005<br \/>\nProgramme 2006<\/div>\n<p>&nbsp;<\/p>\n<p align=\"center\"><strong>Bienvenue sur la page du programme Plaine Commune-Cerises de \u00ab\u00a0mobilisation des acteurs de l&rsquo;\u00e9conomie sociale et solidaire en faveur du territoire de Plaine Commune\u00a0\u00bb<\/strong><\/p>\n<p align=\"justify\">Vous trouverez sur cette page:<\/p>\n<ul>\n<li>des informations et des documents sur les groupes de travail en cours<\/li>\n<li>les documents de la phase \u00e9tude 2005<\/li>\n<\/ul>\n<p><strong>Programme 2006 en cours<\/strong><\/p>\n<ul>\n<li>pr\u00e9sentation par Jacques Prades de l&rsquo;axe services de proximit\u00e9 de 2006 : <a href=\"https:\/\/blogs.univ-tlse2.fr\/cerises\/files\/plaine-commune\/Services-de-proximite-3.pdf\">services de proximit\u00e9<\/a><\/li>\n<li><a href=\"https:\/\/blogs.univ-tlse2.fr\/cerises\/files\/plaine-commune\/Les-programmes-de-travail.pdf\">Programmes de travail<\/a><\/li>\n<li>le calendrier de r\u00e9union des 3 ateliers \u00ab\u00a0services de proximit\u00e9\u00a0\u00bb (en bas de cette page)<\/li>\n<li>la fiche-type de pr\u00e9sentation des structures ayant des activit\u00e9s de services : <a href=\"https:\/\/blogs.univ-tlse2.fr\/cerises\/files\/plaine-commune\/fiches-structures-services.pdf\">Fiche d&rsquo;information<\/a><\/li>\n<li>Compte-rendus des ateliers et rapports:<\/li>\n<\/ul>\n<ul>\n<li><a href=\"https:\/\/blogs.univ-tlse2.fr\/cerises\/files\/plaine-commune\/Atelier-A-1-11avril.pdf\">Atelier A &#8211; S\u00e9ance 1<\/a><\/li>\n<li><a href=\"https:\/\/blogs.univ-tlse2.fr\/cerises\/files\/plaine-commune\/atelier-B-1-25avril.pdf\">Atelier B &#8211; S\u00e9ance 1<\/a><\/li>\n<li><a href=\"https:\/\/blogs.univ-tlse2.fr\/cerises\/files\/plaine-commune\/Atelier-C-1-9-mai.pdf\">Atelier C &#8211; S\u00e9ance 1<\/a><\/li>\n<li><a href=\"https:\/\/blogs.univ-tlse2.fr\/cerises\/files\/publications-issues-des-travaux-de-cerises\/RAPPORT-Intermediaire-Plaine-Commune-2006.pdf\">RAPPORT INTERMEDIAIRE &#8211; JUILLET 2006<\/a><\/li>\n<li>RAPPORT FINAL EN COURS DE VALIDATION PAR LA COMMUNAUTE D&rsquo;AGGLOMERATION<a href=\"http:\/\/www.univ-tlse2.fr\/cerises\/download\/redirec.php?id=186\"><br \/>\n<\/a><\/li>\n<\/ul>\n<p><strong>Documents de l&rsquo;\u00e9tude 2005 <\/strong><\/p>\n<ul>\n<li><a href=\"https:\/\/blogs.univ-tlse2.fr\/cerises\/files\/publications-issues-des-travaux-de-cerises\/plaine-commune-version-finale-5.pdf\">Plaine Commune 1 &#8211; Rapport Final<\/a> et <a href=\"https:\/\/blogs.univ-tlse2.fr\/cerises\/files\/publications-issues-des-travaux-de-cerises\/synthese-etude-Plaine-Commune.pdf\">synth\u00e8se de l&rsquo;\u00e9tude<\/a><\/li>\n<\/ul>\n<ul>\n<li><a href=\"https:\/\/blogs.univ-tlse2.fr\/cerises\/files\/publications-issues-des-travaux-de-cerises\/Plaine-commune-BDD-Initiatives-Solidaires-V13-nov-05.pdf\">Plaine Commune &#8211; 2 base de donn\u00e9es<\/a> des acteurs<\/li>\n<\/ul>\n<ul>\n<li><a href=\"https:\/\/blogs.univ-tlse2.fr\/cerises\/files\/publications-issues-des-travaux-de-cerises\/plaine-commune-bonnes-pratiques.pdf\">Plaine Commune &#8211; 3 &#8211; Bonnes pratiques<\/a><\/li>\n<\/ul>\n<p align=\"justify\">Equipe de Cerises mobilis\u00e9e pour le programme 2006 :<\/p>\n<table border=\"0\">\n<tbody>\n<tr>\n<td><\/td>\n<td>Jacques Prades<\/td>\n<td>responsable scientifique<\/td>\n<td>&#x70;&#x72;&#x61;&#x64;&#x65;&#x73;&#x40;&#x75;&#x6e;&#x69;&#x76;&#x2d;&#x74;&#x6c;&#x73;&#x65;&#x32;&#x2e;&#x66;&#x72;<br \/>\n05 61 50 45 00<\/td>\n<\/tr>\n<tr>\n<td><\/td>\n<td>Isabelle Matt\u00e9i<\/td>\n<td>responsable administrative<\/td>\n<td>i&#x6d;a&#116;&#x74;e&#105;&#x40;u&#x6e;&#x69;v&#x2d;t&#108;&#x73;e&#50;&#x2e;f&#x72;<br \/>\n05 61 50 41 79<\/td>\n<\/tr>\n<tr align=\"left\" valign=\"middle\">\n<td><\/td>\n<td>Mathieu H\u00e9lias<\/td>\n<td>charg\u00e9 de mission<\/td>\n<td><\/td>\n<\/tr>\n<\/tbody>\n<\/table>\n<p>&nbsp;<\/p>\n<p>Composition des ateliers :<\/p>\n<p align=\"center\">Ateliers services de proximit\u00e9<\/p>\n<p align=\"center\"><strong>CERISES-Plaine commune<\/strong><\/p>\n<table width=\"620\" border=\"1\" cellspacing=\"0\" cellpadding=\"5\">\n<tbody>\n<tr valign=\"top\">\n<td width=\"183\">\n<p align=\"left\">Horaires :<\/p>\n<p align=\"left\">14h \u201317h30<\/p>\n<\/td>\n<td width=\"132\">\n<p align=\"left\">Atelier A<\/p>\n<p align=\"left\">Service du domicile et \u00e0 domicile<\/p>\n<\/td>\n<td width=\"141\">\n<p align=\"left\">Atelier B<\/p>\n<p align=\"left\">Service de proximit\u00e9 de la culture et de l\u2019environnement<\/p>\n<\/td>\n<td width=\"122\">\n<p align=\"left\">Atelier C<\/p>\n<p align=\"left\">Service de proximit\u00e9 urbains<\/p>\n<\/td>\n<\/tr>\n<tr valign=\"top\">\n<td width=\"183\" height=\"21\">\n<p align=\"left\">S\u00e9ance 1 : identification des acteurs, champs d\u2019application des services<\/p>\n<\/td>\n<td width=\"132\">\n<p align=\"center\">Mardi 11 avril<\/p>\n<\/td>\n<td width=\"141\">\n<p align=\"center\">Mardi 25 avril<\/p>\n<\/td>\n<td width=\"122\">\n<p align=\"center\">Mardi 9 mai<\/p>\n<\/td>\n<\/tr>\n<tr valign=\"top\">\n<td width=\"183\">\n<p align=\"left\">S\u00e9ance 2 : dispositifs juridiques existants, loi Borloo, services publics, coop\u00e9ratives<\/p>\n<\/td>\n<td width=\"132\">\n<p align=\"center\">Mardi 23 mai<\/p>\n<\/td>\n<td width=\"141\">\n<p align=\"center\">Mardi 13 juin<\/p>\n<\/td>\n<td width=\"122\">\n<p align=\"left\">Mardi 27 juin<\/p>\n<\/td>\n<\/tr>\n<tr valign=\"top\">\n<td width=\"183\">\n<p align=\"left\">S\u00e9ance 3 : m\u00e9thodologie de d\u00e9veloppement, comment mobiliser les habitants ?<\/p>\n<\/td>\n<td width=\"132\">\n<p align=\"left\">Mardi 12 septembre<\/p>\n<\/td>\n<td width=\"141\">\n<p align=\"left\">Mardi 26 septembre<\/p>\n<\/td>\n<td width=\"122\">\n<p align=\"left\">Mardi 10 octobre<\/p>\n<\/td>\n<\/tr>\n<tr valign=\"top\">\n<td width=\"183\">\n<p align=\"left\">S\u00e9ance 4 : Financement, chronogramme, acteurs<\/p>\n<\/td>\n<td width=\"132\">Mardi 24 octobre<\/td>\n<td width=\"141\">Mardi 7 novembre au matin<\/td>\n<td width=\"122\">\n<p align=\"left\">Mardi 7 novembre apr\u00e8s-midi<\/p>\n<\/td>\n<\/tr>\n<tr>\n<td>Forum de l&rsquo;\u00e9conomie sociale et solidaire-services de proximit\u00e9<\/td>\n<td>Mardi<\/td>\n<td>21<\/td>\n<td>Novembre<\/td>\n<\/tr>\n<\/tbody>\n<\/table>\n","protected":false},"excerpt":{"rendered":"<p>Etude 2005 Programme 2006 &nbsp; Bienvenue sur la page du programme Plaine Commune-Cerises de \u00ab\u00a0mobilisation des acteurs de l&rsquo;\u00e9conomie sociale et solidaire en faveur du territoire de Plaine Commune\u00a0\u00bb Vous trouverez sur cette page: des informations et des documents sur les groupes de travail en cours les documents de la phase \u00e9tude 2005 Programme 2006 [&hellip;]<\/p>\n","protected":false},"author":157,"featured_media":0,"parent":139,"menu_order":2,"comment_status":"closed","ping_status":"closed","template":"","meta":{"footnotes":""},"class_list":["post-141","page","type-page","status-publish","hentry"],"_links":{"self":[{"href":"https:\/\/blogs.univ-tlse2.fr\/cerises\/wp-json\/wp\/v2\/pages\/141","targetHints":{"allow":["GET"]}}],"collection":[{"href":"https:\/\/blogs.univ-tlse2.fr\/cerises\/wp-json\/wp\/v2\/pages"}],"about":[{"href":"https:\/\/blogs.univ-tlse2.fr\/cerises\/wp-json\/wp\/v2\/types\/page"}],"author":[{"embeddable":true,"href":"https:\/\/blogs.univ-tlse2.fr\/cerises\/wp-json\/wp\/v2\/users\/157"}],"replies":[{"embeddable":true,"href":"https:\/\/blogs.univ-tlse2.fr\/cerises\/wp-json\/wp\/v2\/comments?post=141"}],"version-history":[{"count":8,"href":"https:\/\/blogs.univ-tlse2.fr\/cerises\/wp-json\/wp\/v2\/pages\/141\/revisions"}],"predecessor-version":[{"id":2990,"href":"https:\/\/blogs.univ-tlse2.fr\/cerises\/wp-json\/wp\/v2\/pages\/141\/revisions\/2990"}],"up":[{"embeddable":true,"href":"https:\/\/blogs.univ-tlse2.fr\/cerises\/wp-json\/wp\/v2\/pages\/139"}],"wp:attachment":[{"href":"https:\/\/blogs.univ-tlse2.fr\/cerises\/wp-json\/wp\/v2\/media?parent=141"}],"curies":[{"name":"wp","href":"https:\/\/api.w.org\/{rel}","templated":true}]}}