 {"id":143,"date":"2013-01-10T15:26:30","date_gmt":"2013-01-10T14:26:30","guid":{"rendered":"https:\/\/blogs.univ-tlse2.fr\/cerises\/?page_id=143"},"modified":"2014-02-06T10:31:56","modified_gmt":"2014-02-06T09:31:56","slug":"contrat-region-midi-pyrenees","status":"publish","type":"page","link":"https:\/\/blogs.univ-tlse2.fr\/cerises\/experimentations\/les-expertises-de-cerises\/contrat-region-midi-pyrenees\/","title":{"rendered":"Contrat R\u00e9gion Midi-Pyr\u00e9n\u00e9es"},"content":{"rendered":"<p>Entam\u00e9 en novembre 2006<\/p>\n<p>La premi\u00e8re \u00e9tape du contrat a consist\u00e9 \u00e0 suivre les d\u00e9bats qui se sont d\u00e9roul\u00e9s pendant la Quinzaine de l&rsquo;Economie Solidaire, le Forum R\u00e9gional de l&rsquo;Economie Sociale et Solidaire et la Semaine de l&rsquo;Epargne Solidaire et rencontrer les acteurs qui se sont mobilis\u00e9s lors de ces \u00e9v\u00e9nements.<\/p>\n<p>Cette \u00e9tape s&rsquo;est cl\u00f4tur\u00e9e par la remise d&rsquo;un rapport au Conseil R\u00e9gional Midi Pyr\u00e9n\u00e9es, \u00ab\u00a0Quelques pistes pour les initiatives solidaires et les entreprises sociales en Midi Pyr\u00e9n\u00e9es\u00a0\u00bb lors des ETATS GENERAUX DE L&rsquo;ECONOMIE SOCIALE ET SOLIDAIRE, organis\u00e9s par le Conseil R\u00e9gional Midi Pyr\u00e9n\u00e9es le 24 f\u00e9vrier 2007 au Conseil R\u00e9gional. Les deux premi\u00e8res parties du rapport, ax\u00e9es sur la m\u00e9thodologie du centre, sont actuellement retravaill\u00e9es par Cerises dans l&rsquo;objectif d&rsquo;une publication.<\/p>\n<p>Vous pouvez dors-et-d\u00e9j\u00e0 t\u00e9l\u00e9charger les parties introductives et conclusives ainsi que la troisi\u00e8me partie et les annexes: <a href=\"https:\/\/blogs.univ-tlse2.fr\/cerises\/files\/publications-issues-des-travaux-de-cerises\/CR-MIP-III-+-annexes.pdf\">Intuitions sur les recommandations<\/a>. Bien entendu, <a title=\"Contact\" href=\"https:\/\/blogs.univ-tlse2.fr\/cerises\/contact\/\">n&rsquo;h\u00e9sitez pas \u00e0 nous retourner vos critiques et observations<\/a>.<\/p>\n<h1>Programme des Etats G\u00e9n\u00e9raux<\/h1>\n<p>Anim\u00e9s par Marion Esquerr\u00e9.<\/p>\n<p><strong>9h<\/strong> : Caf\u00e9 d&rsquo;accueil<br \/>\n<strong>9h15<\/strong> : \u00ab\u00a0Valeurs en hausse?\u00a0\u00bb, film de Thierry Maybon, Mira Productions<br \/>\n<strong>9h30<\/strong> : Discours d&rsquo;ouverture de Martin Malvy, ancien Ministre, Pr\u00e9sident de la R\u00e9gion Midi Pyr\u00e9n\u00e9es<br \/>\n<strong>9h45<\/strong> : Table Ronde. Bilan des actions r\u00e9gionales et parole donn\u00e9e aux acteurs &#8211; Marie-Pierre Vieu, Vice-Pr\u00e9sidente R\u00e9gion Midi Pyr\u00e9n\u00e9es, Monique Iborra, Premi\u00e8re Vice-Pr\u00e9sidente R\u00e9gion Midi-Pyr\u00e9n\u00e9es.<br \/>\nT\u00e9moignages: Empalot Initiatives, URSCOP<br \/>\n<strong>12h30<\/strong> : D\u00e9jeuner (sur inscription)<br \/>\n<strong>14h00<\/strong> : Table Ronde. Synth\u00e8se de la Quinzaine de l&rsquo;\u00e9conomie solidaire en Midi Pyr\u00e9n\u00e9es &#8211; Jacques Prades, Cerises<br \/>\n<strong>14h45<\/strong> : Pr\u00e9sentation de l&rsquo;Appel r\u00e9gional \u00e0 projets d&rsquo;\u00e9conomie solidaire aux Pays et aux Parcs Naturels R\u00e9gionaux &#8211; Ren\u00e9-Marie Willemot, Direction de l&rsquo;Environnement et du D\u00e9veloppement Durable, Conseil R\u00e9gional Midi Pyr\u00e9n\u00e9es<br \/>\n<strong>15h00<\/strong> : D\u00e9bat avec la salle<br \/>\n<strong>16h00<\/strong> : Intervention de grands t\u00e9moins. L&rsquo;\u00e9conomie sociale et solidaire, ailleurs &#8211; Euror\u00e9gion, Afrique.<br \/>\n<strong>16h45<\/strong> : Discours de cl\u00f4ture de Marie-Pierre Vieu, Vice Pr\u00e9sidente R\u00e9gion Midi Pyr\u00e9n\u00e9es<\/p>\n","protected":false},"excerpt":{"rendered":"<p>Entam\u00e9 en novembre 2006 La premi\u00e8re \u00e9tape du contrat a consist\u00e9 \u00e0 suivre les d\u00e9bats qui se sont d\u00e9roul\u00e9s pendant la Quinzaine de l&rsquo;Economie Solidaire, le Forum R\u00e9gional de l&rsquo;Economie Sociale et Solidaire et la Semaine de l&rsquo;Epargne Solidaire et rencontrer les acteurs qui se sont mobilis\u00e9s lors de ces \u00e9v\u00e9nements. Cette \u00e9tape s&rsquo;est cl\u00f4tur\u00e9e [&hellip;]<\/p>\n","protected":false},"author":157,"featured_media":0,"parent":139,"menu_order":2,"comment_status":"closed","ping_status":"open","template":"","meta":{"footnotes":""},"class_list":["post-143","page","type-page","status-publish","hentry"],"_links":{"self":[{"href":"https:\/\/blogs.univ-tlse2.fr\/cerises\/wp-json\/wp\/v2\/pages\/143","targetHints":{"allow":["GET"]}}],"collection":[{"href":"https:\/\/blogs.univ-tlse2.fr\/cerises\/wp-json\/wp\/v2\/pages"}],"about":[{"href":"https:\/\/blogs.univ-tlse2.fr\/cerises\/wp-json\/wp\/v2\/types\/page"}],"author":[{"embeddable":true,"href":"https:\/\/blogs.univ-tlse2.fr\/cerises\/wp-json\/wp\/v2\/users\/157"}],"replies":[{"embeddable":true,"href":"https:\/\/blogs.univ-tlse2.fr\/cerises\/wp-json\/wp\/v2\/comments?post=143"}],"version-history":[{"count":19,"href":"https:\/\/blogs.univ-tlse2.fr\/cerises\/wp-json\/wp\/v2\/pages\/143\/revisions"}],"predecessor-version":[{"id":2989,"href":"https:\/\/blogs.univ-tlse2.fr\/cerises\/wp-json\/wp\/v2\/pages\/143\/revisions\/2989"}],"up":[{"embeddable":true,"href":"https:\/\/blogs.univ-tlse2.fr\/cerises\/wp-json\/wp\/v2\/pages\/139"}],"wp:attachment":[{"href":"https:\/\/blogs.univ-tlse2.fr\/cerises\/wp-json\/wp\/v2\/media?parent=143"}],"curies":[{"name":"wp","href":"https:\/\/api.w.org\/{rel}","templated":true}]}}