 {"id":146,"date":"2013-01-10T15:27:19","date_gmt":"2013-01-10T14:27:19","guid":{"rendered":"https:\/\/blogs.univ-tlse2.fr\/cerises\/?page_id=146"},"modified":"2017-08-17T16:46:23","modified_gmt":"2017-08-17T14:46:23","slug":"projets-de-co-habitat","status":"publish","type":"page","link":"https:\/\/blogs.univ-tlse2.fr\/cerises\/experimentations\/coopatoit\/projets-de-co-habitat\/","title":{"rendered":"La Ruche de B\u00e8gles"},"content":{"rendered":"<p><strong><a href=\"https:\/\/blogs.univ-tlse2.fr\/cerises\/files\/projets-de-co-habitat\/Entretien-La-Ruche-1.07.17.docx\">Entretiens et commentaires La Ruche 1.07. 2017 (r\u00e9alis\u00e9s par Jacques Prades)<\/a><\/strong><\/p>\n<h1>Informations g\u00e9n\u00e9rales<\/h1>\n<p><a href=\"https:\/\/blogs.univ-tlse2.fr\/cerises\/files\/projets-de-co-habitat\/Audition-Begles.pdf\">Audition B\u00e8gles<\/a><br \/>\n<a href=\"https:\/\/blogs.univ-tlse2.fr\/cerises\/files\/projets-de-co-habitat\/Presentation-Elus-04.pdf\">Pr\u00e9sentation des \u00e9lus<\/a><\/p>\n<p>&nbsp;<\/p>\n<p><iframe loading=\"lazy\" title=\"La Ruche : habitat participatif \u00e0 B\u00e8gles\" width=\"625\" height=\"352\" src=\"https:\/\/www.youtube.com\/embed\/uJEI1hKalzE?feature=oembed\" frameborder=\"0\" allow=\"accelerometer; autoplay; clipboard-write; encrypted-media; gyroscope; picture-in-picture; web-share\" referrerpolicy=\"strict-origin-when-cross-origin\" allowfullscreen><\/iframe><\/p>\n<h6><\/h6>\n<p style=\"text-align: center\"><a style=\"color: #0f3647\" href=\"https:\/\/blogs.univ-tlse2.fr\/cerises\/files\/projets-de-co-habitat\/Unknown.jpeg\"><br \/>\n<\/a><a style=\"color: #0f3647\" href=\"https:\/\/blogs.univ-tlse2.fr\/cerises\/files\/projets-de-co-habitat\/Unknown.jpeg\"><img loading=\"lazy\" decoding=\"async\" class=\"wp-image-3516 alignleft\" src=\"https:\/\/blogs.univ-tlse2.fr\/cerises\/files\/projets-de-co-habitat\/Unknown.jpeg\" alt=\"Unknown\" width=\"300\" height=\"150\" \/><\/a><img loading=\"lazy\" decoding=\"async\" class=\"wp-image-3512 alignright\" src=\"https:\/\/blogs.univ-tlse2.fr\/cerises\/files\/brouillon-auto\/Unknown.jpeg\" alt=\"Unknown\" width=\"300\" height=\"150\" \/><a href=\"https:\/\/blogs.univ-tlse2.fr\/cerises\/wp-content\/blogs.dir\/97\/files\/projets-de-co-habitat\/CIMG0871.jpg\"><img loading=\"lazy\" decoding=\"async\" class=\"aligncenter wp-image-3446\" src=\"https:\/\/blogs.univ-tlse2.fr\/cerises\/wp-content\/blogs.dir\/97\/files\/projets-de-co-habitat\/CIMG0871.jpg\" alt=\"CIMG0871\" width=\"1500\" height=\"1500\" \/><\/a><\/p>\n<h6>De gauche \u00e0 droite, de bas en haut<\/h6>\n<h6>Latifa Aziz,\u00a0Karine Lecuona, Damien Auzetti,\u00a0No\u00eblle Ribot<\/h6>\n<h6>Sa\u00efda Hlihal, (J.Prades-Cerises),\u00a0Emma Berardet, (L.De Zorzi-Axanis),\u00a0Patrick Brun, (A.Canu-Axanis), St\u00e9phane Guiraud, (H.Delanne-Cerises), Fabrice Gr\u00e8ze (liste d&rsquo;attente)<\/h6>\n<h6>\u00a0Absents : Angeline Thiriot, \u00a0Laure Arnautou, Brahim Hlihaz, Bakhta Zitouni, Elsa Leroyer<\/h6>\n<p style=\"text-align: center\"><img loading=\"lazy\" decoding=\"async\" class=\"wp-image-2149 aligncenter\" src=\"https:\/\/blogs.univ-tlse2.fr\/cerises\/files\/projets-de-co-habitat\/0016gn2.jpeg\" alt=\"\" width=\"576\" height=\"814\" srcset=\"https:\/\/blogs.univ-tlse2.fr\/cerises\/files\/projets-de-co-habitat\/0016gn2.jpeg 1652w, https:\/\/blogs.univ-tlse2.fr\/cerises\/files\/projets-de-co-habitat\/0016gn2-353x500.jpeg 353w, https:\/\/blogs.univ-tlse2.fr\/cerises\/files\/projets-de-co-habitat\/0016gn2-624x883.jpeg 624w\" sizes=\"auto, (max-width: 576px) 100vw, 576px\" \/><\/p>\n<h1>Compte-rendus de r\u00e9unions<\/h1>\n<h1><a href=\"https:\/\/blogs.univ-tlse2.fr\/cerises\/files\/projets-de-co-habitat\/conf\u00e9rences-publique-1-1.pdf\">conf\u00e9rence publique (6 septembre)\u00a0<\/a><br \/>\n<a href=\"https:\/\/blogs.univ-tlse2.fr\/cerises\/files\/projets-de-co-habitat\/CR-13-sept.pdf\">CR 13 septembre 2012<\/a><br \/>\n<a href=\"https:\/\/blogs.univ-tlse2.fr\/cerises\/files\/projets-de-co-habitat\/SEANCE-ARCHI-4-OCT-2012.pdf\">CR 4 octobre 2012<\/a><br \/>\n<a href=\"https:\/\/blogs.univ-tlse2.fr\/cerises\/files\/projets-de-co-habitat\/CR-18-oct.pdf\">CR 18 octobre 2012<\/a><br \/>\n<a href=\"https:\/\/blogs.univ-tlse2.fr\/cerises\/files\/projets-de-co-habitat\/CR-29-nov.pdf\">CR 29 novembre 2012<\/a><br \/>\n<a href=\"https:\/\/blogs.univ-tlse2.fr\/cerises\/files\/projets-de-co-habitat\/CR-10.01.2013.pdf\">CR 10 janvier 2013<br \/>\n<\/a><a href=\"https:\/\/blogs.univ-tlse2.fr\/cerises\/files\/cr-du-07-02-2013\/CR-du-07.02.13.pdf\">CR du 07.02.13<br \/>\n<\/a><a href=\"https:\/\/blogs.univ-tlse2.fr\/cerises\/files\/CR-du-21-mars-2013.pdf\">CR du 21 mars 2013<br \/>\n<\/a><a href=\"https:\/\/blogs.univ-tlse2.fr\/cerises\/files\/projets-de-co-habitat\/CR-du-2-mai.pdf\">CR du 2 mai<br \/>\n<\/a><a href=\"https:\/\/blogs.univ-tlse2.fr\/cerises\/files\/projets-de-co-habitat\/PROJET-REGLT-COPRO-BEGLES.pdf\">PROJET-REGLT-COPRO-BEGLES<\/a><br \/>\n<a href=\"https:\/\/blogs.univ-tlse2.fr\/cerises\/files\/projets-de-co-habitat\/CR-17-05-2013.pdf\">CR 17 mai 2013<\/a><br \/>\n<a href=\"https:\/\/blogs.univ-tlse2.fr\/cerises\/files\/projets-de-co-habitat\/CR-30-mai.pdf\">CR 30 mai\u00a02013<\/a><br \/>\n<a href=\"https:\/\/blogs.univ-tlse2.fr\/cerises\/files\/projets-de-co-habitat\/CR-du-25-juillet-2013.pdf\">CR du 25 juillet 2013<\/a>`<br \/>\n<a href=\"https:\/\/blogs.univ-tlse2.fr\/cerises\/files\/projets-de-co-habitat\/CR-du-10-octobre.pdf\">CR du 10 octobre<br \/>\n<\/a><a href=\"https:\/\/blogs.univ-tlse2.fr\/cerises\/wp-content\/blogs.dir\/97\/files\/projets-de-co-habitat\/CR-08-11-2013.pdf\">CR 08 11 2013<br \/>\n<\/a><a href=\"https:\/\/blogs.univ-tlse2.fr\/cerises\/wp-content\/blogs.dir\/97\/files\/projets-de-co-habitat\/CR-du-21-novembre.pdf\">CR du 21 novembre<\/a><\/h1>\n<p><a href=\"https:\/\/blogs.univ-tlse2.fr\/cerises\/files\/projets-de-co-habitat\/Charte-ASL-LA-RUCHE.pdf\">Charte ASL LA RUCHE<\/a><\/p>\n<p><span class=\"Apple-style-span\" style=\"font-size: 21px;font-weight: bold;line-height: 31px\">\u00a0<\/span><\/p>\n<h2>Voir aussi :<\/h2>\n\n<!-- Page-list plugin v.5.9 wordpress.org\/plugins\/page-list\/ -->\n<ul class=\"page-list \">\n<li class=\"page_item page-item-164\"><a href=\"https:\/\/blogs.univ-tlse2.fr\/cerises\/experimentations\/coopatoit\/conferences-publiques\/\">Conf\u00e9rences publiques<\/a><\/li>\n<li class=\"page_item page-item-166\"><a href=\"https:\/\/blogs.univ-tlse2.fr\/cerises\/experimentations\/coopatoit\/documents-techniques\/\">Documents techniques<\/a><\/li>\n<li class=\"page_item page-item-252 page_item_has_children\"><a href=\"https:\/\/blogs.univ-tlse2.fr\/cerises\/experimentations\/coopatoit\/reunions-et-echeancier-documents-mimizan\/\">Les Sablines de Mimizan<\/a><\/li>\n\n<\/ul>\n","protected":false},"excerpt":{"rendered":"<p>Entretiens et commentaires La Ruche 1.07. 2017 (r\u00e9alis\u00e9s par Jacques Prades) Informations g\u00e9n\u00e9rales Audition B\u00e8gles Pr\u00e9sentation des \u00e9lus &nbsp; De gauche \u00e0 droite, de bas en haut Latifa Aziz,\u00a0Karine Lecuona, Damien Auzetti,\u00a0No\u00eblle Ribot Sa\u00efda Hlihal, (J.Prades-Cerises),\u00a0Emma Berardet, (L.De Zorzi-Axanis),\u00a0Patrick Brun, (A.Canu-Axanis), St\u00e9phane Guiraud, (H.Delanne-Cerises), Fabrice Gr\u00e8ze (liste d&rsquo;attente) \u00a0Absents : Angeline Thiriot, \u00a0Laure Arnautou, Brahim [&hellip;]<\/p>\n","protected":false},"author":157,"featured_media":0,"parent":1507,"menu_order":3,"comment_status":"closed","ping_status":"open","template":"","meta":{"footnotes":""},"class_list":["post-146","page","type-page","status-publish","hentry"],"_links":{"self":[{"href":"https:\/\/blogs.univ-tlse2.fr\/cerises\/wp-json\/wp\/v2\/pages\/146","targetHints":{"allow":["GET"]}}],"collection":[{"href":"https:\/\/blogs.univ-tlse2.fr\/cerises\/wp-json\/wp\/v2\/pages"}],"about":[{"href":"https:\/\/blogs.univ-tlse2.fr\/cerises\/wp-json\/wp\/v2\/types\/page"}],"author":[{"embeddable":true,"href":"https:\/\/blogs.univ-tlse2.fr\/cerises\/wp-json\/wp\/v2\/users\/157"}],"replies":[{"embeddable":true,"href":"https:\/\/blogs.univ-tlse2.fr\/cerises\/wp-json\/wp\/v2\/comments?post=146"}],"version-history":[{"count":97,"href":"https:\/\/blogs.univ-tlse2.fr\/cerises\/wp-json\/wp\/v2\/pages\/146\/revisions"}],"predecessor-version":[{"id":3780,"href":"https:\/\/blogs.univ-tlse2.fr\/cerises\/wp-json\/wp\/v2\/pages\/146\/revisions\/3780"}],"up":[{"embeddable":true,"href":"https:\/\/blogs.univ-tlse2.fr\/cerises\/wp-json\/wp\/v2\/pages\/1507"}],"wp:attachment":[{"href":"https:\/\/blogs.univ-tlse2.fr\/cerises\/wp-json\/wp\/v2\/media?parent=146"}],"curies":[{"name":"wp","href":"https:\/\/api.w.org\/{rel}","templated":true}]}}