 {"id":150,"date":"2013-01-10T15:28:39","date_gmt":"2013-01-10T14:28:39","guid":{"rendered":"https:\/\/blogs.univ-tlse2.fr\/cerises\/?page_id=150"},"modified":"2014-02-06T10:32:18","modified_gmt":"2014-02-06T09:32:18","slug":"principes-suivis-pour-lanalyse","status":"publish","type":"page","link":"https:\/\/blogs.univ-tlse2.fr\/cerises\/experimentations\/principes-suivis-pour-lanalyse\/","title":{"rendered":"Principes suivis pour l&rsquo;analyse"},"content":{"rendered":"<p>Pour d\u00e9velopper l&rsquo;\u00e9conomie sociale et solidaire, il faut suivre deux pistes :<br \/>\n<strong>1- faire \u00e9merger des id\u00e9es d&rsquo;initiatives solidaires et d&rsquo;entreprises sociales et d\u00e9velopper ces initiatives<\/strong><br \/>\n<strong> 2- travailler \u00e0 l&rsquo;agglom\u00e9ration de ces initiatives<!--more--><\/strong><\/p>\n<h2>M\u00c9THODE : GRILLE D&rsquo;ANALYSE ET CLASSIFICATION EN 4 CAT\u00c9GORIES<\/h2>\n<p>Les 4 cat\u00e9gories ci-dessous comprennent les pr\u00e9sentations de plus de 100 structures dont 20 de mani\u00e8re approfondie.<\/p>\n<p align=\"justify\">Puisque la sp\u00e9cificit\u00e9 de cette base de donn\u00e9es est de ne pas s&rsquo;en tenir \u00e0 une liste d&rsquo;id\u00e9es d&rsquo;initiatives (d&rsquo;autres sites proposent d\u00e9j\u00e0 ce type d&rsquo;information), les initiatives sont pr\u00e9sent\u00e9es et analys\u00e9es \u00e0 partir des deux m\u00e9thodes suivantes :<\/p>\n<p>1. La <a title=\"Grille d\u2019analyse\" href=\"https:\/\/blogs.univ-tlse2.fr\/cerises\/experimentations\/principes-suivis-pour-lanalyse\/grille-danalyse\/\"><strong>Grille d&rsquo;analyse<\/strong><\/a> des initiatives a pour fonction de proposer des exemples d&rsquo;initiatives \u00e0 travers de courtes monographies r\u00e9alis\u00e9es \u00e0 partir d&rsquo;une grille d&rsquo;analyse standard. L&rsquo;information disponible est donc syst\u00e9matiquement ordonn\u00e9e et v\u00e9rifi\u00e9e par Cerises.<\/p>\n<p>2. La <a title=\"M\u00e9thode de classification en 4 cat\u00e9gories\" href=\"https:\/\/blogs.univ-tlse2.fr\/cerises\/experimentations\/principes-suivis-pour-lanalyse\/methode-de-classification-en-4-categories\/\"><strong>M\u00e9thode de classification en 4 cat\u00e9gories<\/strong><\/a> (perspective d&rsquo;agglom\u00e9ration) reprend une id\u00e9e ch\u00e8re \u00e0 Cerises. L&rsquo;expertise de Cerises s&rsquo;est construite autour du souci de comprendre comment les initiatives solidaires et les entreprises sociales peuvent contribuer au d\u00e9veloppement du territoire dans lequel elles s&rsquo;inscrivent. Pour cela, il ne faut pas consid\u00e9rer les initiatives solidaires et les entreprises sociales isol\u00e9ment, il faut montrer comment elles se renforcent les unes les autres ou peuvent se renforcer les unes les autres en travaillant ensemble: c&rsquo;est cela que nous appelons la perspective d&rsquo;agglom\u00e9ration d&rsquo;activit\u00e9s sur un territoire.<br \/>\nDans cette perspective d&rsquo;agglom\u00e9ration, Cerises ne cherche pas \u00e0 opposer \u00e9conomie sociale \u00e9conomie solidaire : au contraire, nous \u00e9tudions d\u00e9lib\u00e9r\u00e9ment les possibilit\u00e9s et les r\u00e9alit\u00e9s que tous ces acteurs constituent un champ de l&rsquo;\u00e9conomie sociale et solidaire.<\/p>\n<p>Cerises propose de <strong>classer les initiatives dans les 4 cat\u00e9gories suivantes en suivant l&rsquo;id\u00e9e que ces 4 types d&rsquo;initiatives ont besoin les unes des autres<\/strong>. Il existe bien \u00e9videmment d&rsquo;autres mani\u00e8res de penser l&rsquo;agglom\u00e9ration des activit\u00e9s notamment par les relations inter-entreprises. L&rsquo;essentiel est de ne pas occulter la perspective d&rsquo;agglom\u00e9ration :<\/p>\n<blockquote><p><a title=\"Ressources informationnelles\" href=\"https:\/\/blogs.univ-tlse2.fr\/cerises\/experimentations\/ressources-informationnelles\/\">1 &#8211; Ressources Informationnelles<\/a><\/p>\n<p><a title=\"Ressources financi\u00e8res\" href=\"https:\/\/blogs.univ-tlse2.fr\/cerises\/experimentations\/ressources-financieres\/\">2 &#8211; Ressources Financi\u00e8res<\/a><\/p>\n<p><a title=\"Production \u2013 Entreprises sociales\" href=\"https:\/\/blogs.univ-tlse2.fr\/cerises\/experimentations\/production-entreprises-sociales\/\"> 3 &#8211; Production &#8211; Entreprises Sociales<\/a><\/p>\n<p><a title=\"Consommation \u2013 R\u00e9partition des \u00e9changes \u2013 Initiatives solidaires\" href=\"https:\/\/blogs.univ-tlse2.fr\/cerises\/experimentations\/consommation-repartition-des-echanges-initiatives-solidaires\/\"> 4 &#8211; Consommation &#8211; R\u00e9partition des \u00e9changes &#8211; Initiatives Solidaires<\/a><\/p><\/blockquote>\n","protected":false},"excerpt":{"rendered":"<p>Pour d\u00e9velopper l&rsquo;\u00e9conomie sociale et solidaire, il faut suivre deux pistes : 1- faire \u00e9merger des id\u00e9es d&rsquo;initiatives solidaires et d&rsquo;entreprises sociales et d\u00e9velopper ces initiatives 2- travailler \u00e0 l&rsquo;agglom\u00e9ration de ces initiatives<\/p>\n","protected":false},"author":157,"featured_media":0,"parent":17,"menu_order":2,"comment_status":"closed","ping_status":"open","template":"","meta":{"footnotes":""},"class_list":["post-150","page","type-page","status-publish","hentry"],"_links":{"self":[{"href":"https:\/\/blogs.univ-tlse2.fr\/cerises\/wp-json\/wp\/v2\/pages\/150","targetHints":{"allow":["GET"]}}],"collection":[{"href":"https:\/\/blogs.univ-tlse2.fr\/cerises\/wp-json\/wp\/v2\/pages"}],"about":[{"href":"https:\/\/blogs.univ-tlse2.fr\/cerises\/wp-json\/wp\/v2\/types\/page"}],"author":[{"embeddable":true,"href":"https:\/\/blogs.univ-tlse2.fr\/cerises\/wp-json\/wp\/v2\/users\/157"}],"replies":[{"embeddable":true,"href":"https:\/\/blogs.univ-tlse2.fr\/cerises\/wp-json\/wp\/v2\/comments?post=150"}],"version-history":[{"count":8,"href":"https:\/\/blogs.univ-tlse2.fr\/cerises\/wp-json\/wp\/v2\/pages\/150\/revisions"}],"predecessor-version":[{"id":3010,"href":"https:\/\/blogs.univ-tlse2.fr\/cerises\/wp-json\/wp\/v2\/pages\/150\/revisions\/3010"}],"up":[{"embeddable":true,"href":"https:\/\/blogs.univ-tlse2.fr\/cerises\/wp-json\/wp\/v2\/pages\/17"}],"wp:attachment":[{"href":"https:\/\/blogs.univ-tlse2.fr\/cerises\/wp-json\/wp\/v2\/media?parent=150"}],"curies":[{"name":"wp","href":"https:\/\/api.w.org\/{rel}","templated":true}]}}