 {"id":1507,"date":"2013-01-21T10:25:45","date_gmt":"2013-01-21T09:25:45","guid":{"rendered":"https:\/\/blogs.univ-tlse2.fr\/cerises\/?page_id=1507"},"modified":"2020-03-13T15:11:09","modified_gmt":"2020-03-13T14:11:09","slug":"coopatoit","status":"publish","type":"page","link":"https:\/\/blogs.univ-tlse2.fr\/cerises\/experimentations\/coopatoit\/","title":{"rendered":"Coopatoit : projets de co-habitat"},"content":{"rendered":"<p>COOPATOIT est une association 1901, ind\u00e9pendante financi\u00e8rement de Cerises mais issue de la m\u00eame mouvance, qui r\u00e9unit \u00a0un groupe de ressources techniques, c\u2019est-\u00e0-dire un ensemble de personnes qualifi\u00e9es qui accompagne des futurs habitants dans le projet et la r\u00e9alisation de leur co-habitat. Un co-habitat est un rassemblement volontaire de personnes qui d\u00e9cident de cr\u00e9er le lieu o\u00f9 ils vont habiter \u00e0 titre principal. Il est compos\u00e9 d\u2019espaces partag\u00e9s et privatifs, en lien avec l\u2019espace public.Le co-habitat est r\u00e9alis\u00e9 en fabrication s\u00e8che, le plus pr\u00e8s de r\u00e8gles d\u2019optimisation \u00e9cologique.<\/p>\n<p>Coopatoit a pour mission, par l\u2019animation de r\u00e9unions, : 1) d\u2019aider \u00e0 la cooptation des co-habitants et \u00e0 la d\u00e9finition de la charte 2) de favoriser la mobilisation et le regroupement d\u2019entreprises en amont de l\u2019ex\u00e9cution en vue de diminuer les co\u00fbts 3) d\u2019assurer la mission d\u2019une assistance \u00e0 ma\u00eetrise d\u2019ouvrage.<\/p>\n<p>Coopatoit est compos\u00e9 de trois groupes de personnes qualifi\u00e9es regroup\u00e9es en coll\u00e8ges\u00a0:<\/p>\n<p>&#8211; un coll\u00e8ge \u00ab SCIENCES SOCIALES \u00bb regroupant des consultants socio-\u00e9conomistes, des juristes, des financiers, en lien avec le service communication de la collectivit\u00e9 concern\u00e9e (ou tout autre service d\u00e9sign\u00e9 par elle). Sa fonction est de recruter, \u00e9tablir la charte, v\u00e9rifier la capacit\u00e9 d\u2019emprunt ou de financement et pr\u00e9parer le contrat de propri\u00e9t\u00e9.<\/p>\n<p>&#8211; un coll\u00e8ge \u00ab SCIENCES DE L\u2019INGENIEUR \u00bb regroupant notamment des consultants ing\u00e9nieurs, bureau d\u2019\u00e9tudes (thermicien par exemple) en lien avec les organismes ext\u00e9rieurs de r\u00e9f\u00e9rence. Sa fonction est de proposer des innovations dans le domaine, d\u2019optimiser le mode constructif et les solutions techniques en fonction du projet et de ratifier les choix architecturaux.<\/p>\n<p>&#8211; un coll\u00e8ge \u00ab ARCHITECTES \u00bb regroupant des consultants architectes, urbanistes, paysagistes, \u00e9conomistes de la construction, etc, en lien avec le service urbanisme de la collectivit\u00e9. Sa fonction est de concevoir le projet en fonction de la programmation, de la capacit\u00e9 des entreprises pr\u00e9sentent sur le territoire du projet, et des \u00e9changes avec avec le coll\u00e8ge \u00ab SCIENCES DE L\u2019INGENIEUR \u00bb. Sa mission pourra s\u2019\u00e9tendre au suivi de travaux jusqu\u2019\u00e0 la livraison.<\/p>\n<p>La relation contractuelle de Coopatoit avec les collectivit\u00e9s est de permettre d\u2019une part une acquisition du foncier \u00e0 un prix avantageux pour les habitants et d\u2019autre part, de fixer un certain nombre d\u2019incontournables dont un frein \u00e0 la sp\u00e9culation.<\/p>\n<p><em><br \/>\n<\/em>Coopatoit est financ\u00e9 pour la phase pr\u00e9paratoire par la collectivit\u00e9 et pour la r\u00e9alisation par les habitants eux-m\u00eames.<\/p>\n<h1>L&rsquo;\u00e9quipe<\/h1>\n<p><a title=\"Jean-Pierre Aza\u00efs\" href=\"https:\/\/blogs.univ-tlse2.fr\/cerises\/experimentations\/coopatoit\/projets-de-co-habitat\/jean-pierre-azais\/\">Jean-Pierre Aza\u00efs, Juriste<\/a>, Pr\u00e9sident de l&rsquo;association<\/p>\n<p><a title=\"Isabelle Matt\u00e9i\" href=\"https:\/\/blogs.univ-tlse2.fr\/cerises\/cerises\/lequipe\/isabelle-mattei\/\">Isabelle Matt\u00e9i,\u00a0<\/a>Tr\u00e9sori\u00e8re<\/p>\n<p><a title=\"Catherine Dehureau\" href=\"https:\/\/blogs.univ-tlse2.fr\/cerises\/experimentations\/coopatoit\/projets-de-co-habitat\/catherine-dehureau\/\">Catherine Dehureau, Correspondante<\/a>,\u00a0membre de l&rsquo;association<\/p>\n<p>Hubert Delanne, Architecte,\u00a0membre de l&rsquo;association<\/p>\n<p><a title=\"Solen Martin\" href=\"https:\/\/blogs.univ-tlse2.fr\/cerises\/experimentations\/coopatoit\/projets-de-co-habitat\/solen-martin\/\">Solen Martin, stagiaire<\/a>,\u00a0membre de l&rsquo;association<\/p>\n<p><a title=\"Jacques Prades\" href=\"https:\/\/blogs.univ-tlse2.fr\/cerises\/experimentations\/coopatoit\/projets-de-co-habitat\/jacques-prades\/\">Jacques Prades, \u00e9conomiste, directeur scientifique<\/a><\/p>\n<h1>La r\u00e9ponse du co-habitat aux probl\u00e9matiques du logement<\/h1>\n<p>\u00ab\u00a0<em>Il n&rsquo;y a pas de cit\u00e9 valide sans souci de soi. Pas d&rsquo;int\u00e9r\u00eat public sans implication ni convocation du moi. Cela ne signifie pas que le moi d\u00e9tient l&rsquo;exclusif et l&rsquo;exhaustif des affaires publiques; mais que, en tant qu&rsquo;irr\u00e9ductible aux autres et potentiellement convocable, il est le socle sur lequel s&rsquo;\u00e9difie l&rsquo;int\u00e9r\u00eat collectif<\/em>\u00ab\u00a0. Cynthia Fleury, La fin du courage, Fayard 201<\/p>\n<p><img loading=\"lazy\" decoding=\"async\" class=\"alignnone\" src=\"https:\/\/blogs.univ-tlse2.fr\/cerises\/files\/projets-de-co-habitat\/Dum.gif\" alt=\"\" width=\"370\" height=\"271\" \/><a href=\"https:\/\/blogs.univ-tlse2.fr\/cerises\/wp-content\/blogs.dir\/97\/files\/coopatoit\/Unknown.jpeg\"><img loading=\"lazy\" decoding=\"async\" class=\"alignright size-full wp-image-3398\" src=\"https:\/\/blogs.univ-tlse2.fr\/cerises\/wp-content\/blogs.dir\/97\/files\/coopatoit\/Unknown.jpeg\" alt=\"Unknown\" width=\"276\" height=\"183\" srcset=\"https:\/\/blogs.univ-tlse2.fr\/cerises\/files\/coopatoit\/Unknown.jpeg 276w, https:\/\/blogs.univ-tlse2.fr\/cerises\/files\/coopatoit\/Unknown-150x99.jpeg 150w\" sizes=\"auto, (max-width: 276px) 100vw, 276px\" \/><\/a><\/p>\n<h2>Dans cette rubrique :<\/h2>\n\n<!-- Page-list plugin v.5.9 wordpress.org\/plugins\/page-list\/ -->\n<ul class=\"page-list \">\n<li class=\"page_item page-item-164\"><a href=\"https:\/\/blogs.univ-tlse2.fr\/cerises\/experimentations\/coopatoit\/conferences-publiques\/\">Conf\u00e9rences publiques<\/a><\/li>\n<li class=\"page_item page-item-166\"><a href=\"https:\/\/blogs.univ-tlse2.fr\/cerises\/experimentations\/coopatoit\/documents-techniques\/\">Documents techniques<\/a><\/li>\n<li class=\"page_item page-item-146 page_item_has_children\"><a href=\"https:\/\/blogs.univ-tlse2.fr\/cerises\/experimentations\/coopatoit\/projets-de-co-habitat\/\">La Ruche de B\u00e8gles<\/a><\/li>\n<li class=\"page_item page-item-252 page_item_has_children\"><a href=\"https:\/\/blogs.univ-tlse2.fr\/cerises\/experimentations\/coopatoit\/reunions-et-echeancier-documents-mimizan\/\">Les Sablines de Mimizan<\/a><\/li>\n\n<\/ul>\n","protected":false},"excerpt":{"rendered":"<p>COOPATOIT est une association 1901, ind\u00e9pendante financi\u00e8rement de Cerises mais issue de la m\u00eame mouvance, qui r\u00e9unit \u00a0un groupe de ressources techniques, c\u2019est-\u00e0-dire un ensemble de personnes qualifi\u00e9es qui accompagne des futurs habitants dans le projet et la r\u00e9alisation de leur co-habitat. Un co-habitat est un rassemblement volontaire de personnes qui d\u00e9cident de cr\u00e9er le [&hellip;]<\/p>\n","protected":false},"author":166,"featured_media":0,"parent":17,"menu_order":3,"comment_status":"closed","ping_status":"open","template":"","meta":{"footnotes":""},"class_list":["post-1507","page","type-page","status-publish","hentry"],"_links":{"self":[{"href":"https:\/\/blogs.univ-tlse2.fr\/cerises\/wp-json\/wp\/v2\/pages\/1507","targetHints":{"allow":["GET"]}}],"collection":[{"href":"https:\/\/blogs.univ-tlse2.fr\/cerises\/wp-json\/wp\/v2\/pages"}],"about":[{"href":"https:\/\/blogs.univ-tlse2.fr\/cerises\/wp-json\/wp\/v2\/types\/page"}],"author":[{"embeddable":true,"href":"https:\/\/blogs.univ-tlse2.fr\/cerises\/wp-json\/wp\/v2\/users\/166"}],"replies":[{"embeddable":true,"href":"https:\/\/blogs.univ-tlse2.fr\/cerises\/wp-json\/wp\/v2\/comments?post=1507"}],"version-history":[{"count":27,"href":"https:\/\/blogs.univ-tlse2.fr\/cerises\/wp-json\/wp\/v2\/pages\/1507\/revisions"}],"predecessor-version":[{"id":3856,"href":"https:\/\/blogs.univ-tlse2.fr\/cerises\/wp-json\/wp\/v2\/pages\/1507\/revisions\/3856"}],"up":[{"embeddable":true,"href":"https:\/\/blogs.univ-tlse2.fr\/cerises\/wp-json\/wp\/v2\/pages\/17"}],"wp:attachment":[{"href":"https:\/\/blogs.univ-tlse2.fr\/cerises\/wp-json\/wp\/v2\/media?parent=1507"}],"curies":[{"name":"wp","href":"https:\/\/api.w.org\/{rel}","templated":true}]}}