 {"id":154,"date":"2013-01-10T15:29:44","date_gmt":"2013-01-10T14:29:44","guid":{"rendered":"https:\/\/blogs.univ-tlse2.fr\/cerises\/?page_id=154"},"modified":"2014-02-06T10:32:18","modified_gmt":"2014-02-06T09:32:18","slug":"ressources-financieres","status":"publish","type":"page","link":"https:\/\/blogs.univ-tlse2.fr\/cerises\/experimentations\/principes-suivis-pour-lanalyse\/ressources-financieres\/","title":{"rendered":"Ressources financi\u00e8res"},"content":{"rendered":"<p>De par les besoins \u00e9conomiques et sociaux qui font l&rsquo;objet de leurs activit\u00e9s, les Initiatives Solidaires et les Entreprises Sociales ont un fonctionnement qui cadre mal avec les exigences des acteurs financiers traditionnels. Par cons\u00e9quent, des structures ont \u00e9t\u00e9 cr\u00e9\u00e9es pour faciliter leur financement.<\/p>\n<p>Actuellement, deux initiatives ont \u00e9t\u00e9 analys\u00e9es :<\/p>\n<ul>\n<li>la <a title=\"La Bourse aux Financements Solidaires\" href=\"https:\/\/blogs.univ-tlse2.fr\/cerises\/experimentations\/principes-suivis-pour-lanalyse\/ressources-financieres\/la-bourse-aux-financements-solidaires\/\"><strong>Bourse aux Financements Solidaires<\/strong><\/a><\/li>\n<li>Le <a title=\"Livret Agir\" href=\"https:\/\/blogs.univ-tlse2.fr\/cerises\/experimentations\/principes-suivis-pour-lanalyse\/ressources-financieres\/livret-agir\/\"><strong>Livret Agir<\/strong><\/a> (outil d&rsquo;\u00e9pargne solidaire)<\/li>\n<li>\n<div align=\"justify\"><strong><a href=\"https:\/\/blogs.univ-tlse2.fr\/cerises\/files\/ressources-financieres\/Banco-Palmas_dani.pdf\">Banco de Palmas<\/a><\/strong>\u00a0: L\u2019objectif de ce document de Daniela Campos Martins est d\u2019exposer les projets de la Banque Palmas, en particulier le processus de cr\u00e9ation de \u00ab monnaie sociale \u00bb. Ce projet, d\u00e9marr\u00e9 enti\u00e8rement par une association de quartier, a \u00e9t\u00e9 le premier mis en place au Br\u00e9sil, en 1998, et est consid\u00e9r\u00e9 aujourd\u2019hui comme une r\u00e9ussite dans la lutte contre l\u2019exclusion et la pauvret\u00e9.<\/div>\n<\/li>\n<\/ul>\n<p>D&rsquo;autres structures sont pr\u00e9sent\u00e9es plus bri\u00e8vement sur <a href=\"https:\/\/blogs.univ-tlse2.fr\/cerises\/files\/publications-issues-des-travaux-de-cerises\/plaine-commune-bonnes-pratiques.pdf\">Plaine Commune 3 Bonnes pratiques<\/a> ainsi que sur <a href=\"https:\/\/blogs.univ-tlse2.fr\/cerises\/files\/ressources-informationnelles\/CR-MIP-bdd.pdf\">Initiatives Midi Pyr\u00e9n\u00e9es<\/a>. Elles ont \u00e9t\u00e9 r\u00e9alis\u00e9es lors de deux <a title=\"Les expertises de Cerises\" href=\"https:\/\/blogs.univ-tlse2.fr\/cerises\/experimentations\/les-expertises-de-cerises\/\">expertises par Cerises<\/a>.<\/p>\n<p><span>A terme, l&rsquo;ensemble des initiatives suivantes seront illustr\u00e9es.<br \/>\nDes financements adapt\u00e9s aux sp\u00e9cificit\u00e9s des acteurs d&rsquo;\u00e9conomie solidaire :<br \/>\n\u2022 Des personnes exclues des circuits bancaires: l&rsquo;ADIE, etc<br \/>\n\u2022 Des projets socialement et environnementalement innovants: la NEF, etc<br \/>\n\u2022 Des acteurs mobilis\u00e9s pour le d\u00e9veloppement de leur territoire: les PFIL, etc<br \/>\n\u2022 Les Caisses Solidaires m\u00ealent les 3 approches pr\u00e9c\u00e9dentes<\/span><\/p>\n<h2>Consultez aussi :<\/h2>\n\n<!-- Page-list plugin v.5.9 wordpress.org\/plugins\/page-list\/ -->\n<ul class=\"page-list \">\n<li class=\"page_item page-item-260\"><a href=\"https:\/\/blogs.univ-tlse2.fr\/cerises\/experimentations\/principes-suivis-pour-lanalyse\/grille-danalyse\/\">Grille d&rsquo;analyse<\/a><\/li>\n<li class=\"page_item page-item-262\"><a href=\"https:\/\/blogs.univ-tlse2.fr\/cerises\/experimentations\/principes-suivis-pour-lanalyse\/methode-de-classification-en-4-categories\/\">M\u00e9thode de classification en 4 cat\u00e9gories<\/a><\/li>\n<li class=\"page_item page-item-152 page_item_has_children\"><a href=\"https:\/\/blogs.univ-tlse2.fr\/cerises\/experimentations\/principes-suivis-pour-lanalyse\/ressources-informationnelles\/\">Ressources informationnelles<\/a><\/li>\n<li class=\"page_item page-item-156 page_item_has_children\"><a href=\"https:\/\/blogs.univ-tlse2.fr\/cerises\/experimentations\/principes-suivis-pour-lanalyse\/production-entreprises-sociales\/\">Production \u2013 Entreprises sociales<\/a><\/li>\n<li class=\"page_item page-item-158 page_item_has_children\"><a href=\"https:\/\/blogs.univ-tlse2.fr\/cerises\/experimentations\/principes-suivis-pour-lanalyse\/consommation-repartition-des-echanges-initiatives-solidaires\/\">Consommation \u2013 R\u00e9partition des \u00e9changes \u2013 Initiatives solidaires<\/a><\/li>\n\n<\/ul>\n","protected":false},"excerpt":{"rendered":"<p>De par les besoins \u00e9conomiques et sociaux qui font l&rsquo;objet de leurs activit\u00e9s, les Initiatives Solidaires et les Entreprises Sociales ont un fonctionnement qui cadre mal avec les exigences des acteurs financiers traditionnels. Par cons\u00e9quent, des structures ont \u00e9t\u00e9 cr\u00e9\u00e9es pour faciliter leur financement. Actuellement, deux initiatives ont \u00e9t\u00e9 analys\u00e9es : la Bourse aux Financements [&hellip;]<\/p>\n","protected":false},"author":157,"featured_media":0,"parent":150,"menu_order":4,"comment_status":"closed","ping_status":"open","template":"","meta":{"footnotes":""},"class_list":["post-154","page","type-page","status-publish","hentry"],"_links":{"self":[{"href":"https:\/\/blogs.univ-tlse2.fr\/cerises\/wp-json\/wp\/v2\/pages\/154","targetHints":{"allow":["GET"]}}],"collection":[{"href":"https:\/\/blogs.univ-tlse2.fr\/cerises\/wp-json\/wp\/v2\/pages"}],"about":[{"href":"https:\/\/blogs.univ-tlse2.fr\/cerises\/wp-json\/wp\/v2\/types\/page"}],"author":[{"embeddable":true,"href":"https:\/\/blogs.univ-tlse2.fr\/cerises\/wp-json\/wp\/v2\/users\/157"}],"replies":[{"embeddable":true,"href":"https:\/\/blogs.univ-tlse2.fr\/cerises\/wp-json\/wp\/v2\/comments?post=154"}],"version-history":[{"count":9,"href":"https:\/\/blogs.univ-tlse2.fr\/cerises\/wp-json\/wp\/v2\/pages\/154\/revisions"}],"predecessor-version":[{"id":3000,"href":"https:\/\/blogs.univ-tlse2.fr\/cerises\/wp-json\/wp\/v2\/pages\/154\/revisions\/3000"}],"up":[{"embeddable":true,"href":"https:\/\/blogs.univ-tlse2.fr\/cerises\/wp-json\/wp\/v2\/pages\/150"}],"wp:attachment":[{"href":"https:\/\/blogs.univ-tlse2.fr\/cerises\/wp-json\/wp\/v2\/media?parent=154"}],"curies":[{"name":"wp","href":"https:\/\/api.w.org\/{rel}","templated":true}]}}