 {"id":156,"date":"2013-01-10T15:30:14","date_gmt":"2013-01-10T14:30:14","guid":{"rendered":"https:\/\/blogs.univ-tlse2.fr\/cerises\/?page_id=156"},"modified":"2014-02-06T10:32:18","modified_gmt":"2014-02-06T09:32:18","slug":"production-entreprises-sociales","status":"publish","type":"page","link":"https:\/\/blogs.univ-tlse2.fr\/cerises\/experimentations\/principes-suivis-pour-lanalyse\/production-entreprises-sociales\/","title":{"rendered":"Production \u2013 Entreprises sociales"},"content":{"rendered":"<p>Par distinction avec la cat\u00e9gorie consommation qui regroupe des initiatives solidaires, cette cat\u00e9gorie correspond plus \u00e0 la notion classique d&rsquo;entreprise.<\/p>\n<p>8 initiatives ou projets d&rsquo;initiatives ont \u00e9t\u00e9 analys\u00e9s :<\/p>\n<p><a title=\"Praksys\" href=\"https:\/\/blogs.univ-tlse2.fr\/cerises\/experimentations\/principes-suivis-pour-lanalyse\/production-entreprises-sociales\/praksys\/\"><strong>Praksys<\/strong><\/a> est une soci\u00e9t\u00e9 de services informatiques dans les logiciels libres.<\/p>\n<p><a title=\"Domaine de Garabaud\" href=\"https:\/\/blogs.univ-tlse2.fr\/cerises\/experimentations\/principes-suivis-pour-lanalyse\/production-entreprises-sociales\/domaine-de-garabaud\/\"><strong>Domaine de Garabaud<\/strong><\/a> fait partie d&rsquo;un ensemblier g\u00e9r\u00e9 par l&rsquo;association H\u00e9risson Bellor. Il agit dans le d\u00e9veloppement culturel et local et l&rsquo;insertion.<\/p>\n<p><a title=\"M\u00e8re Deny\u2019s Production\" href=\"https:\/\/blogs.univ-tlse2.fr\/cerises\/experimentations\/principes-suivis-pour-lanalyse\/production-entreprises-sociales\/mere-denys-production\/\"><strong>M\u00e8re Deny&rsquo;s Production<\/strong><\/a> organise l&rsquo;appui administratif et promotionnel \u00e0 de jeunes artistes de Midi Pyr\u00e9n\u00e9es.<\/p>\n<p><a title=\"Step Forward\" href=\"https:\/\/blogs.univ-tlse2.fr\/cerises\/experimentations\/principes-suivis-pour-lanalyse\/production-entreprises-sociales\/step-forward\/\"><strong>Step Forward<\/strong><\/a> est un studio associatif.<\/p>\n<p>La fiche sur les <a title=\"Associations d\u2019aide en milieu rural\" href=\"https:\/\/blogs.univ-tlse2.fr\/cerises\/experimentations\/principes-suivis-pour-lanalyse\/production-entreprises-sociales\/associations-daide-en-milieu-rural\/\"><strong>associations d&rsquo;aide en milieu rural<\/strong><\/a> ne traite pas d&rsquo;une association mais donne un grand nombre d&rsquo;informations qui peuvent aider \u00e0 la cr\u00e9ation de telles initiatives.<\/p>\n<p><a title=\"Essor\" href=\"https:\/\/blogs.univ-tlse2.fr\/cerises\/experimentations\/principes-suivis-pour-lanalyse\/production-entreprises-sociales\/essor\/\"><strong>Essor<\/strong><\/a> est une entreprise d&rsquo;agroforesterie et d&rsquo;arboriculture fruiti\u00e8re de Guin\u00e9e.<\/p>\n<p><a title=\"Scopados\" href=\"https:\/\/blogs.univ-tlse2.fr\/cerises\/experimentations\/principes-suivis-pour-lanalyse\/production-entreprises-sociales\/scopados\/\"><strong>Scopados<\/strong><\/a> est une coop\u00e9rative destin\u00e9e aux jeunes de 12 \u00e0 16 ans pour leur permettre de s&rsquo;impliquer dans la mise en place de leurs activit\u00e9s culturelles et de vacances.<\/p>\n<p><a title=\"Movimento\" href=\"https:\/\/blogs.univ-tlse2.fr\/cerises\/experimentations\/principes-suivis-pour-lanalyse\/production-entreprises-sociales\/movimento\/\"><strong>Movimento<\/strong><\/a> est une SCOP de location de v\u00e9los et de conseil en \u00e9co-mobilit\u00e9.<\/p>\n<p>D&rsquo;autres structures sont pr\u00e9sent\u00e9es plus bri\u00e8vement sur <a href=\"https:\/\/blogs.univ-tlse2.fr\/cerises\/files\/publications-issues-des-travaux-de-cerises\/plaine-commune-bonnes-pratiques.pdf\">Plaine Commune 3 Bonnes pratiques<\/a> ainsi que sur <a href=\"https:\/\/blogs.univ-tlse2.fr\/cerises\/files\/ressources-informationnelles\/CR-MIP-bdd.pdf\">Initiatives Midi Pyr\u00e9n\u00e9es<\/a>. Elles ont \u00e9t\u00e9 r\u00e9alis\u00e9es lors de deux <a title=\"Les expertises de Cerises\" href=\"https:\/\/blogs.univ-tlse2.fr\/cerises\/experimentations\/les-expertises-de-cerises\/\">expertises par Cerises<\/a>.<\/p>\n<p>A terme, les types d&rsquo;initiatives suivantes pourront \u00eatre analys\u00e9s dans cette rubrique :<\/p>\n<ul>\n<li>Les coop\u00e9ratives :\n<ul>\n<li>Les Soci\u00e9t\u00e9s Coop\u00e9ratives d&rsquo;Int\u00e9r\u00eat Collectif (SCIC)<\/li>\n<li>Les Soci\u00e9t\u00e9s Coop\u00e9ratives Ouvri\u00e8res de Production<\/li>\n<li>Les Coop\u00e9ratives d&rsquo;Activit\u00e9 et d&rsquo;Emploi<\/li>\n<li>Les Coop\u00e9ratives d&rsquo;Habitation<\/li>\n<li>Les Coop\u00e9ratives de Services aux Personnes<\/li>\n<\/ul>\n<\/li>\n<li>Les R\u00e9gies de Quartier<\/li>\n<li>Les Structures d&rsquo;Insertion par l&rsquo;Activit\u00e9 Economique\n<ul>\n<li>Les Entreprises d&rsquo;Insertion et Entreprises de Travail Temporaire d&rsquo;Insertion<\/li>\n<li>Les Associations Interm\u00e9diaires<\/li>\n<li>Les CREPI (Clubs R\u00e9gionaux d&rsquo;Entreprises pour l&rsquo;Insertion)<\/li>\n<li>Les GEIQ (Groupements d&rsquo;Employeurs pour l&rsquo;Insertion et la Qualification)<\/li>\n<\/ul>\n<\/li>\n<li>Les Services de Proximit\u00e9<\/li>\n<li>Entreprises culturelles<\/li>\n<li>D\u00e9veloppement rural<\/li>\n<\/ul>\n<h2>Consultez aussi :<\/h2>\n\n<!-- Page-list plugin v.5.9 wordpress.org\/plugins\/page-list\/ -->\n<ul class=\"page-list \">\n<li class=\"page_item page-item-260\"><a href=\"https:\/\/blogs.univ-tlse2.fr\/cerises\/experimentations\/principes-suivis-pour-lanalyse\/grille-danalyse\/\">Grille d&rsquo;analyse<\/a><\/li>\n<li class=\"page_item page-item-262\"><a href=\"https:\/\/blogs.univ-tlse2.fr\/cerises\/experimentations\/principes-suivis-pour-lanalyse\/methode-de-classification-en-4-categories\/\">M\u00e9thode de classification en 4 cat\u00e9gories<\/a><\/li>\n<li class=\"page_item page-item-152 page_item_has_children\"><a href=\"https:\/\/blogs.univ-tlse2.fr\/cerises\/experimentations\/principes-suivis-pour-lanalyse\/ressources-informationnelles\/\">Ressources informationnelles<\/a><\/li>\n<li class=\"page_item page-item-154 page_item_has_children\"><a href=\"https:\/\/blogs.univ-tlse2.fr\/cerises\/experimentations\/principes-suivis-pour-lanalyse\/ressources-financieres\/\">Ressources financi\u00e8res<\/a><\/li>\n<li class=\"page_item page-item-158 page_item_has_children\"><a href=\"https:\/\/blogs.univ-tlse2.fr\/cerises\/experimentations\/principes-suivis-pour-lanalyse\/consommation-repartition-des-echanges-initiatives-solidaires\/\">Consommation \u2013 R\u00e9partition des \u00e9changes \u2013 Initiatives solidaires<\/a><\/li>\n\n<\/ul>\n","protected":false},"excerpt":{"rendered":"<p>Par distinction avec la cat\u00e9gorie consommation qui regroupe des initiatives solidaires, cette cat\u00e9gorie correspond plus \u00e0 la notion classique d&rsquo;entreprise. 8 initiatives ou projets d&rsquo;initiatives ont \u00e9t\u00e9 analys\u00e9s : Praksys est une soci\u00e9t\u00e9 de services informatiques dans les logiciels libres. Domaine de Garabaud fait partie d&rsquo;un ensemblier g\u00e9r\u00e9 par l&rsquo;association H\u00e9risson Bellor. Il agit dans [&hellip;]<\/p>\n","protected":false},"author":157,"featured_media":0,"parent":150,"menu_order":5,"comment_status":"closed","ping_status":"closed","template":"","meta":{"footnotes":""},"class_list":["post-156","page","type-page","status-publish","hentry"],"_links":{"self":[{"href":"https:\/\/blogs.univ-tlse2.fr\/cerises\/wp-json\/wp\/v2\/pages\/156","targetHints":{"allow":["GET"]}}],"collection":[{"href":"https:\/\/blogs.univ-tlse2.fr\/cerises\/wp-json\/wp\/v2\/pages"}],"about":[{"href":"https:\/\/blogs.univ-tlse2.fr\/cerises\/wp-json\/wp\/v2\/types\/page"}],"author":[{"embeddable":true,"href":"https:\/\/blogs.univ-tlse2.fr\/cerises\/wp-json\/wp\/v2\/users\/157"}],"replies":[{"embeddable":true,"href":"https:\/\/blogs.univ-tlse2.fr\/cerises\/wp-json\/wp\/v2\/comments?post=156"}],"version-history":[{"count":10,"href":"https:\/\/blogs.univ-tlse2.fr\/cerises\/wp-json\/wp\/v2\/pages\/156\/revisions"}],"predecessor-version":[{"id":3011,"href":"https:\/\/blogs.univ-tlse2.fr\/cerises\/wp-json\/wp\/v2\/pages\/156\/revisions\/3011"}],"up":[{"embeddable":true,"href":"https:\/\/blogs.univ-tlse2.fr\/cerises\/wp-json\/wp\/v2\/pages\/150"}],"wp:attachment":[{"href":"https:\/\/blogs.univ-tlse2.fr\/cerises\/wp-json\/wp\/v2\/media?parent=156"}],"curies":[{"name":"wp","href":"https:\/\/api.w.org\/{rel}","templated":true}]}}