 {"id":158,"date":"2013-01-10T15:30:40","date_gmt":"2013-01-10T14:30:40","guid":{"rendered":"https:\/\/blogs.univ-tlse2.fr\/cerises\/?page_id=158"},"modified":"2014-02-06T10:32:18","modified_gmt":"2014-02-06T09:32:18","slug":"consommation-repartition-des-echanges-initiatives-solidaires","status":"publish","type":"page","link":"https:\/\/blogs.univ-tlse2.fr\/cerises\/experimentations\/principes-suivis-pour-lanalyse\/consommation-repartition-des-echanges-initiatives-solidaires\/","title":{"rendered":"Consommation \u2013 R\u00e9partition des \u00e9changes \u2013 Initiatives solidaires"},"content":{"rendered":"<p><span>Par distinction avec la cat\u00e9gorie production qui regroupe des entreprises, les activit\u00e9s analys\u00e9es ici ne peuvent \u00eatre consid\u00e9r\u00e9es comme des entreprises. On parle plut\u00f4t d&rsquo;activit\u00e9s \u00e9conomiques ou d&rsquo;initiatives \u00e9conomiques citoyennes, que Cerises a choisi de nommer \u00ab\u00a0Initiatives Solidaires\u00a0\u00bb. <\/span><\/p>\n<p>Monographies et pr\u00e9sentations de projets et d&rsquo;initiatives disponibles dans cette rubrique :<\/p>\n<p>Synth\u00e8se de la Rencontre Nationale organis\u00e9e par Habicoop le 31 mai 2007 \u00e0 Lyon sur les <a title=\"Coop\u00e9ratives d\u2019habitants\" href=\"https:\/\/blogs.univ-tlse2.fr\/cerises\/experimentations\/principes-suivis-pour-lanalyse\/consommation-repartition-des-echanges-initiatives-solidaires\/cooperatives-dhabitants\/\"><strong>Coop\u00e9ratives d&rsquo;habitants<\/strong><\/a><\/p>\n<p><a title=\"Projet \u00ab\u00a0VietNam\u00a0\u00bb \u2013 ONG Villes en Transition\" href=\"https:\/\/blogs.univ-tlse2.fr\/cerises\/experimentations\/principes-suivis-pour-lanalyse\/consommation-repartition-des-echanges-initiatives-solidaires\/projet-vietnam-ong-villes-en-transition\/\"><strong>Le Projet \u00ab\u00a0VietNam\u00a0\u00bb &#8211; ONG Villes en Transition<\/strong><\/a> a pour ambition de coupler une initiative de potager collectif \u00e0 un r\u00e9seau d&rsquo;\u00e9changes de savoirs, de biens et de services.<\/p>\n<p><a title=\"Atelier Blanc\" href=\"https:\/\/blogs.univ-tlse2.fr\/cerises\/experimentations\/principes-suivis-pour-lanalyse\/consommation-repartition-des-echanges-initiatives-solidaires\/atelier-blanc\/\"><strong>L&rsquo;Atelier Blanc<\/strong><\/a> organise la d\u00e9mocratisation de l&rsquo;acc\u00e8s \u00e0 l&rsquo;\u00e9coconstrution.<\/p>\n<p>Le projet \u00ab\u00a0<a title=\"Accompagnement \u00e0 la scolarit\u00e9 et \u00e0 l\u2019int\u00e9gration des Enfants Nouvellement Arriv\u00e9s en France\" href=\"https:\/\/blogs.univ-tlse2.fr\/cerises\/experimentations\/principes-suivis-pour-lanalyse\/consommation-repartition-des-echanges-initiatives-solidaires\/accompagnement-a-la-scolarite\/\"><strong>Accompagnement \u00e0 la scolarit\u00e9 et \u00e0 l&rsquo;int\u00e9gration des Enfants Nouvellement Arriv\u00e9s en France &#8211; (ENAF)<\/strong><\/a>\u00a0\u00bb entend r\u00e9unir les acteurs pertinents dans une structure commune pour d\u00e9cloisonner les comp\u00e9tences et permettre une approche globale des enfants.<\/p>\n<p><a title=\"NOMAD RSI\" href=\"https:\/\/blogs.univ-tlse2.fr\/cerises\/experimentations\/principes-suivis-pour-lanalyse\/consommation-repartition-des-echanges-initiatives-solidaires\/nomad-rsi\/\"><strong>NOMAD RSI<\/strong><\/a> est une association de recherches et d\u00e9veloppement dans le domaine des traditions m\u00e9dicales.<\/p>\n<p><a title=\"Global Ecovillage\" href=\"https:\/\/blogs.univ-tlse2.fr\/cerises\/experimentations\/principes-suivis-pour-lanalyse\/consommation-repartition-des-echanges-initiatives-solidaires\/global-ecovillage\/\"><strong>Global Ecovillage Network<\/strong><\/a> favorise la diffusion et l&rsquo;exp\u00e9rimentation des \u00e9co-villages.<\/p>\n<p>M\u00e9thodologie pour la cr\u00e9ation de <a title=\"Cr\u00e8ches parentales\" href=\"https:\/\/blogs.univ-tlse2.fr\/cerises\/experimentations\/principes-suivis-pour-lanalyse\/consommation-repartition-des-echanges-initiatives-solidaires\/creches-parentales\/\"><strong>Cr\u00e8ches parentales<\/strong><\/a>.<\/p>\n<p>Informations sur la constitution de <a title=\"Syst\u00e8mes d\u2019Echanges Locaux\" href=\"https:\/\/blogs.univ-tlse2.fr\/cerises\/experimentations\/principes-suivis-pour-lanalyse\/consommation-repartition-des-echanges-initiatives-solidaires\/systemes-dechanges-locaux\/\"><strong>Syst\u00e8mes d&rsquo;Echanges Locaux<\/strong><\/a>.<\/p>\n<p><a title=\"Acteurs Territoires en Prospectives\" href=\"https:\/\/blogs.univ-tlse2.fr\/cerises\/experimentations\/principes-suivis-pour-lanalyse\/consommation-repartition-des-echanges-initiatives-solidaires\/acteurs-territoires-en-prospectives\/\"><strong>Acteurs Territoires en Prospectives<\/strong><\/a> est une association auvergnate qui sert de cadre pour la participation des habitants pour impulser des projets de territoires ruraux ou de pays.<\/p>\n<p>D&rsquo;autres structures sont pr\u00e9sent\u00e9es plus bri\u00e8vement sur <a href=\"https:\/\/blogs.univ-tlse2.fr\/cerises\/files\/publications-issues-des-travaux-de-cerises\/plaine-commune-bonnes-pratiques.pdf\">Plaine Commune 3 Bonnes pratiques<\/a> ainsi que sur <a href=\"https:\/\/blogs.univ-tlse2.fr\/cerises\/files\/ressources-informationnelles\/CR-MIP-bdd.pdf\">Initiatives Midi Pyr\u00e9n\u00e9es<\/a>. Elles ont \u00e9t\u00e9 r\u00e9alis\u00e9es lors de deux <a title=\"Les expertises de Cerises\" href=\"https:\/\/blogs.univ-tlse2.fr\/cerises\/experimentations\/les-expertises-de-cerises\/\">expertises par Cerises<\/a>.<\/p>\n<p>A terme, l&rsquo;ensemble des types de structures suivantes devront \u00eatre appr\u00e9hend\u00e9es \u00e0 travers des initiatives:<\/p>\n<ul>\n<li>Cr\u00e8ches parentales<\/li>\n<li>Echange \u00e9quitable<\/li>\n<li>Syst\u00e8mes d&rsquo;Echanges Locaux<\/li>\n<li>R\u00e9seaux d&rsquo;Echanges R\u00e9ciproques de Savoirs<\/li>\n<li>Habitats collectifs et Eco-construction<\/li>\n<li>Associations de Maintien de l&rsquo;Agriculture Paysanne<\/li>\n<li>Eco-villages<\/li>\n<li>Organisations de solidarit\u00e9 (locales et\/ou internationales)\n<\/li>\n<\/ul>\n<h2>Consultez aussi :<\/h2>\n\n<!-- Page-list plugin v.5.9 wordpress.org\/plugins\/page-list\/ -->\n<ul class=\"page-list \">\n<li class=\"page_item page-item-260\"><a href=\"https:\/\/blogs.univ-tlse2.fr\/cerises\/experimentations\/principes-suivis-pour-lanalyse\/grille-danalyse\/\">Grille d&rsquo;analyse<\/a><\/li>\n<li class=\"page_item page-item-262\"><a href=\"https:\/\/blogs.univ-tlse2.fr\/cerises\/experimentations\/principes-suivis-pour-lanalyse\/methode-de-classification-en-4-categories\/\">M\u00e9thode de classification en 4 cat\u00e9gories<\/a><\/li>\n<li class=\"page_item page-item-152 page_item_has_children\"><a href=\"https:\/\/blogs.univ-tlse2.fr\/cerises\/experimentations\/principes-suivis-pour-lanalyse\/ressources-informationnelles\/\">Ressources informationnelles<\/a><\/li>\n<li class=\"page_item page-item-154 page_item_has_children\"><a href=\"https:\/\/blogs.univ-tlse2.fr\/cerises\/experimentations\/principes-suivis-pour-lanalyse\/ressources-financieres\/\">Ressources financi\u00e8res<\/a><\/li>\n<li class=\"page_item page-item-156 page_item_has_children\"><a href=\"https:\/\/blogs.univ-tlse2.fr\/cerises\/experimentations\/principes-suivis-pour-lanalyse\/production-entreprises-sociales\/\">Production \u2013 Entreprises sociales<\/a><\/li>\n\n<\/ul>\n","protected":false},"excerpt":{"rendered":"<p>Par distinction avec la cat\u00e9gorie production qui regroupe des entreprises, les activit\u00e9s analys\u00e9es ici ne peuvent \u00eatre consid\u00e9r\u00e9es comme des entreprises. On parle plut\u00f4t d&rsquo;activit\u00e9s \u00e9conomiques ou d&rsquo;initiatives \u00e9conomiques citoyennes, que Cerises a choisi de nommer \u00ab\u00a0Initiatives Solidaires\u00a0\u00bb. Monographies et pr\u00e9sentations de projets et d&rsquo;initiatives disponibles dans cette rubrique : Synth\u00e8se de la Rencontre Nationale [&hellip;]<\/p>\n","protected":false},"author":157,"featured_media":0,"parent":150,"menu_order":6,"comment_status":"closed","ping_status":"closed","template":"","meta":{"footnotes":""},"class_list":["post-158","page","type-page","status-publish","hentry"],"_links":{"self":[{"href":"https:\/\/blogs.univ-tlse2.fr\/cerises\/wp-json\/wp\/v2\/pages\/158","targetHints":{"allow":["GET"]}}],"collection":[{"href":"https:\/\/blogs.univ-tlse2.fr\/cerises\/wp-json\/wp\/v2\/pages"}],"about":[{"href":"https:\/\/blogs.univ-tlse2.fr\/cerises\/wp-json\/wp\/v2\/types\/page"}],"author":[{"embeddable":true,"href":"https:\/\/blogs.univ-tlse2.fr\/cerises\/wp-json\/wp\/v2\/users\/157"}],"replies":[{"embeddable":true,"href":"https:\/\/blogs.univ-tlse2.fr\/cerises\/wp-json\/wp\/v2\/comments?post=158"}],"version-history":[{"count":8,"href":"https:\/\/blogs.univ-tlse2.fr\/cerises\/wp-json\/wp\/v2\/pages\/158\/revisions"}],"predecessor-version":[{"id":3015,"href":"https:\/\/blogs.univ-tlse2.fr\/cerises\/wp-json\/wp\/v2\/pages\/158\/revisions\/3015"}],"up":[{"embeddable":true,"href":"https:\/\/blogs.univ-tlse2.fr\/cerises\/wp-json\/wp\/v2\/pages\/150"}],"wp:attachment":[{"href":"https:\/\/blogs.univ-tlse2.fr\/cerises\/wp-json\/wp\/v2\/media?parent=158"}],"curies":[{"name":"wp","href":"https:\/\/api.w.org\/{rel}","templated":true}]}}