 {"id":164,"date":"2013-01-10T15:32:31","date_gmt":"2013-01-10T14:32:31","guid":{"rendered":"https:\/\/blogs.univ-tlse2.fr\/cerises\/?page_id=164"},"modified":"2014-02-06T10:32:18","modified_gmt":"2014-02-06T09:32:18","slug":"conferences-publiques","status":"publish","type":"page","link":"https:\/\/blogs.univ-tlse2.fr\/cerises\/experimentations\/coopatoit\/conferences-publiques\/","title":{"rendered":"Conf\u00e9rences publiques"},"content":{"rendered":"<p><em>\u00ab\u00a0Depuis trente ans, la grande faiblesse de la politique de la ville fran\u00e7aise tient \u00e0 l&rsquo;absence de confiance dans les habitants. Dans le refus de leur donner la moindre parcelle de pouvoir. L&rsquo;Etat a multipli\u00e9 les dispositifs, invent\u00e9 des acronymes, exp\u00e9riment\u00e9 d&rsquo;innombrables politiques. Il a aussi <a href=\"https:\/\/blogs.univ-tlse2.fr\/cerises\/wp-content\/blogs.dir\/97\/files\/conferences-publiques\/Unknown-1.jpeg\"><img loading=\"lazy\" decoding=\"async\" class=\"alignright size-full wp-image-3389\" alt=\"Unknown-1\" src=\"https:\/\/blogs.univ-tlse2.fr\/cerises\/wp-content\/blogs.dir\/97\/files\/conferences-publiques\/Unknown-1.jpeg\" width=\"69\" height=\"88\" \/><\/a>envoy\u00e9 des pr\u00e9fets, nomm\u00e9 des d\u00e9l\u00e9gu\u00e9s de l&rsquo;Etat et donn\u00e9 naissance \u00e0 des g\u00e9n\u00e9rations de techniciens de la politique de la ville. Mais jamais notre soci\u00e9t\u00e9 n&rsquo;a cherch\u00e9 \u00e0 confier les cl\u00e9s des politiques urbaines aux habitants eux-m\u00eames. Ni m\u00eame \u00e0 les faire participer\u00a0\u00bb. L.Bronner. La loi du ghetto. Edit Calmann-L\u00e9vy<\/em><\/p>\n<h2>Conf\u00e9rences publiques :<\/h2>\n<p><a href=\"https:\/\/blogs.univ-tlse2.fr\/cerises\/files\/conferences-publiques\/lyon-2007.pdf\">Lyon, 31 mars 2007<\/a><\/p>\n<p><a href=\"https:\/\/blogs.univ-tlse2.fr\/cerises\/files\/conferences-publiques\/mimizan-mars-2008.pdf\">Mimizan, 20 mars 2008<\/a><\/p>\n<p><a href=\"https:\/\/blogs.univ-tlse2.fr\/cerises\/files\/conferences-publiques\/mimizan-15-d\u00e9cembre.pdf\">Mimizan, 15 d\u00e9cembre 2009<\/a><\/p>\n<p><a href=\"https:\/\/blogs.univ-tlse2.fr\/cerises\/files\/conferences-publiques\/histoire-et-economie-sociale.pdf\">Nantes, d\u00e9cembre 2009<\/a><\/p>\n<p><a href=\"https:\/\/blogs.univ-tlse2.fr\/cerises\/files\/documents-techniques\/conference-publique-6.pdf\">Mimizan, 28 mai 2010<\/a><\/p>\n<p><a href=\"https:\/\/blogs.univ-tlse2.fr\/cerises\/files\/conferences-publiques\/Conference-publique.pdf\">B\u00e8gles, 6 et 13 septembre 2012<\/a><\/p>\n<h2>Voir aussi :<\/h2>\n\n<!-- Page-list plugin v.5.9 wordpress.org\/plugins\/page-list\/ -->\n<ul class=\"page-list \">\n<li class=\"page_item page-item-166\"><a href=\"https:\/\/blogs.univ-tlse2.fr\/cerises\/experimentations\/coopatoit\/documents-techniques\/\">Documents techniques<\/a><\/li>\n<li class=\"page_item page-item-146 page_item_has_children\"><a href=\"https:\/\/blogs.univ-tlse2.fr\/cerises\/experimentations\/coopatoit\/projets-de-co-habitat\/\">La Ruche de B\u00e8gles<\/a><\/li>\n<li class=\"page_item page-item-252 page_item_has_children\"><a href=\"https:\/\/blogs.univ-tlse2.fr\/cerises\/experimentations\/coopatoit\/reunions-et-echeancier-documents-mimizan\/\">Les Sablines de Mimizan<\/a><\/li>\n\n<\/ul>\n","protected":false},"excerpt":{"rendered":"<p>\u00ab\u00a0Depuis trente ans, la grande faiblesse de la politique de la ville fran\u00e7aise tient \u00e0 l&rsquo;absence de confiance dans les habitants. Dans le refus de leur donner la moindre parcelle de pouvoir. L&rsquo;Etat a multipli\u00e9 les dispositifs, invent\u00e9 des acronymes, exp\u00e9riment\u00e9 d&rsquo;innombrables politiques. Il a aussi envoy\u00e9 des pr\u00e9fets, nomm\u00e9 des d\u00e9l\u00e9gu\u00e9s de l&rsquo;Etat et [&hellip;]<\/p>\n","protected":false},"author":157,"featured_media":0,"parent":1507,"menu_order":1,"comment_status":"closed","ping_status":"open","template":"","meta":{"footnotes":""},"class_list":["post-164","page","type-page","status-publish","hentry"],"_links":{"self":[{"href":"https:\/\/blogs.univ-tlse2.fr\/cerises\/wp-json\/wp\/v2\/pages\/164","targetHints":{"allow":["GET"]}}],"collection":[{"href":"https:\/\/blogs.univ-tlse2.fr\/cerises\/wp-json\/wp\/v2\/pages"}],"about":[{"href":"https:\/\/blogs.univ-tlse2.fr\/cerises\/wp-json\/wp\/v2\/types\/page"}],"author":[{"embeddable":true,"href":"https:\/\/blogs.univ-tlse2.fr\/cerises\/wp-json\/wp\/v2\/users\/157"}],"replies":[{"embeddable":true,"href":"https:\/\/blogs.univ-tlse2.fr\/cerises\/wp-json\/wp\/v2\/comments?post=164"}],"version-history":[{"count":15,"href":"https:\/\/blogs.univ-tlse2.fr\/cerises\/wp-json\/wp\/v2\/pages\/164\/revisions"}],"predecessor-version":[{"id":3390,"href":"https:\/\/blogs.univ-tlse2.fr\/cerises\/wp-json\/wp\/v2\/pages\/164\/revisions\/3390"}],"up":[{"embeddable":true,"href":"https:\/\/blogs.univ-tlse2.fr\/cerises\/wp-json\/wp\/v2\/pages\/1507"}],"wp:attachment":[{"href":"https:\/\/blogs.univ-tlse2.fr\/cerises\/wp-json\/wp\/v2\/media?parent=164"}],"curies":[{"name":"wp","href":"https:\/\/api.w.org\/{rel}","templated":true}]}}