 {"id":1640,"date":"2013-01-21T18:15:10","date_gmt":"2013-01-21T17:15:10","guid":{"rendered":"https:\/\/blogs.univ-tlse2.fr\/cerises\/?page_id=1640"},"modified":"2014-02-06T10:31:56","modified_gmt":"2014-02-06T09:31:56","slug":"atelier-n-1","status":"publish","type":"page","link":"https:\/\/blogs.univ-tlse2.fr\/cerises\/publications\/conferences-colloques\/colloque-rulescoop\/atelier-n-1\/","title":{"rendered":"Atelier N\u00b01"},"content":{"rendered":"<h2>\u00ab\u00a0Les mutations du secteur bancaire coop\u00e9ratif : Reconqu\u00eate, viabilit\u00e9 et m\u00e9prises\u00a0\u00bb<!--more--><\/h2>\n<p><a href=\"https:\/\/blogs.univ-tlse2.fr\/cerises\/files\/atelier-n-1-les-mutations-du-secteur-bancaire-cooperatif-reconquete-viabilite-et-meprises\/RICHEZBATTESTI.pdf\">N. Richez-Battesti<\/a>, MCF \u00e9conomie, Universit\u00e9 de la m\u00e9diterran\u00e9e. France.<br \/>\nLes banques coop\u00e9ratives en France : Un processus de reconqu\u00eate de l\u2019identit\u00e9 coop\u00e9rative ?<\/p>\n<p><a href=\"https:\/\/blogs.univ-tlse2.fr\/cerises\/files\/atelier-n-1-les-mutations-du-secteur-bancaire-cooperatif-reconquete-viabilite-et-meprises\/TUDIOORGANIZACIONALDELSCACCh_pedronavarte.pdf\">C. Castillo P. Navarte N. Torres<\/a>\u00a0(respectivement chercheur Universit\u00e9 de Santiago, Pr. Universit\u00e9 de Santiago et chercheure universit\u00e9 de Santiago, Chili).<br \/>\nEstudio de la viabilidad organizacional del sector cooperativo de ahorro y credito en Chile<\/p>\n<p><a href=\"https:\/\/blogs.univ-tlse2.fr\/cerises\/files\/atelier-n-1-les-mutations-du-secteur-bancaire-cooperatif-reconquete-viabilite-et-meprises\/texteBrest3_vezinamalobeishenaly.pdf\">MC. Malo N. Beishenaly M. Vezina<\/a>\u00a0(respectivement professeure HEC Montreal, doctorante Universit\u00e9 de Grenoble II-CEPSE et professeure HEC Montreal)<br \/>\nRationnement du cr\u00e9dit et avantage concurrentiel des banques coop\u00e9ratives dans le financement des PME : un mod\u00e8le d&rsquo;analyse<\/p>\n<h2>Consultez les autres ateliers :<\/h2>\n\n<!-- Page-list plugin v.5.9 wordpress.org\/plugins\/page-list\/ -->\n<div class=\"page-list page-list-ext \">\n<div class=\"page-list-ext-item\"><h3 class=\"page-list-ext-title\"><a href=\"https:\/\/blogs.univ-tlse2.fr\/cerises\/publications\/conferences-colloques\/colloque-rulescoop\/atelier-n2\/\" title=\"Atelier N\u00b02 \">Atelier N\u00b02 <\/a><\/h3><div class=\"page-list-ext-item-content\">\"L'\u00e9conomie sociale en Europe et en Am\u00e9rique Latine : gouvernance europ\u00e9enne, int\u00e9gration et d\u00e9veloppement \u00e9mergent\"<\/div><\/div>\n<div class=\"page-list-ext-item\"><h3 class=\"page-list-ext-title\"><a href=\"https:\/\/blogs.univ-tlse2.fr\/cerises\/publications\/conferences-colloques\/colloque-rulescoop\/atelier-n3\/\" title=\"Atelier N\u00b03\">Atelier N\u00b03<\/a><\/h3><div class=\"page-list-ext-item-content\">\"P\u00e9rennit\u00e9 des identit\u00e9s coop\u00e9ratives et mutualistes: reprises, humanisme et id\u00e9al\"<\/div><\/div>\n<div class=\"page-list-ext-item\"><h3 class=\"page-list-ext-title\"><a href=\"https:\/\/blogs.univ-tlse2.fr\/cerises\/publications\/conferences-colloques\/colloque-rulescoop\/atelier-n4\/\" title=\"Atelier N\u00b04\">Atelier N\u00b04<\/a><\/h3><div class=\"page-list-ext-item-content\">\"Les mutations du secteur bancaire coop\u00e9ratif : l\u00e9gitimit\u00e9, responsabilit\u00e9 sociale et m\u00e9c\u00e9nat\"<\/div><\/div>\n<div class=\"page-list-ext-item\"><h3 class=\"page-list-ext-title\"><a href=\"https:\/\/blogs.univ-tlse2.fr\/cerises\/publications\/conferences-colloques\/colloque-rulescoop\/atelier-n5\/\" title=\"Atelier N\u00b05\">Atelier N\u00b05<\/a><\/h3><div class=\"page-list-ext-item-content\">\"L'\u00e9conomie sociale en Europe et Am\u00e9rique Latine: mouvement social, coop\u00e9ration agricole et comparaison internationale\"<\/div><\/div>\n<div class=\"page-list-ext-item\"><h3 class=\"page-list-ext-title\"><a href=\"https:\/\/blogs.univ-tlse2.fr\/cerises\/publications\/conferences-colloques\/colloque-rulescoop\/atelier-n6\/\" title=\"Atelier N\u00b06\">Atelier N\u00b06<\/a><\/h3><div class=\"page-list-ext-item-content\">\"P\u00e9rennit\u00e9s des identit\u00e9s coop\u00e9ratives et mutualistes : la vie des entreprises coop\u00e9ratives\"<\/div><\/div>\n<div class=\"page-list-ext-item\"><h3 class=\"page-list-ext-title\"><a href=\"https:\/\/blogs.univ-tlse2.fr\/cerises\/publications\/conferences-colloques\/colloque-rulescoop\/atelier-n7\/\" title=\"Atelier n\u00b07\">Atelier n\u00b07<\/a><\/h3><div class=\"page-list-ext-item-content\">\"Les mutations du secteur bancaire coop\u00e9ratif en France et en Am\u00e9rique Latine: innovation, cr\u00e9dit social et identit\u00e9 coop\u00e9rative\"<\/div><\/div>\n<div class=\"page-list-ext-item\"><h3 class=\"page-list-ext-title\"><a href=\"https:\/\/blogs.univ-tlse2.fr\/cerises\/publications\/conferences-colloques\/colloque-rulescoop\/atelier-n8\/\" title=\"Atelier N\u00b08\">Atelier N\u00b08<\/a><\/h3><div class=\"page-list-ext-item-content\">\"L'\u00e9conomie sociale en Europe et Am\u00e9rique Latine: autogestion, finances solidaires et cadre juridique\"<\/div><\/div>\n<div class=\"page-list-ext-item\"><h3 class=\"page-list-ext-title\"><a href=\"https:\/\/blogs.univ-tlse2.fr\/cerises\/publications\/conferences-colloques\/colloque-rulescoop\/atelier-n9\/\" title=\"Atelier N\u00b09\">Atelier N\u00b09<\/a><\/h3><div class=\"page-list-ext-item-content\">\"P\u00e9rennit\u00e9s des identit\u00e9s coop\u00e9ratives et mutualistes: cycle de vie, perte de la participation et p\u00e9rennit\u00e9 de l'identit\u00e9 coop\u00e9rative\"<\/div><\/div>\n<div class=\"page-list-ext-item\"><h3 class=\"page-list-ext-title\"><a href=\"https:\/\/blogs.univ-tlse2.fr\/cerises\/publications\/conferences-colloques\/colloque-rulescoop\/atelier-n10\/\" title=\"Atelier N\u00b010\">Atelier N\u00b010<\/a><\/h3><div class=\"page-list-ext-item-content\">\"L'\u00e9conomie sociale en Europe et Am\u00e9rique Latine : cadre \u00e9tatique et comparaison internationale\"<\/div><\/div>\n<div class=\"page-list-ext-item\"><h3 class=\"page-list-ext-title\"><a href=\"https:\/\/blogs.univ-tlse2.fr\/cerises\/publications\/conferences-colloques\/colloque-rulescoop\/atelier-n11\/\" title=\"Atelier N\u00b011\">Atelier N\u00b011<\/a><\/h3><div class=\"page-list-ext-item-content\">\"P\u00e9rennit\u00e9s des identit\u00e9s coop\u00e9ratives et mutualistes: intercoop\u00e9ration, nouvelles technologies et innovation\"<\/div><\/div>\n<div class=\"page-list-ext-item\"><h3 class=\"page-list-ext-title\"><a href=\"https:\/\/blogs.univ-tlse2.fr\/cerises\/publications\/conferences-colloques\/colloque-rulescoop\/atelier-n12\/\" title=\"Atelier N\u00b012\">Atelier N\u00b012<\/a><\/h3><div class=\"page-list-ext-item-content\">\"Les mutations du secteur coop\u00e9ratif : mutations, d\u00e9naturation et rentabilit\u00e9 sociale\"<\/div><\/div>\n<div class=\"page-list-ext-item\"><h3 class=\"page-list-ext-title\"><a href=\"https:\/\/blogs.univ-tlse2.fr\/cerises\/publications\/conferences-colloques\/colloque-rulescoop\/atelier-n13\/\" title=\"Atelier N\u00b013\">Atelier N\u00b013<\/a><\/h3><div class=\"page-list-ext-item-content\">\"L'\u00e9conomie sociale en Europe et en Am\u00e9rique Latine: politiques publiques et \u00e9conomie solidaire\"<\/div><\/div>\n<div class=\"page-list-ext-item\"><h3 class=\"page-list-ext-title\"><a href=\"https:\/\/blogs.univ-tlse2.fr\/cerises\/publications\/conferences-colloques\/colloque-rulescoop\/atelier-n14\/\" title=\"Atelier N\u00b014\">Atelier N\u00b014<\/a><\/h3><div class=\"page-list-ext-item-content\">\"P\u00e9rennit\u00e9s des identit\u00e9s coop\u00e9ratives et mutualistes: transformation, activit\u00e9s et globalisation\"<\/div><\/div>\n\n<\/div>\n","protected":false},"excerpt":{"rendered":"<p>\u00ab\u00a0Les mutations du secteur bancaire coop\u00e9ratif : Reconqu\u00eate, viabilit\u00e9 et m\u00e9prises\u00a0\u00bb<\/p>\n","protected":false},"author":157,"featured_media":0,"parent":246,"menu_order":1,"comment_status":"closed","ping_status":"open","template":"","meta":{"footnotes":""},"class_list":["post-1640","page","type-page","status-publish","hentry"],"_links":{"self":[{"href":"https:\/\/blogs.univ-tlse2.fr\/cerises\/wp-json\/wp\/v2\/pages\/1640","targetHints":{"allow":["GET"]}}],"collection":[{"href":"https:\/\/blogs.univ-tlse2.fr\/cerises\/wp-json\/wp\/v2\/pages"}],"about":[{"href":"https:\/\/blogs.univ-tlse2.fr\/cerises\/wp-json\/wp\/v2\/types\/page"}],"author":[{"embeddable":true,"href":"https:\/\/blogs.univ-tlse2.fr\/cerises\/wp-json\/wp\/v2\/users\/157"}],"replies":[{"embeddable":true,"href":"https:\/\/blogs.univ-tlse2.fr\/cerises\/wp-json\/wp\/v2\/comments?post=1640"}],"version-history":[{"count":9,"href":"https:\/\/blogs.univ-tlse2.fr\/cerises\/wp-json\/wp\/v2\/pages\/1640\/revisions"}],"predecessor-version":[{"id":2954,"href":"https:\/\/blogs.univ-tlse2.fr\/cerises\/wp-json\/wp\/v2\/pages\/1640\/revisions\/2954"}],"up":[{"embeddable":true,"href":"https:\/\/blogs.univ-tlse2.fr\/cerises\/wp-json\/wp\/v2\/pages\/246"}],"wp:attachment":[{"href":"https:\/\/blogs.univ-tlse2.fr\/cerises\/wp-json\/wp\/v2\/media?parent=1640"}],"curies":[{"name":"wp","href":"https:\/\/api.w.org\/{rel}","templated":true}]}}