 {"id":166,"date":"2013-01-10T15:33:01","date_gmt":"2013-01-10T14:33:01","guid":{"rendered":"https:\/\/blogs.univ-tlse2.fr\/cerises\/?page_id=166"},"modified":"2014-03-12T14:41:16","modified_gmt":"2014-03-12T13:41:16","slug":"documents-techniques","status":"publish","type":"page","link":"https:\/\/blogs.univ-tlse2.fr\/cerises\/experimentations\/coopatoit\/documents-techniques\/","title":{"rendered":"Documents techniques"},"content":{"rendered":"<p>Afin de favoriser la diffusion et la production de connaissances dans le domaine, Cerises met \u00e0 disposition librement les documents techniques produits dans le cadre de ses activit\u00e9s.<\/p>\n<p><a href=\"https:\/\/blogs.univ-tlse2.fr\/cerises\/files\/documents-techniques\/demarrage.pdf\">n\u00b01: M\u00e9thodologie de d\u00e9marrage<\/a><\/p>\n<p><a href=\"https:\/\/blogs.univ-tlse2.fr\/cerises\/files\/documents-techniques\/Feuille-personnalisee.pdf\">n\u00b02: Fiche personnalis\u00e9e<\/a><\/p>\n<p><a href=\"https:\/\/blogs.univ-tlse2.fr\/cerises\/files\/documents-techniques\/incontournables2-du-comite-de-pilotage.pdf\">n\u00b03: Comit\u00e9s et incontournables<\/a><\/p>\n<p><a href=\"https:\/\/blogs.univ-tlse2.fr\/cerises\/files\/documents-techniques\/conference-publique-6.pdf\">n\u00b04: Initiation \u00e0 la Soci\u00e9t\u00e9 civile immobili\u00e8re par attribution<\/a><\/p>\n<p><a href=\"https:\/\/blogs.univ-tlse2.fr\/cerises\/files\/documents-techniques\/SCIA-doc-n8.pdf\">n\u00b05: Qu&rsquo;est-ce qu&rsquo;une SCIA ?<\/a><\/p>\n<p><a href=\"https:\/\/blogs.univ-tlse2.fr\/cerises\/files\/documents-techniques\/Charte-X.pdf\">Charte X<\/a><\/p>\n<p><a href=\"https:\/\/blogs.univ-tlse2.fr\/cerises\/files\/seance-archi\/SEANCE-ARCHI-4-OCT-2012.pdf\">SEANCE ARCHI &#8211; 4 OCT 2012<\/a><\/p>\n<p><a href=\"https:\/\/blogs.univ-tlse2.fr\/cerises\/wp-content\/blogs.dir\/97\/files\/documents-techniques\/ASL-5-d\u00e9cembre-2013.pdf\">ASL 5 d\u00e9cembre 2013<\/a><\/p>\n<p><a href=\"https:\/\/blogs.univ-tlse2.fr\/cerises\/files\/documents-techniques\/La-RUCHE-10.pdf\">La RUCHE f\u00e9vrier 2014<\/a><a href=\"https:\/\/blogs.univ-tlse2.fr\/cerises\/files\/documents-techniques\/Montage-LA-RUCHE.pdf\"><br \/>\n<\/a><\/p>\n<p><a href=\"https:\/\/blogs.univ-tlse2.fr\/cerises\/files\/documents-techniques\/La-RUCHE-10.pdf\">M<\/a><a href=\"https:\/\/blogs.univ-tlse2.fr\/cerises\/files\/documents-techniques\/Montage-LA-RUCHE.pdf\">ontage LA RUCHE<\/a>\u00a06 mars 2014<\/p>\n<h2>Voir aussi :<\/h2>\n\n<!-- Page-list plugin v.5.9 wordpress.org\/plugins\/page-list\/ -->\n<ul class=\"page-list \">\n<li class=\"page_item page-item-164\"><a href=\"https:\/\/blogs.univ-tlse2.fr\/cerises\/experimentations\/coopatoit\/conferences-publiques\/\">Conf\u00e9rences publiques<\/a><\/li>\n<li class=\"page_item page-item-146 page_item_has_children\"><a href=\"https:\/\/blogs.univ-tlse2.fr\/cerises\/experimentations\/coopatoit\/projets-de-co-habitat\/\">La Ruche de B\u00e8gles<\/a><\/li>\n<li class=\"page_item page-item-252 page_item_has_children\"><a href=\"https:\/\/blogs.univ-tlse2.fr\/cerises\/experimentations\/coopatoit\/reunions-et-echeancier-documents-mimizan\/\">Les Sablines de Mimizan<\/a><\/li>\n\n<\/ul>\n<p>&nbsp;<\/p>\n","protected":false},"excerpt":{"rendered":"<p>Afin de favoriser la diffusion et la production de connaissances dans le domaine, Cerises met \u00e0 disposition librement les documents techniques produits dans le cadre de ses activit\u00e9s. n\u00b01: M\u00e9thodologie de d\u00e9marrage n\u00b02: Fiche personnalis\u00e9e n\u00b03: Comit\u00e9s et incontournables n\u00b04: Initiation \u00e0 la Soci\u00e9t\u00e9 civile immobili\u00e8re par attribution n\u00b05: Qu&rsquo;est-ce qu&rsquo;une SCIA ? Charte X [&hellip;]<\/p>\n","protected":false},"author":157,"featured_media":0,"parent":1507,"menu_order":2,"comment_status":"closed","ping_status":"closed","template":"","meta":{"footnotes":""},"class_list":["post-166","page","type-page","status-publish","hentry"],"_links":{"self":[{"href":"https:\/\/blogs.univ-tlse2.fr\/cerises\/wp-json\/wp\/v2\/pages\/166","targetHints":{"allow":["GET"]}}],"collection":[{"href":"https:\/\/blogs.univ-tlse2.fr\/cerises\/wp-json\/wp\/v2\/pages"}],"about":[{"href":"https:\/\/blogs.univ-tlse2.fr\/cerises\/wp-json\/wp\/v2\/types\/page"}],"author":[{"embeddable":true,"href":"https:\/\/blogs.univ-tlse2.fr\/cerises\/wp-json\/wp\/v2\/users\/157"}],"replies":[{"embeddable":true,"href":"https:\/\/blogs.univ-tlse2.fr\/cerises\/wp-json\/wp\/v2\/comments?post=166"}],"version-history":[{"count":16,"href":"https:\/\/blogs.univ-tlse2.fr\/cerises\/wp-json\/wp\/v2\/pages\/166\/revisions"}],"predecessor-version":[{"id":3527,"href":"https:\/\/blogs.univ-tlse2.fr\/cerises\/wp-json\/wp\/v2\/pages\/166\/revisions\/3527"}],"up":[{"embeddable":true,"href":"https:\/\/blogs.univ-tlse2.fr\/cerises\/wp-json\/wp\/v2\/pages\/1507"}],"wp:attachment":[{"href":"https:\/\/blogs.univ-tlse2.fr\/cerises\/wp-json\/wp\/v2\/media?parent=166"}],"curies":[{"name":"wp","href":"https:\/\/api.w.org\/{rel}","templated":true}]}}