 {"id":1733,"date":"2013-01-22T10:40:42","date_gmt":"2013-01-22T09:40:42","guid":{"rendered":"https:\/\/blogs.univ-tlse2.fr\/cerises\/?page_id=1733"},"modified":"2014-02-06T10:31:56","modified_gmt":"2014-02-06T09:31:56","slug":"atelier-n11","status":"publish","type":"page","link":"https:\/\/blogs.univ-tlse2.fr\/cerises\/publications\/conferences-colloques\/colloque-rulescoop\/atelier-n11\/","title":{"rendered":"Atelier N\u00b011"},"content":{"rendered":"<h2>\u00ab\u00a0P\u00e9rennit\u00e9s des identit\u00e9s coop\u00e9ratives et mutualistes: intercoop\u00e9ration, nouvelles technologies et innovation\u00a0\u00bb<!--more--><\/h2>\n<p><a href=\"https:\/\/blogs.univ-tlse2.fr\/cerises\/files\/atelier-n11\/Pratiquesdintercooperation-Rulescoop-MichelLafleur.pdf\">M. Lafleur E. Molina MA. Taillon<\/a>\u00a0(respectivement professeur, chercheur et chercheure au d\u00e9partement Management de l&rsquo;Institut de Recherche et d&rsquo;Enseignement, IRESCUS, de l&rsquo;Universit\u00e9 de Sherbrooke, Canada<br \/>\nMod\u00e9lisation des pratiques d\u2019intercoop\u00e9ration au Qu\u00e9bec : les cas des coop\u00e9ratives de consommation<\/p>\n<p><a href=\"https:\/\/blogs.univ-tlse2.fr\/cerises\/files\/atelier-n11\/Perenniteetidentitesco1_jacquesprades.pdf\">J. Prades<\/a>\u00a0(Universit\u00e9 de Toulouse 2 Le Mirail, Toulouse, France, et Centre Europ\u00e9en de Ressources sur les Initiatives Solidaires et les Entreprises Sociales)<br \/>\nComment p\u00e9renniser les identit\u00e9s des entreprises sociales et des initiatives solidaires ? Mondragon, Marinaleda et les CDEC Qu\u00e9b\u00e9cois<\/p>\n<h2>Consultez les autres ateliers :<\/h2>\n\n<!-- Page-list plugin v.5.9 wordpress.org\/plugins\/page-list\/ -->\n<div class=\"page-list page-list-ext \">\n<div class=\"page-list-ext-item\"><h3 class=\"page-list-ext-title\"><a href=\"https:\/\/blogs.univ-tlse2.fr\/cerises\/publications\/conferences-colloques\/colloque-rulescoop\/atelier-n-1\/\" title=\"Atelier N\u00b01\">Atelier N\u00b01<\/a><\/h3><div class=\"page-list-ext-item-content\">\"Les mutations du secteur bancaire coop\u00e9ratif : Reconqu\u00eate, viabilit\u00e9 et m\u00e9prises\"<\/div><\/div>\n<div class=\"page-list-ext-item\"><h3 class=\"page-list-ext-title\"><a href=\"https:\/\/blogs.univ-tlse2.fr\/cerises\/publications\/conferences-colloques\/colloque-rulescoop\/atelier-n2\/\" title=\"Atelier N\u00b02 \">Atelier N\u00b02 <\/a><\/h3><div class=\"page-list-ext-item-content\">\"L'\u00e9conomie sociale en Europe et en Am\u00e9rique Latine : gouvernance europ\u00e9enne, int\u00e9gration et d\u00e9veloppement \u00e9mergent\"<\/div><\/div>\n<div class=\"page-list-ext-item\"><h3 class=\"page-list-ext-title\"><a href=\"https:\/\/blogs.univ-tlse2.fr\/cerises\/publications\/conferences-colloques\/colloque-rulescoop\/atelier-n3\/\" title=\"Atelier N\u00b03\">Atelier N\u00b03<\/a><\/h3><div class=\"page-list-ext-item-content\">\"P\u00e9rennit\u00e9 des identit\u00e9s coop\u00e9ratives et mutualistes: reprises, humanisme et id\u00e9al\"<\/div><\/div>\n<div class=\"page-list-ext-item\"><h3 class=\"page-list-ext-title\"><a href=\"https:\/\/blogs.univ-tlse2.fr\/cerises\/publications\/conferences-colloques\/colloque-rulescoop\/atelier-n4\/\" title=\"Atelier N\u00b04\">Atelier N\u00b04<\/a><\/h3><div class=\"page-list-ext-item-content\">\"Les mutations du secteur bancaire coop\u00e9ratif : l\u00e9gitimit\u00e9, responsabilit\u00e9 sociale et m\u00e9c\u00e9nat\"<\/div><\/div>\n<div class=\"page-list-ext-item\"><h3 class=\"page-list-ext-title\"><a href=\"https:\/\/blogs.univ-tlse2.fr\/cerises\/publications\/conferences-colloques\/colloque-rulescoop\/atelier-n5\/\" title=\"Atelier N\u00b05\">Atelier N\u00b05<\/a><\/h3><div class=\"page-list-ext-item-content\">\"L'\u00e9conomie sociale en Europe et Am\u00e9rique Latine: mouvement social, coop\u00e9ration agricole et comparaison internationale\"<\/div><\/div>\n<div class=\"page-list-ext-item\"><h3 class=\"page-list-ext-title\"><a href=\"https:\/\/blogs.univ-tlse2.fr\/cerises\/publications\/conferences-colloques\/colloque-rulescoop\/atelier-n6\/\" title=\"Atelier N\u00b06\">Atelier N\u00b06<\/a><\/h3><div class=\"page-list-ext-item-content\">\"P\u00e9rennit\u00e9s des identit\u00e9s coop\u00e9ratives et mutualistes : la vie des entreprises coop\u00e9ratives\"<\/div><\/div>\n<div class=\"page-list-ext-item\"><h3 class=\"page-list-ext-title\"><a href=\"https:\/\/blogs.univ-tlse2.fr\/cerises\/publications\/conferences-colloques\/colloque-rulescoop\/atelier-n7\/\" title=\"Atelier n\u00b07\">Atelier n\u00b07<\/a><\/h3><div class=\"page-list-ext-item-content\">\"Les mutations du secteur bancaire coop\u00e9ratif en France et en Am\u00e9rique Latine: innovation, cr\u00e9dit social et identit\u00e9 coop\u00e9rative\"<\/div><\/div>\n<div class=\"page-list-ext-item\"><h3 class=\"page-list-ext-title\"><a href=\"https:\/\/blogs.univ-tlse2.fr\/cerises\/publications\/conferences-colloques\/colloque-rulescoop\/atelier-n8\/\" title=\"Atelier N\u00b08\">Atelier N\u00b08<\/a><\/h3><div class=\"page-list-ext-item-content\">\"L'\u00e9conomie sociale en Europe et Am\u00e9rique Latine: autogestion, finances solidaires et cadre juridique\"<\/div><\/div>\n<div class=\"page-list-ext-item\"><h3 class=\"page-list-ext-title\"><a href=\"https:\/\/blogs.univ-tlse2.fr\/cerises\/publications\/conferences-colloques\/colloque-rulescoop\/atelier-n9\/\" title=\"Atelier N\u00b09\">Atelier N\u00b09<\/a><\/h3><div class=\"page-list-ext-item-content\">\"P\u00e9rennit\u00e9s des identit\u00e9s coop\u00e9ratives et mutualistes: cycle de vie, perte de la participation et p\u00e9rennit\u00e9 de l'identit\u00e9 coop\u00e9rative\"<\/div><\/div>\n<div class=\"page-list-ext-item\"><h3 class=\"page-list-ext-title\"><a href=\"https:\/\/blogs.univ-tlse2.fr\/cerises\/publications\/conferences-colloques\/colloque-rulescoop\/atelier-n10\/\" title=\"Atelier N\u00b010\">Atelier N\u00b010<\/a><\/h3><div class=\"page-list-ext-item-content\">\"L'\u00e9conomie sociale en Europe et Am\u00e9rique Latine : cadre \u00e9tatique et comparaison internationale\"<\/div><\/div>\n<div class=\"page-list-ext-item\"><h3 class=\"page-list-ext-title\"><a href=\"https:\/\/blogs.univ-tlse2.fr\/cerises\/publications\/conferences-colloques\/colloque-rulescoop\/atelier-n12\/\" title=\"Atelier N\u00b012\">Atelier N\u00b012<\/a><\/h3><div class=\"page-list-ext-item-content\">\"Les mutations du secteur coop\u00e9ratif : mutations, d\u00e9naturation et rentabilit\u00e9 sociale\"<\/div><\/div>\n<div class=\"page-list-ext-item\"><h3 class=\"page-list-ext-title\"><a href=\"https:\/\/blogs.univ-tlse2.fr\/cerises\/publications\/conferences-colloques\/colloque-rulescoop\/atelier-n13\/\" title=\"Atelier N\u00b013\">Atelier N\u00b013<\/a><\/h3><div class=\"page-list-ext-item-content\">\"L'\u00e9conomie sociale en Europe et en Am\u00e9rique Latine: politiques publiques et \u00e9conomie solidaire\"<\/div><\/div>\n<div class=\"page-list-ext-item\"><h3 class=\"page-list-ext-title\"><a href=\"https:\/\/blogs.univ-tlse2.fr\/cerises\/publications\/conferences-colloques\/colloque-rulescoop\/atelier-n14\/\" title=\"Atelier N\u00b014\">Atelier N\u00b014<\/a><\/h3><div class=\"page-list-ext-item-content\">\"P\u00e9rennit\u00e9s des identit\u00e9s coop\u00e9ratives et mutualistes: transformation, activit\u00e9s et globalisation\"<\/div><\/div>\n\n<\/div>\n","protected":false},"excerpt":{"rendered":"<p>\u00ab\u00a0P\u00e9rennit\u00e9s des identit\u00e9s coop\u00e9ratives et mutualistes: intercoop\u00e9ration, nouvelles technologies et innovation\u00a0\u00bb<\/p>\n","protected":false},"author":157,"featured_media":0,"parent":246,"menu_order":11,"comment_status":"closed","ping_status":"open","template":"","meta":{"footnotes":""},"class_list":["post-1733","page","type-page","status-publish","hentry"],"_links":{"self":[{"href":"https:\/\/blogs.univ-tlse2.fr\/cerises\/wp-json\/wp\/v2\/pages\/1733","targetHints":{"allow":["GET"]}}],"collection":[{"href":"https:\/\/blogs.univ-tlse2.fr\/cerises\/wp-json\/wp\/v2\/pages"}],"about":[{"href":"https:\/\/blogs.univ-tlse2.fr\/cerises\/wp-json\/wp\/v2\/types\/page"}],"author":[{"embeddable":true,"href":"https:\/\/blogs.univ-tlse2.fr\/cerises\/wp-json\/wp\/v2\/users\/157"}],"replies":[{"embeddable":true,"href":"https:\/\/blogs.univ-tlse2.fr\/cerises\/wp-json\/wp\/v2\/comments?post=1733"}],"version-history":[{"count":5,"href":"https:\/\/blogs.univ-tlse2.fr\/cerises\/wp-json\/wp\/v2\/pages\/1733\/revisions"}],"predecessor-version":[{"id":2967,"href":"https:\/\/blogs.univ-tlse2.fr\/cerises\/wp-json\/wp\/v2\/pages\/1733\/revisions\/2967"}],"up":[{"embeddable":true,"href":"https:\/\/blogs.univ-tlse2.fr\/cerises\/wp-json\/wp\/v2\/pages\/246"}],"wp:attachment":[{"href":"https:\/\/blogs.univ-tlse2.fr\/cerises\/wp-json\/wp\/v2\/media?parent=1733"}],"curies":[{"name":"wp","href":"https:\/\/api.w.org\/{rel}","templated":true}]}}