 {"id":1829,"date":"2013-01-22T11:35:38","date_gmt":"2013-01-22T10:35:38","guid":{"rendered":"https:\/\/blogs.univ-tlse2.fr\/cerises\/?page_id=1829"},"modified":"2014-02-06T10:31:56","modified_gmt":"2014-02-06T09:31:56","slug":"debats-sur-la-technologie-et-sur-la-croissance","status":"publish","type":"page","link":"https:\/\/blogs.univ-tlse2.fr\/cerises\/publications\/debats\/debats-sur-la-technologie-et-sur-la-croissance\/","title":{"rendered":"D\u00e9bats sur la technologie et sur la croissance"},"content":{"rendered":"<p>Les penseurs qui ont critiqu\u00e9 la place de la technologie dans la modernit\u00e9 (Jacques Ellul, Bernard Charbonneau, etc) ont toujours un \u00e9cho limit\u00e9. Aujourd&rsquo;hui, on assiste \u00e0 la multiplication d&rsquo;initiatives citoyennes qui tentent de r\u00e9sister \u00e0 l&rsquo;imposition sans d\u00e9bats de nouvelles technologies et on analyse comment les entreprises d&rsquo;\u00e9conomie sociale se comportent dans ce contexte.<!--more--><\/p>\n<p>Michel Abherv\u00e9 et Pierre Dubois montrent comment les entreprises d&rsquo;\u00e9conomie sociale peuvent perdre certains de leurs avantages comparatifs (stabilit\u00e9, ancrage territorial) lorsqu&rsquo;elles ont recours aux m\u00eames outils que leurs concurrentes. Ainsi, on aurait pu penser que les banques coop\u00e9ratives seraient touch\u00e9es de mani\u00e8re secondaire par la crise financi\u00e8re actuelle, mais on constate qu&rsquo;elles ont d\u00e9velopp\u00e9 une quantit\u00e9 suffisante d&rsquo;activit\u00e9s risqu\u00e9es pour \u00eatre significativement touch\u00e9es. Les auteurs rappellent toutefois les sp\u00e9cificit\u00e9s qu&rsquo;elles conservent et que la crise actuelle va rendre opportun de r\u00e9activer.<\/p>\n<p>Contre l&rsquo;analyse r\u00e9duisant la crise actuelle \u00e0 une contamination de l&rsquo;\u00e9conomie \u00ab\u00a0r\u00e9elle\u00a0\u00bb par l&rsquo;\u00e9conomie financi\u00e8re, Pierre-Yves Gomez consid\u00e8re que les fondements de la crise sont au coeur m\u00eame de la logique de l&rsquo;\u00e9conomie r\u00e9elle. Une meilleure r\u00e9gulation des institutions bancaires et financi\u00e8res ne changerait donc pas le coeur du probl\u00e8me puisque les strat\u00e9gies des entreprises encouragent elles-m\u00eames la sp\u00e9culation, le renouvellement incessant des gammes de produits d\u00e9truisant plus de valeur qu&rsquo;il n&rsquo;en cr\u00e9e: <a href=\"http:\/\/www.ifge-online.org\/docftp\/lemondenovembre2008gomez.pdf\" target=\"_blank\">De la bulle financi\u00e8re \u00e0 la bulle de l&rsquo;innovation<\/a>.<\/p>\n<p>Face aux trois crises \u00ab\u00a0sociales, \u00e9cologiques, financi\u00e8res\u00a0\u00bb : <a href=\"https:\/\/blogs.univ-tlse2.fr\/cerises\/files\/debats-sur-la-technologie-et-sur-la-croissance\/TITANIC-METAMORPHOSE.pdf\">Titanic ou M\u00e9tamorphose<\/a>&#8230; et si la soci\u00e9t\u00e9 civile jouait son r\u00f4le?, par Fran\u00e7ois Plassard. Avec une post-face sur l&rsquo;actualit\u00e9 en 2013! L&rsquo;auteur, qui a \u00e9t\u00e9 l&rsquo;un des protagonistes des exp\u00e9riences du temps choisi, fait le lien entre les initiatives solidaires qui \u00e9mergent et la n\u00e9cessit\u00e9 des changements globaux.<\/p>\n<p><a href=\"https:\/\/blogs.univ-tlse2.fr\/cerises\/files\/debats-sur-la-technologie-et-sur-la-croissance\/Article-les-deux-peuples-de-France.pdf\">Les deux peuples de France<\/a>, par Fran\u00e7ois Plassard : le contrat social a chang\u00e9 depuis les ann\u00e9es 1975 avec une forte redistribution des revenus du travail vers le capital. Ce ph\u00e9nom\u00e8ne est \u00e9troitement li\u00e9 \u00e0 l&rsquo;apparition d&rsquo;un second peuple de France, celui des sans-voix : non repr\u00e9sent\u00e9s par les syndicats car sans emploi.<\/p>\n<p><a href=\"https:\/\/blogs.univ-tlse2.fr\/cerises\/files\/debats-sur-la-technologie-et-sur-la-croissance\/Vers.pdf\">Entre r\u00e9sistants et tenants de la fuite en avant<\/a>, par Simon Charbonneau<\/p>\n<p><a href=\"https:\/\/blogs.univ-tlse2.fr\/cerises\/files\/debats-sur-la-technologie-et-sur-la-croissance\/themes-halte-a-une-decr.pdf\">Halte \u00e0 une d\u00e9croissance insoutenable<\/a>, par Jean-Michel Servet<\/p>\n<p><a href=\"http:\/\/www.piecesetmaindoeuvre.com\/\" target=\"_blank\">www.piecesetmaindoeuvre.com<\/a> : site qui propose un certain nombre d&rsquo;\u00e9tudes sur les nouvelles technologies et sur les m\u00e9thodes de leur diffusion.<\/p>\n","protected":false},"excerpt":{"rendered":"<p>Les penseurs qui ont critiqu\u00e9 la place de la technologie dans la modernit\u00e9 (Jacques Ellul, Bernard Charbonneau, etc) ont toujours un \u00e9cho limit\u00e9. Aujourd&rsquo;hui, on assiste \u00e0 la multiplication d&rsquo;initiatives citoyennes qui tentent de r\u00e9sister \u00e0 l&rsquo;imposition sans d\u00e9bats de nouvelles technologies et on analyse comment les entreprises d&rsquo;\u00e9conomie sociale se comportent dans ce contexte.<\/p>\n","protected":false},"author":157,"featured_media":0,"parent":1764,"menu_order":3,"comment_status":"closed","ping_status":"open","template":"","meta":{"footnotes":""},"class_list":["post-1829","page","type-page","status-publish","hentry"],"_links":{"self":[{"href":"https:\/\/blogs.univ-tlse2.fr\/cerises\/wp-json\/wp\/v2\/pages\/1829","targetHints":{"allow":["GET"]}}],"collection":[{"href":"https:\/\/blogs.univ-tlse2.fr\/cerises\/wp-json\/wp\/v2\/pages"}],"about":[{"href":"https:\/\/blogs.univ-tlse2.fr\/cerises\/wp-json\/wp\/v2\/types\/page"}],"author":[{"embeddable":true,"href":"https:\/\/blogs.univ-tlse2.fr\/cerises\/wp-json\/wp\/v2\/users\/157"}],"replies":[{"embeddable":true,"href":"https:\/\/blogs.univ-tlse2.fr\/cerises\/wp-json\/wp\/v2\/comments?post=1829"}],"version-history":[{"count":6,"href":"https:\/\/blogs.univ-tlse2.fr\/cerises\/wp-json\/wp\/v2\/pages\/1829\/revisions"}],"predecessor-version":[{"id":2982,"href":"https:\/\/blogs.univ-tlse2.fr\/cerises\/wp-json\/wp\/v2\/pages\/1829\/revisions\/2982"}],"up":[{"embeddable":true,"href":"https:\/\/blogs.univ-tlse2.fr\/cerises\/wp-json\/wp\/v2\/pages\/1764"}],"wp:attachment":[{"href":"https:\/\/blogs.univ-tlse2.fr\/cerises\/wp-json\/wp\/v2\/media?parent=1829"}],"curies":[{"name":"wp","href":"https:\/\/api.w.org\/{rel}","templated":true}]}}