 {"id":1838,"date":"2013-01-22T11:41:15","date_gmt":"2013-01-22T10:41:15","guid":{"rendered":"https:\/\/blogs.univ-tlse2.fr\/cerises\/?page_id=1838"},"modified":"2014-02-06T10:31:56","modified_gmt":"2014-02-06T09:31:56","slug":"developpement-local-et-agglomeration-dactivites","status":"publish","type":"page","link":"https:\/\/blogs.univ-tlse2.fr\/cerises\/publications\/debats\/developpement-local-et-agglomeration-dactivites\/","title":{"rendered":"D\u00e9veloppement local et agglom\u00e9ration d&rsquo;activit\u00e9s"},"content":{"rendered":"<p>Alors que le d\u00e9veloppement local est souvent pens\u00e9 en terme d&rsquo;attractivit\u00e9 (attirer les capitaux, les comp\u00e9tences, etc) ou en terme de comp\u00e9titivit\u00e9 d&rsquo;un territoire dans la division du travail internationale, les initiatives solidaires et les entreprises sociales peuvent constituer la cheville ouvri\u00e8re de territoires qui comptent sur leurs propres ressources. La d\u00e9pendance \u00e0 l&rsquo;\u00e9gard des march\u00e9s internationaux est alors limit\u00e9e et les acteurs d&rsquo;un territoire se retrouvent en capacit\u00e9 de mieux ma\u00eetriser leur destin. Cela n\u00e9cessite \u00e9galement d&rsquo;\u00e9viter un deuxi\u00e8me \u00e9cueil: celui de l&rsquo;int\u00e9gration du territoire dans une pyramide des territoires fortement centralis\u00e9e et hi\u00e9rarchis\u00e9e en France.<!--more--><\/p>\n<p>Dans un texte sur le <a href=\"https:\/\/blogs.univ-tlse2.fr\/cerises\/files\/developpement-local-et-agglomeration-dactivites\/crolles.pdf\">D\u00e9veloppement local \u00e0 Grenoble<\/a>, l&rsquo;auteur montre que bien qu&rsquo;un d\u00e9veloppement local coh\u00e9rent ait \u00e9t\u00e9 constitu\u00e9 \u00e0 Grenoble &#8211; Crolles ou la \u00ab\u00a0Silicon Valley fran\u00e7aise\u00a0\u00bb &#8211; le nomadisme des entreprises qui ont y ont \u00e9t\u00e9 attir\u00e9es ne permet pas aux acteurs locaux de garder la ma\u00eetrise de leur destin, malgr\u00e9 de forts investissements publics. La pr\u00e9sentation du cas de Crolles invite \u00e0 approfondir la sp\u00e9cificit\u00e9 d&rsquo;un d\u00e9veloppement local bas\u00e9 sur des initiatives solidaires et des entreprises sociales ancr\u00e9es sur leur territoire.<\/p>\n<p>L&rsquo;intervention de Jacques Prades <a href=\"https:\/\/blogs.univ-tlse2.fr\/cerises\/files\/developpement-local-et-agglomeration-dactivites\/TOURISME-SOLIDAIRE-1.pdf\">Pourquoi la gauche ne revendique-t-elle pas l&rsquo;\u00e9conomie solidaire? <\/a>lors de la Quinzaine de l&rsquo;\u00e9conomie solidaire 2008 \u00e0 Fourquevaux \u00e0 l&rsquo;invitation de ATTM et Tizi Ndoc montre que le lien entre les entreprises d&rsquo;\u00e9conomie sociale et solidaire et leurs territoires heurte la tradition centralisatrice en France. Il explique alors que c&rsquo;est l&rsquo;inscription des partis politiques dans cette tradition qui pose probl\u00e8me dans les liens entre partis politiques de gauche et \u00e9conomie solidaire.<\/p>\n","protected":false},"excerpt":{"rendered":"<p>Alors que le d\u00e9veloppement local est souvent pens\u00e9 en terme d&rsquo;attractivit\u00e9 (attirer les capitaux, les comp\u00e9tences, etc) ou en terme de comp\u00e9titivit\u00e9 d&rsquo;un territoire dans la division du travail internationale, les initiatives solidaires et les entreprises sociales peuvent constituer la cheville ouvri\u00e8re de territoires qui comptent sur leurs propres ressources. La d\u00e9pendance \u00e0 l&rsquo;\u00e9gard des [&hellip;]<\/p>\n","protected":false},"author":157,"featured_media":0,"parent":1764,"menu_order":5,"comment_status":"closed","ping_status":"open","template":"","meta":{"footnotes":""},"class_list":["post-1838","page","type-page","status-publish","hentry"],"_links":{"self":[{"href":"https:\/\/blogs.univ-tlse2.fr\/cerises\/wp-json\/wp\/v2\/pages\/1838","targetHints":{"allow":["GET"]}}],"collection":[{"href":"https:\/\/blogs.univ-tlse2.fr\/cerises\/wp-json\/wp\/v2\/pages"}],"about":[{"href":"https:\/\/blogs.univ-tlse2.fr\/cerises\/wp-json\/wp\/v2\/types\/page"}],"author":[{"embeddable":true,"href":"https:\/\/blogs.univ-tlse2.fr\/cerises\/wp-json\/wp\/v2\/users\/157"}],"replies":[{"embeddable":true,"href":"https:\/\/blogs.univ-tlse2.fr\/cerises\/wp-json\/wp\/v2\/comments?post=1838"}],"version-history":[{"count":5,"href":"https:\/\/blogs.univ-tlse2.fr\/cerises\/wp-json\/wp\/v2\/pages\/1838\/revisions"}],"predecessor-version":[{"id":2984,"href":"https:\/\/blogs.univ-tlse2.fr\/cerises\/wp-json\/wp\/v2\/pages\/1838\/revisions\/2984"}],"up":[{"embeddable":true,"href":"https:\/\/blogs.univ-tlse2.fr\/cerises\/wp-json\/wp\/v2\/pages\/1764"}],"wp:attachment":[{"href":"https:\/\/blogs.univ-tlse2.fr\/cerises\/wp-json\/wp\/v2\/media?parent=1838"}],"curies":[{"name":"wp","href":"https:\/\/api.w.org\/{rel}","templated":true}]}}