 {"id":1846,"date":"2013-01-22T11:51:19","date_gmt":"2013-01-22T10:51:19","guid":{"rendered":"https:\/\/blogs.univ-tlse2.fr\/cerises\/?page_id=1846"},"modified":"2014-02-06T10:31:41","modified_gmt":"2014-02-06T09:31:41","slug":"evaluations","status":"publish","type":"page","link":"https:\/\/blogs.univ-tlse2.fr\/cerises\/publications\/rapports-detudes\/publications-issues-des-travaux-de-cerises\/evaluations\/","title":{"rendered":"Evaluations"},"content":{"rendered":"<h2>Secr\u00e9tariat G\u00e9n\u00e9ral \u00e0 l&rsquo;Action R\u00e9gionale. Pr\u00e9fecture Midi Pyr\u00e9n\u00e9es &#8211; 2001-2003<\/h2>\n<p><a href=\"https:\/\/blogs.univ-tlse2.fr\/cerises\/files\/publications-issues-des-travaux-de-cerises\/expertises-Dyna-solid.pdf\">\u00c9valuation projets Dynamiques Solidaires<\/a><\/p>\n<p>Expertises des projets accept\u00e9s dans le cadre du programme national Dynamiques Solidaires lanc\u00e9 par le Secr\u00e9tariat d&rsquo;Etat \u00e0 l&rsquo;Economie Solidaire de Guy Hasco\u00ebt.<\/p>\n<h2>Telecom Paris &#8211; 2009-2010<\/h2>\n<p>En cours<\/p>\n<p>Identification et \u00e9valuation des pratiques d&rsquo;\u00e9coconception des entreprises de production de mat\u00e9riel informatique.<\/p>\n","protected":false},"excerpt":{"rendered":"<p>Secr\u00e9tariat G\u00e9n\u00e9ral \u00e0 l&rsquo;Action R\u00e9gionale. Pr\u00e9fecture Midi Pyr\u00e9n\u00e9es &#8211; 2001-2003 \u00c9valuation projets Dynamiques Solidaires Expertises des projets accept\u00e9s dans le cadre du programme national Dynamiques Solidaires lanc\u00e9 par le Secr\u00e9tariat d&rsquo;Etat \u00e0 l&rsquo;Economie Solidaire de Guy Hasco\u00ebt. Telecom Paris &#8211; 2009-2010 En cours Identification et \u00e9valuation des pratiques d&rsquo;\u00e9coconception des entreprises de production de mat\u00e9riel [&hellip;]<\/p>\n","protected":false},"author":157,"featured_media":0,"parent":69,"menu_order":1,"comment_status":"closed","ping_status":"open","template":"","meta":{"footnotes":""},"class_list":["post-1846","page","type-page","status-publish","hentry"],"_links":{"self":[{"href":"https:\/\/blogs.univ-tlse2.fr\/cerises\/wp-json\/wp\/v2\/pages\/1846","targetHints":{"allow":["GET"]}}],"collection":[{"href":"https:\/\/blogs.univ-tlse2.fr\/cerises\/wp-json\/wp\/v2\/pages"}],"about":[{"href":"https:\/\/blogs.univ-tlse2.fr\/cerises\/wp-json\/wp\/v2\/types\/page"}],"author":[{"embeddable":true,"href":"https:\/\/blogs.univ-tlse2.fr\/cerises\/wp-json\/wp\/v2\/users\/157"}],"replies":[{"embeddable":true,"href":"https:\/\/blogs.univ-tlse2.fr\/cerises\/wp-json\/wp\/v2\/comments?post=1846"}],"version-history":[{"count":2,"href":"https:\/\/blogs.univ-tlse2.fr\/cerises\/wp-json\/wp\/v2\/pages\/1846\/revisions"}],"predecessor-version":[{"id":2929,"href":"https:\/\/blogs.univ-tlse2.fr\/cerises\/wp-json\/wp\/v2\/pages\/1846\/revisions\/2929"}],"up":[{"embeddable":true,"href":"https:\/\/blogs.univ-tlse2.fr\/cerises\/wp-json\/wp\/v2\/pages\/69"}],"wp:attachment":[{"href":"https:\/\/blogs.univ-tlse2.fr\/cerises\/wp-json\/wp\/v2\/media?parent=1846"}],"curies":[{"name":"wp","href":"https:\/\/api.w.org\/{rel}","templated":true}]}}