 {"id":1848,"date":"2013-01-22T11:52:03","date_gmt":"2013-01-22T10:52:03","guid":{"rendered":"https:\/\/blogs.univ-tlse2.fr\/cerises\/?page_id=1848"},"modified":"2014-02-06T10:31:41","modified_gmt":"2014-02-06T09:31:41","slug":"conseil-diagnostic-territorial","status":"publish","type":"page","link":"https:\/\/blogs.univ-tlse2.fr\/cerises\/publications\/rapports-detudes\/publications-issues-des-travaux-de-cerises\/conseil-diagnostic-territorial\/","title":{"rendered":"Conseil &#8211; Diagnostic territorial"},"content":{"rendered":"<h2>R\u00e9gion Midi Pyr\u00e9n\u00e9es &#8211; 2000<\/h2>\n<p><a href=\"https:\/\/blogs.univ-tlse2.fr\/cerises\/files\/publications-issues-des-travaux-de-cerises\/etat-des-lieux-MP-1.pdf\">Midi-Pyr\u00e9n\u00e9es -1- Etat des lieux 1\u00e8re partie<\/a><br \/>\n<a href=\"https:\/\/blogs.univ-tlse2.fr\/cerises\/files\/publications-issues-des-travaux-de-cerises\/etat-des-lieux-MP-2.pdf\">Midi Pyr\u00e9n\u00e9es -2- Etat des lieux 2\u00e8me partie<\/a><br \/>\n<a href=\"https:\/\/blogs.univ-tlse2.fr\/cerises\/files\/publications-issues-des-travaux-de-cerises\/vues-une-coupe-transversale.pdf\">Midi Pyr\u00e9n\u00e9es -3- R\u00e9sum\u00e9 de l&rsquo;\u00e9tude<\/a><br \/>\nLa m\u00e9thodologie :<br \/>\n<a href=\"https:\/\/blogs.univ-tlse2.fr\/cerises\/files\/publications-issues-des-travaux-de-cerises\/methodo-presentation-11-janvier.pdf\">M\u00e9thodologie Etat des lieux<\/a><br \/>\n<a href=\"https:\/\/blogs.univ-tlse2.fr\/cerises\/files\/publications-issues-des-travaux-de-cerises\/methodo-resumes-en-diapos.pdf\">M\u00e9thodologie \u00e9tat des lieux &#8211; r\u00e9sum\u00e9s en diapositives<\/a><\/p>\n<p>Etats des lieux et pistes de d\u00e9veloppement de l&rsquo;\u00e9conomie sociale et solidaire dans un contexte d&rsquo;effervescence li\u00e9e \u00e0 la cr\u00e9ation du Secr\u00e9tariat d&rsquo;Etat \u00e0 l&rsquo;Economie Solidaire<\/p>\n<h2>R\u00e9gion Midi Pyr\u00e9n\u00e9es &#8211; 2006-2007<\/h2>\n<p><a href=\"https:\/\/blogs.univ-tlse2.fr\/cerises\/files\/publications-issues-des-travaux-de-cerises\/CR-MIP-III-+-annexes.pdf\">Contrat R\u00e9gion Midi-Pyr\u00e9n\u00e9es<\/a><\/p>\n<p>La R\u00e9gion Midi Pyr\u00e9n\u00e9es a souhait\u00e9 organiser un suivi d&rsquo;un certain nombre de manifestations et structures lors de la Quinzaine r\u00e9gionale de l&rsquo;\u00e9conomie solidaire en novembre 2006 et du forum r\u00e9gional de l&rsquo;\u00e9conomie sociale et solidaire en d\u00e9cembre 2006 afin de d\u00e9gager des pistes de d\u00e9veloppement de l&rsquo;ESS.<\/p>\n<p>La premi\u00e8re \u00e9tape du contrat a consist\u00e9 \u00e0 suivre les d\u00e9bats qui se sont d\u00e9roul\u00e9s pendant la Quinzaine de l&rsquo;Economie Solidaire, le Forum R\u00e9gional de l&rsquo;Economie Sociale et Solidaire et la Semaine de l&rsquo;Epargne Solidaire et rencontrer les acteurs qui se sont mobilis\u00e9s lors de ces \u00e9v\u00e9nements.<\/p>\n<p>Cette \u00e9tape s&rsquo;est cl\u00f4tur\u00e9e par la remise d&rsquo;un rapport au Conseil R\u00e9gional Midi Pyr\u00e9n\u00e9es, \u00ab\u00a0Quelques pistes pour les initiatives solidaires et les entreprises sociales en Midi Pyr\u00e9n\u00e9es\u00a0\u00bb lors des ETATS GENERAUX DE L&rsquo;ECONOMIE SOCIALE ET SOLIDAIRE, organis\u00e9s par le Conseil R\u00e9gional Midi Pyr\u00e9n\u00e9es le 24 f\u00e9vrier 2007 au Conseil R\u00e9gional. Les deux premi\u00e8res parties du rapport, ax\u00e9es sur la m\u00e9thodologie du centre, sont actuellement retravaill\u00e9es par Cerises dans l&rsquo;objectif d&rsquo;une publication.<\/p>\n<p>Vous pouvez dors-et-d\u00e9j\u00e0 <a href=\"https:\/\/blogs.univ-tlse2.fr\/cerises\/files\/publications-issues-des-travaux-de-cerises\/CR-MIP-III-+-annexes.pdf\"><strong>t\u00e9l\u00e9charger<\/strong> les parties introductives et conclusives ainsi que la troisi\u00e8me partie et les annexes: Intuitions sur les recommandations<\/a>. Bien entendu, n&rsquo;h\u00e9sitez pas \u00e0 nous retourner vos critiques et observations \u00e0 l&rsquo;adresse cerises \u00e0 univ-tlse2.fr.<\/p>\n<h2>Communaut\u00e9 d&rsquo;Agglom\u00e9ration Plaine Commune &#8211; 2005<\/h2>\n<p><a href=\"https:\/\/blogs.univ-tlse2.fr\/cerises\/files\/publications-issues-des-travaux-de-cerises\/plaine-commune-version-finale-5.pdf\">Rapport final<\/a>\u00a0; <a href=\"https:\/\/blogs.univ-tlse2.fr\/cerises\/files\/publications-issues-des-travaux-de-cerises\/synthese-etude-Plaine-Commune.pdf\">Synth\u00e8se de l&rsquo;\u00e9tude<\/a> ; <a href=\"https:\/\/blogs.univ-tlse2.fr\/cerises\/files\/publications-issues-des-travaux-de-cerises\/Plaine-commune-BDD-Initiatives-Solidaires-V13-nov-05.pdf\">Base de donn\u00e9es des acteurs<\/a> ; <a href=\"https:\/\/blogs.univ-tlse2.fr\/cerises\/files\/publications-issues-des-travaux-de-cerises\/plaine-commune-bonnes-pratiques.pdf\">Bonnes pratiques<\/a><\/p>\n<p>\u00c9tat des lieux et pr\u00e9conisations. Ces travaux ont donn\u00e9 lieu \u00e0 une deuxi\u00e8me partie de programme, dans laquelle Cerises a anim\u00e9 des groupes d&rsquo;acteurs (voir ci-dessous).<\/p>\n<h2>Comit\u00e9 de bassin d&#8217;emplois du Comminges &#8211; 2008<\/h2>\n<p><a href=\"https:\/\/blogs.univ-tlse2.fr\/cerises\/files\/publications-issues-des-travaux-de-cerises\/Dynamiques-d-ESS-en-Comminges.pdf\">Rapport introductif<\/a>\u00a0et <a href=\"https:\/\/blogs.univ-tlse2.fr\/cerises\/files\/publications-issues-des-travaux-de-cerises\/Comminges-Pour-une-vue-prospective.pdf\">prospectives<\/a> par Jacques Prades le 5 mars 2008 lors du <a href=\"https:\/\/blogs.univ-tlse2.fr\/cerises\/files\/publications-issues-des-travaux-de-cerises\/1er-carrefour-commingeois.pdf\">Premier carrefour commingeois de l&rsquo;ESS<\/a>.<\/p>\n","protected":false},"excerpt":{"rendered":"<p>R\u00e9gion Midi Pyr\u00e9n\u00e9es &#8211; 2000 Midi-Pyr\u00e9n\u00e9es -1- Etat des lieux 1\u00e8re partie Midi Pyr\u00e9n\u00e9es -2- Etat des lieux 2\u00e8me partie Midi Pyr\u00e9n\u00e9es -3- R\u00e9sum\u00e9 de l&rsquo;\u00e9tude La m\u00e9thodologie : M\u00e9thodologie Etat des lieux M\u00e9thodologie \u00e9tat des lieux &#8211; r\u00e9sum\u00e9s en diapositives Etats des lieux et pistes de d\u00e9veloppement de l&rsquo;\u00e9conomie sociale et solidaire dans un [&hellip;]<\/p>\n","protected":false},"author":157,"featured_media":0,"parent":69,"menu_order":2,"comment_status":"closed","ping_status":"open","template":"","meta":{"footnotes":""},"class_list":["post-1848","page","type-page","status-publish","hentry"],"_links":{"self":[{"href":"https:\/\/blogs.univ-tlse2.fr\/cerises\/wp-json\/wp\/v2\/pages\/1848","targetHints":{"allow":["GET"]}}],"collection":[{"href":"https:\/\/blogs.univ-tlse2.fr\/cerises\/wp-json\/wp\/v2\/pages"}],"about":[{"href":"https:\/\/blogs.univ-tlse2.fr\/cerises\/wp-json\/wp\/v2\/types\/page"}],"author":[{"embeddable":true,"href":"https:\/\/blogs.univ-tlse2.fr\/cerises\/wp-json\/wp\/v2\/users\/157"}],"replies":[{"embeddable":true,"href":"https:\/\/blogs.univ-tlse2.fr\/cerises\/wp-json\/wp\/v2\/comments?post=1848"}],"version-history":[{"count":3,"href":"https:\/\/blogs.univ-tlse2.fr\/cerises\/wp-json\/wp\/v2\/pages\/1848\/revisions"}],"predecessor-version":[{"id":1854,"href":"https:\/\/blogs.univ-tlse2.fr\/cerises\/wp-json\/wp\/v2\/pages\/1848\/revisions\/1854"}],"up":[{"embeddable":true,"href":"https:\/\/blogs.univ-tlse2.fr\/cerises\/wp-json\/wp\/v2\/pages\/69"}],"wp:attachment":[{"href":"https:\/\/blogs.univ-tlse2.fr\/cerises\/wp-json\/wp\/v2\/media?parent=1848"}],"curies":[{"name":"wp","href":"https:\/\/api.w.org\/{rel}","templated":true}]}}