 {"id":185,"date":"2013-01-10T16:25:44","date_gmt":"2013-01-10T15:25:44","guid":{"rendered":"https:\/\/blogs.univ-tlse2.fr\/cerises\/?page_id=185"},"modified":"2017-06-28T10:35:43","modified_gmt":"2017-06-28T08:35:43","slug":"stage","status":"publish","type":"page","link":"https:\/\/blogs.univ-tlse2.fr\/cerises\/formation\/master-et-doctorat-deconomie-sociale\/stage\/","title":{"rendered":"Stage"},"content":{"rendered":"<p>Le stage du master professionnel NES 2 \u00e8me ann\u00e9e est une partie essentielle du dispositif de formation des Masters professionnels. Pour le Master recherche, il se fait plut\u00f4t en Laboratoires ou centres de recherche. \u00a0Dans les deux cas, il dure <strong>trois mois mais peut \u00eatre fractionn\u00e9 en deux stages maximum<\/strong>. Il compl\u00e8te la formation de ce dipl\u00f4me et <strong>doit \u00eatre consid\u00e9r\u00e9 comme la mise en pratique de la formation th\u00e9orique<\/strong>. La recherche du stage est de la seule responsabilit\u00e9 des \u00e9tudiants.<\/p>\n<p>Le master pro \u00ab\u00a0La nouvelle \u00e9conomie sociale\u00a0\u00bb est construit en trois temps :<\/p>\n<ul>\n<li>une formation th\u00e9orique de 425 heures dispens\u00e9es par des universitaires.<\/li>\n<li>une formation d\u2019acteurs de 75 heures de terrain.<\/li>\n<li>un stage pratique de 500 heures, soit environ 14 semaines ou 3 mois.<\/li>\n<\/ul>\n<p>Le temps est ensuite pr\u00e9vu pour la r\u00e9daction du <a title=\"Projets personnels et m\u00e9moires de recherche\" href=\"https:\/\/blogs.univ-tlse2.fr\/cerises\/formation\/master-et-doctorat-deconomie-sociale\/projets-personnels-et-memoires-de-recherche\/\">m\u00e9moire<\/a>.<\/p>\n<p>Le stage est dirig\u00e9 dans trois directions :<\/p>\n<ul>\n<li>La consolidation du projet professionnel du stagiaire dans le cadre d\u2019une entreprise voisine qui a d\u00e9j\u00e0 port\u00e9 ce projet ou une initiative similaire. Dans ce cas, le stagiaire choisit la <strong>proximit\u00e9 de projet<\/strong>.<\/li>\n<li>La volont\u00e9 du stagiaire d\u2019aller chercher dans le stage une dimension qu\u2019il ne ma\u00eetrise pas : la gestion, la finance, le droit, etc. Dans ce cas, le stagiaire choisit de <strong>combler des lacunes<\/strong>.<\/li>\n<li>La mise en place du projet dans le cadre d\u2019une p\u00e9pini\u00e8re, d\u2019organisations incubatrices. Dans ce cas, le stagiaire utilise son temps de formation comme <strong>pr\u00e9paration au montage du projet<\/strong>.<\/li>\n<\/ul>\n<p>Au cours du mois de f\u00e9vrier, le directeur doit valider le plan et la bibliographie et au mois de juin sa probl\u00e9matique. Tout travail qui ne sera pas pass\u00e9 par ce processus sera sanctionn\u00e9.<\/p>\n<p>Ce stage fait l\u2019objet d\u2019une convention sign\u00e9e par le Pr\u00e9sident de l\u2019universit\u00e9, le Directeur de la formation, le Directeur de l\u2019entreprise et l\u2019\u00e9tudiant (voir ci-joint).<\/p>\n<p>Pour chaque stagiaire, le responsable p\u00e9dagogique de la formation nomme un tuteur p\u00e9dagogique en accord avec l\u2019\u00e9tudiant et le Directeur de l\u2019entreprise nomme un tuteur entreprise. Pour tous les stagiaires, la personne-ressource est le responsable p\u00e9dagogique mais pour certains, il est aussi le tuteur.<\/p>\n<p>Les personnes \u00e0 contacter sont les suivantes : le responsable p\u00e9dagogique pour le contenu du stage, la responsable administrative pour les conventions et pr\u00e9-conventions.<\/p>\n<h2>Consultez aussi :<\/h2>\n\n<!-- Page-list plugin v.5.9 wordpress.org\/plugins\/page-list\/ -->\n<ul class=\"page-list \">\n<li class=\"page_item page-item-56\"><a href=\"https:\/\/blogs.univ-tlse2.fr\/cerises\/formation\/master-et-doctorat-deconomie-sociale\/contacts-pour-le-master\/\">Contacts pour le Master<\/a><\/li>\n<li class=\"page_item page-item-60\"><a href=\"https:\/\/blogs.univ-tlse2.fr\/cerises\/formation\/master-et-doctorat-deconomie-sociale\/recrutement\/\">Recrutement<\/a><\/li>\n<li class=\"page_item page-item-189\"><a href=\"https:\/\/blogs.univ-tlse2.fr\/cerises\/formation\/master-et-doctorat-deconomie-sociale\/debouches\/\">D\u00e9bouch\u00e9s<\/a><\/li>\n<li class=\"page_item page-item-193 page_item_has_children\"><a href=\"https:\/\/blogs.univ-tlse2.fr\/cerises\/formation\/master-et-doctorat-deconomie-sociale\/enseignements\/\">Enseignements<\/a><\/li>\n<li class=\"page_item page-item-195\"><a href=\"https:\/\/blogs.univ-tlse2.fr\/cerises\/formation\/master-et-doctorat-deconomie-sociale\/emploi-du-temps\/\">Emploi du temps<\/a><\/li>\n<li class=\"page_item page-item-197 page_item_has_children\"><a href=\"https:\/\/blogs.univ-tlse2.fr\/cerises\/formation\/master-et-doctorat-deconomie-sociale\/conferences-dacteurs\/\">Conf\u00e9rences d\u2019acteurs<\/a><\/li>\n<li class=\"page_item page-item-187\"><a href=\"https:\/\/blogs.univ-tlse2.fr\/cerises\/formation\/master-et-doctorat-deconomie-sociale\/projets-personnels-et-memoires-de-recherche\/\">Projets personnels et m\u00e9moires de recherche<\/a><\/li>\n\n<\/ul>\n","protected":false},"excerpt":{"rendered":"<p>Le stage du master professionnel NES 2 \u00e8me ann\u00e9e est une partie essentielle du dispositif de formation des Masters professionnels. Pour le Master recherche, il se fait plut\u00f4t en Laboratoires ou centres de recherche. \u00a0Dans les deux cas, il dure trois mois mais peut \u00eatre fractionn\u00e9 en deux stages maximum. Il compl\u00e8te la formation de [&hellip;]<\/p>\n","protected":false},"author":157,"featured_media":0,"parent":52,"menu_order":8,"comment_status":"closed","ping_status":"open","template":"","meta":{"footnotes":""},"class_list":["post-185","page","type-page","status-publish","hentry"],"_links":{"self":[{"href":"https:\/\/blogs.univ-tlse2.fr\/cerises\/wp-json\/wp\/v2\/pages\/185","targetHints":{"allow":["GET"]}}],"collection":[{"href":"https:\/\/blogs.univ-tlse2.fr\/cerises\/wp-json\/wp\/v2\/pages"}],"about":[{"href":"https:\/\/blogs.univ-tlse2.fr\/cerises\/wp-json\/wp\/v2\/types\/page"}],"author":[{"embeddable":true,"href":"https:\/\/blogs.univ-tlse2.fr\/cerises\/wp-json\/wp\/v2\/users\/157"}],"replies":[{"embeddable":true,"href":"https:\/\/blogs.univ-tlse2.fr\/cerises\/wp-json\/wp\/v2\/comments?post=185"}],"version-history":[{"count":8,"href":"https:\/\/blogs.univ-tlse2.fr\/cerises\/wp-json\/wp\/v2\/pages\/185\/revisions"}],"predecessor-version":[{"id":3743,"href":"https:\/\/blogs.univ-tlse2.fr\/cerises\/wp-json\/wp\/v2\/pages\/185\/revisions\/3743"}],"up":[{"embeddable":true,"href":"https:\/\/blogs.univ-tlse2.fr\/cerises\/wp-json\/wp\/v2\/pages\/52"}],"wp:attachment":[{"href":"https:\/\/blogs.univ-tlse2.fr\/cerises\/wp-json\/wp\/v2\/media?parent=185"}],"curies":[{"name":"wp","href":"https:\/\/api.w.org\/{rel}","templated":true}]}}