 {"id":1850,"date":"2013-01-22T11:52:34","date_gmt":"2013-01-22T10:52:34","guid":{"rendered":"https:\/\/blogs.univ-tlse2.fr\/cerises\/?page_id=1850"},"modified":"2014-02-06T10:31:41","modified_gmt":"2014-02-06T09:31:41","slug":"animation-de-collectifs-dacteurs","status":"publish","type":"page","link":"https:\/\/blogs.univ-tlse2.fr\/cerises\/publications\/rapports-detudes\/publications-issues-des-travaux-de-cerises\/animation-de-collectifs-dacteurs\/","title":{"rendered":"Animation de collectifs d&rsquo;acteurs"},"content":{"rendered":"<h2>Communaut\u00e9 d&rsquo;Agglom\u00e9ration de Plaine Commune &#8211; 2006<\/h2>\n<p><a href=\"https:\/\/blogs.univ-tlse2.fr\/cerises\/files\/publications-issues-des-travaux-de-cerises\/RAPPORT-Intermediaire-Plaine-Commune-2006.pdf\">Rapport Interm\u00e9diaire Juillet 2006<\/a><\/p>\n<p>A l&rsquo;occasion des assises territoriales de l&rsquo;\u00e9conomie sociale et solidaire, les pr\u00e9conisations de Cerises ont \u00e9t\u00e9 pr\u00e9sent\u00e9es et un axe de travail (les services \u00e0 la personne) a \u00e9t\u00e9 s\u00e9lectionn\u00e9 parmi les 3 propos\u00e9s afin d&rsquo;entamer la mise en \u0153uvre du programme. <a title=\"Plaine Commune\" href=\"http:\/\/cerises.simplissite.fr\/experimentations\/les-expertises-de-cerises\/plaine-commune\/\">L&rsquo;ensemble des informations sur Plaine Commune<\/a><\/p>\n<h2>Communaut\u00e9 de communes de Mimizan &#8211; 2008-2010<\/h2>\n<p><a title=\"Coopatoit : projets de co-habitat\" href=\"https:\/\/blogs.univ-tlse2.fr\/cerises\/experimentations\/coopatoit\/\">Projets de co-habitat<\/a><\/p>\n<p>A la suite d&rsquo;un travail rassemblant ing\u00e9nieurs, architectes, experts sanitaires et sociaux, charg\u00e9s de d\u00e9veloppement \u00e9conomique et \u00e9conomistes, le conseil communautaire a d\u00e9cid\u00e9 de lancer un programme pour recruter des habitants dans la perspective de cr\u00e9ation d&rsquo;une coop\u00e9rative de logement.<\/p>\n","protected":false},"excerpt":{"rendered":"<p>Communaut\u00e9 d&rsquo;Agglom\u00e9ration de Plaine Commune &#8211; 2006 Rapport Interm\u00e9diaire Juillet 2006 A l&rsquo;occasion des assises territoriales de l&rsquo;\u00e9conomie sociale et solidaire, les pr\u00e9conisations de Cerises ont \u00e9t\u00e9 pr\u00e9sent\u00e9es et un axe de travail (les services \u00e0 la personne) a \u00e9t\u00e9 s\u00e9lectionn\u00e9 parmi les 3 propos\u00e9s afin d&rsquo;entamer la mise en \u0153uvre du programme. L&rsquo;ensemble des [&hellip;]<\/p>\n","protected":false},"author":157,"featured_media":0,"parent":69,"menu_order":3,"comment_status":"closed","ping_status":"open","template":"","meta":{"footnotes":""},"class_list":["post-1850","page","type-page","status-publish","hentry"],"_links":{"self":[{"href":"https:\/\/blogs.univ-tlse2.fr\/cerises\/wp-json\/wp\/v2\/pages\/1850","targetHints":{"allow":["GET"]}}],"collection":[{"href":"https:\/\/blogs.univ-tlse2.fr\/cerises\/wp-json\/wp\/v2\/pages"}],"about":[{"href":"https:\/\/blogs.univ-tlse2.fr\/cerises\/wp-json\/wp\/v2\/types\/page"}],"author":[{"embeddable":true,"href":"https:\/\/blogs.univ-tlse2.fr\/cerises\/wp-json\/wp\/v2\/users\/157"}],"replies":[{"embeddable":true,"href":"https:\/\/blogs.univ-tlse2.fr\/cerises\/wp-json\/wp\/v2\/comments?post=1850"}],"version-history":[{"count":3,"href":"https:\/\/blogs.univ-tlse2.fr\/cerises\/wp-json\/wp\/v2\/pages\/1850\/revisions"}],"predecessor-version":[{"id":2931,"href":"https:\/\/blogs.univ-tlse2.fr\/cerises\/wp-json\/wp\/v2\/pages\/1850\/revisions\/2931"}],"up":[{"embeddable":true,"href":"https:\/\/blogs.univ-tlse2.fr\/cerises\/wp-json\/wp\/v2\/pages\/69"}],"wp:attachment":[{"href":"https:\/\/blogs.univ-tlse2.fr\/cerises\/wp-json\/wp\/v2\/media?parent=1850"}],"curies":[{"name":"wp","href":"https:\/\/api.w.org\/{rel}","templated":true}]}}