 {"id":1853,"date":"2013-01-22T11:54:22","date_gmt":"2013-01-22T10:54:22","guid":{"rendered":"https:\/\/blogs.univ-tlse2.fr\/cerises\/?page_id=1853"},"modified":"2014-02-06T10:31:41","modified_gmt":"2014-02-06T09:31:41","slug":"recherche-universitaire","status":"publish","type":"page","link":"https:\/\/blogs.univ-tlse2.fr\/cerises\/publications\/rapports-detudes\/publications-issues-des-travaux-de-cerises\/recherche-universitaire\/","title":{"rendered":"Recherche universitaire"},"content":{"rendered":"<h2>Institut pour la Recherche de la Caisse des D\u00e9p\u00f4ts &#8211; 2004-2006<\/h2>\n<p><a href=\"http:\/\/cerises.simplissite.fr\/wp-content\/uploads\/publications-issues-des-travaux-de-cerises\/mondragon-prades.pdf\">Intervention de Jacques Prades \u00e0 l&rsquo;Ecole de Paris<\/a>, <a href=\"https:\/\/blogs.univ-tlse2.fr\/cerises\/files\/publications-issues-des-travaux-de-cerises\/mondragon-debat.pdf\">Compte-rendu de d\u00e9bat avec Fernando Gomez Acedo<\/a>, <a href=\"https:\/\/blogs.univ-tlse2.fr\/cerises\/files\/publications-issues-des-travaux-de-cerises\/2005-mondragon.pdf\">Article paru dans la RECMA<\/a><\/p>\n<p>Recherche sur le th\u00e8me \u00ab\u00a0Coop\u00e9rations, Technologies et Territoires\u00a0\u00bb autour d&rsquo;exp\u00e9riences internationales et avec pour but d&rsquo;identifier des ingr\u00e9dients favorisant l&rsquo;agglom\u00e9ration d&rsquo;activit\u00e9s sur un territoire. L&rsquo;\u00e9tude a port\u00e9 sur le complexe coop\u00e9ratif de Mondragon, les coop\u00e9ratives sociales italiennes, la ville de Marinaleda en Andalousie ainsi que les Corporations de D\u00e9veloppement au Qu\u00e9bec. L&rsquo;ensemble du travail a donn\u00e9 lieu \u00e0 une publication de Jacques Prades aux Editions de l&rsquo;Aube: Compter sur ses propres forces- Initiatives solidaires et Entreprises sociales.<\/p>\n<h2>D\u00e9l\u00e9gation Interminist\u00e9rielle \u00e0 l&rsquo;\u00e9conomie sociale &#8211; 2006-2008<\/h2>\n<p>Rapport consultable \u00e0 Cerises. Articles en cours de publication dans P\u00f4le Sud et dans un ouvrage issu du colloque conclusif \u00e0 l&rsquo;IEP de Bordeaux en juin 2008.<\/p>\n<p>Recherche comparative sur les territoires r\u00e9gionaux de l&rsquo;ESS \u00e0 fa\u00e7ade maritime: Aquitaine, Bretagne, Cornouaille britannique, Emilie Romagne, Pays Basque Espagnol<\/p>\n<h2>Universit\u00e9 de Trente &#8211; 2009-2010<\/h2>\n<p>En cours<\/p>\n<p>Dans le prolongement de l&rsquo;analyse approfondie du complexe coop\u00e9ratif de Mondragon, Cerises s&rsquo;int\u00e9resse au Nord de la R\u00e9gion du Trentin, o\u00f9 existe une concentration importante de coop\u00e9ratives industrielles et de coop\u00e9ratives sociales.<\/p>\n","protected":false},"excerpt":{"rendered":"<p>Institut pour la Recherche de la Caisse des D\u00e9p\u00f4ts &#8211; 2004-2006 Intervention de Jacques Prades \u00e0 l&rsquo;Ecole de Paris, Compte-rendu de d\u00e9bat avec Fernando Gomez Acedo, Article paru dans la RECMA Recherche sur le th\u00e8me \u00ab\u00a0Coop\u00e9rations, Technologies et Territoires\u00a0\u00bb autour d&rsquo;exp\u00e9riences internationales et avec pour but d&rsquo;identifier des ingr\u00e9dients favorisant l&rsquo;agglom\u00e9ration d&rsquo;activit\u00e9s sur un territoire. [&hellip;]<\/p>\n","protected":false},"author":157,"featured_media":0,"parent":69,"menu_order":4,"comment_status":"closed","ping_status":"open","template":"","meta":{"footnotes":""},"class_list":["post-1853","page","type-page","status-publish","hentry"],"_links":{"self":[{"href":"https:\/\/blogs.univ-tlse2.fr\/cerises\/wp-json\/wp\/v2\/pages\/1853","targetHints":{"allow":["GET"]}}],"collection":[{"href":"https:\/\/blogs.univ-tlse2.fr\/cerises\/wp-json\/wp\/v2\/pages"}],"about":[{"href":"https:\/\/blogs.univ-tlse2.fr\/cerises\/wp-json\/wp\/v2\/types\/page"}],"author":[{"embeddable":true,"href":"https:\/\/blogs.univ-tlse2.fr\/cerises\/wp-json\/wp\/v2\/users\/157"}],"replies":[{"embeddable":true,"href":"https:\/\/blogs.univ-tlse2.fr\/cerises\/wp-json\/wp\/v2\/comments?post=1853"}],"version-history":[{"count":16,"href":"https:\/\/blogs.univ-tlse2.fr\/cerises\/wp-json\/wp\/v2\/pages\/1853\/revisions"}],"predecessor-version":[{"id":3497,"href":"https:\/\/blogs.univ-tlse2.fr\/cerises\/wp-json\/wp\/v2\/pages\/1853\/revisions\/3497"}],"up":[{"embeddable":true,"href":"https:\/\/blogs.univ-tlse2.fr\/cerises\/wp-json\/wp\/v2\/pages\/69"}],"wp:attachment":[{"href":"https:\/\/blogs.univ-tlse2.fr\/cerises\/wp-json\/wp\/v2\/media?parent=1853"}],"curies":[{"name":"wp","href":"https:\/\/api.w.org\/{rel}","templated":true}]}}