 {"id":1867,"date":"2013-01-22T12:00:25","date_gmt":"2013-01-22T11:00:25","guid":{"rendered":"https:\/\/blogs.univ-tlse2.fr\/cerises\/?page_id=1867"},"modified":"2014-02-06T10:31:41","modified_gmt":"2014-02-06T09:31:41","slug":"rencontres-praticiens-chercheurs","status":"publish","type":"page","link":"https:\/\/blogs.univ-tlse2.fr\/cerises\/publications\/rapports-detudes\/publications-issues-des-travaux-de-cerises\/rencontres-praticiens-chercheurs\/","title":{"rendered":"Rencontres praticiens-chercheurs"},"content":{"rendered":"<h2>R\u00e9gion Midi Pyr\u00e9n\u00e9es &#8211; 2000<\/h2>\n<p>Consultations R\u00e9gionales de l&rsquo;Economie Sociale et Solidaire (document consultable \u00e0 Cerises)<\/p>\n<h2>R\u00e9seau Inter-universitaire de l&rsquo;\u00e9conomie sociale et solidaire &#8211; 2003<\/h2>\n<p>L&rsquo;innovation en \u00e9conomie solidaire &#8211; 3\u00e8mes Rencontres: les actes<\/p>\n","protected":false},"excerpt":{"rendered":"<p>R\u00e9gion Midi Pyr\u00e9n\u00e9es &#8211; 2000 Consultations R\u00e9gionales de l&rsquo;Economie Sociale et Solidaire (document consultable \u00e0 Cerises) R\u00e9seau Inter-universitaire de l&rsquo;\u00e9conomie sociale et solidaire &#8211; 2003 L&rsquo;innovation en \u00e9conomie solidaire &#8211; 3\u00e8mes Rencontres: les actes<\/p>\n","protected":false},"author":157,"featured_media":0,"parent":69,"menu_order":5,"comment_status":"closed","ping_status":"open","template":"","meta":{"footnotes":""},"class_list":["post-1867","page","type-page","status-publish","hentry"],"_links":{"self":[{"href":"https:\/\/blogs.univ-tlse2.fr\/cerises\/wp-json\/wp\/v2\/pages\/1867","targetHints":{"allow":["GET"]}}],"collection":[{"href":"https:\/\/blogs.univ-tlse2.fr\/cerises\/wp-json\/wp\/v2\/pages"}],"about":[{"href":"https:\/\/blogs.univ-tlse2.fr\/cerises\/wp-json\/wp\/v2\/types\/page"}],"author":[{"embeddable":true,"href":"https:\/\/blogs.univ-tlse2.fr\/cerises\/wp-json\/wp\/v2\/users\/157"}],"replies":[{"embeddable":true,"href":"https:\/\/blogs.univ-tlse2.fr\/cerises\/wp-json\/wp\/v2\/comments?post=1867"}],"version-history":[{"count":2,"href":"https:\/\/blogs.univ-tlse2.fr\/cerises\/wp-json\/wp\/v2\/pages\/1867\/revisions"}],"predecessor-version":[{"id":2933,"href":"https:\/\/blogs.univ-tlse2.fr\/cerises\/wp-json\/wp\/v2\/pages\/1867\/revisions\/2933"}],"up":[{"embeddable":true,"href":"https:\/\/blogs.univ-tlse2.fr\/cerises\/wp-json\/wp\/v2\/pages\/69"}],"wp:attachment":[{"href":"https:\/\/blogs.univ-tlse2.fr\/cerises\/wp-json\/wp\/v2\/media?parent=1867"}],"curies":[{"name":"wp","href":"https:\/\/api.w.org\/{rel}","templated":true}]}}