 {"id":187,"date":"2013-01-10T16:26:26","date_gmt":"2013-01-10T15:26:26","guid":{"rendered":"https:\/\/blogs.univ-tlse2.fr\/cerises\/?page_id=187"},"modified":"2014-02-06T10:31:24","modified_gmt":"2014-02-06T09:31:24","slug":"projets-personnels-et-memoires-de-recherche","status":"publish","type":"page","link":"https:\/\/blogs.univ-tlse2.fr\/cerises\/formation\/master-et-doctorat-deconomie-sociale\/projets-personnels-et-memoires-de-recherche\/","title":{"rendered":"Projets personnels et m\u00e9moires de recherche"},"content":{"rendered":"<p><em>Cerises tient \u00e0 disposition des \u00e9tudiants les m\u00e9moires des masters des ann\u00e9es pr\u00e9c\u00e9dentes.<\/em><\/p>\n<p>Le m\u00e9moire est compos\u00e9 de trois parties :<\/p>\n<h3>Une mise en perspective<\/h3>\n<p>Une mise en perspective th\u00e9orique dans laquelle il s\u2019agit de montrer en quoi le sujet propos\u00e9 s\u2019inscrit dans une dimension historique, \u00e9pist\u00e9mologique, anthropologique ou politique novatrice au regard des pratiques \u00e9conomiques classiques. Cette premi\u00e8re partie doit montrer que le candidat a de r\u00e9elles facult\u00e9s d\u2019analyse, de discernement et qu\u2019il est capable d\u2019argumenter face \u00e0 des positions th\u00e9oriques adverses. Elle valide un niveau de Master, c&rsquo;est-\u00e0-dire de bac+5 (3\u00e8me cycle).<\/p>\n<h3>Une analyse du projet professionnel<\/h3>\n<p>Une analyse du projet professionnel qui permet \u00e0 une personne \u00e9trang\u00e8re au secteur d&rsquo;activit\u00e9 de saisir la force du projet, son caract\u00e8re innovant et la d\u00e9marche des concepteurs : on analysera les aspects \u00e9conomiques du projet et ses dimensions gestionnaires et on \u00e9tudiera les conditions de transf\u00e9rabilit\u00e9 du projet selon le mod\u00e8le propos\u00e9 dans le site de Cerises, entr\u00e9e \u00abRecherche\u00bb.<\/p>\n<h3>Une description du stage<\/h3>\n<p>Une description du stage mettant en relief l\u2019apport du stage au d\u00e9bat th\u00e9orique \u00e9voqu\u00e9 en premi\u00e8re partie et \u00e0 la description analytique de la deuxi\u00e8me partie. Cette troisi\u00e8me partie est obligatoirement compl\u00e9t\u00e9e par la fiche m\u00e9thodologique de Cerises: voir la <a title=\"Grille d\u2019analyse\" href=\"https:\/\/blogs.univ-tlse2.fr\/cerises\/experimentations\/principes-suivis-pour-lanalyse\/grille-danalyse\/\">grille d&rsquo;analyse<\/a> et les exemples dans la partie <a title=\"Exp\u00e9rimentations\" href=\"https:\/\/blogs.univ-tlse2.fr\/cerises\/experimentations\/\">Exp\u00e9rimentations<\/a> du site, notamment dans le champ <a title=\"Production \u2013 Entreprises sociales\" href=\"https:\/\/blogs.univ-tlse2.fr\/cerises\/experimentations\/production-entreprises-sociales\/\">Production &#8211; Entreprises Sociales<\/a><\/p>\n<p>&nbsp;<\/p>\n<p>Les trois parties du m\u00e9moire, qui doivent se d\u00e9cliner, ne d\u00e9passeront pas les <strong>70 pages<\/strong>, annexes non comprises. Chaque partie sera de 20 pages environ, 2500 signes par page.<\/p>\n<p>Si le projet est tr\u00e8s diff\u00e9rent de la nature du stage dans l\u2019entreprise, le stagiaire devra insister sur <strong>sa place et sa fonction dans l\u2019entreprise, les savoir-faire mobilis\u00e9s, et ce qu\u2019il a retir\u00e9 de son insertion dans l\u2019entreprise.<\/strong><\/p>\n<p>Le jury appr\u00e9ciera la qualit\u00e9 de l\u2019expos\u00e9, l\u2019\u00e9criture et la pr\u00e9sentation en m\u00eame temps que l\u2019originalit\u00e9, la qualit\u00e9 des arguments, la rigueur du montage financier. Il s\u2019attachera \u00e0 la coh\u00e9rence des trois parties du travail.<\/p>\n<p><strong>Les candidats disposeront de 20 minutes pour exposer leur projet et r\u00e9pondront aux questions du jury pendant 20 minutes.<\/strong><\/p>\n<p>L\u2019affichage des r\u00e9sultats se trouvera dans CERISES \u00e0 la fin des soutenances.<\/p>\n<p><a title=\"Rapports des \u00e9tudiants du Master Pro NES\" href=\"https:\/\/blogs.univ-tlse2.fr\/cerises\/publications\/rapports-detudes\/rapports-des-etudiants-du-master-pro-nes\/\">&gt; Voir la liste des m\u00e9moires par promotion<\/a><\/p>\n<h2>Consultez aussi :<\/h2>\n\n<!-- Page-list plugin v.5.9 wordpress.org\/plugins\/page-list\/ -->\n<ul class=\"page-list \">\n<li class=\"page_item page-item-56\"><a href=\"https:\/\/blogs.univ-tlse2.fr\/cerises\/formation\/master-et-doctorat-deconomie-sociale\/contacts-pour-le-master\/\">Contacts pour le Master<\/a><\/li>\n<li class=\"page_item page-item-60\"><a href=\"https:\/\/blogs.univ-tlse2.fr\/cerises\/formation\/master-et-doctorat-deconomie-sociale\/recrutement\/\">Recrutement<\/a><\/li>\n<li class=\"page_item page-item-189\"><a href=\"https:\/\/blogs.univ-tlse2.fr\/cerises\/formation\/master-et-doctorat-deconomie-sociale\/debouches\/\">D\u00e9bouch\u00e9s<\/a><\/li>\n<li class=\"page_item page-item-193 page_item_has_children\"><a href=\"https:\/\/blogs.univ-tlse2.fr\/cerises\/formation\/master-et-doctorat-deconomie-sociale\/enseignements\/\">Enseignements<\/a><\/li>\n<li class=\"page_item page-item-195\"><a href=\"https:\/\/blogs.univ-tlse2.fr\/cerises\/formation\/master-et-doctorat-deconomie-sociale\/emploi-du-temps\/\">Emploi du temps<\/a><\/li>\n<li class=\"page_item page-item-197 page_item_has_children\"><a href=\"https:\/\/blogs.univ-tlse2.fr\/cerises\/formation\/master-et-doctorat-deconomie-sociale\/conferences-dacteurs\/\">Conf\u00e9rences d\u2019acteurs<\/a><\/li>\n<li class=\"page_item page-item-185\"><a href=\"https:\/\/blogs.univ-tlse2.fr\/cerises\/formation\/master-et-doctorat-deconomie-sociale\/stage\/\">Stage<\/a><\/li>\n\n<\/ul>\n","protected":false},"excerpt":{"rendered":"<p>Cerises tient \u00e0 disposition des \u00e9tudiants les m\u00e9moires des masters des ann\u00e9es pr\u00e9c\u00e9dentes. Le m\u00e9moire est compos\u00e9 de trois parties : Une mise en perspective Une mise en perspective th\u00e9orique dans laquelle il s\u2019agit de montrer en quoi le sujet propos\u00e9 s\u2019inscrit dans une dimension historique, \u00e9pist\u00e9mologique, anthropologique ou politique novatrice au regard des pratiques [&hellip;]<\/p>\n","protected":false},"author":157,"featured_media":0,"parent":52,"menu_order":9,"comment_status":"closed","ping_status":"open","template":"","meta":{"footnotes":""},"class_list":["post-187","page","type-page","status-publish","hentry"],"_links":{"self":[{"href":"https:\/\/blogs.univ-tlse2.fr\/cerises\/wp-json\/wp\/v2\/pages\/187","targetHints":{"allow":["GET"]}}],"collection":[{"href":"https:\/\/blogs.univ-tlse2.fr\/cerises\/wp-json\/wp\/v2\/pages"}],"about":[{"href":"https:\/\/blogs.univ-tlse2.fr\/cerises\/wp-json\/wp\/v2\/types\/page"}],"author":[{"embeddable":true,"href":"https:\/\/blogs.univ-tlse2.fr\/cerises\/wp-json\/wp\/v2\/users\/157"}],"replies":[{"embeddable":true,"href":"https:\/\/blogs.univ-tlse2.fr\/cerises\/wp-json\/wp\/v2\/comments?post=187"}],"version-history":[{"count":7,"href":"https:\/\/blogs.univ-tlse2.fr\/cerises\/wp-json\/wp\/v2\/pages\/187\/revisions"}],"predecessor-version":[{"id":2863,"href":"https:\/\/blogs.univ-tlse2.fr\/cerises\/wp-json\/wp\/v2\/pages\/187\/revisions\/2863"}],"up":[{"embeddable":true,"href":"https:\/\/blogs.univ-tlse2.fr\/cerises\/wp-json\/wp\/v2\/pages\/52"}],"wp:attachment":[{"href":"https:\/\/blogs.univ-tlse2.fr\/cerises\/wp-json\/wp\/v2\/media?parent=187"}],"curies":[{"name":"wp","href":"https:\/\/api.w.org\/{rel}","templated":true}]}}