 {"id":189,"date":"2013-01-10T16:26:56","date_gmt":"2013-01-10T15:26:56","guid":{"rendered":"https:\/\/blogs.univ-tlse2.fr\/cerises\/?page_id=189"},"modified":"2016-03-09T13:52:03","modified_gmt":"2016-03-09T12:52:03","slug":"debouches","status":"publish","type":"page","link":"https:\/\/blogs.univ-tlse2.fr\/cerises\/formation\/master-et-doctorat-deconomie-sociale\/debouches\/","title":{"rendered":"D\u00e9bouch\u00e9s"},"content":{"rendered":"<ul>\n<li><a title=\"Les anciens \u00e9tudiants : l\u2019association des Nessies\" href=\"https:\/\/blogs.univ-tlse2.fr\/cerises\/formation\/la-vie-du-master\/les-anciens-etudiants-lassociation-des-nessies\/\">Les anciens \u00e9tudiants et l&rsquo;association des Nessies<\/a><\/li>\n<li><a title=\"Cr\u00e9er une activit\u00e9\" href=\"https:\/\/blogs.univ-tlse2.fr\/cerises\/formation\/creer-une-activite\/\">Cr\u00e9er une activit\u00e9<\/a><\/li>\n<li><a title=\"Poursuivre dans la recherche\" href=\"https:\/\/blogs.univ-tlse2.fr\/cerises\/formation\/poursuivre-dans-la-recherche\/\">Poursuivre dans la recherche<\/a><\/li>\n<\/ul>\n<p>T\u00e9l\u00e9chargez l&rsquo;enqu\u00eate sur les anciens du Master La Nouvelle Economie Sociale : <a href=\"https:\/\/blogs.univ-tlse2.fr\/cerises\/files\/les-10-ans-du-master\/Enquete-Anciens-NES.ppt\">la synth\u00e8se en diapositives<\/a>, <a href=\"https:\/\/blogs.univ-tlse2.fr\/cerises\/files\/les-10-ans-du-master\/enquete-master.pdf\">R\u00e9sultats et commentaires de l&rsquo;enqu\u00eate<\/a>.<\/p>\n<h2>Nous travaillons en \u00e9troite collaboration avec l&rsquo;incubateur r\u00e9gional d&rsquo;innovation sociale CATALIS. Il est possible pour les \u00e9tudiants de suivre en parall\u00e8le le master NES et les regroupements et suivis de l&rsquo;incubateur.<\/h2>\n<h2><\/h2>\n<h2>Consultez aussi :<\/h2>\n\n<!-- Page-list plugin v.5.9 wordpress.org\/plugins\/page-list\/ -->\n<ul class=\"page-list \">\n<li class=\"page_item page-item-56\"><a href=\"https:\/\/blogs.univ-tlse2.fr\/cerises\/formation\/master-et-doctorat-deconomie-sociale\/contacts-pour-le-master\/\">Contacts pour le Master<\/a><\/li>\n<li class=\"page_item page-item-60\"><a href=\"https:\/\/blogs.univ-tlse2.fr\/cerises\/formation\/master-et-doctorat-deconomie-sociale\/recrutement\/\">Recrutement<\/a><\/li>\n<li class=\"page_item page-item-193 page_item_has_children\"><a href=\"https:\/\/blogs.univ-tlse2.fr\/cerises\/formation\/master-et-doctorat-deconomie-sociale\/enseignements\/\">Enseignements<\/a><\/li>\n<li class=\"page_item page-item-195\"><a href=\"https:\/\/blogs.univ-tlse2.fr\/cerises\/formation\/master-et-doctorat-deconomie-sociale\/emploi-du-temps\/\">Emploi du temps<\/a><\/li>\n<li class=\"page_item page-item-197 page_item_has_children\"><a href=\"https:\/\/blogs.univ-tlse2.fr\/cerises\/formation\/master-et-doctorat-deconomie-sociale\/conferences-dacteurs\/\">Conf\u00e9rences d\u2019acteurs<\/a><\/li>\n<li class=\"page_item page-item-185\"><a href=\"https:\/\/blogs.univ-tlse2.fr\/cerises\/formation\/master-et-doctorat-deconomie-sociale\/stage\/\">Stage<\/a><\/li>\n<li class=\"page_item page-item-187\"><a href=\"https:\/\/blogs.univ-tlse2.fr\/cerises\/formation\/master-et-doctorat-deconomie-sociale\/projets-personnels-et-memoires-de-recherche\/\">Projets personnels et m\u00e9moires de recherche<\/a><\/li>\n\n<\/ul>\n<p>&nbsp;<\/p>\n","protected":false},"excerpt":{"rendered":"<p>Les anciens \u00e9tudiants et l&rsquo;association des Nessies Cr\u00e9er une activit\u00e9 Poursuivre dans la recherche T\u00e9l\u00e9chargez l&rsquo;enqu\u00eate sur les anciens du Master La Nouvelle Economie Sociale : la synth\u00e8se en diapositives, R\u00e9sultats et commentaires de l&rsquo;enqu\u00eate. Nous travaillons en \u00e9troite collaboration avec l&rsquo;incubateur r\u00e9gional d&rsquo;innovation sociale CATALIS. Il est possible pour les \u00e9tudiants de suivre en [&hellip;]<\/p>\n","protected":false},"author":157,"featured_media":0,"parent":52,"menu_order":3,"comment_status":"closed","ping_status":"open","template":"","meta":{"footnotes":""},"class_list":["post-189","page","type-page","status-publish","hentry"],"_links":{"self":[{"href":"https:\/\/blogs.univ-tlse2.fr\/cerises\/wp-json\/wp\/v2\/pages\/189","targetHints":{"allow":["GET"]}}],"collection":[{"href":"https:\/\/blogs.univ-tlse2.fr\/cerises\/wp-json\/wp\/v2\/pages"}],"about":[{"href":"https:\/\/blogs.univ-tlse2.fr\/cerises\/wp-json\/wp\/v2\/types\/page"}],"author":[{"embeddable":true,"href":"https:\/\/blogs.univ-tlse2.fr\/cerises\/wp-json\/wp\/v2\/users\/157"}],"replies":[{"embeddable":true,"href":"https:\/\/blogs.univ-tlse2.fr\/cerises\/wp-json\/wp\/v2\/comments?post=189"}],"version-history":[{"count":15,"href":"https:\/\/blogs.univ-tlse2.fr\/cerises\/wp-json\/wp\/v2\/pages\/189\/revisions"}],"predecessor-version":[{"id":3665,"href":"https:\/\/blogs.univ-tlse2.fr\/cerises\/wp-json\/wp\/v2\/pages\/189\/revisions\/3665"}],"up":[{"embeddable":true,"href":"https:\/\/blogs.univ-tlse2.fr\/cerises\/wp-json\/wp\/v2\/pages\/52"}],"wp:attachment":[{"href":"https:\/\/blogs.univ-tlse2.fr\/cerises\/wp-json\/wp\/v2\/media?parent=189"}],"curies":[{"name":"wp","href":"https:\/\/api.w.org\/{rel}","templated":true}]}}