 {"id":193,"date":"2013-01-10T16:27:37","date_gmt":"2013-01-10T15:27:37","guid":{"rendered":"https:\/\/blogs.univ-tlse2.fr\/cerises\/?page_id=193"},"modified":"2019-06-29T17:22:02","modified_gmt":"2019-06-29T15:22:02","slug":"enseignements","status":"publish","type":"page","link":"https:\/\/blogs.univ-tlse2.fr\/cerises\/formation\/master-et-doctorat-deconomie-sociale\/enseignements\/","title":{"rendered":"Enseignements"},"content":{"rendered":"<div><strong>2016-2017<\/strong><\/div>\n<h1 align=\"JUSTIFY\"><span style=\"font-family: Times New Roman,serif\"><span style=\"font-family: Arial Black,sans-serif\"><span style=\"font-size: large\"><span style=\"font-family: Arial,sans-serif\"><span style=\"font-size: large\">Tableau r\u00e9capitulatif des enseignements<\/span><\/span><\/span><\/span><\/span><\/h1>\n<p>M1(1 \u00e8re ann\u00e9e de master) : code 700 et 800<\/p>\n<p>M2 (2 \u00e8me ann\u00e9e de master) : code 900 et 1000<\/p>\n<table width=\"484\">\n<tbody>\n<tr>\n<td width=\"66\"><\/td>\n<td width=\"50\"><\/td>\n<td width=\"177\"><\/td>\n<td width=\"38\"><\/td>\n<td width=\"38\"><\/td>\n<td width=\"38\"><\/td>\n<td width=\"38\"><\/td>\n<td width=\"38\"><\/td>\n<\/tr>\n<tr>\n<td width=\"66\"><strong>Place UE<\/strong><\/p>\n<p>M1<\/td>\n<td width=\"50\"><strong>Code UE<\/strong><\/td>\n<td width=\"177\"><strong>Libell\u00e9 UE (60 caract\u00e8res maxi.)<\/strong><\/td>\n<td width=\"38\"><strong>ECTS<\/strong><\/td>\n<td width=\"38\"><strong>Vol. horaire<\/strong><\/td>\n<td width=\"38\"><strong>CC (O\/N)<\/strong><\/td>\n<td width=\"38\"><strong>\u00a0ensei<\/strong><\/td>\n<td width=\"38\"><strong>NS<\/strong><\/td>\n<\/tr>\n<tr>\n<td width=\"66\">UE 701<\/td>\n<td width=\"50\">EC00701V<\/td>\n<td width=\"177\">Histoire de la Nouvelle Economie Sociale<\/td>\n<td width=\"38\">9<\/td>\n<td width=\"38\">25<\/td>\n<td width=\"38\">O<\/td>\n<td width=\"38\">J.Prades<\/td>\n<td width=\"38\"><\/td>\n<\/tr>\n<tr>\n<td width=\"66\">UE 702<\/td>\n<td width=\"50\">EC00702V<\/td>\n<td width=\"177\">Approches des communs<\/td>\n<td width=\"38\">3<\/td>\n<td width=\"38\">25<\/td>\n<td width=\"38\">O<\/td>\n<td width=\"38\">G.Froger<\/td>\n<td width=\"38\"><strong>\u00a0<\/strong><\/td>\n<\/tr>\n<tr>\n<td width=\"66\">UE 703<\/td>\n<td width=\"50\">EC00703V<\/td>\n<td width=\"177\">Exp\u00e9rimentations<\/td>\n<td width=\"38\">3<\/td>\n<td width=\"38\">0<\/td>\n<td width=\"38\">O<\/td>\n<td width=\"38\"><\/td>\n<td width=\"38\"><\/td>\n<\/tr>\n<tr>\n<td width=\"66\">UE 704<\/td>\n<td width=\"50\">EC00704V<\/td>\n<td width=\"177\">Dynamique du capitalisme<\/td>\n<td width=\"38\">3<\/td>\n<td width=\"38\">25<\/td>\n<td width=\"38\">O<\/td>\n<td width=\"38\">J. Prades<\/td>\n<td width=\"38\"><strong>UE commune avec master Philo<\/strong><\/td>\n<\/tr>\n<tr>\n<td width=\"66\">UE 705<\/td>\n<td width=\"50\">EC00705V<\/td>\n<td width=\"177\">M\u00e9thodologie de projet<\/td>\n<td width=\"38\">6<\/td>\n<td width=\"38\">25<\/td>\n<td width=\"38\">O<\/td>\n<td width=\"38\">S.H\u00e9nin<\/td>\n<td width=\"38\"><\/td>\n<\/tr>\n<tr>\n<td width=\"66\">UE 706<\/td>\n<td width=\"50\">EC00706V<\/td>\n<td width=\"177\">Gestion<\/td>\n<td width=\"38\">3<\/td>\n<td width=\"38\">25<\/td>\n<td width=\"38\">O<\/td>\n<td width=\"38\">S. Rizon<\/td>\n<td width=\"38\"><\/td>\n<\/tr>\n<tr>\n<td width=\"66\">UE 707<\/td>\n<td width=\"50\">EC00707V<\/td>\n<td width=\"177\">Informatique<\/td>\n<td width=\"38\">3<\/td>\n<td width=\"38\">25<\/td>\n<td width=\"38\">O<\/td>\n<td width=\"38\">A.Guy<\/td>\n<td width=\"38\"><\/td>\n<\/tr>\n<tr>\n<td width=\"66\"><\/td>\n<td width=\"50\"><\/td>\n<td width=\"177\"><\/td>\n<td width=\"38\"><strong>30<\/strong><\/td>\n<td width=\"38\"><strong>150<\/strong><\/td>\n<td width=\"38\"><strong>\u00a0<\/strong><\/td>\n<td width=\"38\"><strong>\u00a0<\/strong><\/td>\n<td width=\"38\"><strong>\u00a0<\/strong><\/td>\n<\/tr>\n<tr>\n<td width=\"66\">UE 801 : M\u00e9moire<\/td>\n<td width=\"50\">EC00801V<\/td>\n<td width=\"177\">M\u00e9moire et stage<\/td>\n<td width=\"38\">9<\/td>\n<td width=\"38\">25<\/td>\n<td width=\"38\">O<\/td>\n<td width=\"38\">N<\/td>\n<td width=\"38\"><\/td>\n<\/tr>\n<tr>\n<td width=\"66\">UE 802<\/td>\n<td width=\"50\">EC00802V<\/td>\n<td width=\"177\">Economie du travail<\/td>\n<td width=\"38\">3<\/td>\n<td width=\"38\">25<\/td>\n<td width=\"38\">O<\/td>\n<td width=\"38\">M.Bruy\u00e8re<\/td>\n<td width=\"38\">\u00a0UE commune avec master Philo<\/td>\n<\/tr>\n<tr>\n<td width=\"66\">UE 803<\/td>\n<td width=\"50\">EC00803V<\/td>\n<td width=\"177\">Exp\u00e9rimentations<\/td>\n<td width=\"38\">3<\/td>\n<td width=\"38\">0<\/td>\n<td width=\"38\">O<\/td>\n<td width=\"38\">N<\/td>\n<td width=\"38\"><\/td>\n<\/tr>\n<tr>\n<td width=\"66\">UE 804<\/td>\n<td width=\"50\">EC00804V<\/td>\n<td width=\"177\">Droit social<\/td>\n<td width=\"38\">3<\/td>\n<td width=\"38\">25<\/td>\n<td width=\"38\">O<\/td>\n<td width=\"38\">N.Martinez<\/td>\n<td width=\"38\"><\/td>\n<\/tr>\n<tr>\n<td width=\"66\">UE 805<\/td>\n<td width=\"50\">EC00805V<\/td>\n<td width=\"177\">Philosophie 1<\/td>\n<td width=\"38\">3<\/td>\n<td width=\"38\">25<\/td>\n<td width=\"38\">O<\/td>\n<td width=\"38\">A.Berlan<\/td>\n<td width=\"38\"><\/td>\n<\/tr>\n<tr>\n<td width=\"66\">UE 806<\/td>\n<td width=\"50\">EC00806V<\/td>\n<td width=\"177\">Th\u00e9orie de la Nouvelle Economie Sociale<\/td>\n<td width=\"38\">6<\/td>\n<td width=\"38\">25<\/td>\n<td width=\"38\">O<\/td>\n<td width=\"38\">J.Prades<\/td>\n<td width=\"38\"><\/td>\n<\/tr>\n<tr>\n<td width=\"66\">UE 807<\/td>\n<td width=\"50\">EC00807V<\/td>\n<td width=\"177\">Langue vivante<\/td>\n<td width=\"38\">3<\/td>\n<td width=\"38\">25<\/td>\n<td width=\"38\">O<\/td>\n<td width=\"38\">.A.Marks<\/td>\n<td width=\"38\"><\/td>\n<\/tr>\n<tr>\n<td width=\"66\"><\/td>\n<td width=\"50\"><\/td>\n<td width=\"177\"><\/td>\n<td width=\"38\"><strong>30<\/strong><\/td>\n<td width=\"38\"><strong>150<\/strong><\/td>\n<td width=\"38\"><strong>\u00a0<\/strong><\/td>\n<td width=\"38\"><strong>\u00a0<\/strong><\/td>\n<td width=\"38\"><strong>\u00a0<\/strong><\/td>\n<\/tr>\n<tr>\n<td width=\"66\"><strong>Place UE<\/strong><\/p>\n<p><strong>M2<\/strong><\/td>\n<td width=\"50\"><strong>Code UE<\/strong><\/td>\n<td width=\"177\"><strong>Libell\u00e9 UE (60 caract\u00e8res maxi.)<\/strong><\/td>\n<td width=\"38\"><strong>ECTS<\/strong><\/td>\n<td width=\"38\"><strong>Vol. horaire<\/strong><\/td>\n<td width=\"38\"><strong>CC (O\/N)<\/strong><\/td>\n<td width=\"38\"><strong>ET (O\/N)<\/strong><\/td>\n<td width=\"38\"><strong>NS<\/strong><\/td>\n<\/tr>\n<tr>\n<td width=\"66\">UE 901<\/td>\n<td width=\"50\">EC00902V<\/td>\n<td width=\"177\">M\u00e9thodologie de projet<\/td>\n<td width=\"38\">9<\/td>\n<td width=\"38\">25<\/td>\n<td width=\"38\">O<\/td>\n<td width=\"38\">S.H\u00e9nin<\/td>\n<td width=\"38\"><\/td>\n<\/tr>\n<tr>\n<td width=\"66\">UE 902<\/td>\n<td width=\"50\">EC00901V<\/td>\n<td width=\"177\">Psychanalyse<\/td>\n<td width=\"38\">3<\/td>\n<td width=\"38\">25<\/td>\n<td width=\"38\">O<\/td>\n<td width=\"38\">B. Victoria<\/td>\n<td width=\"38\"><\/td>\n<\/tr>\n<tr>\n<td width=\"66\"><strong>U<\/strong>E 903<\/td>\n<td width=\"50\">EC00903V<\/td>\n<td width=\"177\">Anthropologie de l&rsquo;\u00e9conomie sociale 1<\/td>\n<td width=\"38\">3<\/td>\n<td width=\"38\">25<\/td>\n<td width=\"38\">O<\/td>\n<td width=\"38\">J.Prades<\/td>\n<td width=\"38\">\u00a0UE commune avec master Philo<\/td>\n<\/tr>\n<tr>\n<td width=\"66\">UE 904<\/td>\n<td width=\"50\">EC00904V<\/td>\n<td width=\"177\">Sociologie du travail<\/td>\n<td width=\"38\">3<\/td>\n<td width=\"38\">25<\/td>\n<td width=\"38\">O<\/td>\n<td width=\"38\">P.Kergoat<\/td>\n<td width=\"38\"><\/td>\n<\/tr>\n<tr>\n<td width=\"66\">UE 905<\/td>\n<td width=\"50\">EC00905V<\/td>\n<td width=\"177\">Economie et \u00e9cologie<\/td>\n<td width=\"38\">3<\/td>\n<td width=\"38\">25<\/td>\n<td width=\"38\">O<\/td>\n<td width=\"38\">G.Froger<\/td>\n<td width=\"38\"><\/td>\n<\/tr>\n<tr>\n<td width=\"66\">UE 906<\/td>\n<td width=\"50\">EC00906V<\/td>\n<td width=\"177\">Finances solidaires<\/td>\n<td width=\"38\">3<\/td>\n<td width=\"38\">25<\/td>\n<td width=\"38\">O<\/td>\n<td width=\"38\">J.Milanesi<\/td>\n<td width=\"38\"><\/td>\n<\/tr>\n<tr>\n<td width=\"66\">UE 907<\/td>\n<td width=\"50\">EC00907V<\/td>\n<td width=\"177\">Gestion 1<\/td>\n<td width=\"38\">3<\/td>\n<td width=\"38\">25<\/td>\n<td width=\"38\">O<\/td>\n<td width=\"38\">S. Rizon<\/td>\n<td width=\"38\"><\/td>\n<\/tr>\n<tr>\n<td width=\"66\">UE 910 : LV ou option<\/td>\n<td width=\"50\">EC00910V<\/td>\n<td width=\"177\">informatique<\/td>\n<td width=\"38\">3<\/td>\n<td width=\"38\">25<\/td>\n<td width=\"38\">O<\/td>\n<td width=\"38\">A.Guy<\/td>\n<td width=\"38\"><\/td>\n<\/tr>\n<tr>\n<td width=\"66\"><\/td>\n<td width=\"50\"><\/td>\n<td width=\"177\"><\/td>\n<td width=\"38\"><strong>30<\/strong><\/td>\n<td width=\"38\"><strong>200<\/strong><\/td>\n<td width=\"38\"><strong>\u00a0<\/strong><\/td>\n<td width=\"38\"><strong>\u00a0<\/strong><\/td>\n<td width=\"38\"><strong>\u00a0<\/strong><\/td>\n<\/tr>\n<tr>\n<td width=\"66\">UE 1001<\/td>\n<td width=\"50\">EC00111V<\/td>\n<td width=\"177\">M\u00e9moire et stage<\/td>\n<td width=\"38\">9<\/td>\n<td width=\"38\">0<\/td>\n<td width=\"38\">O<\/td>\n<td width=\"38\">N<\/td>\n<td width=\"38\"><\/td>\n<\/tr>\n<tr>\n<td width=\"66\">UE 1002<\/td>\n<td width=\"50\">EC00112V<\/td>\n<td width=\"177\">Elaboration et mise en \u0153uvre du projet<\/td>\n<td width=\"38\">3<\/td>\n<td width=\"38\">50<\/td>\n<td width=\"38\">O<\/td>\n<td width=\"38\">N<\/td>\n<td width=\"38\"><\/td>\n<\/tr>\n<tr>\n<td width=\"66\">UE 1003<\/td>\n<td width=\"50\">EC00113V<\/td>\n<td width=\"177\">Anthropologie de l&rsquo;\u00e9conomie sociale 2<\/td>\n<td width=\"38\">3<\/td>\n<td width=\"38\">25<\/td>\n<td width=\"38\">O<\/td>\n<td width=\"38\">J.Prades<\/td>\n<td width=\"38\"><\/td>\n<\/tr>\n<tr>\n<td width=\"66\">UE 1004<\/td>\n<td width=\"50\">EC00114V<\/td>\n<td width=\"177\">Coop\u00e9ration et d\u00e9veloppement dans les mondes ruraux<\/td>\n<td width=\"38\">3<\/td>\n<td width=\"38\">25<\/td>\n<td width=\"38\">O<\/td>\n<td width=\"38\">G.Froger<\/td>\n<td width=\"38\"><\/td>\n<\/tr>\n<tr>\n<td width=\"66\">UE 1005<\/td>\n<td width=\"50\">EC00115V<\/td>\n<td width=\"177\">Economie du travail<\/td>\n<td width=\"38\">3<\/td>\n<td width=\"38\">25<\/td>\n<td width=\"38\">O<\/td>\n<td width=\"38\">Bruy\u00e8re<\/td>\n<td width=\"38\"><\/td>\n<\/tr>\n<tr>\n<td width=\"66\">UE 1006<\/td>\n<td width=\"50\">EC00116V<\/td>\n<td width=\"177\">Gestion 2<\/td>\n<td width=\"38\">3<\/td>\n<td width=\"38\">25<\/td>\n<td width=\"38\">O<\/td>\n<td width=\"38\">Rizon<\/td>\n<td width=\"38\"><\/td>\n<\/tr>\n<tr>\n<td width=\"66\">UE 1007<\/td>\n<td width=\"50\">EC00117V<\/td>\n<td width=\"177\">Droit coop\u00e9ratif<\/td>\n<td width=\"38\">3<\/td>\n<td width=\"38\">25<\/td>\n<td width=\"38\">O<\/td>\n<td width=\"38\">C.Niaufre<\/td>\n<td width=\"38\"><\/td>\n<\/tr>\n<tr>\n<td width=\"66\">UE 1008<\/td>\n<td width=\"50\">EC00118V<\/td>\n<td width=\"177\">Anglais<\/td>\n<td width=\"38\">3<\/td>\n<td width=\"38\">25<\/td>\n<td width=\"38\">O<\/td>\n<td width=\"38\">J.Tatler<\/td>\n<td width=\"38\"><\/td>\n<\/tr>\n<tr>\n<td width=\"66\"><\/td>\n<td width=\"50\"><\/td>\n<td width=\"177\"><\/td>\n<td width=\"38\"><strong>30<\/strong><\/td>\n<td width=\"38\"><strong>200<\/strong><\/td>\n<td width=\"38\"><\/td>\n<td width=\"38\"><strong>\u00a0<\/strong><\/td>\n<td width=\"38\"><strong>\u00a0<\/strong><\/td>\n<\/tr>\n<tr>\n<td width=\"66\"><\/td>\n<td width=\"50\"><\/td>\n<td width=\"177\"><\/td>\n<td width=\"38\"><strong>\u00a0<\/strong><\/td>\n<td width=\"38\"><strong>\u00a0<\/strong><\/td>\n<td width=\"38\"><strong>\u00a0<\/strong><\/td>\n<td width=\"38\"><strong>\u00a0<\/strong><\/td>\n<td width=\"38\"><strong>\u00a0<\/strong><\/td>\n<\/tr>\n<tr>\n<td width=\"66\"><\/td>\n<td width=\"50\"><\/td>\n<td width=\"177\"><\/td>\n<td width=\"38\"><strong>\u00a0<\/strong><\/td>\n<td width=\"38\"><strong>\u00a0<\/strong><\/td>\n<td width=\"38\"><strong>\u00a0<\/strong><\/td>\n<td width=\"38\"><strong>\u00a0<\/strong><\/td>\n<td width=\"38\"><strong>\u00a0<\/strong><\/td>\n<\/tr>\n<\/tbody>\n<\/table>\n<p><em>La pr\u00e9sence aux cours est obligatoire.<\/em><\/p>\n<h1>Consultez aussi :<\/h1>\n\n<!-- Page-list plugin v.5.9 wordpress.org\/plugins\/page-list\/ -->\n<ul class=\"page-list \">\n<li class=\"page_item page-item-56\"><a href=\"https:\/\/blogs.univ-tlse2.fr\/cerises\/formation\/master-et-doctorat-deconomie-sociale\/contacts-pour-le-master\/\">Contacts pour le Master<\/a><\/li>\n<li class=\"page_item page-item-60\"><a href=\"https:\/\/blogs.univ-tlse2.fr\/cerises\/formation\/master-et-doctorat-deconomie-sociale\/recrutement\/\">Recrutement<\/a><\/li>\n<li class=\"page_item page-item-189\"><a href=\"https:\/\/blogs.univ-tlse2.fr\/cerises\/formation\/master-et-doctorat-deconomie-sociale\/debouches\/\">D\u00e9bouch\u00e9s<\/a><\/li>\n<li class=\"page_item page-item-195\"><a href=\"https:\/\/blogs.univ-tlse2.fr\/cerises\/formation\/master-et-doctorat-deconomie-sociale\/emploi-du-temps\/\">Emploi du temps<\/a><\/li>\n<li class=\"page_item page-item-197 page_item_has_children\"><a href=\"https:\/\/blogs.univ-tlse2.fr\/cerises\/formation\/master-et-doctorat-deconomie-sociale\/conferences-dacteurs\/\">Conf\u00e9rences d\u2019acteurs<\/a><\/li>\n<li class=\"page_item page-item-185\"><a href=\"https:\/\/blogs.univ-tlse2.fr\/cerises\/formation\/master-et-doctorat-deconomie-sociale\/stage\/\">Stage<\/a><\/li>\n<li class=\"page_item page-item-187\"><a href=\"https:\/\/blogs.univ-tlse2.fr\/cerises\/formation\/master-et-doctorat-deconomie-sociale\/projets-personnels-et-memoires-de-recherche\/\">Projets personnels et m\u00e9moires de recherche<\/a><\/li>\n\n<\/ul>\n","protected":false},"excerpt":{"rendered":"<p>2016-2017 Tableau r\u00e9capitulatif des enseignements M1(1 \u00e8re ann\u00e9e de master) : code 700 et 800 M2 (2 \u00e8me ann\u00e9e de master) : code 900 et 1000 Place UE M1 Code UE Libell\u00e9 UE (60 caract\u00e8res maxi.) ECTS Vol. horaire CC (O\/N) \u00a0ensei NS UE 701 EC00701V Histoire de la Nouvelle Economie Sociale 9 25 O [&hellip;]<\/p>\n","protected":false},"author":157,"featured_media":0,"parent":52,"menu_order":5,"comment_status":"closed","ping_status":"open","template":"","meta":{"footnotes":""},"class_list":["post-193","page","type-page","status-publish","hentry"],"_links":{"self":[{"href":"https:\/\/blogs.univ-tlse2.fr\/cerises\/wp-json\/wp\/v2\/pages\/193","targetHints":{"allow":["GET"]}}],"collection":[{"href":"https:\/\/blogs.univ-tlse2.fr\/cerises\/wp-json\/wp\/v2\/pages"}],"about":[{"href":"https:\/\/blogs.univ-tlse2.fr\/cerises\/wp-json\/wp\/v2\/types\/page"}],"author":[{"embeddable":true,"href":"https:\/\/blogs.univ-tlse2.fr\/cerises\/wp-json\/wp\/v2\/users\/157"}],"replies":[{"embeddable":true,"href":"https:\/\/blogs.univ-tlse2.fr\/cerises\/wp-json\/wp\/v2\/comments?post=193"}],"version-history":[{"count":19,"href":"https:\/\/blogs.univ-tlse2.fr\/cerises\/wp-json\/wp\/v2\/pages\/193\/revisions"}],"predecessor-version":[{"id":3844,"href":"https:\/\/blogs.univ-tlse2.fr\/cerises\/wp-json\/wp\/v2\/pages\/193\/revisions\/3844"}],"up":[{"embeddable":true,"href":"https:\/\/blogs.univ-tlse2.fr\/cerises\/wp-json\/wp\/v2\/pages\/52"}],"wp:attachment":[{"href":"https:\/\/blogs.univ-tlse2.fr\/cerises\/wp-json\/wp\/v2\/media?parent=193"}],"curies":[{"name":"wp","href":"https:\/\/api.w.org\/{rel}","templated":true}]}}