 {"id":195,"date":"2013-01-10T16:27:55","date_gmt":"2013-01-10T15:27:55","guid":{"rendered":"https:\/\/blogs.univ-tlse2.fr\/cerises\/?page_id=195"},"modified":"2016-09-16T08:14:41","modified_gmt":"2016-09-16T06:14:41","slug":"emploi-du-temps","status":"publish","type":"page","link":"https:\/\/blogs.univ-tlse2.fr\/cerises\/formation\/master-et-doctorat-deconomie-sociale\/emploi-du-temps\/","title":{"rendered":"Emploi du temps"},"content":{"rendered":"<h1>2016-2017<\/h1>\n<h2>Emploi du temps premier semestre M2<\/h2>\n<table border=\"1\" width=\"677\" cellspacing=\"0\" cellpadding=\"5\">\n<tbody>\n<tr valign=\"TOP\">\n<th width=\"160\">\n<p style=\"text-align: center\">Lundi<\/p>\n<\/th>\n<th width=\"148\">\n<p style=\"text-align: center\">Mardi<\/p>\n<\/th>\n<th width=\"179\">\n<p style=\"text-align: center\">Mercredi<\/p>\n<\/th>\n<th width=\"148\">\n<p style=\"text-align: center\">Jeudi \/ Vendredi<\/p>\n<\/th>\n<\/tr>\n<tr>\n<td style=\"text-align: center\" valign=\"TOP\" width=\"160\" height=\"70\"><strong>Comptabilit\u00e9<\/strong><\/p>\n<p style=\"text-align: center\">Christine NICOLETTI<\/p>\n<\/td>\n<td rowspan=\"2\" width=\"148\">\n<p style=\"text-align: center\"><strong>Conf\u00e9rences acteurs de terrain<\/strong><\/p>\n<p style=\"text-align: center\">Anim\u00e9es par St\u00e9phane HENIN<\/p>\n<\/td>\n<td valign=\"TOP\" width=\"179\">\n<p style=\"text-align: center\"><strong>Economie et \u00e9cologie<\/strong><\/p>\n<p style=\"text-align: center\">G\u00e9raldine Froger<\/p>\n<\/td>\n<td rowspan=\"2\" valign=\"TOP\" width=\"148\">\n<p style=\"text-align: center\">\u00c9laboration de projet<\/p>\n<p style=\"text-align: center\">Travail personne<\/p>\n<\/td>\n<\/tr>\n<tr valign=\"TOP\">\n<td width=\"160\">\n<p style=\"text-align: center\"><strong>Anthropologie \u00e9conomique<\/strong><\/p>\n<p style=\"text-align: center\">Jacques Prades<\/p>\n<p style=\"text-align: center\">\n<\/td>\n<td width=\"179\">\n<p style=\"text-align: center\"><b>Anglais<\/b><\/p>\n<p style=\"text-align: center\">James Tatler<\/p>\n<\/td>\n<\/tr>\n<tr valign=\"TOP\">\n<td width=\"160\"><strong>Sociologie travail<\/strong><\/p>\n<p>Prisca Kergoat<\/td>\n<td width=\"148\">Etude de cas<\/p>\n<p>St\u00e9phane H\u00e9nin<\/p>\n<p><b>\u00a0<\/b><\/td>\n<td rowspan=\"2\" width=\"179\">\n<p style=\"text-align: center\">\u00c9laboration de projet<\/p>\n<p style=\"text-align: center\">Travail personnel<\/p>\n<\/td>\n<td rowspan=\"2\" width=\"148\">\n<p style=\"text-align: center\" align=\"CENTER\">\u00c9laboration de projet<\/p>\n<p style=\"text-align: center\">Travail personnel<\/p>\n<\/td>\n<\/tr>\n<tr valign=\"TOP\">\n<td width=\"160\"><\/td>\n<td width=\"148\">\n<p style=\"text-align: center\"><strong>Etudes de cas<\/strong><\/p>\n<p style=\"text-align: center\" align=\"CENTER\">St\u00e9phane H\u00e9nin<\/p>\n<\/td>\n<\/tr>\n<\/tbody>\n<\/table>\n<h2>Emploi du temps second semestre M2<\/h2>\n<table border=\"1\" width=\"677\" cellspacing=\"0\" cellpadding=\"5\">\n<tbody>\n<tr valign=\"TOP\">\n<th width=\"160\">\n<p style=\"text-align: center\">Lundi<\/p>\n<\/th>\n<th width=\"148\">\n<p style=\"text-align: center\">Mardi<\/p>\n<\/th>\n<th width=\"188\">\n<p style=\"text-align: center\">Mercredi<\/p>\n<\/th>\n<th width=\"138\">\n<p style=\"text-align: center\">Jeudi \/ Vendredi<\/p>\n<\/th>\n<\/tr>\n<tr>\n<td valign=\"TOP\" width=\"160\"><b>Anthropologie \u00e9conomique<\/b><\/p>\n<p>Jacques<\/p>\n<p>Prades<\/p>\n<p style=\"text-align: center\">\n<\/td>\n<td rowspan=\"2\" width=\"148\">\n<p style=\"text-align: center\"><strong>Conf\u00e9rences porteurs de projets m\u00e9thodologies<\/strong><\/p>\n<p style=\"text-align: center\">Anim\u00e9es par St\u00e9phane HENIN<\/p>\n<\/td>\n<td width=\"188\">\n<p style=\"text-align: center\">Anglais<\/p>\n<\/td>\n<td rowspan=\"2\" width=\"138\">\n<p style=\"text-align: center\">\u00c9laboration de projet<\/p>\n<p style=\"text-align: center\">Travail personnel<\/p>\n<\/td>\n<\/tr>\n<tr>\n<td valign=\"TOP\" width=\"160\">\n<p style=\"text-align: center\"><b>Gestion<\/b><\/p>\n<p style=\"text-align: center\">Christine NICOLETTI<\/p>\n<\/td>\n<td width=\"188\">Coop\u00e9ration au sud<\/p>\n<p>G\u00e9raldine Froger<\/td>\n<\/tr>\n<tr>\n<td rowspan=\"2\" valign=\"top\" width=\"160\" height=\"65\"><b>Finance alternative<\/b><\/p>\n<p>Julien Milanesi<\/p>\n<p>&nbsp;<\/p>\n<p>Economie du travail<\/td>\n<td valign=\"TOP\" width=\"148\"><\/td>\n<td rowspan=\"2\" width=\"188\">\n<p style=\"text-align: center\">\u00c9laboration de projet<\/p>\n<p style=\"text-align: center\">Travail personnel<\/p>\n<\/td>\n<td rowspan=\"2\" width=\"138\">\n<p style=\"text-align: center\">\u00c9laboration de projet<\/p>\n<p style=\"text-align: center\">Travail personnel<\/p>\n<\/td>\n<\/tr>\n<tr valign=\"TOP\">\n<td width=\"148\">\n<p style=\"text-align: center\"><strong>M\u00e9thodologie th\u00e9orique 2<\/strong><\/p>\n<p style=\"text-align: center\">Anciens \u00e9tudiants<\/p>\n<\/td>\n<\/tr>\n<\/tbody>\n<\/table>\n<p align=\"JUSTIFY\">\u00a0Les cours d\u00e9butent \u00e0 8H30 et se terminent \u00e0 18H00. La conf\u00e9rence du mardi d\u00e9bute \u00e0 9H00.<\/p>\n<h2>Consultez aussi :<\/h2>\n\n<!-- Page-list plugin v.5.9 wordpress.org\/plugins\/page-list\/ -->\n<ul class=\"page-list \">\n<li class=\"page_item page-item-56\"><a href=\"https:\/\/blogs.univ-tlse2.fr\/cerises\/formation\/master-et-doctorat-deconomie-sociale\/contacts-pour-le-master\/\">Contacts pour le Master<\/a><\/li>\n<li class=\"page_item page-item-60\"><a href=\"https:\/\/blogs.univ-tlse2.fr\/cerises\/formation\/master-et-doctorat-deconomie-sociale\/recrutement\/\">Recrutement<\/a><\/li>\n<li class=\"page_item page-item-189\"><a href=\"https:\/\/blogs.univ-tlse2.fr\/cerises\/formation\/master-et-doctorat-deconomie-sociale\/debouches\/\">D\u00e9bouch\u00e9s<\/a><\/li>\n<li class=\"page_item page-item-193 page_item_has_children\"><a href=\"https:\/\/blogs.univ-tlse2.fr\/cerises\/formation\/master-et-doctorat-deconomie-sociale\/enseignements\/\">Enseignements<\/a><\/li>\n<li class=\"page_item page-item-197 page_item_has_children\"><a href=\"https:\/\/blogs.univ-tlse2.fr\/cerises\/formation\/master-et-doctorat-deconomie-sociale\/conferences-dacteurs\/\">Conf\u00e9rences d\u2019acteurs<\/a><\/li>\n<li class=\"page_item page-item-185\"><a href=\"https:\/\/blogs.univ-tlse2.fr\/cerises\/formation\/master-et-doctorat-deconomie-sociale\/stage\/\">Stage<\/a><\/li>\n<li class=\"page_item page-item-187\"><a href=\"https:\/\/blogs.univ-tlse2.fr\/cerises\/formation\/master-et-doctorat-deconomie-sociale\/projets-personnels-et-memoires-de-recherche\/\">Projets personnels et m\u00e9moires de recherche<\/a><\/li>\n\n<\/ul>\n","protected":false},"excerpt":{"rendered":"<p>2016-2017 Emploi du temps premier semestre M2 Lundi Mardi Mercredi Jeudi \/ Vendredi Comptabilit\u00e9 Christine NICOLETTI Conf\u00e9rences acteurs de terrain Anim\u00e9es par St\u00e9phane HENIN Economie et \u00e9cologie G\u00e9raldine Froger \u00c9laboration de projet Travail personne Anthropologie \u00e9conomique Jacques Prades Anglais James Tatler Sociologie travail Prisca Kergoat Etude de cas St\u00e9phane H\u00e9nin \u00a0 \u00c9laboration de projet Travail [&hellip;]<\/p>\n","protected":false},"author":157,"featured_media":0,"parent":52,"menu_order":6,"comment_status":"closed","ping_status":"open","template":"","meta":{"footnotes":""},"class_list":["post-195","page","type-page","status-publish","hentry"],"_links":{"self":[{"href":"https:\/\/blogs.univ-tlse2.fr\/cerises\/wp-json\/wp\/v2\/pages\/195","targetHints":{"allow":["GET"]}}],"collection":[{"href":"https:\/\/blogs.univ-tlse2.fr\/cerises\/wp-json\/wp\/v2\/pages"}],"about":[{"href":"https:\/\/blogs.univ-tlse2.fr\/cerises\/wp-json\/wp\/v2\/types\/page"}],"author":[{"embeddable":true,"href":"https:\/\/blogs.univ-tlse2.fr\/cerises\/wp-json\/wp\/v2\/users\/157"}],"replies":[{"embeddable":true,"href":"https:\/\/blogs.univ-tlse2.fr\/cerises\/wp-json\/wp\/v2\/comments?post=195"}],"version-history":[{"count":19,"href":"https:\/\/blogs.univ-tlse2.fr\/cerises\/wp-json\/wp\/v2\/pages\/195\/revisions"}],"predecessor-version":[{"id":3707,"href":"https:\/\/blogs.univ-tlse2.fr\/cerises\/wp-json\/wp\/v2\/pages\/195\/revisions\/3707"}],"up":[{"embeddable":true,"href":"https:\/\/blogs.univ-tlse2.fr\/cerises\/wp-json\/wp\/v2\/pages\/52"}],"wp:attachment":[{"href":"https:\/\/blogs.univ-tlse2.fr\/cerises\/wp-json\/wp\/v2\/media?parent=195"}],"curies":[{"name":"wp","href":"https:\/\/api.w.org\/{rel}","templated":true}]}}