 {"id":201,"date":"2013-01-10T16:29:11","date_gmt":"2013-01-10T15:29:11","guid":{"rendered":"https:\/\/blogs.univ-tlse2.fr\/cerises\/?page_id=201"},"modified":"2015-11-10T18:35:07","modified_gmt":"2015-11-10T17:35:07","slug":"formations-courtes-et-seminaires","status":"publish","type":"page","link":"https:\/\/blogs.univ-tlse2.fr\/cerises\/formation\/formations-courtes-et-seminaires\/","title":{"rendered":"Formations courtes et s\u00e9minaires"},"content":{"rendered":"<p><a href=\"https:\/\/blogs.univ-tlse2.fr\/cerises\/files\/formations-courtes-et-seminaires\/DSC_0749-nb-r.jpg\"><img loading=\"lazy\" decoding=\"async\" class=\"aligncenter  wp-image-3630\" src=\"https:\/\/blogs.univ-tlse2.fr\/cerises\/files\/formations-courtes-et-seminaires\/DSC_0749-nb-r.jpg\" alt=\"DSC_0749-nb r\" width=\"208\" height=\"312\" srcset=\"https:\/\/blogs.univ-tlse2.fr\/cerises\/files\/formations-courtes-et-seminaires\/DSC_0749-nb-r.jpg 920w, https:\/\/blogs.univ-tlse2.fr\/cerises\/files\/formations-courtes-et-seminaires\/DSC_0749-nb-r-100x150.jpg 100w, https:\/\/blogs.univ-tlse2.fr\/cerises\/files\/formations-courtes-et-seminaires\/DSC_0749-nb-r-200x300.jpg 200w, https:\/\/blogs.univ-tlse2.fr\/cerises\/files\/formations-courtes-et-seminaires\/DSC_0749-nb-r-333x500.jpg 333w, https:\/\/blogs.univ-tlse2.fr\/cerises\/files\/formations-courtes-et-seminaires\/DSC_0749-nb-r-300x450.jpg 300w, https:\/\/blogs.univ-tlse2.fr\/cerises\/files\/formations-courtes-et-seminaires\/DSC_0749-nb-r-624x936.jpg 624w\" sizes=\"auto, (max-width: 208px) 100vw, 208px\" \/><\/a>Cerises se mobilise pour diffuser la connaissance de l&rsquo;\u00e9conomie sociale et solidaire lors de formations courtes \u00e0 destination des \u00e9tudiants ou des professionnels.<\/p>\n<p align=\"justify\">Nous intervenons notamment dans le cadre du cycle de licence des universit\u00e9s et dans diverses formations professionnelles telles que CAFOC (centre acad\u00e9mique de formation continue), Institut R\u00e9gional de Formation Sanitaire et Sociale de la Croix Rouge, IFAID.<\/p>\n<p align=\"justify\">Nous intervenons \u00e9galement dans le cadre de s\u00e9minaires d&rsquo;entreprises en \u00e9conomie sociale : Maif, F\u00e9d\u00e9ration L\u00e9o Lagrange, Coopaname, CRESS Midi Pyr\u00e9n\u00e9es, Adepes, Universit\u00e9 Rurale du Quercy Rouergue, Habicoop, Macif, P\u00e9pini\u00e8re des Arts du Cirque Grainerie-Lido, Coorace, Andicat, Universit\u00e9 Populaire CNAM Paris, F\u00e9d\u00e9ration Nationale du Cr\u00e9dit Agricole, Grenelle de l&rsquo;insertion.<\/p>\n","protected":false},"excerpt":{"rendered":"<p>Cerises se mobilise pour diffuser la connaissance de l&rsquo;\u00e9conomie sociale et solidaire lors de formations courtes \u00e0 destination des \u00e9tudiants ou des professionnels. Nous intervenons notamment dans le cadre du cycle de licence des universit\u00e9s et dans diverses formations professionnelles telles que CAFOC (centre acad\u00e9mique de formation continue), Institut R\u00e9gional de Formation Sanitaire et Sociale [&hellip;]<\/p>\n","protected":false},"author":157,"featured_media":0,"parent":12,"menu_order":3,"comment_status":"closed","ping_status":"open","template":"","meta":{"footnotes":""},"class_list":["post-201","page","type-page","status-publish","hentry"],"_links":{"self":[{"href":"https:\/\/blogs.univ-tlse2.fr\/cerises\/wp-json\/wp\/v2\/pages\/201","targetHints":{"allow":["GET"]}}],"collection":[{"href":"https:\/\/blogs.univ-tlse2.fr\/cerises\/wp-json\/wp\/v2\/pages"}],"about":[{"href":"https:\/\/blogs.univ-tlse2.fr\/cerises\/wp-json\/wp\/v2\/types\/page"}],"author":[{"embeddable":true,"href":"https:\/\/blogs.univ-tlse2.fr\/cerises\/wp-json\/wp\/v2\/users\/157"}],"replies":[{"embeddable":true,"href":"https:\/\/blogs.univ-tlse2.fr\/cerises\/wp-json\/wp\/v2\/comments?post=201"}],"version-history":[{"count":5,"href":"https:\/\/blogs.univ-tlse2.fr\/cerises\/wp-json\/wp\/v2\/pages\/201\/revisions"}],"predecessor-version":[{"id":3632,"href":"https:\/\/blogs.univ-tlse2.fr\/cerises\/wp-json\/wp\/v2\/pages\/201\/revisions\/3632"}],"up":[{"embeddable":true,"href":"https:\/\/blogs.univ-tlse2.fr\/cerises\/wp-json\/wp\/v2\/pages\/12"}],"wp:attachment":[{"href":"https:\/\/blogs.univ-tlse2.fr\/cerises\/wp-json\/wp\/v2\/media?parent=201"}],"curies":[{"name":"wp","href":"https:\/\/api.w.org\/{rel}","templated":true}]}}