 {"id":203,"date":"2013-01-10T16:29:30","date_gmt":"2013-01-10T15:29:30","guid":{"rendered":"https:\/\/blogs.univ-tlse2.fr\/cerises\/?page_id=203"},"modified":"2016-09-01T19:15:18","modified_gmt":"2016-09-01T17:15:18","slug":"poursuivre-dans-la-recherche","status":"publish","type":"page","link":"https:\/\/blogs.univ-tlse2.fr\/cerises\/formation\/poursuivre-dans-la-recherche\/","title":{"rendered":"Poursuivre dans la recherche"},"content":{"rendered":"<p>En concertation avec le Directeur de la formation ou un Professeur ou Habilit\u00e9 \u00e0 diriger des recherches de la formation, il est possible d\u2019am\u00e9nager le d\u00e9roul\u00e9 de la formation en vue de la pr\u00e9paration d\u2019une th\u00e8se de doctorat. Le conseil scientifique de l&rsquo;universit\u00e9 se prononce sur la poursuite en th\u00e8se, sur proposition du directeur de la formation.<\/p>\n<p><a title=\"Champs d\u2019\u00e9tudes\" href=\"https:\/\/blogs.univ-tlse2.fr\/cerises\/formation\/poursuivre-dans-la-recherche\/champs-detudes\/\">Divers champs d\u2019\u00e9tudes<\/a> peuvent \u00eatre envisag\u00e9s autour d\u2019une vari\u00e9t\u00e9 de disciplines : science \u00e9conomique, socio-\u00e9conomie, \u00e9conomie sociale et solidaire, \u00e9conomie spatiale ainsi que histoire \u00e9conomique et anthropologie \u00e9conomique.<\/p>\n<p>Outre la carri\u00e8re universitaire ou de recherche (CNRS, INRA, etc&#8230;), cette orientation de la formation permet d\u2019\u00e9largir les <a title=\"D\u00e9bouch\u00e9s\" href=\"https:\/\/blogs.univ-tlse2.fr\/cerises\/formation\/poursuivre-dans-la-recherche\/debouches\/\">d\u00e9bouch\u00e9s<\/a>.<\/p>\n<p>Les <a title=\"M\u00e9moires de recherche\" href=\"https:\/\/blogs.univ-tlse2.fr\/cerises\/formation\/poursuivre-dans-la-recherche\/memoires-de-recherche\/\">m\u00e9moires de recherche<\/a> des ann\u00e9es pr\u00e9c\u00e9dentes ont permis \u00e0 une dizaine d\u2019\u00e9tudiants de poursuivre en th\u00e8se et d&rsquo;obtenir un doctorat : Alexandra Hach\u00e9 (dir de recherche : J.Prades), Fanny Darbus (dir de recherche : F. Labarron), Marius Chevallier (dir de recherche : J.Prades), Omer Kouakou (dir de recherche : J. Prades), Philippe Massot (dir de recherche : A. Alcouffe), etc&#8230;<\/p>\n<p>Fid\u00e8le \u00e0 sa vocation d\u2019accompagnement des \u00e9tudiants en \u00e9conomie sociale, Cerises accueille des doctorants en son sein afin de leur fournir financements et insertion professionnelle. Thomas Petit a b\u00e9n\u00e9fici\u00e9 d&rsquo;une emplopi-jeune et Marius Chevallier est le premier salari\u00e9 \u00e0 b\u00e9n\u00e9ficier de cet appui, depuis 2006.<\/p>\n<h2>Consultez aussi :<\/h2>\n\n<!-- Page-list plugin v.5.9 wordpress.org\/plugins\/page-list\/ -->\n<ul class=\"page-list \">\n<li class=\"page_item page-item-227 page_item_has_children\"><a href=\"https:\/\/blogs.univ-tlse2.fr\/cerises\/formation\/poursuivre-dans-la-recherche\/themes-de-recherche\/\">Th\u00e8mes de recherche<\/a>\n<ul class='children'>\n\t<li class=\"page_item page-item-651\"><a href=\"https:\/\/blogs.univ-tlse2.fr\/cerises\/formation\/poursuivre-dans-la-recherche\/themes-de-recherche\/histoire-de-leconomie-sociale\/\">Histoire de l\u2019\u00e9conomie sociale<\/a><\/li>\n\t<li class=\"page_item page-item-653\"><a href=\"https:\/\/blogs.univ-tlse2.fr\/cerises\/formation\/poursuivre-dans-la-recherche\/themes-de-recherche\/linnovation-sociale-et-la-propriete-collective\/\">L\u2019innovation sociale et la propri\u00e9t\u00e9 collective<\/a><\/li>\n\t<li class=\"page_item page-item-665\"><a href=\"https:\/\/blogs.univ-tlse2.fr\/cerises\/formation\/poursuivre-dans-la-recherche\/themes-de-recherche\/monnaies-finances-micro-credits\/\">Monnaies, finances, micro-cr\u00e9dits<\/a><\/li>\n\t<li class=\"page_item page-item-667\"><a href=\"https:\/\/blogs.univ-tlse2.fr\/cerises\/formation\/poursuivre-dans-la-recherche\/themes-de-recherche\/innovations-techniques-et-cultures-dusage\/\">Innovations techniques et cultures d\u2019usage<\/a><\/li>\n\t<li class=\"page_item page-item-673\"><a href=\"https:\/\/blogs.univ-tlse2.fr\/cerises\/formation\/poursuivre-dans-la-recherche\/themes-de-recherche\/innovations-et-dynamiques-territoriales\/\">Innovations et  dynamiques territoriales<\/a><\/li>\n\t<li class=\"page_item page-item-675\"><a href=\"https:\/\/blogs.univ-tlse2.fr\/cerises\/formation\/poursuivre-dans-la-recherche\/themes-de-recherche\/diffusion-des-informations-usages-et-obstacles-a-la-communication\/\">Diffusion des informations, usages et obstacles \u00e0 la communication<\/a><\/li>\n\t<li class=\"page_item page-item-677\"><a href=\"https:\/\/blogs.univ-tlse2.fr\/cerises\/formation\/poursuivre-dans-la-recherche\/themes-de-recherche\/economie-et-democratie\/\">Economie et d\u00e9mocratie<\/a><\/li>\n\t<li class=\"page_item page-item-684\"><a href=\"https:\/\/blogs.univ-tlse2.fr\/cerises\/formation\/poursuivre-dans-la-recherche\/themes-de-recherche\/developpement\/\">D\u00e9veloppement<\/a><\/li>\n\t<li class=\"page_item page-item-686\"><a href=\"https:\/\/blogs.univ-tlse2.fr\/cerises\/formation\/poursuivre-dans-la-recherche\/themes-de-recherche\/theories-economiques-et-solidarite\/\">Th\u00e9ories \u00e9conomiques et solidarit\u00e9<\/a><\/li>\n<\/ul>\n<\/li>\n<li class=\"page_item page-item-229\"><a href=\"https:\/\/blogs.univ-tlse2.fr\/cerises\/formation\/poursuivre-dans-la-recherche\/champs-detudes\/\">Champs d&rsquo;\u00e9tudes<\/a><\/li>\n<li class=\"page_item page-item-231\"><a href=\"https:\/\/blogs.univ-tlse2.fr\/cerises\/formation\/poursuivre-dans-la-recherche\/debouches\/\">D\u00e9bouch\u00e9s<\/a><\/li>\n<li class=\"page_item page-item-233\"><a href=\"https:\/\/blogs.univ-tlse2.fr\/cerises\/formation\/poursuivre-dans-la-recherche\/memoires-de-recherche\/\">M\u00e9moires de recherche<\/a><\/li>\n\n<\/ul>\n","protected":false},"excerpt":{"rendered":"<p>En concertation avec le Directeur de la formation ou un Professeur ou Habilit\u00e9 \u00e0 diriger des recherches de la formation, il est possible d\u2019am\u00e9nager le d\u00e9roul\u00e9 de la formation en vue de la pr\u00e9paration d\u2019une th\u00e8se de doctorat. Le conseil scientifique de l&rsquo;universit\u00e9 se prononce sur la poursuite en th\u00e8se, sur proposition du directeur de [&hellip;]<\/p>\n","protected":false},"author":157,"featured_media":0,"parent":12,"menu_order":4,"comment_status":"closed","ping_status":"open","template":"","meta":{"footnotes":""},"class_list":["post-203","page","type-page","status-publish","hentry"],"_links":{"self":[{"href":"https:\/\/blogs.univ-tlse2.fr\/cerises\/wp-json\/wp\/v2\/pages\/203","targetHints":{"allow":["GET"]}}],"collection":[{"href":"https:\/\/blogs.univ-tlse2.fr\/cerises\/wp-json\/wp\/v2\/pages"}],"about":[{"href":"https:\/\/blogs.univ-tlse2.fr\/cerises\/wp-json\/wp\/v2\/types\/page"}],"author":[{"embeddable":true,"href":"https:\/\/blogs.univ-tlse2.fr\/cerises\/wp-json\/wp\/v2\/users\/157"}],"replies":[{"embeddable":true,"href":"https:\/\/blogs.univ-tlse2.fr\/cerises\/wp-json\/wp\/v2\/comments?post=203"}],"version-history":[{"count":17,"href":"https:\/\/blogs.univ-tlse2.fr\/cerises\/wp-json\/wp\/v2\/pages\/203\/revisions"}],"predecessor-version":[{"id":3706,"href":"https:\/\/blogs.univ-tlse2.fr\/cerises\/wp-json\/wp\/v2\/pages\/203\/revisions\/3706"}],"up":[{"embeddable":true,"href":"https:\/\/blogs.univ-tlse2.fr\/cerises\/wp-json\/wp\/v2\/pages\/12"}],"wp:attachment":[{"href":"https:\/\/blogs.univ-tlse2.fr\/cerises\/wp-json\/wp\/v2\/media?parent=203"}],"curies":[{"name":"wp","href":"https:\/\/api.w.org\/{rel}","templated":true}]}}