 {"id":2041,"date":"2013-01-23T18:12:38","date_gmt":"2013-01-23T17:12:38","guid":{"rendered":"https:\/\/blogs.univ-tlse2.fr\/cerises\/?page_id=2041"},"modified":"2014-02-06T10:32:35","modified_gmt":"2014-02-06T09:32:35","slug":"kouakou","status":"publish","type":"page","link":"https:\/\/blogs.univ-tlse2.fr\/cerises\/cerises\/lequipe\/kouakou\/","title":{"rendered":"Omer Kouakou"},"content":{"rendered":"<p><img loading=\"lazy\" decoding=\"async\" class=\"wp-image-2084 alignright\" alt=\"\" src=\"https:\/\/blogs.univ-tlse2.fr\/cerises\/files\/kouakou\/SDC111512.jpg\" width=\"205\" height=\"273\" srcset=\"https:\/\/blogs.univ-tlse2.fr\/cerises\/files\/kouakou\/SDC111512.jpg 2448w, https:\/\/blogs.univ-tlse2.fr\/cerises\/files\/kouakou\/SDC111512-225x300.jpg 225w, https:\/\/blogs.univ-tlse2.fr\/cerises\/files\/kouakou\/SDC111512-375x500.jpg 375w, https:\/\/blogs.univ-tlse2.fr\/cerises\/files\/kouakou\/SDC111512-624x832.jpg 624w\" sizes=\"auto, (max-width: 205px) 100vw, 205px\" \/><\/p>\n<p>Omer Kouakou, issu de la premi\u00e8re promotion du Master Recherche Nouvelle Economie sociale\u00a0\u00e0 l&rsquo;universit\u00e9 de Toulouse 2. Docteur en \u00e9conomie sociale, il est formateur \u00e0 CERISES et enseigne \u00e0 l&rsquo;UT2.<\/p>\n<p>Ses centres d&rsquo;int\u00e9r\u00eat en mati\u00e8re de recherche sont :<\/p>\n<ul>\n<li>la microfinance,<\/li>\n<li>l&rsquo;\u00e9conomie sociale et solidaire,<\/li>\n<li>l&rsquo;entrepreneuriat (social et classique),<\/li>\n<li>les contrats agricoles de proximit\u00e9.<\/li>\n<\/ul>\n<p>&nbsp;<\/p>\n<p>&nbsp;<\/p>\n<h2>Les membres de l&rsquo;\u00e9quipe :<\/h2>\n\n<!-- Page-list plugin v.5.9 wordpress.org\/plugins\/page-list\/ -->\n<ul class=\"page-list \">\n<li class=\"page_item page-item-3077\"><a href=\"https:\/\/blogs.univ-tlse2.fr\/cerises\/cerises\/lequipe\/catherine-dehureau\/\">Catherine Dehureau<\/a><\/li>\n<li class=\"page_item page-item-3069\"><a href=\"https:\/\/blogs.univ-tlse2.fr\/cerises\/cerises\/lequipe\/julien-milanesi\/\">Julien Milanesi<\/a><\/li>\n<li class=\"page_item page-item-318\"><a href=\"https:\/\/blogs.univ-tlse2.fr\/cerises\/cerises\/lequipe\/jean-pierre-azais\/\">Jean-Pierre Azais<\/a><\/li>\n<li class=\"page_item page-item-320 page_item_has_children\"><a href=\"https:\/\/blogs.univ-tlse2.fr\/cerises\/cerises\/lequipe\/jacques-prades\/\">Jacques Prades<\/a><\/li>\n<li class=\"page_item page-item-330\"><a href=\"https:\/\/blogs.univ-tlse2.fr\/cerises\/cerises\/lequipe\/isabelle-mattei\/\">Isabelle Matt\u00e9i<\/a><\/li>\n<li class=\"page_item page-item-332\"><a href=\"https:\/\/blogs.univ-tlse2.fr\/cerises\/cerises\/lequipe\/carolle-rio\/\">Carolle Rio<\/a><\/li>\n<li class=\"page_item page-item-334\"><a href=\"https:\/\/blogs.univ-tlse2.fr\/cerises\/cerises\/lequipe\/marius-chevallier\/\">Marius Chevallier<\/a><\/li>\n<li class=\"page_item page-item-336\"><a href=\"https:\/\/blogs.univ-tlse2.fr\/cerises\/cerises\/lequipe\/stephane-henin\/\">St\u00e9phane H\u00e9nin<\/a><\/li>\n<li class=\"page_item page-item-2041\"><a href=\"https:\/\/blogs.univ-tlse2.fr\/cerises\/cerises\/lequipe\/kouakou\/\">Omer Kouakou<\/a><\/li>\n\n<\/ul>\n","protected":false},"excerpt":{"rendered":"<p>Omer Kouakou, issu de la premi\u00e8re promotion du Master Recherche Nouvelle Economie sociale\u00a0\u00e0 l&rsquo;universit\u00e9 de Toulouse 2. Docteur en \u00e9conomie sociale, il est formateur \u00e0 CERISES et enseigne \u00e0 l&rsquo;UT2. Ses centres d&rsquo;int\u00e9r\u00eat en mati\u00e8re de recherche sont : la microfinance, l&rsquo;\u00e9conomie sociale et solidaire, l&rsquo;entrepreneuriat (social et classique), les contrats agricoles de proximit\u00e9. &nbsp; [&hellip;]<\/p>\n","protected":false},"author":166,"featured_media":0,"parent":316,"menu_order":7,"comment_status":"closed","ping_status":"open","template":"","meta":{"footnotes":""},"class_list":["post-2041","page","type-page","status-publish","hentry"],"_links":{"self":[{"href":"https:\/\/blogs.univ-tlse2.fr\/cerises\/wp-json\/wp\/v2\/pages\/2041","targetHints":{"allow":["GET"]}}],"collection":[{"href":"https:\/\/blogs.univ-tlse2.fr\/cerises\/wp-json\/wp\/v2\/pages"}],"about":[{"href":"https:\/\/blogs.univ-tlse2.fr\/cerises\/wp-json\/wp\/v2\/types\/page"}],"author":[{"embeddable":true,"href":"https:\/\/blogs.univ-tlse2.fr\/cerises\/wp-json\/wp\/v2\/users\/166"}],"replies":[{"embeddable":true,"href":"https:\/\/blogs.univ-tlse2.fr\/cerises\/wp-json\/wp\/v2\/comments?post=2041"}],"version-history":[{"count":18,"href":"https:\/\/blogs.univ-tlse2.fr\/cerises\/wp-json\/wp\/v2\/pages\/2041\/revisions"}],"predecessor-version":[{"id":3507,"href":"https:\/\/blogs.univ-tlse2.fr\/cerises\/wp-json\/wp\/v2\/pages\/2041\/revisions\/3507"}],"up":[{"embeddable":true,"href":"https:\/\/blogs.univ-tlse2.fr\/cerises\/wp-json\/wp\/v2\/pages\/316"}],"wp:attachment":[{"href":"https:\/\/blogs.univ-tlse2.fr\/cerises\/wp-json\/wp\/v2\/media?parent=2041"}],"curies":[{"name":"wp","href":"https:\/\/api.w.org\/{rel}","templated":true}]}}