 {"id":2055,"date":"2013-01-23T18:39:20","date_gmt":"2013-01-23T17:39:20","guid":{"rendered":"https:\/\/blogs.univ-tlse2.fr\/cerises\/?page_id=2055"},"modified":"2014-02-06T10:32:18","modified_gmt":"2014-02-06T09:32:18","slug":"solen-martin","status":"publish","type":"page","link":"https:\/\/blogs.univ-tlse2.fr\/cerises\/experimentations\/coopatoit\/projets-de-co-habitat\/solen-martin\/","title":{"rendered":"Solen Martin"},"content":{"rendered":"<p><img loading=\"lazy\" decoding=\"async\" class=\"alignright  wp-image-2081\" alt=\"DSC00396\" src=\"https:\/\/blogs.univ-tlse2.fr\/cerises\/files\/coopatoit\/DSC00396.jpg\" width=\"269\" height=\"336\" srcset=\"https:\/\/blogs.univ-tlse2.fr\/cerises\/files\/coopatoit\/DSC00396.jpg 640w, https:\/\/blogs.univ-tlse2.fr\/cerises\/files\/coopatoit\/DSC00396-240x300.jpg 240w, https:\/\/blogs.univ-tlse2.fr\/cerises\/files\/coopatoit\/DSC00396-400x500.jpg 400w, https:\/\/blogs.univ-tlse2.fr\/cerises\/files\/coopatoit\/DSC00396-624x780.jpg 624w\" sizes=\"auto, (max-width: 269px) 100vw, 269px\" \/>Solen Martin est franco-canadienne.<\/p>\n<p>Apr\u00e8s avoir obtenu une licence Economie-sociologie et un M1 Nouvelle Economie sociale, elle poursuit son M2 avec un m\u00e9moire sur le co-habitat. Elle a choisi le cas de B\u00e8gles comme terrain d&rsquo;\u00e9tude.<\/p>\n<p>Dipl\u00f4m\u00e9e du Master La Nouvelle Economie Sociale de l&rsquo;universit\u00e9 de Toulouse 2 Le Mirail en septembre 2013, elle envisage de cr\u00e9er sa propre structure d&rsquo;accompagnement.<\/p>\n<p>&nbsp;<\/p>\n<p>&nbsp;<\/p>\n<p>&nbsp;<\/p>\n<h1>Autres membres de l\u2019\u00e9quipe<\/h1>\n<p><a title=\"Jean-Pierre Aza\u00efs\" href=\"https:\/\/blogs.univ-tlse2.fr\/cerises\/experimentations\/coopatoit\/projets-de-co-habitat\/jean-pierre-azais\/\">Jean-Pierre Aza\u00efs, Juriste<\/a><\/p>\n<p><a title=\"Isabelle Matt\u00e9i\" href=\"https:\/\/blogs.univ-tlse2.fr\/cerises\/cerises\/lequipe\/isabelle-mattei\/\">Isabelle Matt\u00e9i, Tr\u00e9sori\u00e8re<\/a><\/p>\n<p><a title=\"Catherine Dehureau\" href=\"https:\/\/blogs.univ-tlse2.fr\/cerises\/experimentations\/coopatoit\/projets-de-co-habitat\/catherine-dehureau\/\">Catherine Dehureau, Correspondante<\/a><\/p>\n<p>Hubert Delanne, Architecte<\/p>\n<p><a title=\"Jacques Prades\" href=\"https:\/\/blogs.univ-tlse2.fr\/cerises\/experimentations\/coopatoit\/projets-de-co-habitat\/jacques-prades\/\">Jacques Prades, Chef de projet<\/a><\/p>\n","protected":false},"excerpt":{"rendered":"<p>Solen Martin est franco-canadienne. Apr\u00e8s avoir obtenu une licence Economie-sociologie et un M1 Nouvelle Economie sociale, elle poursuit son M2 avec un m\u00e9moire sur le co-habitat. Elle a choisi le cas de B\u00e8gles comme terrain d&rsquo;\u00e9tude. Dipl\u00f4m\u00e9e du Master La Nouvelle Economie Sociale de l&rsquo;universit\u00e9 de Toulouse 2 Le Mirail en septembre 2013, elle envisage [&hellip;]<\/p>\n","protected":false},"author":166,"featured_media":0,"parent":146,"menu_order":2,"comment_status":"closed","ping_status":"open","template":"","meta":{"footnotes":""},"class_list":["post-2055","page","type-page","status-publish","hentry"],"_links":{"self":[{"href":"https:\/\/blogs.univ-tlse2.fr\/cerises\/wp-json\/wp\/v2\/pages\/2055","targetHints":{"allow":["GET"]}}],"collection":[{"href":"https:\/\/blogs.univ-tlse2.fr\/cerises\/wp-json\/wp\/v2\/pages"}],"about":[{"href":"https:\/\/blogs.univ-tlse2.fr\/cerises\/wp-json\/wp\/v2\/types\/page"}],"author":[{"embeddable":true,"href":"https:\/\/blogs.univ-tlse2.fr\/cerises\/wp-json\/wp\/v2\/users\/166"}],"replies":[{"embeddable":true,"href":"https:\/\/blogs.univ-tlse2.fr\/cerises\/wp-json\/wp\/v2\/comments?post=2055"}],"version-history":[{"count":7,"href":"https:\/\/blogs.univ-tlse2.fr\/cerises\/wp-json\/wp\/v2\/pages\/2055\/revisions"}],"predecessor-version":[{"id":3420,"href":"https:\/\/blogs.univ-tlse2.fr\/cerises\/wp-json\/wp\/v2\/pages\/2055\/revisions\/3420"}],"up":[{"embeddable":true,"href":"https:\/\/blogs.univ-tlse2.fr\/cerises\/wp-json\/wp\/v2\/pages\/146"}],"wp:attachment":[{"href":"https:\/\/blogs.univ-tlse2.fr\/cerises\/wp-json\/wp\/v2\/media?parent=2055"}],"curies":[{"name":"wp","href":"https:\/\/api.w.org\/{rel}","templated":true}]}}